{"id":87,"date":"2008-11-02T14:25:55","date_gmt":"2008-11-02T20:25:55","guid":{"rendered":"http:\/\/www.labec.com.br\/biodigital\/?page_id=87"},"modified":"2012-07-18T15:20:45","modified_gmt":"2012-07-18T18:20:45","slug":"jogos","status":"publish","type":"page","link":"http:\/\/www.labec.com.br\/biodigital\/jogos\/","title":{"rendered":"Jogos"},"content":{"rendered":"<div><span style=\"font-size: 12pt; font-family: 'Times New Roman'; mso-fareast-font-family: 'Times New Roman'; mso-ansi-language: PT-BR; mso-fareast-language: PT-BR; mso-bidi-language: AR-SA;\"><span style=\"font-family: 'Comic Sans MS';\"><span style=\"font-size: small;\">Agora a divers\u00e3o \u00e9 garantida!! Jogando voc\u00ea poder\u00e1 adquirir novos conhecimentos e relembrar muitas coisas legais que aprendeu!!!\u00a0<\/span><\/span><\/span><\/div>\n<div><span style=\"font-size: 12pt; font-family: 'Times New Roman'; mso-fareast-font-family: 'Times New Roman'; mso-ansi-language: PT-BR; mso-fareast-language: PT-BR; mso-bidi-language: AR-SA;\"><span style=\"font-family: 'Comic Sans MS';\"><span style=\"font-size: small;\"><br \/>\n <\/span><\/span><\/span><span style=\"font-family: comic sans ms,sans-serif;\"><span style=\"font-family: comic sans ms,sans-serif;\"><span style=\"font-size: small;\">Prepare-se para entrar no fascinante mundo dos invertebrados com os Por\u00edferos, Cnid\u00e1rios, Platelmintos, Asquelmintos, Moluscos, Anel\u00eddeos, Artr\u00f3podas, Equinodermatas&#8230;<\/span><\/span><\/span><\/p>\n<p><span style=\"font-family: comic sans ms,sans-serif;\"><span style=\"font-size: small;\">Fa\u00e7a download de todos arquivos <\/span><\/span><a href=\"http:\/\/www.labec.com.br\/biodigital\/wordpress\/wp-content\/uploads\/2008\/11\/Jogos.zip\"><span style=\"font-family: comic sans ms,sans-serif;\"><span style=\"font-size: small;\">aqui<\/span><\/span><\/a><span style=\"font-family: comic sans ms,sans-serif;\"><span style=\"font-size: small;\">\u00a0ou individualmente abaixo:<\/span><\/span><\/p>\n<\/div>\n<p><img decoding=\"async\" loading=\"lazy\" class=\"alignnone size-full wp-image-195\" title=\"01\" src=\"http:\/\/www.labec.com.br\/biodigital\/wordpress\/wp-content\/uploads\/2008\/11\/01.jpg\" alt=\"\" width=\"102\" height=\"142\" \/> <span style=\"font-family: comic sans ms,sans-serif;\"><strong><span style=\"color: #000000;\">Capa do Jogo:<\/span> <\/strong><\/span><a href=\"http:\/\/www.labec.com.br\/biodigital\/wordpress\/wp-content\/uploads\/2008\/11\/00-capa-de-invert.pdf\"><span style=\"font-family: comic sans ms,sans-serif;\"><span style=\"color: #808000;\"><strong>download<\/strong><\/span><\/span><\/a><\/p>\n<p><img decoding=\"async\" loading=\"lazy\" class=\"alignnone size-full wp-image-196\" title=\"02\" src=\"http:\/\/www.labec.com.br\/biodigital\/wordpress\/wp-content\/uploads\/2008\/11\/02.jpg\" alt=\"\" width=\"102\" height=\"142\" \/><span style=\"font-family: comic sans ms,sans-serif;\"> <strong><span style=\"color: #808000;\"><span style=\"color: #000000;\">Duplex:<\/span> <\/span><\/strong><\/span><a href=\"http:\/\/www.labec.com.br\/biodigital\/wordpress\/wp-content\/uploads\/2008\/11\/01-02-duplex-pronto.pdf\"><span style=\"font-family: comic sans ms,sans-serif;\"><strong><span style=\"color: #808000;\">download<\/span><\/strong><\/span><\/a><\/p>\n<p><img decoding=\"async\" loading=\"lazy\" class=\"alignnone size-full wp-image-197\" title=\"03\" src=\"http:\/\/www.labec.com.br\/biodigital\/wordpress\/wp-content\/uploads\/2008\/11\/03.jpg\" alt=\"\" width=\"102\" height=\"142\" \/> <span style=\"font-family: comic sans ms,sans-serif;\"><span style=\"color: #808000;\"><strong><span style=\"color: #000000;\">Cruzadinhas:<\/span> <\/strong><\/span><\/span><a href=\"http:\/\/www.labec.com.br\/biodigital\/wordpress\/wp-content\/uploads\/pdf\/cruzadinhas.pdf\"><span style=\"font-family: comic sans ms,sans-serif;\"><span style=\"color: #808000;\"><strong>download<\/strong><\/span><\/span><\/a><\/p>\n<p><img decoding=\"async\" loading=\"lazy\" class=\"alignnone size-full wp-image-212\" title=\"04\" src=\"http:\/\/www.labec.com.br\/biodigital\/wordpress\/wp-content\/uploads\/2008\/11\/04.jpg\" alt=\"\" width=\"102\" height=\"142\" \/> <strong><span style=\"font-family: comic sans ms,sans-serif;\"><span style=\"color: #808000;\"><span style=\"color: #000000;\">Ca\u00e7a-Palavras:<\/span> <\/span><\/span><\/strong><a href=\"http:\/\/www.labec.com.br\/biodigital\/wordpress\/wp-content\/uploads\/2008\/11\/04-caca-palavras-pronto.pdf\"><strong><span style=\"font-family: comic sans ms,sans-serif;\"><span style=\"color: #808000;\">download<\/span><\/span><\/strong><\/a><\/p>\n<p><img decoding=\"async\" loading=\"lazy\" class=\"alignnone size-full wp-image-213\" title=\"05\" src=\"http:\/\/www.labec.com.br\/biodigital\/wordpress\/wp-content\/uploads\/2008\/11\/05.jpg\" alt=\"\" width=\"102\" height=\"142\" \/> <span style=\"color: #808000;\"><span style=\"font-family: comic sans ms,sans-serif;\"><strong><span style=\"color: #000000;\">Silabox:<\/span> <\/strong><\/span><\/span><a href=\"http:\/\/www.labec.com.br\/biodigital\/wordpress\/wp-content\/uploads\/2008\/11\/05-silabox.pdf\"><span style=\"color: #808000;\"><span style=\"font-family: comic sans ms,sans-serif;\"><strong>download<\/strong><\/span><\/span><\/a><\/p>\n<p><img decoding=\"async\" loading=\"lazy\" class=\"alignnone size-full wp-image-214\" title=\"06\" src=\"http:\/\/www.labec.com.br\/biodigital\/wordpress\/wp-content\/uploads\/2008\/11\/06.jpg\" alt=\"\" width=\"102\" height=\"142\" \/> <span style=\"font-family: comic sans ms,sans-serif;\"><strong><span style=\"color: #808000;\"><span style=\"color: #000000;\">Dominox:<\/span> <\/span><\/strong><\/span><a href=\"http:\/\/www.labec.com.br\/biodigital\/wordpress\/wp-content\/uploads\/pdf\/dominox.pdf\"><span style=\"font-family: comic sans ms,sans-serif;\"><strong><span style=\"color: #808000;\">download<\/span><\/strong><\/span><\/a><\/p>\n<p><img decoding=\"async\" loading=\"lazy\" class=\"alignnone size-full wp-image-215\" title=\"07\" src=\"http:\/\/www.labec.com.br\/biodigital\/wordpress\/wp-content\/uploads\/2008\/11\/07.jpg\" alt=\"\" width=\"102\" height=\"142\" \/> <span style=\"font-family: comic sans ms,sans-serif;\"><strong><span style=\"color: #808000;\"><span style=\"color: #000000;\">Ovelha negra:<\/span> <\/span><\/strong><\/span><a href=\"http:\/\/www.labec.com.br\/biodigital\/wordpress\/wp-content\/uploads\/2008\/11\/07-ovelhinha-pronta.pdf\"><span style=\"font-family: comic sans ms,sans-serif;\"><strong><span style=\"color: #808000;\">download<\/span><\/strong><\/span><\/a><\/p>\n<p><img decoding=\"async\" loading=\"lazy\" class=\"alignnone size-full wp-image-216\" title=\"08\" src=\"http:\/\/www.labec.com.br\/biodigital\/wordpress\/wp-content\/uploads\/2008\/11\/08.jpg\" alt=\"\" width=\"102\" height=\"142\" \/> <span style=\"font-family: comic sans ms,sans-serif;\"><strong><span style=\"color: #808000;\"><span style=\"color: #000000;\">Palavras embaralhadas:<\/span> <\/span><\/strong><\/span><a href=\"http:\/\/www.labec.com.br\/biodigital\/wordpress\/wp-content\/uploads\/2008\/11\/08-palavras-pronto.pdf\"><span style=\"font-family: comic sans ms,sans-serif;\"><strong><span style=\"color: #808000;\">download<\/span><\/strong><\/span><\/a><\/p>\n<p><img decoding=\"async\" loading=\"lazy\" class=\"alignnone size-full wp-image-217\" title=\"09\" src=\"http:\/\/www.labec.com.br\/biodigital\/wordpress\/wp-content\/uploads\/2008\/11\/09.jpg\" alt=\"\" width=\"102\" height=\"142\" \/> <span style=\"font-family: comic sans ms,sans-serif;\"><strong><span style=\"color: #808000;\"><span style=\"color: #000000;\">Criptograma:<\/span> <\/span><\/strong><\/span><a href=\"http:\/\/www.labec.com.br\/biodigital\/wordpress\/wp-content\/uploads\/2008\/11\/09-criptograma-pronto.pdf\"><span style=\"font-family: comic sans ms,sans-serif;\"><strong><span style=\"color: #808000;\">download<\/span><\/strong><\/span><\/a><\/p>\n<p><img decoding=\"async\" loading=\"lazy\" class=\"alignnone size-full wp-image-218\" title=\"10\" src=\"http:\/\/www.labec.com.br\/biodigital\/wordpress\/wp-content\/uploads\/2008\/11\/10.jpg\" alt=\"\" width=\"102\" height=\"142\" \/> <span style=\"font-family: comic sans ms,sans-serif;\"><strong><span style=\"color: #808000;\"><span style=\"color: #000000;\">Jogo dos erros:<\/span> <\/span><\/strong><\/span><a href=\"http:\/\/www.labec.com.br\/biodigital\/wordpress\/wp-content\/uploads\/2008\/11\/10-jogo-dos-erros.pdf\"><span style=\"font-family: comic sans ms,sans-serif;\"><strong><span style=\"color: #808000;\">download<\/span><\/strong><\/span><\/a><\/p>\n<p><img decoding=\"async\" loading=\"lazy\" class=\"alignnone size-full wp-image-219\" title=\"11\" src=\"http:\/\/www.labec.com.br\/biodigital\/wordpress\/wp-content\/uploads\/2008\/11\/11.jpg\" alt=\"\" width=\"102\" height=\"142\" \/> <span style=\"color: #808000;\"><strong><span style=\"font-family: comic sans ms,sans-serif;\"><span style=\"color: #000000;\">Palavra-chave:<\/span> <\/span><\/strong><\/span><a href=\"http:\/\/www.labec.com.br\/biodigital\/wordpress\/wp-content\/uploads\/2008\/11\/11-equi-2.pdf\"><span style=\"color: #808000;\"><strong><span style=\"font-family: comic sans ms,sans-serif;\">download<\/span><\/strong><\/span><\/a><\/p>\n<p><img decoding=\"async\" loading=\"lazy\" class=\"alignnone size-full wp-image-211\" title=\"12\" src=\"http:\/\/www.labec.com.br\/biodigital\/wordpress\/wp-content\/uploads\/2008\/11\/12.jpg\" alt=\"\" width=\"102\" height=\"142\" \/> <span style=\"color: #808000;\"><span style=\"font-family: comic sans ms,sans-serif;\"><strong><span style=\"color: #000000;\">Respostas:<\/span> <\/strong><\/span><\/span><a href=\"http:\/\/www.labec.com.br\/biodigital\/wordpress\/wp-content\/uploads\/pdf\/respostas.pdf\"><span style=\"color: #808000;\"><span style=\"font-family: comic sans ms,sans-serif;\"><strong>download<\/strong><\/span><\/span><\/a><span style=\"font-family: comic sans ms,sans-serif;\"><span style=\"font-size: small;\"><strong>\u00a0<\/strong><\/span><\/span><\/p>\n","protected":false},"excerpt":{"rendered":"<p>Agora a divers\u00e3o \u00e9 garantida!! Jogando voc\u00ea poder\u00e1 adquirir novos conhecimentos e relembrar muitas coisas legais que aprendeu!!!\u00a0 Prepare-se para entrar no fascinante mundo dos invertebrados com os Por\u00edferos, Cnid\u00e1rios, Platelmintos, Asquelmintos, Moluscos, Anel\u00eddeos, Artr\u00f3podas, Equinodermatas&#8230; Fa\u00e7a download de todos arquivos aqui\u00a0ou individualmente abaixo: Capa do Jogo: download Duplex: download Cruzadinhas: download Ca\u00e7a-Palavras: download Silabox: [&hellip;]<\/p>\n","protected":false},"author":2,"featured_media":0,"parent":0,"menu_order":0,"comment_status":"open","ping_status":"open","template":"","meta":{"ngg_post_thumbnail":0},"_links":{"self":[{"href":"http:\/\/www.labec.com.br\/biodigital\/wp-json\/wp\/v2\/pages\/87"}],"collection":[{"href":"http:\/\/www.labec.com.br\/biodigital\/wp-json\/wp\/v2\/pages"}],"about":[{"href":"http:\/\/www.labec.com.br\/biodigital\/wp-json\/wp\/v2\/types\/page"}],"author":[{"embeddable":true,"href":"http:\/\/www.labec.com.br\/biodigital\/wp-json\/wp\/v2\/users\/2"}],"replies":[{"embeddable":true,"href":"http:\/\/www.labec.com.br\/biodigital\/wp-json\/wp\/v2\/comments?post=87"}],"version-history":[{"count":15,"href":"http:\/\/www.labec.com.br\/biodigital\/wp-json\/wp\/v2\/pages\/87\/revisions"}],"predecessor-version":[{"id":198,"href":"http:\/\/www.labec.com.br\/biodigital\/wp-json\/wp\/v2\/pages\/87\/revisions\/198"}],"wp:attachment":[{"href":"http:\/\/www.labec.com.br\/biodigital\/wp-json\/wp\/v2\/media?parent=87"}],"curies":[{"name":"wp","href":"https:\/\/api.w.org\/{rel}","templated":true}]}}