{"id":826,"date":"2009-06-11T16:16:38","date_gmt":"2009-06-11T19:16:38","guid":{"rendered":"http:\/\/www.labec.com.br\/biodigital\/?page_id=826"},"modified":"2009-10-20T10:10:08","modified_gmt":"2009-10-20T13:10:08","slug":"importaciaeconomica","status":"publish","type":"page","link":"http:\/\/www.labec.com.br\/biodigital\/ambientes\/manguezais\/importaciaeconomica\/","title":{"rendered":"Import\u00e2cia Econ\u00f4mica"},"content":{"rendered":"<p class=\"MsoNormal\" style=\"margin: 0cm 0cm 0pt; text-align: justify;\"><span style=\"font-family: &quot;Comic Sans MS&quot;;\"><span style=\"font-size: small;\">\u00a0\u00a0\u00a0\u00a0\u00a0\u00a0\u00a0\u00a0 Muitas pessoas acreditam, ao olhar para os manguezais, que eles n\u00e3o possuem nenhuma import\u00e2ncia e que ningu\u00e9m poderia tirar nada deles. Contudo, as \u00e1reas de manguezais t\u00eam algumas utilidades, economicamente falando. <\/span><\/span><\/p>\n<p class=\"MsoNormal\" style=\"margin: 0cm 0cm 0pt; text-align: justify;\"><span style=\"font-family: &quot;Comic Sans MS&quot;;\"><span style=\"font-size: small;\"><span style=\"mso-tab-count: 1;\">\u00a0\u00a0\u00a0\u00a0\u00a0\u00a0\u00a0\u00a0 <\/span>O manguezal possui recursos de elevada import\u00e2ncia para a produ\u00e7\u00e3o de rem\u00e9dios, \u00e1lcool, \u00f3leos, ado\u00e7antes; a madeira do mangue pode ser utilizada como\u00a0fonte para tinturas, tanino (obtido da casca de \u00e1rvores, seve para proteger velas e redes de embarca\u00e7\u00f5es); peixes, crust\u00e1ceos e moluscos como fonte de alimenta\u00e7\u00e3o, s\u00e3o alguns exemplos. <\/span><\/span><\/p>\n<p class=\"MsoNormal\" style=\"margin: 0cm 0cm 0pt; text-align: justify;\"><span style=\"font-family: &quot;Comic Sans MS&quot;;\"><span style=\"font-size: small;\"><span style=\"mso-tab-count: 1;\">\u00a0\u00a0\u00a0\u00a0\u00a0\u00a0\u00a0\u00a0 <\/span>Para pesca as \u00e1reas de manguezais s\u00e3o important\u00edssimas, j\u00e1 que cerca de dois ter\u00e7os dos peixes do mundo dependem desse ecossistema. Destaca-se ainda a\u00a0pesca de camar\u00e3o peneidos, j\u00e1 que 25 esp\u00e9cies s\u00e3o encontradas nos manguezais, todas de import\u00e2ncia econ\u00f4mica. Com essa atividade, muitas fam\u00edlias de ribeirinhos conseguem sua principal fonte de renda.\u00a0 <\/span><\/span><\/p>\n<p class=\"MsoNormal\" style=\"margin: 0cm 0cm 0pt; text-align: justify;\">\u00a0<\/p>\n<p class=\"MsoNormal\" style=\"margin: 0cm 0cm 0pt; text-align: center;\"><span style=\"font-family: &quot;Comic Sans MS&quot;;\"><span style=\"font-size: small;\"><img decoding=\"async\" loading=\"lazy\" class=\"alignright size-medium wp-image-829\" title=\"foto9\" src=\"http:\/\/www.labec.com.br\/biodigital\/wordpress\/wp-content\/uploads\/2009\/06\/foto9-300x200.jpg\" alt=\"foto9\" width=\"233\" height=\"235\" \/><img decoding=\"async\" loading=\"lazy\" class=\"size-medium wp-image-830 aligncenter\" title=\"foto10\" src=\"http:\/\/www.labec.com.br\/biodigital\/wordpress\/wp-content\/uploads\/2009\/06\/foto10-200x300.jpg\" alt=\"foto10\" width=\"212\" height=\"235\" \/><\/span><\/span><\/p>\n<p class=\"MsoNormal\" style=\"margin: 0cm 0cm 0pt; text-align: justify;\"><span style=\"font-family: &quot;Comic Sans MS&quot;;\"><span style=\"font-size: small;\"><span style=\"mso-tab-count: 1;\">\u00a0\u00a0\u00a0\u00a0\u00a0\u00a0\u00a0\u00a0<\/span><\/span><\/span><\/p>\n<p class=\"MsoNormal\" style=\"margin: 0cm 0cm 0pt; text-align: justify;\"><span style=\"font-family: &quot;Comic Sans MS&quot;;\"><span style=\"font-size: small;\"><span style=\"mso-tab-count: 1;\">\u00a0\u00a0\u00a0\u00a0\u00a0\u00a0\u00a0 <\/span><\/span><\/span><span style=\"font-family: &quot;Comic Sans MS&quot;;\"><span style=\"font-size: small;\">Al\u00e9m da pesca, algumas pessoas que vivem nas regi\u00f5es pr\u00f3ximas ao mangue, tamb\u00e9m dependem da atividade de catar, tanto moluscos (massunim, unha de velho, lambreta) como crust\u00e1ceos (goiamum, aratu, u\u00e7\u00e1, siris), para poder ter sua renda mensal. Esses animais al\u00e9m de fonte de renda, tamb\u00e9m s\u00e3o fonte de alimento para essas comunidades.\u00a0<span style=\"mso-spacerun: yes;\">\u00a0<\/span><span style=\"mso-spacerun: yes;\">\u00a0<\/span><\/span><\/span><\/p>\n<p class=\"MsoNormal\" style=\"margin: 0cm 0cm 0pt; text-align: justify;\">\u00a0<\/p>\n<p class=\"MsoNormal\" style=\"margin: 0cm 0cm 0pt; text-align: center;\">\u00a0<\/p>\n<p class=\"MsoNormal\" style=\"margin: 0cm 0cm 0pt; text-align: justify;\">\u00a0<img decoding=\"async\" loading=\"lazy\" class=\"alignright size-medium wp-image-846\" title=\"foto8\" src=\"http:\/\/www.labec.com.br\/biodigital\/wordpress\/wp-content\/uploads\/2009\/06\/foto8-200x300.jpg\" alt=\"foto8\" width=\"212\" height=\"266\" \/><img decoding=\"async\" loading=\"lazy\" class=\"alignright size-medium wp-image-927\" title=\"img_6198\" src=\"http:\/\/www.labec.com.br\/biodigital\/wordpress\/wp-content\/uploads\/2009\/06\/img_6198-300x224.jpg\" alt=\"img_6198\" width=\"215\" height=\"265\" \/><\/p>\n<p class=\"MsoNormal\" style=\"margin: 0cm 0cm 0pt; text-align: center;\"><em>lambreta comercializada no mercado central de Aracaju.<\/em><\/p>\n<p class=\"MsoNormal\" style=\"margin: 0cm 0cm 0pt; text-align: justify;\">\u00a0<\/p>\n<p class=\"MsoNormal\" style=\"margin: 0cm 0cm 0pt; text-align: justify;\"><span style=\"font-family: &quot;Comic Sans MS&quot;;\"><span style=\"font-size: small;\"><span style=\"mso-tab-count: 1;\">\u00a0\u00a0\u00a0\u00a0\u00a0\u00a0\u00a0\u00a0 <\/span>Outra atividade desenvolvida em \u00e1reas pr\u00f3ximas do manguezal \u00e9 a cria\u00e7\u00e3o de ostras, onde\u00a0ocorre, por exemplo,\u00a0nas regi\u00f5es estuarinas do munic\u00edpio de Japaratuba. <\/span><\/span><\/p>\n<p class=\"MsoNormal\" style=\"margin: 0cm 0cm 0pt; text-align: justify;\"><span style=\"font-family: &quot;Comic Sans MS&quot;;\"><span style=\"font-size: small;\"><span style=\"mso-tab-count: 1;\">\u00a0\u00a0\u00a0\u00a0\u00a0\u00a0\u00a0\u00a0 <\/span>Com a preserva\u00e7\u00e3o dos manguezais al\u00e9m de proteger a fonte de renda dessas comunidades que vivem pr\u00f3ximas ao ecossistema, estaremos tamb\u00e9m protegendo o modo de vida que j\u00e1 existe a diversas gera\u00e7\u00f5es, a cultura dos ribeirinhos\u00a0est\u00e1 sendo preservada!<\/span><\/span><\/p>\n<p class=\"MsoNormal\" style=\"margin: 0cm 0cm 0pt; text-align: justify;\">\u00a0<\/p>\n<p class=\"MsoNormal\" style=\"margin: 0cm 0cm 0pt; text-align: center;\"><span style=\"font-family: &quot;Comic Sans MS&quot;;\"><span style=\"font-size: small;\"><img decoding=\"async\" loading=\"lazy\" class=\"size-full wp-image-929 aligncenter\" title=\"img_7748\" src=\"http:\/\/www.labec.com.br\/biodigital\/wordpress\/wp-content\/uploads\/2009\/06\/img_7748.bmp\" alt=\"img_7748\" width=\"300\" height=\"375\" \/><\/span><\/span><\/p>\n<p class=\"MsoNormal\" style=\"margin: 0cm 0cm 0pt; text-align: center;\"><span style=\"font-family: &quot;Comic Sans MS&quot;;\"><span style=\"font-size: small;\"><em>Comerciante vendendo animais de origem do manguezal. Mercado central de Aracaju.<\/em><\/span><\/span><\/p>\n<p class=\"MsoNormal\" style=\"margin: 0cm 0cm 0pt; text-align: justify;\">\u00a0<\/p>\n<p class=\"MsoNormal\" style=\"margin: 0cm 0cm 0pt; text-align: justify;\"><span style=\"font-family: &quot;Comic Sans MS&quot;;\"><span style=\"font-size: small;\"><span style=\"mso-tab-count: 1;\">\u00a0\u00a0\u00a0\u00a0\u00a0\u00a0\u00a0\u00a0 <\/span>Al\u00e9m de todas essas atividades, os recursos do ecossistema podem ser utilizados na alimenta\u00e7\u00e3o, por restaurantes, no turismo, diretamente nas \u00e1reas manguezal e indiretamente a partir de seus recursos.<\/span><\/span>\u00a0<\/p>\n<p class=\"MsoNormal\" style=\"margin: 0cm 0cm 0pt; text-align: justify;\">\u00a0<\/p>\n<p class=\"MsoNormal\" style=\"margin: 0cm 0cm 0pt; text-align: center;\"><span style=\"font-family: &quot;Comic Sans MS&quot;;\"><span style=\"font-size: small;\"><img decoding=\"async\" loading=\"lazy\" class=\"size-medium wp-image-926 aligncenter\" title=\"img_7791\" src=\"http:\/\/www.labec.com.br\/biodigital\/wordpress\/wp-content\/uploads\/2009\/06\/img_7791-300x224.jpg\" alt=\"img_7791\" width=\"300\" height=\"224\" srcset=\"http:\/\/www.labec.com.br\/biodigital\/wordpress\/wp-content\/uploads\/2009\/06\/img_7791-300x224.jpg 300w, http:\/\/www.labec.com.br\/biodigital\/wordpress\/wp-content\/uploads\/2009\/06\/img_7791-1024x768.jpg 1024w\" sizes=\"(max-width: 300px) 100vw, 300px\" \/><\/span><\/span><\/p>\n<p class=\"MsoNormal\" style=\"margin: 0cm 0cm 0pt; text-align: center;\"><span style=\"font-family: &quot;Comic Sans MS&quot;;\"><span style=\"font-size: small;\"><em>Prato feito com ostra do manguezal.<\/em><\/span><\/span><\/p>\n<p class=\"MsoNormal\" style=\"margin: 0cm 0cm 0pt; text-align: center;\">\u00a0\u00a0<\/p>\n<p class=\"MsoNormal\" style=\"margin: 0cm 0cm 0pt; text-align: justify;\"><span style=\"font-family: &quot;Comic Sans MS&quot;;\"><span style=\"font-size: small;\"><span style=\"mso-tab-count: 1;\">\u00a0\u00a0\u00a0\u00a0\u00a0\u00a0\u00a0\u00a0\u00a0<\/span>Voc\u00ea imaginaria todas essas atividades econ\u00f4micas que o manguezal pode oferecer?\u00a0E em sua cidade, como o manguezal \u00e9 utilizado na obten\u00e7\u00e3o de renda?\u00a0Caso voc\u00ea n\u00e3o tenha\u00a0ficado catando siri pelo caminho, envie-nos suas d\u00favidas e sugest\u00f5es.<\/span><\/span><\/p>\n<p class=\"MsoNormal\" style=\"margin: 0cm 0cm 0pt; text-align: justify;\"><span style=\"font-family: &quot;Comic Sans MS&quot;;\"><span style=\"font-size: small;\">\u00a0<\/span><\/span><\/p>\n<p class=\"MsoNormal\" style=\"margin: 0cm 0cm 0pt; text-align: center;\" align=\"center\"><span style=\"font-size: 10pt; color: blue; font-family: &quot;Comic Sans MS&quot;;\">Texto escrito por: Dante Lu\u00eds S. Mariano<\/span><\/p>\n<p class=\"MsoNormal\" style=\"margin: 0cm 0cm 0pt; text-align: center;\" align=\"center\"><span style=\"font-size: 10pt; color: blue; font-family: &quot;Comic Sans MS&quot;;\">\u00a0<\/span><\/p>\n<p class=\"MsoNormal\" style=\"margin: 0cm 0cm 0pt; text-align: center;\" align=\"center\"><span style=\"font-size: 14pt; color: olive; font-family: &quot;Comic Sans MS&quot;;\"><a href=\"http:\/\/www.labec.com.br\/biodigital\/ambientes\/manguezais\">Voltar<\/a><\/span><\/p>\n<p class=\"MsoNormal\" style=\"margin: 0cm 0cm 0pt; text-align: center;\" align=\"center\"><span style=\"font-size: 14pt; color: olive; font-family: &quot;Comic Sans MS&quot;;\">\u00a0<\/span><\/p>\n<p class=\"MsoNormal\" style=\"margin: 0cm 0cm 0pt; text-align: justify; mso-layout-grid-align: none;\"><span style=\"font-size: 10pt; color: silver; font-family: &quot;Comic Sans MS&quot;;\">Refer\u00eancias Bibliogr\u00e1ficas<\/span><\/p>\n<p class=\"MsoNormal\" style=\"margin: 0cm 0cm 0pt; text-align: justify; mso-layout-grid-align: none;\"><span style=\"font-size: 10pt; color: silver; font-family: &quot;Comic Sans MS&quot;;\"><span style=\"mso-spacerun: yes;\">\u00a0<\/span><\/span><span style=\"font-size: 10pt; color: silver; font-family: &quot;Comic Sans MS&quot;; mso-bidi-font-weight: bold; mso-bidi-font-family: Times-Bold;\">ALVES, R.R.N. &amp; NISHIDA, A.K. Aspectos socioecon\u00f4micos e percep\u00e7\u00e3o ambiental dos catadores de caranguejo-u\u00e7\u00e1 <\/span><em><span style=\"font-size: 10pt; color: silver; font-family: &quot;Comic Sans MS&quot;; mso-bidi-font-weight: bold; mso-bidi-font-family: Times-BoldItalic;\">ucides cordatus cordatus <\/span><\/em><span style=\"font-size: 10pt; color: silver; font-family: &quot;Comic Sans MS&quot;; mso-bidi-font-weight: bold; mso-bidi-font-family: Times-Bold;\">(l.1763) (Decapoda, brachyura) do estu\u00e1rio do rio Mamanguape, Nordeste do Brasil. <strong>Interci\u00eancia<\/strong>,jan, vol. 28 n\u00ba 1, 2003.<\/span><\/p>\n<p class=\"MsoNormal\" style=\"margin: 0cm 0cm 0pt; text-align: justify;\"><span style=\"font-size: 10pt; color: silver; font-family: &quot;Comic Sans MS&quot;;\">\u00a0<\/span><\/p>\n<p class=\"MsoNormal\" style=\"margin: 0cm 0cm 0pt; text-align: justify;\"><span style=\"font-size: 10pt; color: silver; font-family: &quot;Comic Sans MS&quot;;\">LEMOS JUNIOR, I. C.; FARIAS, R. S.; ARAUJO, F. O Cotidiano das pessoas que sobrevivem da captura e comercializa\u00e7\u00e3o do caranguejo-u\u00e7\u00e1 nos Manguezais da Grande Aracaju. Anais da Semana de Estudos da Grada\u00e7\u00e3o: <strong>Resumos<\/strong>. S\u00e3o Crist\u00f3v\u00e3o: 2006.<\/span><\/p>\n<p class=\"MsoNormal\" style=\"margin: 0cm 0cm 0pt; text-align: justify;\"><span style=\"font-size: 10pt; color: silver; font-family: &quot;Comic Sans MS&quot;;\">\u00a0<\/span><\/p>\n<p class=\"MsoNormal\" style=\"margin: 0cm 0cm 10pt; line-height: 115%; text-align: justify; mso-layout-grid-align: none;\"><span style=\"font-size: 10pt; color: silver; line-height: 115%; font-family: &quot;Comic Sans MS&quot;;\">MASTALLER, M. <strong style=\"mso-bidi-font-weight: normal;\">Resumo da literatura sobre conceitos do uso de \u00e1reas de mangue, com refer\u00eancia especial para a aq\u00fcicultura artesanal<\/strong>. Instituto Brasileiro do Meio Ambiente (IBAMA), S\/D.<\/span><\/p>\n<p class=\"MsoNormal\" style=\"margin: 0cm 0cm 10pt; line-height: 115%; text-align: justify; mso-layout-grid-align: none;\"><span style=\"font-size: 10pt; color: silver; line-height: 115%; font-family: &quot;Comic Sans MS&quot;;\">MELO, R.L.S.; TEN\u00d3RIO, D. O., 2000. A malacofauna. In: BARROS, H.M ESKINAZI-LE\u00c7A, E.; MACEDO, S.J.; LIMA, T.; <strong style=\"mso-bidi-font-weight: normal;\">Gerenciamento Participativo de Estu\u00e1rios e Manguesais.<\/strong> Recife: Ed. Universit\u00e1ria \/UFPE.<\/span><\/p>\n<p><span style=\"font-size: 10pt; color: silver; font-family: &quot;Comic Sans MS&quot;; mso-bidi-font-weight: bold; mso-fareast-font-family: 'Times New Roman'; mso-bidi-font-family: 'Times New Roman'; mso-ansi-language: PT-BR; mso-fareast-language: PT-BR; mso-bidi-language: AR-SA;\">NISHIDA, A.K.; NORDI, N.; ALVES, R.R.N. Aspectos socioecon\u00f4micos dos catadores de moluscos do litoral paraibano, Nordeste do Brasil. <strong>Revista de Biologia e Ci\u00eancias da Terra,<\/strong> ISSN 1519-5228, Vol. 8, N\u00b0 1, 1\u00b0 semestre de 2008.<\/span><\/p>\n","protected":false},"excerpt":{"rendered":"<p>\u00a0\u00a0\u00a0\u00a0\u00a0\u00a0\u00a0\u00a0 Muitas pessoas acreditam, ao olhar para os manguezais, que eles n\u00e3o possuem nenhuma import\u00e2ncia e que ningu\u00e9m poderia tirar nada deles. Contudo, as \u00e1reas de manguezais t\u00eam algumas utilidades, economicamente falando. \u00a0\u00a0\u00a0\u00a0\u00a0\u00a0\u00a0\u00a0 O manguezal possui recursos de elevada import\u00e2ncia para a produ\u00e7\u00e3o de rem\u00e9dios, \u00e1lcool, \u00f3leos, ado\u00e7antes; a madeira do mangue pode ser utilizada [&hellip;]<\/p>\n","protected":false},"author":3,"featured_media":0,"parent":697,"menu_order":0,"comment_status":"open","ping_status":"open","template":"","meta":{"ngg_post_thumbnail":0},"_links":{"self":[{"href":"http:\/\/www.labec.com.br\/biodigital\/wp-json\/wp\/v2\/pages\/826"}],"collection":[{"href":"http:\/\/www.labec.com.br\/biodigital\/wp-json\/wp\/v2\/pages"}],"about":[{"href":"http:\/\/www.labec.com.br\/biodigital\/wp-json\/wp\/v2\/types\/page"}],"author":[{"embeddable":true,"href":"http:\/\/www.labec.com.br\/biodigital\/wp-json\/wp\/v2\/users\/3"}],"replies":[{"embeddable":true,"href":"http:\/\/www.labec.com.br\/biodigital\/wp-json\/wp\/v2\/comments?post=826"}],"version-history":[{"count":24,"href":"http:\/\/www.labec.com.br\/biodigital\/wp-json\/wp\/v2\/pages\/826\/revisions"}],"predecessor-version":[{"id":845,"href":"http:\/\/www.labec.com.br\/biodigital\/wp-json\/wp\/v2\/pages\/826\/revisions\/845"}],"up":[{"embeddable":true,"href":"http:\/\/www.labec.com.br\/biodigital\/wp-json\/wp\/v2\/pages\/697"}],"wp:attachment":[{"href":"http:\/\/www.labec.com.br\/biodigital\/wp-json\/wp\/v2\/media?parent=826"}],"curies":[{"name":"wp","href":"https:\/\/api.w.org\/{rel}","templated":true}]}}