{"id":82,"date":"2008-11-02T14:16:22","date_gmt":"2008-11-02T20:16:22","guid":{"rendered":"http:\/\/www.labec.com.br\/biodigital\/?page_id=82"},"modified":"2009-03-02T16:18:41","modified_gmt":"2009-03-02T19:18:41","slug":"crassostrea-rhizophorae","status":"publish","type":"page","link":"http:\/\/www.labec.com.br\/biodigital\/fauna\/mollusca\/bivalve\/crassostrea-rhizophorae\/","title":{"rendered":"Crassostrea rhizophorae"},"content":{"rendered":"<p class=\"MsoNormal\" style=\"margin: 0cm 0cm 0pt; text-align: center;\"><strong><span style=\"font-size: 14pt; font-family: &quot;Comic Sans MS&quot;; mso-bidi-font-size: 12.0pt;\"><a href=\"http:\/\/www.labec.com.br\/biodigital\/wordpress\/wp-content\/uploads\/2008\/11\/017-e.jpg\"><img decoding=\"async\" loading=\"lazy\" class=\"size-medium wp-image-83 aligncenter\" title=\"017-e\" src=\"http:\/\/www.labec.com.br\/biodigital\/wordpress\/wp-content\/uploads\/2008\/11\/017-e-300x225.jpg\" alt=\"\" width=\"300\" height=\"225\" srcset=\"http:\/\/www.labec.com.br\/biodigital\/wordpress\/wp-content\/uploads\/2008\/11\/017-e-300x225.jpg 300w, http:\/\/www.labec.com.br\/biodigital\/wordpress\/wp-content\/uploads\/2008\/11\/017-e.jpg 614w\" sizes=\"(max-width: 300px) 100vw, 300px\" \/><\/a><\/span><\/strong><\/p>\n<p class=\"MsoNormal\" style=\"margin: 0cm 0cm 0pt; text-align: center;\"><span style=\"font-size: 14pt; font-family: &quot;Comic Sans MS&quot;; mso-bidi-font-size: 12.0pt;\"><span style=\"font-size: 12pt; font-family: &quot;Comic Sans MS&quot;; mso-fareast-font-family: 'Times New Roman'; mso-bidi-font-family: 'Times New Roman'; mso-ansi-language: PT-BR; mso-fareast-language: PT-BR; mso-bidi-language: AR-SA;\"><em><span style=\"font-family: comic sans ms,sans-serif;\"><span style=\"font-size: small;\"><span style=\"font-size: x-small;\"><span style=\"color: #99cc00;\">Crassostrea rhizophorae<\/span><br \/>\n<\/span><br \/>\n<\/span><\/span><\/em><\/span><\/span><\/p>\n<p class=\"MsoNormal\" style=\"margin: 0cm 0cm 0pt; text-align: justify;\"><strong><span style=\"font-family: comic sans ms,sans-serif;\"><\/span><\/strong><\/p>\n<p class=\"MsoNormal\" style=\"margin: 0cm 0cm 0pt; text-align: justify;\"><strong><span style=\"font-size: 14pt; mso-bidi-font-size: 12.0pt;\"><span style=\"font-family: comic sans ms,sans-serif;\"><span style=\"font-size: medium;\"><\/span><\/span><\/span><\/strong><\/p>\n<p class=\"MsoNormal\" style=\"margin: 0cm 0cm 0pt; text-align: justify;\"><strong><span style=\"font-size: 14pt; mso-bidi-font-size: 12.0pt;\"><span style=\"font-family: comic sans ms,sans-serif;\"><span style=\"font-size: medium;\"><span style=\"color: #000000;\">Classifica\u00e7\u00e3o<\/span><\/span><\/span><\/span><\/strong><\/p>\n<p class=\"MsoNormal\" style=\"margin: 0cm 0cm 0pt; text-align: justify;\"><span style=\"font-size: small;\"><span style=\"font-family: comic sans ms,sans-serif;\"><span style=\"font-size: small;\"><span style=\"color: #000000;\"><strong>Reino: <\/strong>Animalia<\/span><\/span><\/span><\/span><\/p>\n<p class=\"MsoNormal\" style=\"margin: 0cm 0cm 0pt; text-align: justify;\"><span style=\"font-size: small;\"><span style=\"font-family: comic sans ms,sans-serif;\"><span style=\"font-size: small;\"><span style=\"color: #000000;\"><strong>Filo:<\/strong> Mollusca<\/span><\/span><\/span><\/span><\/p>\n<p class=\"MsoNormal\" style=\"margin: 0cm 0cm 0pt; text-align: justify;\"><span style=\"font-size: small;\"><span style=\"font-family: comic sans ms,sans-serif;\"><span style=\"font-size: small;\"><span style=\"color: #000000;\"><strong>Classe:<\/strong> Bivalve<\/span><\/span><\/span><\/span><\/p>\n<p class=\"MsoNormal\" style=\"margin: 0cm 0cm 0pt; text-align: justify;\"><span style=\"font-size: small;\"><span style=\"font-family: comic sans ms,sans-serif;\"><span style=\"font-size: small;\"><span style=\"color: #000000;\"><strong>Ordem:<\/strong> Ostroida<\/span><\/span><\/span><\/span><\/p>\n<p class=\"MsoNormal\" style=\"margin: 0cm 0cm 0pt; text-align: justify;\"><span style=\"font-size: small;\"><span style=\"font-family: comic sans ms,sans-serif;\"><span style=\"font-size: small;\"><span style=\"color: #000000;\"><strong>Fam\u00edlia: <\/strong>Ostreidae<\/span><\/span><\/span><\/span><\/p>\n<p class=\"MsoNormal\" style=\"margin: 0cm 0cm 0pt; text-align: justify;\"><span style=\"font-size: small;\"><span style=\"font-family: comic sans ms,sans-serif;\"><span style=\"font-size: small;\"><span style=\"color: #000000;\"><strong>G\u00eanero:<\/strong> <em>Crassostrea<\/em><\/span><\/span><\/span><\/span><\/p>\n<p class=\"MsoNormal\" style=\"margin: 0cm 0cm 0pt; text-align: justify;\"><span style=\"font-size: small;\"><span style=\"font-family: comic sans ms,sans-serif;\"><span style=\"font-size: small;\"><span style=\"color: #000000;\"><strong>Esp\u00e9cie: <\/strong><em>Crassostrea rhizophorae <\/em><span style=\"mso-bidi-font-family: Arial; mso-bidi-font-size: 13.5pt;\">(Guilding, 1828)<\/p>\n<p><\/span><\/span><\/span><\/span><\/span><\/p>\n<p class=\"MsoNormal\" style=\"margin: 0cm 0cm 0pt; text-align: justify;\"><span style=\"font-size: small;\"><span style=\"font-family: comic sans ms,sans-serif;\"><span style=\"font-size: small;\"><\/span><\/span><\/span><\/p>\n<p class=\"MsoNormal\" style=\"margin: 0cm 0cm 0pt; text-align: justify;\"><span style=\"font-size: small;\"><span style=\"font-family: comic sans ms,sans-serif;\"><span style=\"font-size: small;\"><\/span><\/span><\/span><\/p>\n<p class=\"MsoNormal\" style=\"margin: 0cm 0cm 0pt; text-align: justify;\"><span style=\"font-size: small;\"><span style=\"font-family: comic sans ms,sans-serif;\"><span style=\"font-size: small;\"><\/span><\/span><\/span><strong><span style=\"font-size: large;\"><span style=\"font-family: comic sans ms,sans-serif;\"><span style=\"font-size: medium;\"><span style=\"color: #000000;\">Descri\u00e7\u00e3o da esp\u00e9cie<\/span><\/span><\/span><\/span><\/strong><\/p>\n<p class=\"MsoBodyText2\" style=\"margin: 0cm 0cm 0pt; text-align: justify;\"><span style=\"font-size: small;\"><span style=\"font-family: comic sans ms,sans-serif;\"><span style=\"font-size: small;\"><span style=\"color: #000000;\">S\u00e3o animais que possuem a concha com duas valvas irregulares e \u00e1speras. Sua cor geralmente \u00e9 cinzenta e comprimento m\u00e1ximo da sua concha \u00e9 de 10 a 12cm.<\/span><\/span><\/span><\/span><\/p>\n<p class=\"MsoBodyText2\" style=\"margin: 0cm 0cm 0pt; text-align: justify;\"><span style=\"font-size: small;\"><span style=\"font-family: comic sans ms,sans-serif;\"><span style=\"font-size: small;\"><span style=\"color: #000000;\">A alimenta\u00e7\u00e3o \u00e9 baseada na ingest\u00e3o de Zoopl\u00e2ncton e fitopl\u00e2ncton.<\/span><\/span><\/span><\/span><\/p>\n<p class=\"MsoBodyText2\" style=\"margin: 0cm 0cm 0pt; text-align: justify;\"><span style=\"font-size: small;\"><span style=\"font-family: comic sans ms,sans-serif;\"><span style=\"font-size: small;\"><span style=\"color: #000000;\">Essa esp\u00e9cie vive presa ao substrato, especialmente nas ra\u00edzes a\u00e9reas das \u00e1rvores do mangue, podendo formar agregados submersos (modo de vida bent\u00f4nico). <br \/>\n<\/span><\/span><\/span><\/span><\/p>\n<p class=\"MsoBodyText2\" style=\"margin: 0cm 0cm 0pt; text-align: justify;\"><span style=\"font-size: small;\"><span style=\"font-family: comic sans ms,sans-serif;\"><\/span><\/span><\/p>\n<p class=\"MsoBodyText2\" style=\"margin: 0cm 0cm 0pt; text-align: justify;\"><span style=\"font-size: small;\"><span style=\"font-family: comic sans ms,sans-serif;\"><\/span><\/span><span style=\"font-size: small;\"><span style=\"font-family: comic sans ms,sans-serif;\"><span style=\"font-size: small;\"><span style=\"color: #000000;\"><strong><span style=\"mso-bidi-font-family: Arial;\">Sin\u00f4nimos: <\/span><\/strong><span style=\"mso-bidi-font-family: Arial;\">brasiliana Lamarck, 1819; arborea Chemnitz, 1785<\/p>\n<p><\/span><\/span><\/span><\/span><\/span><\/p>\n<p class=\"MsoBodyText2\" style=\"margin: 0cm 0cm 0pt; text-align: justify;\"><span style=\"font-size: small;\"><span style=\"font-family: comic sans ms,sans-serif;\"><span style=\"font-size: small;\"><\/span><\/span><\/span><\/p>\n<p class=\"MsoBodyText2\" style=\"margin: 0cm 0cm 0pt; text-align: justify;\"><span style=\"font-size: small;\"><span style=\"font-family: comic sans ms,sans-serif;\"><span style=\"font-size: small;\"><\/span><\/span><\/span><\/p>\n<p class=\"MsoBodyText2\" style=\"margin: 0cm 0cm 0pt; text-align: justify;\"><span style=\"font-size: small;\"><span style=\"font-family: comic sans ms,sans-serif;\"><span style=\"font-size: small;\"><\/span><\/span><\/span><span style=\"mso-bidi-font-size: 11.0pt;\"><span style=\"font-size: large;\"><span style=\"font-family: comic sans ms,sans-serif;\"><span style=\"font-size: medium;\"><strong><span style=\"color: #000000;\">Distribui\u00e7\u00e3o Geogr\u00e1fica<\/span><\/strong><\/span><\/span><\/span><\/span><\/p>\n<p class=\"MsoBodyText\" style=\"margin: 0cm 0cm 0pt; text-align: justify;\"><span style=\"font-size: small;\"><span style=\"color: #231f20;\"><span style=\"font-family: comic sans ms,sans-serif;\"><span style=\"font-size: small;\"><span style=\"color: #000000;\">Possuem uma ampla distribui\u00e7\u00e3o geogr\u00e1fica, habitando desde a faixa equatorial, at\u00e9 a faixa do frio moderado. Prevalecem em \u00e1guas costeiras rasas, exceto nas regi\u00f5es polares.<\/p>\n<p><\/span><\/span><\/span><\/span><\/span><\/p>\n<p class=\"MsoBodyText\" style=\"margin: 0cm 0cm 0pt; text-align: justify;\"><span style=\"font-size: small;\"><span style=\"color: #231f20;\"><span style=\"font-family: comic sans ms,sans-serif;\"><\/span><\/span><\/span><\/p>\n<p class=\"MsoBodyText\" style=\"margin: 0cm 0cm 0pt; text-align: justify;\"><span style=\"font-size: small;\"><span style=\"color: #231f20;\"><span style=\"font-family: comic sans ms,sans-serif;\"><\/span><\/span><\/span><\/p>\n<p class=\"MsoBodyText\" style=\"margin: 0cm 0cm 0pt; text-align: justify;\"><span style=\"font-size: small;\"><span style=\"color: #231f20;\"><span style=\"font-family: comic sans ms,sans-serif;\"><\/span><\/span><\/span><span style=\"mso-bidi-font-size: 12.0pt; mso-bidi-font-family: Arial;\"><span style=\"font-size: large;\"><span style=\"font-family: comic sans ms,sans-serif;\"><span style=\"font-size: small;\"><strong><span style=\"font-size: medium;\"><span style=\"color: #000000;\">Nome Popular<\/span><\/span><\/strong><\/span><\/span><\/span><\/span><\/p>\n<p class=\"MsoNormal\" style=\"margin: 0cm 0cm 0pt; text-align: justify;\"><span style=\"font-family: &quot;Comic Sans MS&quot;;\"><span style=\"font-size: small;\"><span style=\"font-family: comic sans ms,sans-serif;\"><span style=\"font-size: small;\"><span style=\"color: #000000;\">No Brasil: Ostra-de-mangue<\/span><\/span><\/span><\/span><\/span><\/p>\n<p class=\"MsoNormal\" style=\"margin: 0cm 0cm 0pt; text-align: justify;\"><span style=\"font-family: &quot;Comic Sans MS&quot;;\"><span style=\"font-size: small;\"><span style=\"font-family: comic sans ms,sans-serif;\"><span style=\"font-size: small;\"><span style=\"color: #000000;\">Nos EUA: Mangrove oysters<\/p>\n<p><\/span><\/span><\/span><\/span><\/span><\/p>\n<p class=\"MsoNormal\" style=\"margin: 0cm 0cm 0pt; text-align: justify;\"><span style=\"font-family: &quot;Comic Sans MS&quot;;\"><span style=\"font-size: small;\"><span style=\"font-family: comic sans ms,sans-serif;\"><\/span><\/span><\/span><\/p>\n<p class=\"MsoNormal\" style=\"margin: 0cm 0cm 0pt; text-align: justify;\"><span style=\"font-family: &quot;Comic Sans MS&quot;;\"><span style=\"font-size: small;\"><span style=\"font-family: comic sans ms,sans-serif;\"><\/span><\/span><\/span><\/p>\n<p class=\"MsoNormal\" style=\"margin: 0cm 0cm 0pt; text-align: justify;\"><span style=\"font-family: &quot;Comic Sans MS&quot;;\"><span style=\"font-size: small;\"><span style=\"font-family: comic sans ms,sans-serif;\"><\/span><\/span><\/span><span style=\"mso-bidi-font-size: 12.0pt; mso-bidi-font-family: Arial;\"><span style=\"font-size: large;\"><span style=\"font-family: comic sans ms,sans-serif;\"><span style=\"font-size: small;\"><strong><span style=\"font-size: medium;\"><span style=\"color: #000000;\">Import\u00e2ncia Econ\u00f4mica<\/span><\/span><\/strong><\/span><\/span><\/span><\/span><\/p>\n<p style=\"margin: 0cm 0cm 0pt; text-align: justify;\"><span style=\"font-size: small;\"><span style=\"font-family: comic sans ms,sans-serif;\"><span style=\"font-size: small;\"><span style=\"color: #000000;\"><span style=\"mso-fareast-font-family: 'Times New Roman'; mso-bidi-font-family: 'Times New Roman';\">S\u00e3o de relevante import\u00e2ncia na alimenta\u00e7\u00e3o<\/span>, devido ao seu alto valor nutricional, sendo consideradas um alimento ideal pelos altos teores de prote\u00ednas, vitaminas e sais minerais existentes.<\/span><\/span><\/span><\/span><\/p>\n<p style=\"margin: 0cm 0cm 0pt; text-align: justify;\"><span style=\"font-size: small;\"><span style=\"font-family: comic sans ms,sans-serif;\"><span style=\"font-size: small;\"><span style=\"color: #000000;\">Tamb\u00e9m s\u00e3o economicamente importantes pelo uso da sua concha como mat\u00e9ria prima na fabrica\u00e7\u00e3o de produtos industriais e medicinais.<\/p>\n<p><\/span><\/span><\/span><\/span><\/p>\n<p style=\"margin: 0cm 0cm 0pt; text-align: justify;\"><span style=\"font-size: small;\"><span style=\"font-family: comic sans ms,sans-serif;\"><\/span><\/span><\/p>\n<p style=\"margin: 0cm 0cm 0pt; text-align: justify;\"><span style=\"font-size: small;\"><span style=\"font-family: comic sans ms,sans-serif;\"><\/span><\/span><\/p>\n<p style=\"margin: 0cm 0cm 0pt; text-align: justify;\"><span style=\"font-size: small;\"><span style=\"font-family: comic sans ms,sans-serif;\"><\/span><\/span><strong><span style=\"font-size: 14pt; mso-fareast-font-family: 'Times New Roman'; mso-bidi-font-family: 'Times New Roman'; mso-bidi-font-size: 12.0pt;\"><span style=\"font-family: comic sans ms,sans-serif;\"><span style=\"font-size: small;\"><span style=\"color: #000000;\"><span style=\"font-size: medium;\">Curiosidade<\/span><\/span><\/span><\/span><\/span><\/strong><\/p>\n<p style=\"margin: 0cm 0cm 0pt; text-align: justify;\"><span style=\"font-family: comic sans ms,sans-serif;\"><span style=\"font-size: small;\"><span style=\"color: #000000;\"><span style=\"mso-bidi-font-size: 10.0pt;\">As esp\u00e9cies desse g\u00eanero, por serem geralmente consumidas sem um cozimento pr\u00e9vio, tornam-se um grande risco para a sa\u00fade, pois s\u00e3o animais filtradores de part\u00edculas e microrganismos. Assim, quando ingeridas, podem permitir, conseq\u00fcentemente, a entrada de poluentes e de bact\u00e9rias patog\u00eanicas retidas e acumulados em seus tecidos<\/span>.<\/span><\/span><\/span><\/p>\n<p style=\"margin: 0cm 0cm 0pt; text-align: justify;\"><span style=\"font-family: comic sans ms,sans-serif;\"><\/span><\/p>\n<p style=\"margin: 0cm 0cm 0pt; text-align: justify;\"><span style=\"font-family: comic sans ms,sans-serif;\"><\/span><\/p>\n<p style=\"margin: 0cm 0cm 0pt; text-align: justify;\"><span style=\"font-family: comic sans ms,sans-serif;\"><\/span><strong><span style=\"font-size: 14pt; mso-bidi-font-family: Tahoma; mso-bidi-font-size: 10.0pt;\"><span style=\"font-family: comic sans ms,sans-serif;\"><span style=\"font-size: small;\"><span style=\"color: #999999;\"><span style=\"font-size: x-small;\"><\/p>\n<p>Refer\u00eancias Bibliogr\u00e1ficas:<\/span><\/span><\/span><\/span><\/span><\/strong><\/p>\n<p class=\"MsoNormal\" style=\"margin: 0cm 0cm 0pt; text-align: justify;\"><cite><span style=\"color: black; font-style: normal; font-family: &quot;Comic Sans MS&quot;; mso-bidi-font-family: Arial;\"><a href=\"http:\/\/www.seb-ecologia.org.br\/viiiceb\/pdf\/1103.pdf\"><span style=\"font-size: small; color: #800080;\"><span style=\"font-family: comic sans ms,sans-serif;\"><span style=\"font-size: small;\"><span style=\"color: #999999;\"><span style=\"font-size: x-small;\">www.seb-ecologia.org.br\/viiiceb\/pdf\/1103.pdf<\/span><\/span><\/span><\/span><\/span><\/a><\/span><\/cite><\/p>\n<p class=\"MsoNormal\" style=\"margin: 0cm 0cm 0pt; text-align: justify;\"><span style=\"font-family: &quot;Comic Sans MS&quot;;\"><a href=\"ftp:\/\/ftp.sp.gov.br\/ftppesca\/34_1_71-77.pdf\"><span style=\"font-size: small; color: #800080;\"><span style=\"font-family: comic sans ms,sans-serif;\"><span style=\"font-size: small;\"><span style=\"color: #999999;\"><span style=\"font-size: x-small;\">ftp:\/\/ftp.sp.gov.br\/ftppesca\/34_1_71-77.pdf<\/span><\/span><\/span><\/span><\/span><\/a><\/span><\/p>\n<p class=\"MsoNormal\" style=\"margin: 0cm 0cm 0pt; text-align: justify;\"><span style=\"font-family: &quot;Comic Sans MS&quot;;\"><a href=\"http:\/\/www.ipaq.org.br\/modules.php?name=Aquarioes&amp;op=mostrar_especie&amp;id=449&amp;nome_map=d,c,b,a\"><span style=\"font-size: small; color: #800080;\"><span style=\"font-family: comic sans ms,sans-serif;\"><span style=\"font-size: small;\"><span style=\"color: #999999;\"><span style=\"font-size: x-small;\">http:\/\/www.ipaq.org.br\/modules.php?name=Aquarioes&amp;op=mostrar_especie&amp;id=449&amp;nome_map=d,c,b,a<\/span><\/span><\/span><\/span><\/span><\/a><\/span><\/p>\n","protected":false},"excerpt":{"rendered":"<p>Crassostrea rhizophorae Classifica\u00e7\u00e3o Reino: Animalia Filo: Mollusca Classe: Bivalve Ordem: Ostroida Fam\u00edlia: Ostreidae G\u00eanero: Crassostrea Esp\u00e9cie: Crassostrea rhizophorae (Guilding, 1828) Descri\u00e7\u00e3o da esp\u00e9cie S\u00e3o animais que possuem a concha com duas valvas irregulares e \u00e1speras. Sua cor geralmente \u00e9 cinzenta e comprimento m\u00e1ximo da sua concha \u00e9 de 10 a 12cm. A alimenta\u00e7\u00e3o \u00e9 baseada [&hellip;]<\/p>\n","protected":false},"author":2,"featured_media":0,"parent":70,"menu_order":0,"comment_status":"open","ping_status":"open","template":"","meta":{"ngg_post_thumbnail":0},"_links":{"self":[{"href":"http:\/\/www.labec.com.br\/biodigital\/wp-json\/wp\/v2\/pages\/82"}],"collection":[{"href":"http:\/\/www.labec.com.br\/biodigital\/wp-json\/wp\/v2\/pages"}],"about":[{"href":"http:\/\/www.labec.com.br\/biodigital\/wp-json\/wp\/v2\/types\/page"}],"author":[{"embeddable":true,"href":"http:\/\/www.labec.com.br\/biodigital\/wp-json\/wp\/v2\/users\/2"}],"replies":[{"embeddable":true,"href":"http:\/\/www.labec.com.br\/biodigital\/wp-json\/wp\/v2\/comments?post=82"}],"version-history":[{"count":4,"href":"http:\/\/www.labec.com.br\/biodigital\/wp-json\/wp\/v2\/pages\/82\/revisions"}],"predecessor-version":[{"id":524,"href":"http:\/\/www.labec.com.br\/biodigital\/wp-json\/wp\/v2\/pages\/82\/revisions\/524"}],"up":[{"embeddable":true,"href":"http:\/\/www.labec.com.br\/biodigital\/wp-json\/wp\/v2\/pages\/70"}],"wp:attachment":[{"href":"http:\/\/www.labec.com.br\/biodigital\/wp-json\/wp\/v2\/media?parent=82"}],"curies":[{"name":"wp","href":"https:\/\/api.w.org\/{rel}","templated":true}]}}