{"id":818,"date":"2009-06-11T14:24:37","date_gmt":"2009-06-11T17:24:37","guid":{"rendered":"http:\/\/www.labec.com.br\/biodigital\/?page_id=818"},"modified":"2009-10-20T10:28:07","modified_gmt":"2009-10-20T13:28:07","slug":"faunamanguezal","status":"publish","type":"page","link":"http:\/\/www.labec.com.br\/biodigital\/ambientes\/manguezais\/faunamanguezal\/","title":{"rendered":"Fauna"},"content":{"rendered":"<p class=\"MsoNormal\" style=\"margin: 0cm 0cm 0pt; text-align: justify;\"><span style=\"font-family: &quot;Comic Sans MS&quot;;\"><span style=\"font-size: small;\">\u00a0\u00a0\u00a0\u00a0\u00a0\u00a0\u00a0\u00a0\u00a0 Muitas vezes quando\u00a0voc\u00eas se\u00a0perguntam sobre\u00a0os animais do manguezal, a primeira resposta que\u00a0vem a mente\u00a0\u00e9 caranguejo, caranguejo e caranguejo. A resposta est\u00e1 correta, por\u00e9m mesmo sendo um dos principais grupos dos manguezais, ser\u00e1 que s\u00f3 existem eles? Para come\u00e7ar,\u00a0os animais ser\u00e3o divididos\u00a0em dois grupos: as esp\u00e9cies residentes e as esp\u00e9cies visitantes do manguezal. <\/span><\/span><\/p>\n<p class=\"MsoNormal\" style=\"margin: 0cm 0cm 0pt; text-align: justify;\"><span style=\"font-family: &quot;Comic Sans MS&quot;;\"><span style=\"font-size: small;\"><span style=\"mso-tab-count: 1;\">\u00a0\u00a0\u00a0\u00a0\u00a0\u00a0\u00a0\u00a0\u00a0 <\/span>Alguns animais utilizam o ecossistema como local de alimenta\u00e7\u00e3o, de prote\u00e7\u00e3o contra predadores, de reprodu\u00e7\u00e3o. Alguns filhotes de animais marinhos e de \u00e1gua doce usam o manguezal para completar seu desenvolvimento, utilizando o ecossistema como abrigo e fonte de alimenta\u00e7\u00e3o como por exemplo, alguns camar\u00f5es e peixes como: carapeba, espada, cavalo-marinho, pescada, robalo, vermelha, tainha, baiacu e outros. Algumas aves v\u00e3o ao ecossistema para fazer seus ninhos, para se alimentar e,no caso das migrat\u00f3rias,\u00a0 para descansar. Alguns mam\u00edferos como guaxinis e morcegos, buscam no manguezal fonte de alimenta\u00e7\u00e3o. Todos esses animais s\u00e3o considerados visitantes. <\/span><\/span><\/p>\n<p class=\"MsoNormal\" style=\"margin: 0cm 0cm 0pt; text-align: justify;\">\u00a0<\/p>\n<p class=\"MsoNormal\" style=\"margin: 0cm 0cm 0pt; text-align: center;\"><span style=\"font-family: &quot;Comic Sans MS&quot;;\"><span style=\"font-size: small;\"><img decoding=\"async\" class=\"size-full wp-image-975 aligncenter\" title=\"1\" src=\"http:\/\/www.labec.com.br\/biodigital\/wordpress\/wp-content\/uploads\/2009\/06\/1.bmp\" alt=\"1\" \/><\/span><\/span><\/p>\n<p class=\"MsoNormal\" style=\"margin: 0cm 0cm 0pt; text-align: center;\"><span style=\"font-family: &quot;Comic Sans MS&quot;;\"><span style=\"font-size: small;\"><em>Aves visitantes do manguezal. (Aracaju -SE)<\/em><\/span><\/span><\/p>\n<p class=\"MsoNormal\" style=\"margin: 0cm 0cm 0pt; text-align: justify;\">\u00a0<\/p>\n<p class=\"MsoNormal\" style=\"margin: 0cm 0cm 0pt; text-align: justify;\"><span style=\"font-family: &quot;Comic Sans MS&quot;;\"><span style=\"font-size: small;\"><span style=\"mso-tab-count: 1;\">\u00a0\u00a0\u00a0\u00a0\u00a0\u00a0\u00a0\u00a0\u00a0\u00a0 <\/span>O manguezal oferece diversos <em style=\"mso-bidi-font-style: normal;\">habitats<\/em> para a fixa\u00e7\u00e3o de v\u00e1rios animais. A fauna pode viver enterrada no solo lamacento (anel\u00eddeos, bivalves, nematodas, nemertinos), associada \u00e0s ra\u00edzes das \u00e1rvores (cracas, ostras e mexilh\u00f5es), rastejando ou andando sobre o sedimento e tamb\u00e9m sobre as \u00e1rvores (caranguejos, siris, gastr\u00f3podes). Existem tamb\u00e9m insetos como, lagartas, borboletas, abelhas, mutucas, dentre outros. A fauna que vive sua vida no manguezal faz parte do grupo de residentes. <\/span><\/span><\/p>\n<p class=\"MsoNormal\" style=\"margin: 0cm 0cm 0pt; text-align: justify;\"><span style=\"font-family: &quot;Comic Sans MS&quot;;\"><span style=\"font-size: small;\"><span style=\"mso-tab-count: 1;\">\u00a0\u00a0\u00a0\u00a0\u00a0\u00a0\u00a0\u00a0\u00a0\u00a0<\/span>O grupo de animais mais rico em indiv\u00edduos nos manguezais \u00e9 representado pelos organismos que vivem no sedimento, sendo os principais produtores de detritos org\u00e2nicos no ecossistema. Por possu\u00edrem o h\u00e1bito de escavar, eles acabam trazendo a mat\u00e9ria decomposta das plantas para a superf\u00edcie, onde a a\u00e7\u00e3o de microrganismos vai ajudar na forma\u00e7\u00e3o dos detritos. A grande variedade de esp\u00e9cies desse grupo comp\u00f5e a base vital para outros organismos que vivem ou que visitam o ecossistema, tanto na oferta de nutrientes como na cadeia alimentar.<\/span><\/span><\/p>\n<p class=\"MsoNormal\" style=\"margin: 0cm 0cm 0pt; text-align: justify;\">\u00a0<\/p>\n<p class=\"MsoNormal\" style=\"margin: 0cm 0cm 0pt; text-align: center;\">\u00a0<\/p>\n<p class=\"MsoNormal\" style=\"margin: 0cm 0cm 0pt; text-align: center;\"><span style=\"font-family: &quot;Comic Sans MS&quot;;\"><span style=\"font-size: small;\"><img decoding=\"async\" loading=\"lazy\" class=\"size-medium wp-image-974 aligncenter\" title=\"000_0499\" src=\"http:\/\/www.labec.com.br\/biodigital\/wordpress\/wp-content\/uploads\/2009\/06\/000_0499-300x225.jpg\" alt=\"000_0499\" width=\"300\" height=\"225\" srcset=\"http:\/\/www.labec.com.br\/biodigital\/wordpress\/wp-content\/uploads\/2009\/06\/000_0499-300x225.jpg 300w, http:\/\/www.labec.com.br\/biodigital\/wordpress\/wp-content\/uploads\/2009\/06\/000_0499-1024x768.jpg 1024w, http:\/\/www.labec.com.br\/biodigital\/wordpress\/wp-content\/uploads\/2009\/06\/000_0499.jpg 1216w\" sizes=\"(max-width: 300px) 100vw, 300px\" \/><\/span><\/span><\/p>\n<p class=\"MsoNormal\" style=\"margin: 0cm 0cm 0pt; text-align: center;\"><span style=\"font-family: &quot;Comic Sans MS&quot;;\"><span style=\"font-size: small;\"><em>Caranguejo Uca<\/em><\/span><\/span><\/p>\n<p class=\"MsoNormal\" style=\"margin: 0cm 0cm 0pt; text-align: justify;\">\u00a0<\/p>\n<p class=\"MsoNormal\" style=\"margin: 0cm 0cm 0pt; text-align: justify;\"><span style=\"font-family: &quot;Comic Sans MS&quot;;\"><span style=\"font-size: small;\"><span style=\"mso-tab-count: 1;\">\u00a0\u00a0\u00a0\u00a0\u00a0\u00a0\u00a0\u00a0\u00a0 <\/span>Chegando aqui voc\u00ea\u00a0imaginaria que\u00a0a fauna do manguezal \u00e9 diversa e t\u00e3o\u00a0importante ecologicamente?\u00a0Que animais voc\u00ea j\u00e1\u00a0viu em manguezais\u00a0de sua regi\u00e3o? E\u00a0caso voc\u00ea n\u00e3o tenha\u00a0sido atacado por nenhum animal pelo caminho, envie-nos suas d\u00favidas e sugest\u00f5es. Acesse aqui tamb\u00e9m informa\u00e7\u00f5es e imagens de alguns representantes da <a href=\"http:\/\/www.labec.com.br\/biodigital\/invertebradosdomanguezal\">F<\/a><span style=\"color: olive;\"><a href=\"http:\/\/www.labec.com.br\/biodigital\/invertebradosdomanguezal\">auna de Invertebrados<\/a>.<\/span><\/span><\/span><\/p>\n<p class=\"MsoNormal\" style=\"margin: 0cm 0cm 0pt; text-align: justify;\"><span style=\"font-family: &quot;Comic Sans MS&quot;;\">\u00a0<\/span><\/p>\n<p class=\"MsoNormal\" style=\"margin: 0cm 0cm 0pt; text-align: center;\" align=\"center\"><span style=\"font-size: 10pt; color: blue; font-family: &quot;Comic Sans MS&quot;;\">Texto escrito por: Dante Lu\u00eds S. Mariano<\/span><\/p>\n<p class=\"MsoNormal\" style=\"margin: 0cm 0cm 0pt; text-align: center;\" align=\"center\">\u00a0<\/p>\n<p class=\"MsoNormal\" style=\"margin: 0cm 0cm 0pt; text-align: center;\" align=\"center\"><span style=\"font-size: 14pt; color: olive; font-family: &quot;Comic Sans MS&quot;;\"><a href=\"http:\/\/www.labec.com.br\/biodigital\/ambientes\/manguezais\">Voltar<\/a><\/span><\/p>\n<p class=\"MsoNormal\" style=\"margin: 0cm 0cm 0pt; text-align: justify;\">\u00a0<\/p>\n<p class=\"MsoNormal\" style=\"margin: 0cm 0cm 0pt; text-align: justify;\"><span style=\"font-size: 10pt; color: silver; font-family: &quot;Comic Sans MS&quot;;\">Refer\u00eancias Bibliogr\u00e1ficas <\/span><\/p>\n<p class=\"MsoNormal\" style=\"margin: 0cm 0cm 10pt; line-height: 115%; text-align: justify; mso-layout-grid-align: none;\"><span style=\"font-size: 10pt; color: silver; line-height: 115%; font-family: &quot;Comic Sans MS&quot;;\">ALVES<span class=\"opentitulo1\"><span style=\"font-weight: normal; color: silver; line-height: 115%; font-family: &quot;Comic Sans MS&quot;; mso-bidi-font-weight: bold; mso-ansi-font-size: 10.0pt; mso-bidi-font-size: 10.0pt;\">, S. N. <\/span><\/span><span class=\"opentitulo1\"><span style=\"color: silver; line-height: 115%; font-family: &quot;Comic Sans MS&quot;; mso-ansi-font-size: 10.0pt; mso-bidi-font-size: 10.0pt;\"><strong>Ecofisiologia do Manguezal<\/strong><\/span><\/span><span class=\"opentitulo1\"><span style=\"font-weight: normal; color: silver; line-height: 115%; font-family: &quot;Comic Sans MS&quot;; mso-bidi-font-weight: bold; mso-ansi-font-size: 10.0pt; mso-bidi-font-size: 10.0pt;\">. Org. Secretaria de Estado do Meio Ambiente e dos Recursos H\u00eddricos. Aracaju: Degrase, 2008.<span style=\"mso-spacerun: yes;\"> <\/span><\/span><\/span><\/span><\/p>\n<p class=\"MsoNormal\" style=\"margin: 0cm 0cm 10pt; line-height: 115%; text-align: justify; mso-layout-grid-align: none;\"><span class=\"opentitulo1\"><span style=\"font-weight: normal; font-size: 10pt; color: silver; line-height: 115%; font-family: &quot;Comic Sans MS&quot;; mso-bidi-font-weight: bold;\">COELHO, P.A.; BATISTA-LEITE; L.M.A.; SANTOS,M.A.C.; TORRES, M.F.A. O Manguezal <em style=\"mso-bidi-font-style: normal;\">In<span style=\"mso-spacerun: yes;\"> <\/span><\/em>Oceanografia: Um cen\u00e1rio tropical. Org. por Enide Eskinazi-Le\u00e7a; Singrid Neumanm-Le\u00e3o; M\u00f4nica Ferreira da Costa. Recife: Baga\u00e7o, 2004.<span style=\"mso-spacerun: yes;\"> <\/span><\/span><\/span><\/p>\n<p class=\"MsoNormal\" style=\"margin: 0cm 0cm 10pt; line-height: 115%; text-align: justify; mso-layout-grid-align: none;\"><span style=\"font-size: 10pt; color: silver; line-height: 115%; font-family: &quot;Comic Sans MS&quot;;\">MASTALLER, M. <strong style=\"mso-bidi-font-weight: normal;\">Resumo da literatura sobre conceitos do uso de \u00e1reas de mangue, com refer\u00eancia especial para a aq\u00fcicultura artesanal<\/strong>. Instituto Brasileiro do Meio Ambiente (IBAMA), S\/D.<\/span><\/p>\n<p class=\"MsoNormal\" style=\"margin: 0cm 0cm 10pt; line-height: 115%; text-align: justify; mso-layout-grid-align: none;\"><span style=\"font-size: 10pt; color: silver; line-height: 115%; font-family: &quot;Comic Sans MS&quot;;\">MELO, R.L.S.; TEN\u00d3RIO, D. O., 2000. A malacofauna. In: BARROS, H.M ESKINAZI-LE\u00c7A, E.; MACEDO, S.J.; LIMA, T.; <strong style=\"mso-bidi-font-weight: normal;\">Gerenciamento Participativo de Estu\u00e1rios e Manguesais.<\/strong> Recife: Ed. Universit\u00e1ria \/UFPE.<\/span><\/p>\n<p class=\"MsoNormal\" style=\"margin: 0cm 0cm 0pt; text-align: justify;\"><span style=\"font-size: 10pt; color: silver; font-family: &quot;Comic Sans MS&quot;;\">OLIVEIRA, M.A., 2005. Varia\u00e7\u00e3o espa\u00e7o-temporal da macro e megafauna b\u00eantica ocorrente no manguezal do cal\u00e7ad\u00e3o da praia 13 de julho, Aracaju-SE. <strong>Monografia de Bacharelado em Ci\u00eancias Biol\u00f3gicas<span style=\"font-weight: normal;\">. Departamento<\/span><span style=\"font-weight: normal;\"> de Biologia da Universidade Federal de Sergipe, S\u00e3o Crist\u00f3v\u00e3o.<\/span><\/strong><\/span><\/p>\n<p class=\"MsoNormal\" style=\"margin: 0cm 0cm 0pt; text-align: justify;\">\u00a0<\/p>\n<p><span style=\"font-size: 10pt; color: silver; font-family: &quot;Comic Sans MS&quot;; mso-fareast-font-family: 'Times New Roman'; mso-bidi-font-family: 'Times New Roman'; mso-ansi-language: PT-BR; mso-fareast-language: PT-BR; mso-bidi-language: AR-SA;\">ROSA FILHO, J.S.; BUSMAN, D.V.; VIANA, A.P.; GREG\u00d3RIO, A.M.; OLIVEIRA, D. M., 2006.<span style=\"mso-spacerun: yes;\"> <\/span>Macrofauna bent\u00f4nica de zonas entre-mar\u00e9s n\u00e3o vegetadas do estu\u00e1rio do rio Caet\u00e9, Bragan\u00e7a, Par\u00e1. <strong style=\"mso-bidi-font-weight: normal;\">Bol. Mus. Para. Em\u00edlio Goeldi, Ci\u00eancias Naturais, <\/strong>Bel\u00e9m, v. 1, n. 3, p. 85-96, set-dez. <strong style=\"mso-bidi-font-weight: normal;\">2<\/strong><\/span><\/p>\n","protected":false},"excerpt":{"rendered":"<p>\u00a0\u00a0\u00a0\u00a0\u00a0\u00a0\u00a0\u00a0\u00a0 Muitas vezes quando\u00a0voc\u00eas se\u00a0perguntam sobre\u00a0os animais do manguezal, a primeira resposta que\u00a0vem a mente\u00a0\u00e9 caranguejo, caranguejo e caranguejo. A resposta est\u00e1 correta, por\u00e9m mesmo sendo um dos principais grupos dos manguezais, ser\u00e1 que s\u00f3 existem eles? Para come\u00e7ar,\u00a0os animais ser\u00e3o divididos\u00a0em dois grupos: as esp\u00e9cies residentes e as esp\u00e9cies visitantes do manguezal. \u00a0\u00a0\u00a0\u00a0\u00a0\u00a0\u00a0\u00a0\u00a0 Alguns [&hellip;]<\/p>\n","protected":false},"author":3,"featured_media":0,"parent":697,"menu_order":0,"comment_status":"open","ping_status":"open","template":"","meta":{"ngg_post_thumbnail":0},"_links":{"self":[{"href":"http:\/\/www.labec.com.br\/biodigital\/wp-json\/wp\/v2\/pages\/818"}],"collection":[{"href":"http:\/\/www.labec.com.br\/biodigital\/wp-json\/wp\/v2\/pages"}],"about":[{"href":"http:\/\/www.labec.com.br\/biodigital\/wp-json\/wp\/v2\/types\/page"}],"author":[{"embeddable":true,"href":"http:\/\/www.labec.com.br\/biodigital\/wp-json\/wp\/v2\/users\/3"}],"replies":[{"embeddable":true,"href":"http:\/\/www.labec.com.br\/biodigital\/wp-json\/wp\/v2\/comments?post=818"}],"version-history":[{"count":14,"href":"http:\/\/www.labec.com.br\/biodigital\/wp-json\/wp\/v2\/pages\/818\/revisions"}],"predecessor-version":[{"id":821,"href":"http:\/\/www.labec.com.br\/biodigital\/wp-json\/wp\/v2\/pages\/818\/revisions\/821"}],"up":[{"embeddable":true,"href":"http:\/\/www.labec.com.br\/biodigital\/wp-json\/wp\/v2\/pages\/697"}],"wp:attachment":[{"href":"http:\/\/www.labec.com.br\/biodigital\/wp-json\/wp\/v2\/media?parent=818"}],"curies":[{"name":"wp","href":"https:\/\/api.w.org\/{rel}","templated":true}]}}