{"id":801,"date":"2009-06-04T16:25:19","date_gmt":"2009-06-04T19:25:19","guid":{"rendered":"http:\/\/www.labec.com.br\/biodigital\/?page_id=801"},"modified":"2009-06-23T16:31:05","modified_gmt":"2009-06-23T19:31:05","slug":"aspectosecologicos","status":"publish","type":"page","link":"http:\/\/www.labec.com.br\/biodigital\/ambientes\/manguezais\/aspectosecologicos\/","title":{"rendered":"Aspectos Ecol\u00f3gicos"},"content":{"rendered":"<p class=\"MsoNormal\" style=\"margin: 0cm 0cm 0pt; text-align: justify;\"><span style=\"font-family: &quot;Comic Sans MS&quot;;\"><span style=\"font-size: small;\">\u00a0\u00a0\u00a0\u00a0\u00a0\u00a0\u00a0\u00a0\u00a0 Antes de qualquer coisa voc\u00eas\u00a0devem estar\u00a0se perguntando como, aonde e por que surgem os manguezais? Para come\u00e7ar, entedam que\u00a0os manguezais surgiram no sudeste asi\u00e1tico e durante muitos e muitos anos se espalharam pelo mundo atrav\u00e9s das correntes marinha que levaram suas sementes para as diferentes partes do mundo.<\/span><\/span><\/p>\n<p class=\"MsoNormal\" style=\"margin: 0cm 0cm 0pt; text-align: justify;\">\u00a0<\/p>\n<p class=\"MsoNormal\" style=\"margin: 0cm 0cm 0pt; text-align: center;\"><span style=\"font-family: &quot;Comic Sans MS&quot;;\"><span style=\"font-size: small;\"><img decoding=\"async\" loading=\"lazy\" class=\"size-full wp-image-932 aligncenter\" title=\"mapa-mangue\" src=\"http:\/\/www.labec.com.br\/biodigital\/wordpress\/wp-content\/uploads\/2009\/06\/mapa-mangue.png\" alt=\"mapa-mangue\" width=\"500\" height=\"231\" srcset=\"http:\/\/www.labec.com.br\/biodigital\/wordpress\/wp-content\/uploads\/2009\/06\/mapa-mangue.png 500w, http:\/\/www.labec.com.br\/biodigital\/wordpress\/wp-content\/uploads\/2009\/06\/mapa-mangue-300x138.png 300w\" sizes=\"(max-width: 500px) 100vw, 500px\" \/><\/span><\/span><\/p>\n<p class=\"MsoNormal\" style=\"margin: 0cm 0cm 0pt; text-align: center;\"><span style=\"font-family: &quot;Comic Sans MS&quot;;\"><span style=\"font-size: small;\"><em>\u00c1reas de manguezal no mundo. Fonte: http:\/\/abelezadetodasascoisas.blogspot.com\u00a0<\/em><\/span><\/span><\/p>\n<p class=\"MsoNormal\" style=\"margin: 0cm 0cm 0pt; text-align: justify;\">\u00a0<\/p>\n<p class=\"MsoNormal\" style=\"margin: 0cm 0cm 0pt; text-align: justify;\"><span style=\"font-family: &quot;Comic Sans MS&quot;;\"><span style=\"font-size: small;\"><span style=\"mso-tab-count: 1;\">\u00a0\u00a0\u00a0\u00a0\u00a0\u00a0\u00a0\u00a0 <\/span>O termo mangue tem origem do vocabul\u00e1rio malaio, <em style=\"mso-bidi-font-style: normal;\">manggimagi,<\/em> e \u00e9 utilizado quando se est\u00e1 falando das plantas t\u00edpicas do ecossistema manguezal, que al\u00e9m da flora, tamb\u00e9m est\u00e3o relacionados a ele a fauna, o fundo lamoso e um solo \u00famido e salino. <\/span><\/span><\/p>\n<p class=\"MsoNormal\" style=\"margin: 0cm 0cm 0pt; text-align: justify;\">\u00a0<\/p>\n<p class=\"MsoNormal\" style=\"margin: 0cm 0cm 0pt; text-align: center;\"><span style=\"font-family: &quot;Comic Sans MS&quot;;\"><span style=\"font-size: small;\"><img decoding=\"async\" loading=\"lazy\" class=\"size-medium wp-image-933 aligncenter\" title=\"foto3\" src=\"http:\/\/www.labec.com.br\/biodigital\/wordpress\/wp-content\/uploads\/2009\/06\/foto3-300x202.jpg\" alt=\"foto3\" width=\"323\" height=\"216\" srcset=\"http:\/\/www.labec.com.br\/biodigital\/wordpress\/wp-content\/uploads\/2009\/06\/foto3-300x202.jpg 300w, http:\/\/www.labec.com.br\/biodigital\/wordpress\/wp-content\/uploads\/2009\/06\/foto3-1024x689.jpg 1024w\" sizes=\"(max-width: 323px) 100vw, 323px\" \/><\/span><\/span><\/p>\n<p class=\"MsoNormal\" style=\"margin: 0cm 0cm 0pt; text-align: center;\"><span style=\"font-family: &quot;Comic Sans MS&quot;;\"><span style=\"font-size: small;\"><em>Solo lamacento t\u00edpico dos manguezais.<\/em><\/span><\/span><\/p>\n<p class=\"MsoNormal\" style=\"margin: 0cm 0cm 0pt; text-align: justify;\">\u00a0<\/p>\n<p class=\"MsoNormal\" style=\"margin: 0cm 0cm 0pt; text-align: justify;\"><span style=\"font-family: &quot;Comic Sans MS&quot;;\"><span style=\"font-size: small;\"><span style=\"mso-tab-count: 1;\">\u00a0\u00a0\u00a0\u00a0\u00a0\u00a0\u00a0\u00a0 <\/span>Os manguezais surgem em ambientes tropicais com temperaturas m\u00ednimas de 16\u00b0C e m\u00e9dias acima de 20\u00b0C, em \u00e1reas conhecidas como estu\u00e1rios, que nada mais \u00e9 do que o encontro do rio com o mar. Eles s\u00e3o encontrados nos principais rios de Sergipe: S\u00e3o Francisco, Japaratuba, Sergipe, Vaza-barris e Real-Piau\u00ed-Fundo.<\/span><\/span><\/p>\n<p class=\"MsoNormal\" style=\"margin: 0cm 0cm 0pt; text-align: justify;\">\u00a0<\/p>\n<p class=\"MsoNormal\" style=\"margin: 0cm 0cm 0pt; text-align: justify;\"><span style=\"font-family: &quot;Comic Sans MS&quot;;\"><span style=\"font-size: small;\"><span style=\"font-family: &quot;Comic Sans MS&quot;;\"><span style=\"font-size: small;\"><span style=\"font-family: &quot;Comic Sans MS&quot;;\"><span style=\"font-size: small;\"><span style=\"font-family: &quot;Comic Sans MS&quot;;\"><span style=\"font-size: small;\"><span style=\"font-family: &quot;Comic Sans MS&quot;;\"><span style=\"font-size: small;\"><span style=\"font-family: &quot;Comic Sans MS&quot;;\"><span style=\"font-size: small;\"><span style=\"font-family: &quot;Comic Sans MS&quot;;\"><span style=\"font-size: small;\"><span style=\"font-family: &quot;Comic Sans MS&quot;;\"><span style=\"font-size: small;\"><span style=\"font-family: &quot;Comic Sans MS&quot;;\"><span style=\"font-size: small;\"><span style=\"font-family: &quot;Comic Sans MS&quot;;\"><span style=\"font-size: small;\"><span style=\"font-family: &quot;Comic Sans MS&quot;;\"><span style=\"font-size: small;\"><span style=\"font-family: &quot;Comic Sans MS&quot;;\"><span style=\"font-size: small;\"><span style=\"font-family: &quot;Comic Sans MS&quot;;\"><span style=\"font-size: small;\"><span style=\"font-family: &quot;Comic Sans MS&quot;;\"><span style=\"font-size: small;\"><span style=\"font-family: &quot;Comic Sans MS&quot;;\"><span style=\"font-size: small;\"><span style=\"font-family: &quot;Comic Sans MS&quot;;\"><span style=\"font-size: small;\"><span style=\"font-family: &quot;Comic Sans MS&quot;;\"><span style=\"font-size: small;\"><span style=\"font-family: &quot;Comic Sans MS&quot;;\"><span style=\"font-size: small;\"><span style=\"font-family: &quot;Comic Sans MS&quot;;\"><span style=\"font-size: small;\"><span style=\"font-family: &quot;Comic Sans MS&quot;;\"><span style=\"font-size: small;\"><span style=\"font-family: &quot;Comic Sans MS&quot;;\"><span style=\"font-size: small;\"><span style=\"font-family: &quot;Comic Sans MS&quot;;\"><span style=\"font-size: small;\"><span style=\"font-family: &quot;Comic Sans MS&quot;;\"><\/span><\/span><\/span><\/span><\/span><\/span><\/span><\/span><\/span><\/span><\/span><\/span><\/span><\/span><\/span><\/span><\/span><\/span><\/span><\/span><\/span><\/span><\/span><\/span><\/span><\/span><\/span><\/span><\/span><\/span><\/span><\/span><\/span><\/span><\/span><\/span><\/span><\/span><\/span><\/span><\/span><\/span><\/span><\/span><\/span><\/p>\n<p class=\"MsoNormal\" style=\"margin: 0cm 0cm 0pt; text-align: center;\"><span style=\"font-family: &quot;Comic Sans MS&quot;;\"><span style=\"font-size: small;\"><span style=\"font-family: &quot;Comic Sans MS&quot;;\"><span style=\"font-size: small;\"><span style=\"font-family: &quot;Comic Sans MS&quot;;\"><span style=\"font-size: small;\"><span style=\"font-family: &quot;Comic Sans MS&quot;;\"><span style=\"font-size: small;\"><span style=\"font-family: &quot;Comic Sans MS&quot;;\"><span style=\"font-size: small;\"><span style=\"font-family: &quot;Comic Sans MS&quot;;\"><span style=\"font-size: small;\"><span style=\"font-family: &quot;Comic Sans MS&quot;;\"><span style=\"font-size: small;\"><span style=\"font-family: &quot;Comic Sans MS&quot;;\"><span style=\"font-size: small;\"><span style=\"font-family: &quot;Comic Sans MS&quot;;\"><span style=\"font-size: small;\"><span style=\"font-family: &quot;Comic Sans MS&quot;;\"><span style=\"font-size: small;\"><span style=\"font-family: &quot;Comic Sans MS&quot;;\"><span style=\"font-size: small;\"><span style=\"font-family: &quot;Comic Sans MS&quot;;\"><span style=\"font-size: small;\"><span style=\"font-family: &quot;Comic Sans MS&quot;;\"><span style=\"font-size: small;\"><span style=\"font-family: &quot;Comic Sans MS&quot;;\"><span style=\"font-size: small;\"><span style=\"font-family: &quot;Comic Sans MS&quot;;\"><span style=\"font-size: small;\"><span style=\"font-family: &quot;Comic Sans MS&quot;;\"><span style=\"font-size: small;\"><span style=\"font-family: &quot;Comic Sans MS&quot;;\"><span style=\"font-size: small;\"><span style=\"font-family: &quot;Comic Sans MS&quot;;\"><span style=\"font-size: small;\"><span style=\"font-family: &quot;Comic Sans MS&quot;;\"><span style=\"font-size: small;\"><span style=\"font-family: &quot;Comic Sans MS&quot;;\"><span style=\"font-size: small;\"><span style=\"font-family: &quot;Comic Sans MS&quot;;\"><span style=\"font-size: small;\"><span style=\"font-family: &quot;Comic Sans MS&quot;;\"><span style=\"font-size: small;\"><span style=\"font-family: &quot;Comic Sans MS&quot;;\"><span style=\"font-size: small;\"><span style=\"font-family: &quot;Comic Sans MS&quot;;\"><span style=\"font-size: small;\"><span style=\"font-family: &quot;Comic Sans MS&quot;;\"><span style=\"font-size: small;\"><span style=\"font-family: &quot;Comic Sans MS&quot;;\"><span style=\"font-size: small;\"><span style=\"font-family: &quot;Comic Sans MS&quot;;\"><span style=\"font-size: small;\"><span style=\"font-family: &quot;Comic Sans MS&quot;;\"><span style=\"font-size: small;\"><span style=\"font-family: &quot;Comic Sans MS&quot;;\"><span style=\"font-size: small;\"><span style=\"font-family: &quot;Comic Sans MS&quot;;\"><span style=\"font-size: small;\"><span style=\"font-family: &quot;Comic Sans MS&quot;;\"><span style=\"font-size: small;\"><span style=\"font-family: &quot;Comic Sans MS&quot;;\"><span style=\"font-size: small;\"><span style=\"font-family: &quot;Comic Sans MS&quot;;\"><span style=\"font-size: small;\"><span style=\"font-family: &quot;Comic Sans MS&quot;;\"><span style=\"font-size: small;\"><span style=\"font-family: &quot;Comic Sans MS&quot;;\"><span style=\"font-size: small;\"><span style=\"font-family: &quot;Comic Sans MS&quot;;\"><span style=\"font-size: small;\"><span style=\"font-family: &quot;Comic Sans MS&quot;;\"><span style=\"font-size: small;\"><span style=\"font-family: &quot;Comic Sans MS&quot;;\"><span style=\"font-size: small;\"><span style=\"font-family: &quot;Comic Sans MS&quot;;\"><span style=\"font-size: small;\"><span style=\"font-family: &quot;Comic Sans MS&quot;;\"><span style=\"font-size: small;\"><span style=\"font-family: &quot;Comic Sans MS&quot;;\"><span style=\"font-size: small;\"><span style=\"font-family: &quot;Comic Sans MS&quot;;\"><span style=\"font-size: small;\"><span style=\"font-family: &quot;Comic Sans MS&quot;;\"><span style=\"font-size: small;\"><span style=\"font-family: &quot;Comic Sans MS&quot;;\"><span style=\"font-size: small;\"><span style=\"font-family: &quot;Comic Sans MS&quot;;\"><span style=\"font-size: small;\"><span style=\"font-family: &quot;Comic Sans MS&quot;;\"><span style=\"font-size: small;\"><span style=\"font-family: &quot;Comic Sans MS&quot;;\"><span style=\"font-size: small;\"><span style=\"font-family: &quot;Comic Sans MS&quot;;\"><span style=\"font-size: small;\"><span style=\"font-family: &quot;Comic Sans MS&quot;;\"><span style=\"font-size: small;\"><span style=\"font-family: &quot;Comic Sans MS&quot;;\"><span style=\"font-size: small;\"><span style=\"font-family: &quot;Comic Sans MS&quot;;\"><span style=\"font-size: small;\"><span style=\"font-family: &quot;Comic Sans MS&quot;;\"><span style=\"font-size: small;\"><span style=\"font-family: &quot;Comic Sans MS&quot;;\"><span style=\"font-size: small;\"><span style=\"font-family: &quot;Comic Sans MS&quot;;\"><span style=\"font-size: small;\"><span style=\"font-family: &quot;Comic Sans MS&quot;;\"><span style=\"font-size: small;\"><img decoding=\"async\" loading=\"lazy\" class=\"alignright size-medium wp-image-935\" title=\"foto11\" src=\"http:\/\/www.labec.com.br\/biodigital\/wordpress\/wp-content\/uploads\/2009\/06\/foto11-300x198.jpg\" alt=\"foto11\" width=\"218\" height=\"186\" \/><\/span><\/span><\/span><\/span><\/span><\/span><\/span><\/span><\/span><\/span><\/span><\/span><\/span><\/span><\/span><\/span><\/span><\/span><\/span><\/span><\/span><\/span><\/span><\/span><\/span><\/span><\/span><\/span><\/span><\/span><\/span><\/span><\/span><\/span><\/span><\/span><\/span><\/span><\/span><\/span><\/span><\/span><\/span><\/span><\/span><\/span><\/span><\/span><\/span><\/span><\/span><\/span><\/span><\/span><\/span><\/span><\/span><\/span><\/span><\/span><\/span><\/span><\/span><\/span><\/span><\/span><\/span><\/span><\/span><\/span><\/span><\/span><\/span><\/span><\/span><\/span><\/span><\/span><\/span><\/span><\/span><\/span><\/span><\/span><\/span><\/span><\/span><\/span><\/span><\/span><\/span><\/span><img decoding=\"async\" loading=\"lazy\" class=\"size-medium wp-image-934 aligncenter\" title=\"foto7\" src=\"http:\/\/www.labec.com.br\/biodigital\/wordpress\/wp-content\/uploads\/2009\/06\/foto7-300x197.jpg\" alt=\"foto7\" width=\"215\" height=\"186\" \/><\/span><\/span><\/span><\/span><\/span><\/span><\/span><\/span><\/span><\/span><\/span><\/span><\/span><\/span><\/span><\/span><\/span><\/span><\/p>\n<p class=\"MsoNormal\" style=\"margin: 0cm 0cm 0pt; text-align: center;\"><span style=\"font-family: &quot;Comic Sans MS&quot;;\"><span style=\"font-size: small;\"><span style=\"font-family: &quot;Comic Sans MS&quot;;\"><span style=\"font-size: small;\"><span style=\"font-family: &quot;Comic Sans MS&quot;;\"><span style=\"font-size: small;\"><span style=\"font-family: &quot;Comic Sans MS&quot;;\"><span style=\"font-size: small;\"><span style=\"font-family: &quot;Comic Sans MS&quot;;\"><span style=\"font-size: small;\"><span style=\"font-family: &quot;Comic Sans MS&quot;;\"><span style=\"font-size: small;\"><span style=\"font-family: &quot;Comic Sans MS&quot;;\"><span style=\"font-size: small;\"><em>Manguezais dos rios\u00a0Japaratuba e Vaza-Barris<\/em><\/span><\/span><\/span><\/span><\/span><\/span><\/span><\/span><\/span><\/span><\/span><\/span><\/span><\/span><\/p>\n<p class=\"MsoNormal\" style=\"margin: 0cm 0cm 0pt; text-align: justify;\">\u00a0<\/p>\n<p class=\"MsoNormal\" style=\"margin: 0cm 0cm 0pt; text-align: justify;\"><span style=\"font-family: &quot;Comic Sans MS&quot;;\"><span style=\"font-size: small;\">\u00a0\u00a0\u00a0\u00a0\u00a0\u00a0\u00a0\u00a0\u00a0\u00a0\u00a0O ecossistema aproveita a troca regular de mat\u00e9ria org\u00e2nica e sua reciclagem, atrav\u00e9s da influ\u00eancia das mar\u00e9s e da \u00e1gua doce dos rios, caracterizando-se assim como um ecossistema aberto. A mar\u00e9 \u00e9 um dos fatores f\u00edsicos que mais influenciam o manguezal, j\u00e1 que seu ciclo controla a quantidade de tempo que o ecossistema ficar\u00e1 coberto ou n\u00e3o por \u00e1gua, a perturba\u00e7\u00e3o mec\u00e2nica que o manguezal possa sofrer, a qualidade da \u00e1gua, etc. <\/span><\/span><\/p>\n<p class=\"MsoNormal\" style=\"margin: 0cm 0cm 0pt; text-align: justify;\">\u00a0<\/p>\n<p class=\"MsoNormal\" style=\"margin: 0cm 0cm 0pt; text-align: justify;\">\u00a0<\/p>\n<p class=\"MsoNormal\" style=\"margin: 0cm 0cm 0pt; text-align: center;\"><span style=\"font-family: &quot;Comic Sans MS&quot;;\"><span style=\"font-size: small;\"><img decoding=\"async\" loading=\"lazy\" class=\"size-full wp-image-944 aligncenter\" title=\"anigif\" src=\"http:\/\/www.labec.com.br\/biodigital\/wordpress\/wp-content\/uploads\/2009\/06\/anigif.gif\" alt=\"anigif\" width=\"313\" height=\"222\" \/><\/span><\/span><\/p>\n<p class=\"MsoNormal\" style=\"margin: 0cm 0cm 0pt; text-align: center;\">Anima\u00e7\u00e3o da\u00a0v<em>aria\u00e7\u00e3o de mar\u00e9 no manguezal da praia 13 de Julho (Aracaju &#8211; SE)<\/em><\/p>\n<p class=\"MsoNormal\" style=\"margin: 0cm 0cm 0pt; text-align: justify;\"><span style=\"font-family: &quot;Comic Sans MS&quot;;\"><span style=\"font-size: small;\"><span style=\"mso-tab-count: 1;\">\u00a0\u00a0\u00a0\u00a0\u00a0\u00a0\u00a0\u00a0<\/span><\/span><\/span><\/p>\n<p class=\"MsoNormal\" style=\"margin: 0cm 0cm 0pt; text-align: justify;\"><span style=\"font-family: &quot;Comic Sans MS&quot;;\"><span style=\"font-size: small;\"><span style=\"mso-tab-count: 1;\">\u00a0\u00a0\u00a0\u00a0\u00a0\u00a0\u00a0\u00a0\u00a0<\/span>Apesar do manguezal desenvolver-se em ambientes salinos, ele necessita de \u00e1gua doce, principalmente os vegetais, nutrientes e oxig\u00eanio. A quantidade de sal na \u00e1gua e no solo para que o mangue possa existir \u00e9 vari\u00e1vel, ele pode se desenvolver desde \u00e1reas com muita concentra\u00e7\u00e3o de sal at\u00e9 \u00e1reas de \u00e1gua doce. Contudo o manguezal tem uma prefer\u00eancia por \u00e1reas onde a salinidade varia entre 5 e 25%.<\/span><\/span><\/p>\n<p class=\"MsoNormal\" style=\"margin: 0cm 0cm 0pt; text-align: justify;\"><span style=\"font-family: &quot;Comic Sans MS&quot;;\"><span style=\"font-size: small;\"><span style=\"mso-tab-count: 1;\">\u00a0\u00a0\u00a0\u00a0\u00a0\u00a0\u00a0\u00a0\u00a0O<\/span> mangue possui grande efici\u00eancia na transforma\u00e7\u00e3o de energia solar em mat\u00e9ria org\u00e2nica, o que o caracteriza como um dos ecossistemas de maior produtividade do mundo. Com essa grande produtividade o manguezal transporta parte dessa mat\u00e9ria org\u00e2nica dissolvida, atrav\u00e9s dos cursos d\u2019\u00e1gua e atrav\u00e9s do movimento de animais, para outros ecossistemas costeiros.<\/span><\/span><\/p>\n<p class=\"MsoNormal\" style=\"margin: 0cm 0cm 0pt; text-align: justify;\"><span style=\"font-family: &quot;Comic Sans MS&quot;;\"><span style=\"font-size: small;\"><span style=\"mso-tab-count: 1;\">\u00a0\u00a0\u00a0\u00a0\u00a0\u00a0\u00a0\u00a0 <\/span>Al\u00e9m de tudo isso, o manguezal oferece uma estrutura que abriga v\u00e1rios nichos para diversos grupos de animais que o utilizam para alimenta\u00e7\u00e3o, desova, reprodu\u00e7\u00e3o, fuga de predadores e crescimento. <\/span><\/span><\/p>\n<p class=\"MsoNormal\" style=\"margin: 0cm 0cm 0pt; text-align: justify;\"><span style=\"font-family: &quot;Comic Sans MS&quot;;\"><span style=\"font-size: small;\"><span style=\"mso-tab-count: 1;\">\u00a0\u00a0\u00a0\u00a0\u00a0\u00a0\u00a0\u00a0 <\/span>O manguezal tamb\u00e9m funciona como barreira de prote\u00e7\u00e3o contra a for\u00e7a das mar\u00e9s, as ra\u00edzes de suas plantas retem e estabilizam os sedimentos trazidos pelos rios, evitam a eros\u00e3o dos solos costeiros, reduzem a evapora\u00e7\u00e3o o que influencia no microclima da regi\u00e3o, diminui a for\u00e7a dos ventos, etc.<\/span><\/span><\/p>\n<p class=\"MsoNormal\" style=\"margin: 0cm 0cm 0pt; text-align: justify;\">\u00a0<\/p>\n<p class=\"MsoNormal\" style=\"margin: 0cm 0cm 0pt; text-align: center;\"><span style=\"font-family: &quot;Comic Sans MS&quot;;\"><span style=\"font-size: small;\"><img decoding=\"async\" loading=\"lazy\" class=\"size-full wp-image-936 aligncenter\" title=\"dsc05170\" src=\"http:\/\/www.labec.com.br\/biodigital\/wordpress\/wp-content\/uploads\/2009\/06\/dsc05170.bmp\" alt=\"dsc05170\" width=\"394\" height=\"298\" \/><\/span><\/span><\/p>\n<p class=\"MsoNormal\" style=\"margin: 0cm 0cm 0pt; text-align: center;\"><span style=\"font-family: &quot;Comic Sans MS&quot;;\"><span style=\"font-size: small;\"><em>Ra\u00edzes do mangue que auxiliam na estabilidade das zonas\u00a0costeiras.<\/em><\/span><\/span><\/p>\n<p class=\"MsoNormal\" style=\"margin: 0cm 0cm 0pt; text-align: justify;\">\u00a0<\/p>\n<p class=\"MsoNormal\" style=\"margin: 0cm 0cm 0pt; text-align: justify;\"><span style=\"font-family: &quot;Comic Sans MS&quot;;\"><span style=\"font-size: small;\"><span style=\"mso-tab-count: 1;\">\u00a0\u00a0\u00a0\u00a0\u00a0\u00a0\u00a0\u00a0 <\/span>Ufa! Quantas fun\u00e7\u00f5es importantes esse ecossistema possui, que\u00a0quando voc\u00ea\u00a0observa sem muita aten\u00e7\u00e3o, <\/span><\/span><span style=\"font-family: &quot;Comic Sans MS&quot;;\"><span style=\"font-size: small;\">parece ser\u00a0sem muita utilidade. E caso voc\u00ea n\u00e3o tenha\u00a0ficado atolado pelo caminho, envie-nos suas d\u00favidas e sugest\u00f5es. <\/span><\/span><\/p>\n<p class=\"MsoNormal\" style=\"margin: 0cm 0cm 0pt; text-align: justify;\"><span style=\"font-family: &quot;Comic Sans MS&quot;;\"><span style=\"font-size: small;\"><span style=\"mso-tab-count: 1;\">\u00a0\u00a0\u00a0\u00a0\u00a0\u00a0\u00a0\u00a0 <\/span><span style=\"mso-spacerun: yes;\">\u00a0<\/span><\/span><\/span><\/p>\n<p class=\"MsoNormal\" style=\"margin: 0cm 0cm 0pt; text-align: justify;\"><span style=\"font-family: &quot;Comic Sans MS&quot;;\"><span style=\"font-size: small;\"><span style=\"mso-tab-count: 1;\">\u00a0\u00a0\u00a0\u00a0\u00a0\u00a0\u00a0\u00a0 <\/span><span style=\"mso-spacerun: yes;\">\u00a0\u00a0\u00a0\u00a0\u00a0\u00a0\u00a0\u00a0\u00a0\u00a0\u00a0\u00a0\u00a0\u00a0\u00a0\u00a0\u00a0\u00a0\u00a0\u00a0\u00a0\u00a0\u00a0 <\/span><\/span><\/span><span style=\"font-size: 10pt; color: blue; font-family: &quot;Comic Sans MS&quot;;\">Texto escrito por: Dante Lu\u00eds S. Mariano<\/span><\/p>\n<p class=\"MsoNormal\" style=\"margin: 0cm 0cm 0pt; text-align: justify;\">\u00a0<\/p>\n<p class=\"MsoNormal\" style=\"margin: 0cm 0cm 0pt; text-align: center;\"><span style=\"font-size: 10pt; color: blue; font-family: &quot;Comic Sans MS&quot;;\">\u00a0<\/span><span style=\"font-size: 14pt; color: olive; font-family: &quot;Comic Sans MS&quot;;\"><a href=\"http:\/\/www.labec.com.br\/biodigital\/ambientes\/manguezais\">Voltar<\/a><\/span><\/p>\n<p class=\"MsoNormal\" style=\"margin: 0cm 0cm 0pt; text-align: justify;\"><span style=\"font-size: 14pt; color: olive; font-family: &quot;Comic Sans MS&quot;;\">\u00a0<\/span><\/p>\n<p class=\"MsoNormal\" style=\"margin: 0cm 0cm 0pt; text-align: justify;\"><span style=\"font-size: 10pt; color: #999999; font-family: &quot;Comic Sans MS&quot;;\">Refer\u00eancias Bibliogr\u00e1ficas <\/span><\/p>\n<p class=\"MsoNormal\" style=\"margin: 0cm 0cm 10pt; line-height: 115%; text-align: justify; mso-layout-grid-align: none;\"><span style=\"font-size: 10pt; color: #999999; line-height: 115%; font-family: &quot;Comic Sans MS&quot;;\">ALVES<span class=\"opentitulo1\"><span style=\"font-weight: normal; color: #999999; line-height: 115%; font-family: &quot;Comic Sans MS&quot;; mso-bidi-font-weight: bold; mso-ansi-font-size: 10.0pt; mso-bidi-font-size: 10.0pt;\">, S. N. <\/span><\/span><span class=\"opentitulo1\"><span style=\"color: #999999; line-height: 115%; font-family: &quot;Comic Sans MS&quot;; mso-ansi-font-size: 10.0pt; mso-bidi-font-size: 10.0pt;\"><strong>Ecofisiologia do Manguezal<\/strong><\/span><\/span><span class=\"opentitulo1\"><span style=\"font-weight: normal; color: #999999; line-height: 115%; font-family: &quot;Comic Sans MS&quot;; mso-bidi-font-weight: bold; mso-ansi-font-size: 10.0pt; mso-bidi-font-size: 10.0pt;\">. Org. Secretaria de Estado do Meio Ambiente e dos Recursos H\u00eddricos. Aracaju: Degrase, 2008.<span style=\"mso-spacerun: yes;\">\u00a0\u00a0 <\/span><\/span><\/span><\/span><\/p>\n<p class=\"MsoBodyText\" style=\"margin: 0cm 0cm 10pt; line-height: 115%;\"><span style=\"font-size: 10pt; color: #999999; line-height: 115%; font-family: &quot;Comic Sans MS&quot;;\">LANDIM, M.; GUIMAR\u00c3ES, C.P.<strong> <\/strong>Manguezais do Rio Sergipe. <em style=\"mso-bidi-font-style: normal;\">In<\/em>: Jos\u00e9 do Patric\u00ednio Hora Alves. (Org.) <strong>Rio Sergipe \u2013 import\u00e2ncia, vulnerabilidade e preserva\u00e7\u00e3o<\/strong>. Aracaju: Os Editora, 2006.<\/span><\/p>\n<p class=\"MsoNormal\" style=\"margin: 0cm 0cm 10pt; line-height: 115%; text-align: justify; mso-layout-grid-align: none;\"><span style=\"font-size: 10pt; color: #999999; line-height: 115%; font-family: &quot;Comic Sans MS&quot;;\">LONGHURST, A.R., PAULY, D. E<strong style=\"mso-bidi-font-weight: normal;\">cologia dos Oceanos Tropicais<\/strong>. S\u00e3o Paulo, Edusp, p. 40 &#8211; 43. 2007.<\/span><\/p>\n<p class=\"MsoNormal\" style=\"margin: 0cm 0cm 10pt; line-height: 115%; text-align: justify; mso-layout-grid-align: none;\"><span style=\"font-size: 10pt; color: #999999; line-height: 115%; font-family: &quot;Comic Sans MS&quot;;\">MASTALLER, M. Resumo da literatura sobre conceitos do uso de \u00e1reas de mangue, com refer\u00eancia especial para a aq\u00fcicultura artesanal. Instituto Brasileiro do Meio Ambiente (IBAMA), S\/D.<\/span><\/p>\n<p class=\"MsoNormal\" style=\"margin: 0cm 0cm 10pt; line-height: 115%; text-align: justify; mso-layout-grid-align: none;\"><span style=\"color: #999999;\"><span style=\"mso-spacerun: yes;\"><span style=\"font-size: small; font-family: Times New Roman;\">\u00a0<\/span><\/span><\/span><span style=\"font-size: 10pt; color: #999999; line-height: 115%; font-family: &quot;Comic Sans MS&quot;; mso-bidi-font-weight: bold;\">MONTEIRO, L.H.U., SOUZA, G.M., MAIA, L.P., SILVA, L.F.F., LACERDA, L.D. <strong>Evolu\u00e7\u00e3o das \u00e1reas de manguezal do litoral nordeste <\/strong><\/span><strong style=\"mso-bidi-font-weight: normal;\"><span style=\"font-size: 10pt; color: #999999; line-height: 115%; font-family: &quot;Comic Sans MS&quot;;\">brasileiro entre 1978 e 2004<\/span><\/strong><span style=\"font-size: 10pt; color: #999999; line-height: 115%; font-family: &quot;Comic Sans MS&quot;;\">. Dispon\u00edvel em: <\/span><\/p>\n<p class=\"MsoNormal\" style=\"margin: 0cm 0cm 10pt; line-height: 115%; text-align: justify; mso-layout-grid-align: none;\"><span style=\"font-size: 10pt; color: #999999; line-height: 115%; font-family: &quot;Comic Sans MS&quot;;\">http:\/\/www.abccam.com.br\/download\/Evolu%E7%E3o%20da%20%E1reas%20de%20Manguezal.pdf, acessado em 10\/11\/2007.<\/span><\/p>\n","protected":false},"excerpt":{"rendered":"<p>\u00a0\u00a0\u00a0\u00a0\u00a0\u00a0\u00a0\u00a0\u00a0 Antes de qualquer coisa voc\u00eas\u00a0devem estar\u00a0se perguntando como, aonde e por que surgem os manguezais? Para come\u00e7ar, entedam que\u00a0os manguezais surgiram no sudeste asi\u00e1tico e durante muitos e muitos anos se espalharam pelo mundo atrav\u00e9s das correntes marinha que levaram suas sementes para as diferentes partes do mundo. \u00a0 \u00c1reas de manguezal no mundo. [&hellip;]<\/p>\n","protected":false},"author":3,"featured_media":0,"parent":697,"menu_order":0,"comment_status":"open","ping_status":"open","template":"","meta":{"ngg_post_thumbnail":0},"_links":{"self":[{"href":"http:\/\/www.labec.com.br\/biodigital\/wp-json\/wp\/v2\/pages\/801"}],"collection":[{"href":"http:\/\/www.labec.com.br\/biodigital\/wp-json\/wp\/v2\/pages"}],"about":[{"href":"http:\/\/www.labec.com.br\/biodigital\/wp-json\/wp\/v2\/types\/page"}],"author":[{"embeddable":true,"href":"http:\/\/www.labec.com.br\/biodigital\/wp-json\/wp\/v2\/users\/3"}],"replies":[{"embeddable":true,"href":"http:\/\/www.labec.com.br\/biodigital\/wp-json\/wp\/v2\/comments?post=801"}],"version-history":[{"count":19,"href":"http:\/\/www.labec.com.br\/biodigital\/wp-json\/wp\/v2\/pages\/801\/revisions"}],"predecessor-version":[{"id":812,"href":"http:\/\/www.labec.com.br\/biodigital\/wp-json\/wp\/v2\/pages\/801\/revisions\/812"}],"up":[{"embeddable":true,"href":"http:\/\/www.labec.com.br\/biodigital\/wp-json\/wp\/v2\/pages\/697"}],"wp:attachment":[{"href":"http:\/\/www.labec.com.br\/biodigital\/wp-json\/wp\/v2\/media?parent=801"}],"curies":[{"name":"wp","href":"https:\/\/api.w.org\/{rel}","templated":true}]}}