{"id":70,"date":"2008-11-02T10:43:46","date_gmt":"2008-11-02T16:43:46","guid":{"rendered":"http:\/\/www.labec.com.br\/biodigital\/?page_id=70"},"modified":"2012-05-14T11:58:22","modified_gmt":"2012-05-14T14:58:22","slug":"bivalve","status":"publish","type":"page","link":"http:\/\/www.labec.com.br\/biodigital\/fauna\/mollusca\/bivalve\/","title":{"rendered":"Bivalvia"},"content":{"rendered":"<p><em><span style=\"font-family: comic sans ms,sans-serif;\"><span style=\"font-size: medium;\"><a href=\"http:\/\/www.labec.com.br\/biodigital\/fauna\/mollusca\/bivalve\/anadara-brasiliana\"><span style=\"color: #808000;\">Anadara brasiliana<\/span><\/a><\/span><\/span><\/em><\/p>\n<p><em><span style=\"font-family: comic sans ms,sans-serif;\"><span style=\"font-size: medium;\"><img decoding=\"async\" loading=\"lazy\" class=\"alignnone size-thumbnail wp-image-1566\" title=\"Anomalocardia brasiliana\" src=\"http:\/\/www.labec.com.br\/biodigital\/wordpress\/wp-content\/uploads\/2008\/11\/Anomalocardia-brasiliana-150x150.jpg\" alt=\"Anomalocardia brasiliana\" width=\"56\" height=\"56\" \/>\u00a0<a href=\"http:\/\/www.labec.com.br\/biodigital\/ambientes\/manguezais\/faunamanguezal\/invertebradosdomanguezal\/anomalocardiabrasiliana\"><span style=\"color: #808000;\">Anomalocardia brasiliana<\/span><\/a><\/span><\/span><\/em><\/p>\n<p><a href=\"http:\/\/Nenhuma\"><img decoding=\"async\" loading=\"lazy\" class=\"alignnone size-thumbnail wp-image-85\" title=\"017-e1\" src=\"http:\/\/www.labec.com.br\/biodigital\/wordpress\/wp-content\/uploads\/2008\/11\/017-e1-150x150.jpg\" alt=\"\" width=\"56\" height=\"56\" \/><\/a>\u00a0<a href=\"http:\/\/www.labec.com.br\/biodigital\/fauna\/mollusca\/bivalve\/crassostrea-rhizophorae\"><em><span style=\"font-family: comic sans ms,sans-serif;\"><span style=\"font-size: medium;\"><span style=\"color: #808000;\">Crassostrea rhizophorae<\/span><\/span><\/span><\/em><\/a><\/p>\n<p><em><a href=\"http:\/\/www.labec.com.br\/biodigital\/fauna\/mollusca\/bivalve\/cyrtopleura-costata\"><span style=\"font-family: comic sans ms,sans-serif;\"><span style=\"font-size: medium;\"><span style=\"color: #808000;\">Cyrtopleura costata<\/span><\/span><\/span><\/a><\/em><\/p>\n<p><a href=\"http:\/\/Nenhuma\"><span style=\"font-family: comic sans ms,sans-serif;\"><span style=\"font-size: medium;\"><span style=\"color: #808000;\"><img decoding=\"async\" loading=\"lazy\" class=\"alignnone size-thumbnail wp-image-71\" title=\"002-a1\" src=\"http:\/\/www.labec.com.br\/biodigital\/wordpress\/wp-content\/uploads\/2008\/11\/002-a1-150x150.jpg\" alt=\"\" width=\"56\" height=\"56\" \/><\/span><\/span><\/span><\/a><span style=\"font-family: comic sans ms,sans-serif;\"><span style=\"font-size: medium;\"><span style=\"color: #808000;\">\u00a0<span style=\"color: #000000;\"><em><a href=\"http:\/\/www.labec.com.br\/biodigital\/lucina-pectinata\"><span style=\"color: #808000;\">Lucina pectinata<\/span><\/a><\/em><\/span><\/span><\/span><\/span><\/p>\n<p><span style=\"font-family: comic sans ms,sans-serif;\"><span style=\"font-size: medium;\"><span style=\"color: #808000;\"><span style=\"color: #000000;\"><em><img decoding=\"async\" loading=\"lazy\" class=\"alignnone size-thumbnail wp-image-1564\" title=\"Macoma constricta\" src=\"http:\/\/www.labec.com.br\/biodigital\/wordpress\/wp-content\/uploads\/2008\/11\/Macoma-constricta-150x150.jpg\" alt=\"Macoma constricta\" width=\"56\" height=\"56\" \/>\u00a0<a href=\"http:\/\/www.labec.com.br\/biodigital\/ambientes\/manguezais\/faunamanguezal\/invertebradosdomanguezal\/macomaconstricta\"><span style=\"color: #808000;\">Macoma constricta<\/span><\/a><\/em><\/span><\/span><\/span><\/span><\/p>\n<p><span style=\"font-family: comic sans ms,sans-serif;\"><span style=\"font-size: medium;\"><span style=\"color: #808000;\"><span style=\"color: #000000;\"><em><img decoding=\"async\" loading=\"lazy\" class=\"alignnone size-thumbnail wp-image-1562\" title=\"Mytella guyanensis\" src=\"http:\/\/www.labec.com.br\/biodigital\/wordpress\/wp-content\/uploads\/2008\/11\/Mytella-guyanensis-150x150.jpg\" alt=\"Mytella guyanensis\" width=\"56\" height=\"56\" \/>\u00a0<a href=\"http:\/\/www.labec.com.br\/biodigital\/ambientes\/manguezais\/faunamanguezal\/invertebradosdomanguezal\/mytellaguyanensis\"><span style=\"color: #808000;\">Mytella guyanensis<\/span><\/a><\/em><\/span><\/span><\/span><\/span><\/p>\n<p><span style=\"font-family: comic sans ms,sans-serif;\"><span style=\"font-size: medium;\"><span style=\"color: #808000;\"><span style=\"color: #000000;\"><em><img decoding=\"async\" loading=\"lazy\" class=\"alignnone size-thumbnail wp-image-1565\" title=\"Tagelus plebeius\" src=\"http:\/\/www.labec.com.br\/biodigital\/wordpress\/wp-content\/uploads\/2008\/11\/Tagelus-plebeius-150x150.jpg\" alt=\"Tagelus plebeius\" width=\"56\" height=\"56\" \/>\u00a0<a href=\"http:\/\/www.labec.com.br\/biodigital\/ambientes\/manguezais\/faunamanguezal\/invertebradosdomanguezal\/tagelusplebeius\"><span style=\"color: #808000;\">Tagelus plebeius<\/span><\/a><\/em><\/span><\/span><\/span><\/span><\/p>\n<p><span style=\"font-family: comic sans ms,sans-serif;\"><span style=\"font-size: medium;\"><span style=\"color: #808000;\"><span style=\"color: #000000;\"><em><img decoding=\"async\" loading=\"lazy\" class=\"alignnone size-thumbnail wp-image-1563\" title=\"Tellina lineata\" src=\"http:\/\/www.labec.com.br\/biodigital\/wordpress\/wp-content\/uploads\/2008\/11\/Tellina-lineata-150x150.jpg\" alt=\"Tellina lineata\" width=\"56\" height=\"56\" \/>\u00a0<a href=\"http:\/\/www.labec.com.br\/biodigital\/ambientes\/manguezais\/faunamanguezal\/invertebradosdomanguezal\/tellinalineata\"><span style=\"color: #808000;\">Tellina lineata<\/span><\/a><\/em><\/span><\/span><\/span><\/span><\/p>\n<p><span style=\"font-family: comic sans ms,sans-serif;\"><span style=\"font-size: medium;\"><span style=\"color: #808000;\"><span style=\"color: #000000;\"><em>\u00a0<\/em><\/span><\/span><\/span><\/span><span style=\"font-family: comic sans ms,sans-serif;\"><span style=\"font-size: medium;\"><span style=\"color: #808000;\"><span style=\"color: #000000;\"><em>\u00a0<\/em><\/span><\/span><\/span><\/span><\/p>\n<p style=\"text-align: justify;\"><span style=\"font-family: comic sans ms,sans-serif;\"><span style=\"font-size: medium;\"><span style=\"color: #808000;\"><span style=\"color: #000000;\"><span style=\"font-size: small;\">Os bivalves caracterizam-se pela presen\u00e7a de uma concha carbonatada formada por duas valvas. O grupo surgiu no C\u00e2mbrico e \u00e9 actualmente muito diversificado com cerca de 15.000 esp\u00e9cies.<\/span><\/span><\/span><\/span><\/span><\/p>\n<p style=\"text-align: justify;\"><span style=\"font-family: comic sans ms,sans-serif;\"><span style=\"font-size: medium;\"><span style=\"color: #808000;\"><span style=\"color: #000000;\"><span style=\"font-size: small;\"><span style=\"font-family: comic sans ms,sans-serif;\">Os bivalves s\u00e3o um grupo extremamente bem sucedido e diversificado. S\u00e3o animais exclusivamente aqu\u00e1ticos, mas podem ocorrer em ambientes de salinidade diversa como \u00e1gua salgada, doce ou salobra. <\/span><\/span><\/span><\/span><\/span><\/span><\/p>\n<p style=\"text-align: justify;\"><span style=\"font-family: comic sans ms,sans-serif;\"><span style=\"font-size: medium;\"><span style=\"color: #808000;\"><span style=\"color: #000000;\"><span style=\"font-size: small;\"><span style=\"font-family: comic sans ms,sans-serif;\">A maioria das esp\u00e9cies \u00e9 bent\u00f4nica e vive junto ao fundo. Alguns bivalves s\u00e3o organismos s\u00e9sseis que se fixam ao substrato, enquanto\u00a0outras esp\u00e9cies vivem enterradas nos fundos arenosos. <\/span><\/span><\/span><\/span><\/span><\/span><\/p>\n<p style=\"text-align: justify;\"><span style=\"font-family: comic sans ms,sans-serif;\"><span style=\"font-size: medium;\"><span style=\"color: #808000;\"><span style=\"color: #000000;\"><span style=\"font-size: small;\"><span style=\"font-family: comic sans ms,sans-serif;\">As esp\u00e9cies que vivem soltas podem deslocar-se atrav\u00e9s de propuls\u00e3o conseguida por expuls\u00e3o de \u00e1gua sobre press\u00e3o.<\/span><\/span><\/span><\/span><\/span><\/span><\/p>\n<p style=\"text-align: justify;\"><span style=\"font-family: comic sans ms,sans-serif;\"><span style=\"font-size: medium;\"><span style=\"color: #808000;\"><span style=\"color: #000000;\"><span style=\"font-size: small;\"><span style=\"font-family: comic sans ms,sans-serif;\">O bivalve fecha a concha atrav\u00e9s da contra\u00e7\u00e3o dos m\u00fasculos adutores, que podem ser um ou dois, conforme a esp\u00e9cie. <\/span><\/span><\/span><\/span><\/span><\/span><\/p>\n<div style=\"text-align: justify;\"><span style=\"font-family: comic sans ms,sans-serif;\"><span style=\"font-size: medium;\"><span style=\"color: #808000;\"><span style=\"color: #000000;\"><span style=\"font-size: small;\"><span style=\"font-family: comic sans ms,sans-serif;\">\u00a0<\/span><\/span><\/span><\/span><\/span><\/span><\/div>\n<p>\u00a0<span style=\"font-family: comic sans ms,sans-serif;\">\u00a0<\/span><\/p>\n<p style=\"text-align: center;\"><span style=\"font-family: comic sans ms,sans-serif;\"><span style=\"font-size: medium;\"><span style=\"color: #808000;\"><span style=\"color: #000000;\"><span style=\"font-size: small;\"><span style=\"font-family: comic sans ms,sans-serif;\"><a href=\"http:\/\/www.labec.com.br\/biodigital\/wordpress\/wp-content\/uploads\/2008\/11\/bivalve-pp.jpg\"><img decoding=\"async\" loading=\"lazy\" class=\"size-medium wp-image-520 aligncenter\" title=\"bivalve-pp\" src=\"http:\/\/www.labec.com.br\/biodigital\/wordpress\/wp-content\/uploads\/2008\/11\/bivalve-pp-300x225.jpg\" alt=\"bivalve-pp\" width=\"300\" height=\"225\" srcset=\"http:\/\/www.labec.com.br\/biodigital\/wordpress\/wp-content\/uploads\/2008\/11\/bivalve-pp-300x225.jpg 300w, http:\/\/www.labec.com.br\/biodigital\/wordpress\/wp-content\/uploads\/2008\/11\/bivalve-pp.jpg 578w\" sizes=\"(max-width: 300px) 100vw, 300px\" \/><\/a><\/span><\/span><\/span><\/span><\/span><\/span><\/p>\n<p>&nbsp;<\/p>\n<p><span style=\"font-family: comic sans ms,sans-serif;\"><span style=\"font-size: medium;\"><span style=\"color: #808000;\"><span style=\"color: #000000;\"><span style=\"font-size: small;\"><span style=\"font-family: comic sans ms,sans-serif;\"><span style=\"font-size: x-small; color: #800080;\">Texto escrito por: Juliano S. Lima<\/span><\/span><\/span><\/span><\/span><\/span><\/span><\/p>\n<p>&nbsp;<\/p>\n<p style=\"text-align: center;\"><strong><span style=\"font-size: medium;\"><span style=\"font-family: comic sans ms,sans-serif;\"><a href=\"http:\/\/www.labec.com.br\/biodigital\/fauna\/mollusca\/ \"><span style=\"color: #808000;\">VOLTAR<\/span><\/a><\/span><\/span><\/strong><\/p>\n","protected":false},"excerpt":{"rendered":"<p>Anadara brasiliana \u00a0Anomalocardia brasiliana \u00a0Crassostrea rhizophorae Cyrtopleura costata \u00a0Lucina pectinata \u00a0Macoma constricta \u00a0Mytella guyanensis \u00a0Tagelus plebeius \u00a0Tellina lineata \u00a0\u00a0 Os bivalves caracterizam-se pela presen\u00e7a de uma concha carbonatada formada por duas valvas. O grupo surgiu no C\u00e2mbrico e \u00e9 actualmente muito diversificado com cerca de 15.000 esp\u00e9cies. Os bivalves s\u00e3o um grupo extremamente bem sucedido [&hellip;]<\/p>\n","protected":false},"author":2,"featured_media":0,"parent":5,"menu_order":0,"comment_status":"open","ping_status":"open","template":"","meta":{"ngg_post_thumbnail":0},"_links":{"self":[{"href":"http:\/\/www.labec.com.br\/biodigital\/wp-json\/wp\/v2\/pages\/70"}],"collection":[{"href":"http:\/\/www.labec.com.br\/biodigital\/wp-json\/wp\/v2\/pages"}],"about":[{"href":"http:\/\/www.labec.com.br\/biodigital\/wp-json\/wp\/v2\/types\/page"}],"author":[{"embeddable":true,"href":"http:\/\/www.labec.com.br\/biodigital\/wp-json\/wp\/v2\/users\/2"}],"replies":[{"embeddable":true,"href":"http:\/\/www.labec.com.br\/biodigital\/wp-json\/wp\/v2\/comments?post=70"}],"version-history":[{"count":15,"href":"http:\/\/www.labec.com.br\/biodigital\/wp-json\/wp\/v2\/pages\/70\/revisions"}],"predecessor-version":[{"id":75,"href":"http:\/\/www.labec.com.br\/biodigital\/wp-json\/wp\/v2\/pages\/70\/revisions\/75"}],"up":[{"embeddable":true,"href":"http:\/\/www.labec.com.br\/biodigital\/wp-json\/wp\/v2\/pages\/5"}],"wp:attachment":[{"href":"http:\/\/www.labec.com.br\/biodigital\/wp-json\/wp\/v2\/media?parent=70"}],"curies":[{"name":"wp","href":"https:\/\/api.w.org\/{rel}","templated":true}]}}