{"id":7,"date":"2008-10-29T12:39:48","date_gmt":"2008-10-29T18:39:48","guid":{"rendered":"http:\/\/www.labec.com.br\/biodigital\/?page_id=7"},"modified":"2009-09-27T14:56:46","modified_gmt":"2009-09-27T17:56:46","slug":"gastropoda","status":"publish","type":"page","link":"http:\/\/www.labec.com.br\/biodigital\/fauna\/mollusca\/gastropoda\/","title":{"rendered":"Gastropoda"},"content":{"rendered":"<p><em><span style=\"font-family: comic sans ms,sans-serif;\"><span style=\"font-size: medium;\">\u00a0<\/span><\/span><\/em><em><span style=\"font-family: comic sans ms,sans-serif;\"><span style=\"font-size: medium;\"><em><span style=\"font-family: comic sans ms,sans-serif;\"><span style=\"font-size: medium;\"><img decoding=\"async\" loading=\"lazy\" title=\"Litorina angulifera\" src=\"http:\/\/www.labec.com.br\/biodigital\/wordpress\/wp-content\/uploads\/2008\/10\/Litorina-angulifera-150x150.jpg\" alt=\"Litorina angulifera\" width=\"56\" height=\"56\" \/>\u00a0<\/span><\/span><\/em><a href=\"http:\/\/www.labec.com.br\/biodigital\/ambientes\/manguezais\/faunamanguezal\/invertebradosdomanguezal\/litorinaangulifera\/\"><span style=\"color: #808000;\">Litorina angulifera<\/span><\/a><\/span><\/span><\/em><\/p>\n<p><em><span style=\"font-family: comic sans ms,sans-serif;\"><span style=\"font-size: medium;\"><img decoding=\"async\" loading=\"lazy\" class=\"alignnone size-thumbnail wp-image-1545\" title=\"Melampus coffeus\" src=\"http:\/\/www.labec.com.br\/biodigital\/wordpress\/wp-content\/uploads\/2008\/10\/Melampus-coffeus-150x150.jpg\" alt=\"Melampus coffeus\" width=\"56\" height=\"56\" \/>\u00a0<a href=\"http:\/\/www.labec.com.br\/biodigital\/ambientes\/manguezais\/faunamanguezal\/invertebradosdomanguezal\/melampuscoffeus\"><span style=\"color: #808000;\">Melampus coffeus<\/span><\/a><\/span><\/span><\/em><\/p>\n<p><em><span style=\"font-family: comic sans ms,sans-serif;\"><span style=\"font-size: medium;\">\u00a0<\/span><\/span><\/em><em><span style=\"font-family: comic sans ms,sans-serif;\"><span style=\"font-size: medium;\"><img decoding=\"async\" loading=\"lazy\" class=\"alignnone size-thumbnail wp-image-1539\" title=\"Neritina virginea\" src=\"http:\/\/www.labec.com.br\/biodigital\/wordpress\/wp-content\/uploads\/2008\/10\/Neritina-virginea-150x150.jpg\" alt=\"Neritina virginea\" width=\"56\" height=\"56\" \/>\u00a0<a href=\"http:\/\/www.labec.com.br\/biodigital\/ambientes\/manguezais\/faunamanguezal\/invertebradosdomanguezal\/neritinavirginea\"><span style=\"color: #808000;\">Neritina virginea<\/span><\/a><\/span><\/span><\/em><\/p>\n<p><em><span style=\"font-family: comic sans ms,sans-serif;\"><span style=\"font-size: small;\"><img decoding=\"async\" loading=\"lazy\" class=\"alignnone size-thumbnail wp-image-541\" title=\"020-c\" src=\"http:\/\/www.labec.com.br\/biodigital\/wordpress\/wp-content\/uploads\/2008\/10\/020-c-150x150.jpg\" alt=\"020-c\" width=\"56\" height=\"56\" \/>\u00a0<\/span><\/span><a href=\"http:\/\/www.labec.com.br\/biodigital\/fauna\/mollusca\/gastropoda\/pugilina-morio\/\"><span style=\"font-family: comic sans ms,sans-serif;\"><span style=\"font-size: small;\"><span style=\"color: #808000;\"><span style=\"font-size: medium;\">Pugilina morio<\/span><\/span><\/span><\/span><\/a><\/em><\/p>\n<p><span style=\"font-family: comic sans ms,sans-serif;\"><span style=\"font-size: small;\"><img decoding=\"async\" loading=\"lazy\" class=\"alignnone size-thumbnail wp-image-540\" title=\"001-k\" src=\"http:\/\/www.labec.com.br\/biodigital\/wordpress\/wp-content\/uploads\/2008\/10\/001-k-150x150.jpg\" alt=\"001-k\" width=\"56\" height=\"56\" \/><em>\u00a0<\/em><\/span><\/span><a href=\"http:\/\/www.labec.com.br\/biodigital\/strombus-pugilis\/\"><span style=\"font-family: comic sans ms,sans-serif;\"><span style=\"font-size: small;\"><span style=\"color: #808000;\"><span style=\"font-size: medium;\"><em>Strombus pugilis<\/em><\/span><\/span><\/span><\/span><\/a><\/p>\n<p><br class=\"spacer_\" \/><\/p>\n<p style=\"text-align: justify;\"><span style=\"font-family: comic sans ms,sans-serif;\"><span style=\"font-size: small;\">A classe dos gastr\u00f3podes \u00e9 a mais bem sucedida dentro do seu filo, contando com cerca de 60,000 a 75,000 esp\u00e9cies atuais que incluem os caroc\u00f3is e lesmas terrestres, bem como um grande n\u00famero de formas marinhas e de \u00e1gua doce.<\/span><\/span><\/p>\n<p style=\"text-align: justify;\"><span style=\"font-family: comic sans ms,sans-serif;\"><span style=\"font-size: small;\">A grande maioria dos gastr\u00f3podes tem o corpo protegido por uma concha, geralmente espiralada sobre o lado direito embora algumas formas (como as lapas) tenham evolu\u00eddo uma concha mais simples.<\/span><\/span><\/p>\n<p style=\"text-align: justify;\"><span style=\"font-family: comic sans ms,sans-serif;\"><span style=\"font-size: small;\">Os gastr\u00f3podes apresentam uma cabe\u00e7a bem marcada, munida de dois ou quatro tent\u00e1culos sensoriais e uma boca com r\u00e1dula.<\/span><\/span><\/p>\n<p style=\"text-align: justify;\"><span style=\"font-family: comic sans ms,sans-serif;\"><span style=\"font-size: small;\">O modo de alimenta\u00e7\u00e3o dos gastr\u00f3podes \u00e9 bastante variado e controla o tipo de r\u00e1dula presente em cada esp\u00e9cie.<\/span><\/span><\/p>\n<p style=\"text-align: justify;\"><span style=\"font-family: comic sans ms,sans-serif;\"><span style=\"font-size: small;\">Algumas formas de gastr\u00f3podes marinhos s\u00e3o bastante coloridas, como forma de camuflagem, enquanto outras s\u00e3o bastante venenosas<\/span><\/span><\/p>\n<p style=\"text-align: justify;\">\u00a0<\/p>\n<p style=\"text-align: justify;\"><span style=\"font-family: comic sans ms,sans-serif;\"><span style=\"font-size: small;\"><a href=\"http:\/\/www.labec.com.br\/biodigital\/wordpress\/wp-content\/uploads\/2008\/10\/gastropoda-pp.jpg\"><img decoding=\"async\" loading=\"lazy\" class=\"alignnone size-medium wp-image-542\" title=\"gastropoda-pp\" src=\"http:\/\/www.labec.com.br\/biodigital\/wordpress\/wp-content\/uploads\/2008\/10\/gastropoda-pp-300x222.jpg\" alt=\"gastropoda-pp\" width=\"300\" height=\"222\" srcset=\"http:\/\/www.labec.com.br\/biodigital\/wordpress\/wp-content\/uploads\/2008\/10\/gastropoda-pp-300x222.jpg 300w, http:\/\/www.labec.com.br\/biodigital\/wordpress\/wp-content\/uploads\/2008\/10\/gastropoda-pp.jpg 580w\" sizes=\"(max-width: 300px) 100vw, 300px\" \/><\/a><\/span><\/span><\/p>\n<p style=\"text-align: justify;\"><span style=\"font-family: comic sans ms,sans-serif;\"><span style=\"font-size: small;\"><a href=\"http:\/\/www.labec.com.br\/biodigital\/wordpress\/wp-content\/uploads\/2008\/10\/gastropodas-fotos-pp.jpg\"><img decoding=\"async\" loading=\"lazy\" class=\"alignnone size-medium wp-image-543\" title=\"gastropodas-fotos-pp\" src=\"http:\/\/www.labec.com.br\/biodigital\/wordpress\/wp-content\/uploads\/2008\/10\/gastropodas-fotos-pp-300x226.jpg\" alt=\"gastropodas-fotos-pp\" width=\"300\" height=\"226\" srcset=\"http:\/\/www.labec.com.br\/biodigital\/wordpress\/wp-content\/uploads\/2008\/10\/gastropodas-fotos-pp-300x226.jpg 300w, http:\/\/www.labec.com.br\/biodigital\/wordpress\/wp-content\/uploads\/2008\/10\/gastropodas-fotos-pp.jpg 579w\" sizes=\"(max-width: 300px) 100vw, 300px\" \/><\/a><\/span><\/span><\/p>\n<p style=\"text-align: justify;\"><span style=\"font-family: comic sans ms,sans-serif;\"><span style=\"font-size: small;\"><a href=\"http:\/\/www.labec.com.br\/biodigital\/wordpress\/wp-content\/uploads\/2008\/10\/gastropodas-fotos-pp-2.jpg\"><img decoding=\"async\" loading=\"lazy\" class=\"alignnone size-medium wp-image-545\" title=\"gastropodas-fotos-pp-2\" src=\"http:\/\/www.labec.com.br\/biodigital\/wordpress\/wp-content\/uploads\/2008\/10\/gastropodas-fotos-pp-2-300x224.jpg\" alt=\"gastropodas-fotos-pp-2\" width=\"300\" height=\"224\" srcset=\"http:\/\/www.labec.com.br\/biodigital\/wordpress\/wp-content\/uploads\/2008\/10\/gastropodas-fotos-pp-2-300x224.jpg 300w, http:\/\/www.labec.com.br\/biodigital\/wordpress\/wp-content\/uploads\/2008\/10\/gastropodas-fotos-pp-2.jpg 581w\" sizes=\"(max-width: 300px) 100vw, 300px\" \/><\/a><\/span><\/span><\/p>\n<p style=\"text-align: justify;\"><span style=\"font-family: comic sans ms,sans-serif;\"><span style=\"font-size: small;\"><span style=\"color: #800080;\"><span style=\"font-size: x-small;\">Texto escrito por: Juliano S. Lima<\/span><\/span><\/span><\/span><\/p>\n<p style=\"text-align: justify;\"><span style=\"font-family: comic sans ms,sans-serif;\"><span style=\"font-size: small;\"><span style=\"color: #800080;\"><span style=\"font-size: x-small;\">\u00a0<\/span><\/span><\/span><\/span><\/p>\n<p style=\"text-align: center;\"><span style=\"font-family: comic sans ms,sans-serif;\"><span style=\"font-size: small;\"><span style=\"color: #800080;\"><span style=\"font-size: medium;\"><strong><a href=\"http:\/\/www.labec.com.br\/biodigital\/fauna\/mollusca\/\"><span style=\"color: #808000;\">VOLTAR<\/span><\/a><\/strong><\/span><\/span><\/span><\/span><\/p>\n","protected":false},"excerpt":{"rendered":"<p>\u00a0\u00a0Litorina angulifera \u00a0Melampus coffeus \u00a0\u00a0Neritina virginea \u00a0Pugilina morio \u00a0Strombus pugilis A classe dos gastr\u00f3podes \u00e9 a mais bem sucedida dentro do seu filo, contando com cerca de 60,000 a 75,000 esp\u00e9cies atuais que incluem os caroc\u00f3is e lesmas terrestres, bem como um grande n\u00famero de formas marinhas e de \u00e1gua doce. A grande maioria dos [&hellip;]<\/p>\n","protected":false},"author":1,"featured_media":0,"parent":5,"menu_order":0,"comment_status":"open","ping_status":"open","template":"","meta":{"ngg_post_thumbnail":0},"_links":{"self":[{"href":"http:\/\/www.labec.com.br\/biodigital\/wp-json\/wp\/v2\/pages\/7"}],"collection":[{"href":"http:\/\/www.labec.com.br\/biodigital\/wp-json\/wp\/v2\/pages"}],"about":[{"href":"http:\/\/www.labec.com.br\/biodigital\/wp-json\/wp\/v2\/types\/page"}],"author":[{"embeddable":true,"href":"http:\/\/www.labec.com.br\/biodigital\/wp-json\/wp\/v2\/users\/1"}],"replies":[{"embeddable":true,"href":"http:\/\/www.labec.com.br\/biodigital\/wp-json\/wp\/v2\/comments?post=7"}],"version-history":[{"count":24,"href":"http:\/\/www.labec.com.br\/biodigital\/wp-json\/wp\/v2\/pages\/7\/revisions"}],"predecessor-version":[{"id":31,"href":"http:\/\/www.labec.com.br\/biodigital\/wp-json\/wp\/v2\/pages\/7\/revisions\/31"}],"up":[{"embeddable":true,"href":"http:\/\/www.labec.com.br\/biodigital\/wp-json\/wp\/v2\/pages\/5"}],"wp:attachment":[{"href":"http:\/\/www.labec.com.br\/biodigital\/wp-json\/wp\/v2\/media?parent=7"}],"curies":[{"name":"wp","href":"https:\/\/api.w.org\/{rel}","templated":true}]}}