{"id":697,"date":"2009-06-02T16:56:46","date_gmt":"2009-06-02T19:56:46","guid":{"rendered":"http:\/\/www.labec.com.br\/biodigital\/?page_id=697"},"modified":"2009-11-10T15:37:20","modified_gmt":"2009-11-10T18:37:20","slug":"manguezais","status":"publish","type":"page","link":"http:\/\/www.labec.com.br\/biodigital\/ambientes\/manguezais\/","title":{"rendered":"Sejam Bem Vindos ao nosso mundo de lama!"},"content":{"rendered":"<p style=\"text-align: center;\"><img decoding=\"async\" loading=\"lazy\" class=\"size-medium wp-image-799 aligncenter\" title=\"dsc00933\" src=\"http:\/\/www.labec.com.br\/biodigital\/wordpress\/wp-content\/uploads\/2009\/06\/dsc00933-300x225.jpg\" alt=\"dsc00933\" width=\"300\" height=\"225\" srcset=\"http:\/\/www.labec.com.br\/biodigital\/wordpress\/wp-content\/uploads\/2009\/06\/dsc00933-300x225.jpg 300w, http:\/\/www.labec.com.br\/biodigital\/wordpress\/wp-content\/uploads\/2009\/06\/dsc00933-1024x768.jpg 1024w, http:\/\/www.labec.com.br\/biodigital\/wordpress\/wp-content\/uploads\/2009\/06\/dsc00933.jpg 2048w\" sizes=\"(max-width: 300px) 100vw, 300px\" \/><\/p>\n<p><!--  \/* Style Definitions *\/  table.MsoNormalTable \t{mso-style-name:\"Tabela normal\"; \tmso-tstyle-rowband-size:0; \tmso-tstyle-colband-size:0; \tmso-style-noshow:yes; \tmso-style-parent:\"\"; \tmso-padding-alt:0cm 5.4pt 0cm 5.4pt; \tmso-para-margin:0cm; \tmso-para-margin-bottom:.0001pt; \tmso-pagination:widow-orphan; \tfont-size:10.0pt; \tfont-family:\"Times New Roman\"; \tmso-ansi-language:#0400; \tmso-fareast-language:#0400; \tmso-bidi-language:#0400;} --><\/p>\n<p style=\"text-align: center;\"><span style=\"font-size: 12pt; font-family: &quot;Comic Sans MS&quot;;\">\u00a0<em>Manguezal no estu\u00e1rio do rio S\u00e3o\u00a0Francisco<\/em>\u00a0\u00a0<\/span><\/p>\n<p style=\"text-align: justify;\"><span style=\"font-size: 12pt; font-family: &quot;Comic Sans MS&quot;;\">\u00a0\u00a0\u00a0\u00a0\u00a0\u00a0\u00a0\u00a0\u00a0Aqui nesta se\u00e7\u00e3o voc\u00eas ter\u00e3o acesso a informa\u00e7\u00f5es, curiosidades e imagens sobre um dos ecossistemas mais interessantes do mundo. Vamos juntos conhecer um pouco dos manguezais atrav\u00e9s de sua ecologia, sua flora, sua fauna de invertebrados, sua import\u00e2ncia econ\u00f4mica e dos grandes problemas que esse ecossistema vem enfrentando ao longo dos anos aqui no nosso Estado. Por isso prepare-se para se sujar de lama e caso fique atolado, n\u00e3o desista e siga em frente!<\/span><\/p>\n<p><br class=\"spacer_\" \/><\/p>\n<p class=\"MsoNormal\" style=\"text-align: left; line-height: 150%;\"><span style=\"font-size: 14pt; line-height: 150%; font-family: &quot;Comic Sans MS&quot;; color: olive;\"><a href=\"http:\/\/www.labec.com.br\/biodigital\/ambientes\/aspectosecologicos\">Aspectos Ecol\u00f3gicos<\/a>\u00a0\u00a0\u00a0\u00a0\u00a0\u00a0\u00a0\u00a0\u00a0\u00a0\u00a0\u00a0\u00a0\u00a0\u00a0\u00a0\u00a0\u00a0\u00a0\u00a0 <a href=\"http:\/\/www.labec.com.br\/biodigital\/ambientes\/faunamanguezal\">Fauna<\/a>\u00a0\u00a0\u00a0\u00a0\u00a0\u00a0\u00a0\u00a0\u00a0\u00a0\u00a0\u00a0 <a href=\"http:\/\/www.labec.com.br\/biodigital\/flora\">Flora<\/a><\/span><\/p>\n<p class=\"MsoNormal\" style=\"text-align: center; line-height: 150%;\"><span style=\"font-size: 14pt; line-height: 150%; font-family: &quot;Comic Sans MS&quot;; color: olive;\"><a href=\"http:\/\/www.labec.com.br\/biodigital\/ambientes\/manguezais\/importaciaeconomica\">Import\u00e2ncia Econ\u00f4mica<\/a>\u00a0\u00a0\u00a0\u00a0\u00a0\u00a0\u00a0\u00a0\u00a0\u00a0\u00a0\u00a0\u00a0<span> <\/span><a href=\"http:\/\/www.labec.com.br\/biodigital\/ambientes\/manguezais\/problematicas\">Problem\u00e1ticas<\/a> <\/span><\/p>\n<p class=\"MsoNormal\" style=\"text-align: center; line-height: 150%;\"><span style=\"font-size: 14pt; line-height: 150%; font-family: &quot;Comic Sans MS&quot;; color: olive;\">\u00a0<\/span><\/p>\n<p style=\"text-align: center;\"><img decoding=\"async\" loading=\"lazy\" class=\"size-full wp-image-1607 alignnone\" title=\"camarao\" src=\"http:\/\/www.labec.com.br\/biodigital\/wordpress\/wp-content\/uploads\/2009\/06\/camarao.gif\" alt=\"camarao\" width=\"228\" height=\"159\" \/><br class=\"spacer_\" \/><\/p>\n<p><span style=\"font-size: 14pt; font-family: &quot;Comic Sans MS&quot;;\"><br \/>\n<\/span><\/p>\n<p><br class=\"spacer_\" \/><\/p>\n<p><br class=\"spacer_\" \/><\/p>\n<p><br class=\"spacer_\" \/><\/p>\n<p><br class=\"spacer_\" \/><\/p>\n","protected":false},"excerpt":{"rendered":"<p>\u00a0Manguezal no estu\u00e1rio do rio S\u00e3o\u00a0Francisco\u00a0\u00a0 \u00a0\u00a0\u00a0\u00a0\u00a0\u00a0\u00a0\u00a0\u00a0Aqui nesta se\u00e7\u00e3o voc\u00eas ter\u00e3o acesso a informa\u00e7\u00f5es, curiosidades e imagens sobre um dos ecossistemas mais interessantes do mundo. Vamos juntos conhecer um pouco dos manguezais atrav\u00e9s de sua ecologia, sua flora, sua fauna de invertebrados, sua import\u00e2ncia econ\u00f4mica e dos grandes problemas que esse ecossistema vem enfrentando ao [&hellip;]<\/p>\n","protected":false},"author":3,"featured_media":0,"parent":39,"menu_order":0,"comment_status":"open","ping_status":"open","template":"","meta":{"ngg_post_thumbnail":0},"_links":{"self":[{"href":"http:\/\/www.labec.com.br\/biodigital\/wp-json\/wp\/v2\/pages\/697"}],"collection":[{"href":"http:\/\/www.labec.com.br\/biodigital\/wp-json\/wp\/v2\/pages"}],"about":[{"href":"http:\/\/www.labec.com.br\/biodigital\/wp-json\/wp\/v2\/types\/page"}],"author":[{"embeddable":true,"href":"http:\/\/www.labec.com.br\/biodigital\/wp-json\/wp\/v2\/users\/3"}],"replies":[{"embeddable":true,"href":"http:\/\/www.labec.com.br\/biodigital\/wp-json\/wp\/v2\/comments?post=697"}],"version-history":[{"count":58,"href":"http:\/\/www.labec.com.br\/biodigital\/wp-json\/wp\/v2\/pages\/697\/revisions"}],"predecessor-version":[{"id":1609,"href":"http:\/\/www.labec.com.br\/biodigital\/wp-json\/wp\/v2\/pages\/697\/revisions\/1609"}],"up":[{"embeddable":true,"href":"http:\/\/www.labec.com.br\/biodigital\/wp-json\/wp\/v2\/pages\/39"}],"wp:attachment":[{"href":"http:\/\/www.labec.com.br\/biodigital\/wp-json\/wp\/v2\/media?parent=697"}],"curies":[{"name":"wp","href":"https:\/\/api.w.org\/{rel}","templated":true}]}}