{"id":66,"date":"2008-11-02T10:41:38","date_gmt":"2008-11-02T16:41:38","guid":{"rendered":"http:\/\/www.labec.com.br\/biodigital\/?page_id=66"},"modified":"2009-06-04T15:06:21","modified_gmt":"2009-06-04T18:06:21","slug":"lucina-pectinata","status":"publish","type":"page","link":"http:\/\/www.labec.com.br\/biodigital\/fauna\/mollusca\/bivalve\/lucina-pectinata\/","title":{"rendered":"Lucina pectinata"},"content":{"rendered":"<h1 style=\"margin: 0cm 0cm 0pt;\"><span style=\"font-size: large; font-family: Comic Sans MS;\"><a href=\"http:\/\/www.labec.com.br\/biodigital\/wordpress\/wp-content\/uploads\/2008\/11\/002-a.jpg\"><\/a><\/span><\/h1>\n<p style=\"MARGIN: 0cm 0cm 0pt; TEXT-ALIGN: center\"><span style=\"font-size: small;\"><span style=\"font-family: comic sans ms,sans-serif;\"><a href=\"http:\/\/www.labec.com.br\/biodigital\/wordpress\/wp-content\/uploads\/2008\/11\/002-a2.jpg\"><img decoding=\"async\" loading=\"lazy\" class=\"size-medium wp-image-528 aligncenter\" title=\"002-a2\" src=\"http:\/\/www.labec.com.br\/biodigital\/wordpress\/wp-content\/uploads\/2008\/11\/002-a2-300x224.jpg\" alt=\"002-a2\" width=\"300\" height=\"224\" srcset=\"http:\/\/www.labec.com.br\/biodigital\/wordpress\/wp-content\/uploads\/2008\/11\/002-a2-300x224.jpg 300w, http:\/\/www.labec.com.br\/biodigital\/wordpress\/wp-content\/uploads\/2008\/11\/002-a2.jpg 410w\" sizes=\"(max-width: 300px) 100vw, 300px\" \/><\/a><\/span><\/span><\/p>\n<p style=\"margin: 0cm 0cm 0pt; text-align: center;\"><span style=\"font-size: small;\"><span style=\"font-family: comic sans ms,sans-serif;\"><span style=\"color: #999999;\"><span style=\"color: #99cc00;\">Luc<\/span><\/span><\/span><span style=\"font-family: comic sans ms,sans-serif;\"><span style=\"color: #99cc00;\">ina<\/span><span style=\"color: #000000;\"><span style=\"font-family: comic sans ms,sans-serif;\"><span style=\"color: #99cc00;\"> pectinata. Aracaju, 2007<\/span><\/span><\/span><\/span><\/span><\/p>\n<p>\n<div><span style=\"font-size: small;\"><span style=\"font-family: comic sans ms,sans-serif;\"><span style=\"color: #000000;\"><span style=\"font-family: comic sans ms,sans-serif;\"><\/span><\/span><\/span><\/span><\/div>\n<\/p>\n<p><span style=\"font-size: small;\"><span style=\"font-family: comic sans ms,sans-serif;\"><span style=\"color: #000000;\"><span style=\"font-family: comic sans ms,sans-serif;\"><span style=\"color: #99cc00;\"><\/p>\n<p><br class=\"spacer_\" \/><\/p>\n<p><div><span style=\"font-size: small;\"><span style=\"font-family: comic sans ms,sans-serif;\"><span style=\"color: #000000;\"><span style=\"font-size: medium;\"><span style=\"font-size: medium;\"><strong>Classifica\u00e7\u00e3o<\/strong><br \/>\n<\/span><strong>R<\/strong><\/span><strong>eino:<\/strong> Animalia<br \/>\n<strong>Filo:<\/strong> Mollusca<br \/>\n<strong>Classe:<\/strong> Bivalve<br \/>\n<strong>Ordem:<\/strong> Veneroida<br \/>\n<strong>Fam\u00edlia:<\/strong> Veneridae <br \/>\n<strong>G\u00eanero:<\/strong> <em>Lucina<\/em><br \/>\n<strong>Esp\u00e9cie:<\/strong> <em>Lucina pectinata<\/em> (Gmelin, 1791)<\/span><\/span><\/span><\/div>\n<\/p>\n<p><span style=\"font-size: small;\"><span style=\"font-family: comic sans ms,sans-serif;\"><span style=\"color: #000000;\"><\/p>\n<p><strong><span style=\"font-size: medium;\">Descri\u00e7\u00e3o da Esp\u00e9cie<\/span><\/strong><br \/>\nLucina pectinata \u00e9 um molusco filtrador com um tamanho m\u00e9dio de 40 a 80 mm. Ele se distribui na regi\u00e3o costeira e estuarina e se enterra em substratos lodosos, na zona de \u00e1guas calmas, em profundidade entre 15 e 20 cm. <br \/>\nEsse molusco bivalve \u00e9 muito consumido em diversas regi\u00f5es do litoral.<\/p>\n<p><div><span style=\"font-size: small;\"><span style=\"font-family: comic sans ms,sans-serif;\"><span style=\"color: #000000;\"><strong>Sin\u00f4nimos:<\/strong> L. jamaicensis Chemnitz, 1784<\/span><\/span><\/span><\/div>\n<\/p>\n<p><\/span><\/span><\/span><span style=\"font-size: small;\"><span style=\"font-family: comic sans ms,sans-serif;\"><span style=\"color: #000000;\"><\/p>\n<p><strong><span style=\"font-size: medium;\">Distribui\u00e7\u00e3o Geogr\u00e1fica<\/span><\/strong><br \/>\nOcorre nas \u00e1guas do Atl\u00e2ntico, desde do Sudeste dos Estados Unidos at\u00e9 o estado de Santa Catarina, no Brasil. Abrangendo assim tamb\u00e9m os estados como o Paran\u00e1, S\u00e3o Paulo, Rio de Janeiro, Esp\u00edrito Santo, Bahia, Sergipe, Alagoas, Pernambuco, Para\u00edba, Rio Grande do Norte, Cear\u00e1, Piau\u00ed, Maranh\u00e3o, Par\u00e1, Amap\u00e1.<\/p>\n<p><strong><span style=\"font-size: medium;\">Nome Popular<\/span><\/strong><br \/>\nLambreta<\/p>\n<p><strong><span style=\"font-size: medium;\">Import\u00e2ncia Econ\u00f4mica<\/span><\/strong><br \/>\nS\u00e3o muito utilizadas na alimenta\u00e7\u00e3o, principalmente por ser uma importante fonte de prote\u00ednas.<\/p>\n<p><span style=\"font-size: small;\"><span style=\"font-family: comic sans ms,sans-serif;\"><span style=\"color: #000000;\"><strong><span style=\"color: #999999;\"><span style=\"font-size: x-small;\">Refer\u00eancias Bibliogr\u00e1ficas<\/span><\/span><\/strong><br \/>\n<\/span><\/span><\/span><a href=\"http:\/\/www.conchasbrasil.org.br\/conquiliologia\/descricao.asp?id=832\"><span style=\"font-size: small;\"><span style=\"font-family: comic sans ms,sans-serif;\"><span style=\"color: #999999;\"><span style=\"font-size: x-small;\">http:\/\/www.conchasbrasil.org.br\/conquiliologia\/descricao.asp?id=832<\/span><\/span><\/span><\/span><\/a><br \/>\n<a href=\"http:\/\/www.ondazul.org.br\/downloads\/arquivos\/32.pdf\"><span style=\"font-size: small;\"><span style=\"font-family: comic sans ms,sans-serif;\"><span style=\"color: #999999;\"><span style=\"font-size: x-small;\">http:\/\/www.ondazul.org.br\/downloads\/arquivos\/32.pdf<\/span><\/span><\/span><\/span><\/a><br \/>\n<a href=\"http:\/\/www.portalseer.ufba.br\/index.php\/universitas\/article\/viewPDFInterstitial\/1166\/861\"><span style=\"font-size: small;\"><span style=\"font-family: comic sans ms,sans-serif;\"><span style=\"color: #999999;\"><span style=\"font-size: x-small;\">http:\/\/www.portalseer.ufba.br\/index.php\/universitas\/article\/viewPDFInterstitial\/1166\/861<\/span><\/span><\/span><\/span><\/a><\/p>\n<p><\/span><\/span><\/span><\/span><\/span><\/span><\/span><\/span><\/p>\n","protected":false},"excerpt":{"rendered":"<p>Lucina pectinata. Aracaju, 2007 Classifica\u00e7\u00e3o Reino: Animalia Filo: Mollusca Classe: Bivalve Ordem: Veneroida Fam\u00edlia: Veneridae G\u00eanero: Lucina Esp\u00e9cie: Lucina pectinata (Gmelin, 1791) Descri\u00e7\u00e3o da Esp\u00e9cie Lucina pectinata \u00e9 um molusco filtrador com um tamanho m\u00e9dio de 40 a 80 mm. Ele se distribui na regi\u00e3o costeira e estuarina e se enterra em substratos lodosos, na [&hellip;]<\/p>\n","protected":false},"author":2,"featured_media":0,"parent":70,"menu_order":0,"comment_status":"open","ping_status":"open","template":"","meta":{"ngg_post_thumbnail":0},"_links":{"self":[{"href":"http:\/\/www.labec.com.br\/biodigital\/wp-json\/wp\/v2\/pages\/66"}],"collection":[{"href":"http:\/\/www.labec.com.br\/biodigital\/wp-json\/wp\/v2\/pages"}],"about":[{"href":"http:\/\/www.labec.com.br\/biodigital\/wp-json\/wp\/v2\/types\/page"}],"author":[{"embeddable":true,"href":"http:\/\/www.labec.com.br\/biodigital\/wp-json\/wp\/v2\/users\/2"}],"replies":[{"embeddable":true,"href":"http:\/\/www.labec.com.br\/biodigital\/wp-json\/wp\/v2\/comments?post=66"}],"version-history":[{"count":6,"href":"http:\/\/www.labec.com.br\/biodigital\/wp-json\/wp\/v2\/pages\/66\/revisions"}],"predecessor-version":[{"id":69,"href":"http:\/\/www.labec.com.br\/biodigital\/wp-json\/wp\/v2\/pages\/66\/revisions\/69"}],"up":[{"embeddable":true,"href":"http:\/\/www.labec.com.br\/biodigital\/wp-json\/wp\/v2\/pages\/70"}],"wp:attachment":[{"href":"http:\/\/www.labec.com.br\/biodigital\/wp-json\/wp\/v2\/media?parent=66"}],"curies":[{"name":"wp","href":"https:\/\/api.w.org\/{rel}","templated":true}]}}