{"id":582,"date":"2009-03-02T20:59:09","date_gmt":"2009-03-02T23:59:09","guid":{"rendered":"http:\/\/www.labec.com.br\/biodigital\/?page_id=582"},"modified":"2012-05-14T11:51:49","modified_gmt":"2012-05-14T14:51:49","slug":"demospongiae","status":"publish","type":"page","link":"http:\/\/www.labec.com.br\/biodigital\/fauna\/porifera\/demospongiae\/","title":{"rendered":"Demospongiae"},"content":{"rendered":"<p style=\"text-align: center;\"><span style=\"font-family: comic sans ms,sans-serif;\"><span style=\"font-size: small;\"><span style=\"color: #000000;\"><a href=\"http:\/\/www.labec.com.br\/biodigital\/wordpress\/wp-content\/uploads\/2009\/03\/esponja1.jpg\"><img decoding=\"async\" loading=\"lazy\" class=\"size-full wp-image-583 aligncenter\" title=\"esponja1\" src=\"http:\/\/www.labec.com.br\/biodigital\/wordpress\/wp-content\/uploads\/2009\/03\/esponja1.jpg\" alt=\"esponja1\" width=\"177\" height=\"160\" \/><\/a><\/span><\/span><\/span><span style=\"font-family: comic sans ms,sans-serif;\"><span style=\"font-size: small;\"><span style=\"color: #000000;\"><span style=\"font-size: x-small;\"><span style=\"color: #99cc00;\"><span style=\"mso-fareast-font-family: +mn-ea; mso-bidi-font-family: +mn-cs; mso-ascii-font-family: Verdana; mso-font-kerning: 12.0pt; language: pt-BR;\"><br \/>\n Classe <\/span><span style=\"mso-fareast-font-family: +mn-ea; mso-bidi-font-family: +mn-cs; mso-ascii-font-family: Verdana; mso-font-kerning: 12.0pt; language: pt-BR;\">Demospongiae<\/span><\/span><\/span><\/span><\/span><\/span><\/p>\n<p style=\"text-align: justify;\"><span style=\"font-family: comic sans ms,sans-serif;\"><span style=\"font-size: small;\"><span style=\"color: #000000;\"><br \/>\n \u00c9 uma classe do filo Porifera que abriga a maior variedade de esponjas; se diferenciam por possuir um esqueleto de fibras de espongina, subst\u00e2ncia exclusiva destes animais.<\/span><\/span><\/span><\/p>\n<p style=\"text-align: justify;\"><span style=\"font-family: comic sans ms,sans-serif;\"><span style=\"font-size: small;\"><span style=\"color: #000000;\">Todas Demospongiae s\u00e3o leucon\u00f3ides, e a maioria \u00e9 irregular, mas existem todos os tipos de padr\u00f5es de crescimento.<\/span><\/span><\/span><\/p>\n<p style=\"text-align: justify;\"><span style=\"font-family: comic sans ms,sans-serif;\"><span style=\"font-size: small;\"><span style=\"color: #000000;\">Algumas s\u00e3o incrustantes e algumas t\u00eam o aspecto de ramifica\u00e7\u00f5es ascedentes ou formam plataformas irregulares; outras t\u00eam forma de cord\u00e3o ou s\u00e3o foli\u00e1ceas.<\/span><\/span><\/span><\/p>\n<p style=\"text-align: justify;\"><span style=\"font-family: comic sans ms,sans-serif;\"><span style=\"font-size: small;\"><span style=\"color: #000000;\">A grande varia\u00e7\u00e3o nas formas dos membros das Demospongiae reflete em parte adapta\u00e7\u00f5es \u00e0s limita\u00e7\u00f5es de espa\u00e7o, \u00e0 inclina\u00e7\u00e3o do substrato e a velocidade das correntes. <br \/>\n <\/span><\/span><\/span><\/p>\n<p style=\"text-align: justify;\"><span style=\"font-family: comic sans ms,sans-serif;\"><span style=\"font-size: small;\"><span style=\"color: #800080;\"><span style=\"font-size: x-small;\">Texto escrito por: Juliano S. Lima<\/span><\/span><\/span><\/span><\/p>\n<p style=\"text-align: center;\"><a href=\"http:\/\/www.labec.com.br\/biodigital\/fauna\/porifera\/\"><span style=\"font-family: comic sans ms,sans-serif; font-size: medium; color: #808000;\">Voltar<\/span><\/a><\/p>\n","protected":false},"excerpt":{"rendered":"<p>Classe Demospongiae \u00c9 uma classe do filo Porifera que abriga a maior variedade de esponjas; se diferenciam por possuir um esqueleto de fibras de espongina, subst\u00e2ncia exclusiva destes animais. Todas Demospongiae s\u00e3o leucon\u00f3ides, e a maioria \u00e9 irregular, mas existem todos os tipos de padr\u00f5es de crescimento. Algumas s\u00e3o incrustantes e algumas t\u00eam o aspecto [&hellip;]<\/p>\n","protected":false},"author":2,"featured_media":0,"parent":575,"menu_order":0,"comment_status":"open","ping_status":"open","template":"","meta":{"ngg_post_thumbnail":0},"_links":{"self":[{"href":"http:\/\/www.labec.com.br\/biodigital\/wp-json\/wp\/v2\/pages\/582"}],"collection":[{"href":"http:\/\/www.labec.com.br\/biodigital\/wp-json\/wp\/v2\/pages"}],"about":[{"href":"http:\/\/www.labec.com.br\/biodigital\/wp-json\/wp\/v2\/types\/page"}],"author":[{"embeddable":true,"href":"http:\/\/www.labec.com.br\/biodigital\/wp-json\/wp\/v2\/users\/2"}],"replies":[{"embeddable":true,"href":"http:\/\/www.labec.com.br\/biodigital\/wp-json\/wp\/v2\/comments?post=582"}],"version-history":[{"count":4,"href":"http:\/\/www.labec.com.br\/biodigital\/wp-json\/wp\/v2\/pages\/582\/revisions"}],"predecessor-version":[{"id":585,"href":"http:\/\/www.labec.com.br\/biodigital\/wp-json\/wp\/v2\/pages\/582\/revisions\/585"}],"up":[{"embeddable":true,"href":"http:\/\/www.labec.com.br\/biodigital\/wp-json\/wp\/v2\/pages\/575"}],"wp:attachment":[{"href":"http:\/\/www.labec.com.br\/biodigital\/wp-json\/wp\/v2\/media?parent=582"}],"curies":[{"name":"wp","href":"https:\/\/api.w.org\/{rel}","templated":true}]}}