{"id":575,"date":"2009-03-02T20:47:35","date_gmt":"2009-03-02T23:47:35","guid":{"rendered":"http:\/\/www.labec.com.br\/biodigital\/?page_id=575"},"modified":"2010-08-17T21:06:14","modified_gmt":"2010-08-18T00:06:14","slug":"porifera","status":"publish","type":"page","link":"http:\/\/www.labec.com.br\/biodigital\/fauna\/porifera\/","title":{"rendered":"Porifera"},"content":{"rendered":"<p style=\"TEXT-ALIGN: justify\"><span style=\"font-size: small;\"><span style=\"font-family: comic sans ms,sans-serif;\"><span style=\"font-size: medium;\"><strong>Introdu\u00e7\u00e3o<\/strong><\/span><\/span><\/span><\/p>\n<p style=\"TEXT-ALIGN: justify\"><span style=\"font-size: small;\"><span style=\"font-family: comic sans ms,sans-serif;\"><span style=\"font-size: medium;\">\u00a0<\/span><\/span><\/span><span style=\"font-size: small;\"><span style=\"font-family: comic sans ms,sans-serif;\">Do latim:<br \/>\n<em>Porus<\/em> = poro<br \/>\n<em>Ferre<\/em> = possuir<\/span><\/span><\/p>\n<p style=\"TEXT-ALIGN: justify\"><span style=\"font-size: small;\"><span style=\"font-family: comic sans ms,sans-serif;\">Os <strong>por\u00edferos<\/strong> s\u00e3o conhecidos e utilizados desde a antiguidade, por\u00e9m eram considerados inicialmente como plantas ou ainda como Zoophyta (animais-plantas), com sua natureza animal sendo reconhecida s\u00f3 no final do s\u00e9culo XVIII. Foram ainda classificados como P\u00f3lipos (cnid\u00e1rios), mas, o naturalista ingl\u00eas R.E. Grant, estudando sua anatomia e fisiologia, conseguiu diferenci\u00e1-los e criou o nome Porifera. O Filo Porifera, sugerida por Huxley em 1875 e por Sollas em 1884, s\u00f3 foi aceito no in\u00edcio do s\u00e9culo XX.<\/span><\/span><\/p>\n<p style=\"TEXT-ALIGN: justify\"><span style=\"font-size: small;\"><span style=\"font-family: comic sans ms,sans-serif;\">Os por\u00edferos s\u00e3o comumente chamados de <strong>esponja<\/strong> e s\u00e3o animais multicelulares e sem tecidos ou \u00f3rg\u00e3os verdadeiros. S\u00e3o seres filtradores e s\u00e9sseis, estando fixos a um substrato e dependendo de correntes de \u00e1gua para sua alimenta\u00e7\u00e3o, excre\u00e7\u00e3o e trocas gasosas. <br \/>\nA maioria das esp\u00e9cies j\u00e1 descritas est\u00e1 restrita aos ambientes bent\u00f4nicos marinhos, embora existam esp\u00e9cies de \u00e1gua doce. Ocorrem em todas as profundidades e ocupam tanto as regi\u00f5es tropicais como as polares.\u00a0 <br \/>\nAs esponjas possuem tamanhos variados, desde alguns mil\u00edmetros at\u00e9 alguns metros, podendo constituir uma por\u00e7\u00e3o significativa da biomassa bent\u00f4nica. Elas chamam aten\u00e7\u00e3o tamb\u00e9m pela diversidade de cores que apresentam, incluindo coloridos vivos e tons brilhantes, que s\u00e3o logo empalidecidos quando as esponjas s\u00e3o removidas da \u00e1gua.<\/span><\/span><\/p>\n<p style=\"TEXT-ALIGN: justify\"><span style=\"font-size: small;\"><span style=\"font-family: comic sans ms,sans-serif;\">A natureza porosa das esponjas favorece para o desenvolvimento de rela\u00e7\u00f5es de simbi\u00f3ticas ou de comensalismo envolvendo as esponjas e invertebrados menores ou mesmo alguns peixes. <br \/>\nComo s\u00e3o animais s\u00e9sseis, impossibilitados de fugirem dos predadores, desenvolveram, como mecanismo alternativo de defesa, alguns compostos t\u00f3xicos. Muitas esp\u00e9cies produzem toxinas com atividade antimicrobiana (antibacteriana, antif\u00fangica, antiviral), que s\u00e3o utilizados tanto na defesa antipreda\u00e7\u00e3o, como tamb\u00e9m para a competi\u00e7\u00e3o por espa\u00e7o com outros invertebrados.<\/span><\/span><\/p>\n<p style=\"TEXT-ALIGN: justify\"><span style=\"font-size: small;\"><span style=\"font-family: comic sans ms,sans-serif;\"><span style=\"color: #000000;\"><span style=\"color: #808000;\"><span style=\"mso-fareast-font-family: +mn-ea; mso-bidi-font-family: +mn-cs; mso-ascii-font-family: Verdana; mso-font-kerning: 12.0pt; language: pt-BR;\">\u00a0<\/span><\/span><\/span><\/span><\/span>\u00a0<\/p>\n<p style=\"TEXT-ALIGN: justify\"><span style=\"font-size: small;\"><span style=\"font-family: comic sans ms,sans-serif;\"><span style=\"color: #000000;\"><span style=\"color: #808000;\"><span style=\"mso-fareast-font-family: +mn-ea; mso-bidi-font-family: +mn-cs; mso-ascii-font-family: Verdana; mso-font-kerning: 12.0pt; language: pt-BR;\"><span style=\"color: #000000;\"><span style=\"font-size: medium;\"><strong>Classifica\u00e7\u00e3o Taxon\u00f4mica:<\/strong><\/span><\/span><\/span><\/span><\/span><\/span><\/span><\/p>\n<p style=\"TEXT-ALIGN: justify\"><span style=\"font-size: small;\"><span style=\"font-family: comic sans ms,sans-serif;\"><span style=\"color: #000000;\"><span style=\"color: #808000;\"><span style=\"mso-fareast-font-family: +mn-ea; mso-bidi-font-family: +mn-cs; mso-ascii-font-family: Verdana; mso-font-kerning: 12.0pt; language: pt-BR;\"><span style=\"color: #000000;\">Classe Calcarea<br \/>\nClasse Hexactinellida<\/span><br \/>\n<\/span><\/span><\/span><span style=\"color: #000000;\"><span style=\"color: #808000;\"><span style=\"mso-fareast-font-family: +mn-ea; mso-bidi-font-family: +mn-cs; mso-ascii-font-family: Verdana; mso-font-kerning: 12.0pt; language: pt-BR;\"><img decoding=\"async\" loading=\"lazy\" class=\"alignnone size-thumbnail wp-image-576\" title=\"esponja\" src=\"http:\/\/www.labec.com.br\/biodigital\/wordpress\/wp-content\/uploads\/2009\/03\/esponja-150x150.jpg\" alt=\"esponja\" width=\"56\" height=\"56\" \/>\u00a0<span style=\"color: #000000;\"><a href=\"http:\/\/www.labec.com.br\/biodigital\/fauna\/porifera\/demospongiae\"><span style=\"color: #808000;\">Classe <\/span><\/a><\/span><\/span><span style=\"mso-fareast-font-family: +mn-ea; mso-bidi-font-family: +mn-cs; mso-ascii-font-family: Verdana; mso-font-kerning: 12.0pt; language: pt-BR;\"><span style=\"color: #000000;\"><a href=\"http:\/\/www.labec.com.br\/biodigital\/fauna\/porifera\/demospongiae\"><span style=\"color: #808000;\">Demospongiae<\/span><\/a><\/span><\/span><\/span><\/span><\/span><\/span><\/p>\n<p style=\"TEXT-ALIGN: justify\"><span style=\"font-size: small;\">\u00a0<\/span>\u00a0<\/p>\n<p style=\"TEXT-ALIGN: justify\"><span style=\"font-size: small;\"><span style=\"font-family: comic sans ms,sans-serif;\"><span style=\"font-size: medium;\"><strong>Tipos Celulares<\/strong><\/span><\/span><\/span><\/p>\n<p style=\"TEXT-ALIGN: justify\"><span style=\"font-size: small;\">\u00a0<\/span><span style=\"font-size: small;\"><span style=\"font-family: comic sans ms,sans-serif;\">As esponjas s\u00e3o caracterizadas pela totipot\u00eancia e podem apresentar diversos tipos de c\u00e9lulas:<\/span><\/span><\/p>\n<ul>\n<li>\n<div style=\"TEXT-ALIGN: justify\"><span style=\"font-size: small;\"><span style=\"font-family: comic sans ms,sans-serif;\"><strong>Pinac\u00f3citos<\/strong>: ocorrem na pinacoderme. S\u00e3o c\u00e9lulas geralmente achatadas que cobrem a superf\u00edcie exterior e parte das superf\u00edcies interiores.<\/span><\/span><\/div>\n<\/li>\n<li>\n<div style=\"TEXT-ALIGN: justify\"><span style=\"font-size: small;\"><span style=\"font-family: comic sans ms,sans-serif;\"><strong>Mi\u00f3citos<\/strong>: s\u00e3o c\u00e9lulas contr\u00e1teis, normalmente fusiformes e agrupados de maneira conc\u00eantrica, que auxiliam a regular a entrada de \u00e1gua.<\/span><\/span><\/div>\n<\/li>\n<li>\n<div style=\"TEXT-ALIGN: justify\"><span style=\"font-size: small;\"><span style=\"font-family: comic sans ms,sans-serif;\"><strong>Coan\u00f3citos<\/strong>: c\u00e9lulas ov\u00f3ides, com um flagelo circundado por um colarinho em uma das extremidades. Formam a coanoderme e criam as correntes que levam a \u00e1gua pelo sistema aq\u00fc\u00edfero. <\/span><\/span><\/div>\n<\/li>\n<li>\n<div style=\"TEXT-ALIGN: justify\"><span style=\"font-size: small;\"><span style=\"font-family: comic sans ms,sans-serif;\"><strong>Arque\u00f3citos<\/strong>: c\u00e9lulas ameb\u00f3ides, capazes de se diferenciar e dar origem a virtualmente qualquer um dos outros tipos celulares. S\u00e3o c\u00e9lulas grandes, m\u00f3veis, que t\u00eam um papel fundamental na digest\u00e3o e no transporte de nutrientes.<\/span><\/span><\/div>\n<\/li>\n<li>\n<div style=\"TEXT-ALIGN: justify\"><span style=\"font-size: small;\"><span style=\"font-family: comic sans ms,sans-serif;\"><strong>Por\u00f3citos<\/strong>: c\u00e9lulas cil\u00edndricas, semelhantes a tubos, contr\u00e1teis e podem abrir ou fechar o poro.<\/span><\/span><\/div>\n<\/li>\n<li>\n<div style=\"TEXT-ALIGN: justify\"><span style=\"font-size: small;\"><span style=\"font-family: comic sans ms,sans-serif;\"><strong>Escler\u00f3citos<\/strong>: s\u00e3o c\u00e9lulas respons\u00e1veis pela produ\u00e7\u00e3o de esp\u00edculas calc\u00e1rias ou s\u00edlicas.<\/span><\/span><\/div>\n<\/li>\n<\/ul>\n<p style=\"TEXT-ALIGN: justify\">\u00a0<\/p>\n<p style=\"TEXT-ALIGN: justify\"><span style=\"font-size: small;\"><span style=\"font-family: comic sans ms,sans-serif;\"><strong><span style=\"font-size: medium;\">Estrutura corporal e sistema aq\u00fc\u00edfero<\/span><\/strong><\/span><\/span><\/p>\n<p style=\"TEXT-ALIGN: justify\"><span style=\"font-size: small;\"><span style=\"font-family: comic sans ms,sans-serif;\"><strong>\u00a0<\/strong>Os pinac\u00f3citos constituem a <strong>pinacoderme<\/strong>, que \u00e9 perfurada por pequenas aberturas chamadas <strong>poros d\u00e9rmicos<\/strong> ou <strong>\u00f3stios<\/strong>, dependendo se s\u00e3o rodeadas por v\u00e1rias ou uma \u00fanica c\u00e9lula, respectivamente. A maioria das superf\u00edcies internas \u00e9 constitu\u00edda pela <strong>coanoderme<\/strong>, que \u00e9 composta pelos coan\u00f3citos. Tanto a coanoderme como a pinacoderme s\u00e3o camadas com uma c\u00e9lula de espessura. Entre estas duas camadas encontra-se o <strong>meso\u00edlo<\/strong>, que tem papel fundamental na digest\u00e3o, produ\u00e7\u00e3o de gametas e no transporte de nutrientes e excretas. O meso\u00edlo inclui uma <strong>mesogl\u00e9ia<\/strong> acelular, na qual est\u00e3o embebidas fibras de col\u00e1geno, esp\u00edculas e v\u00e1rias c\u00e9lulas. O esqueleto \u00e9 relativamente complexo e proporciona uma estrutura de sustenta\u00e7\u00e3o para as c\u00e9lulas vivas do animal, sendo que os elementos esquel\u00e9ticos podem ser tanto org\u00e2nicos (colagenoso), como inorg\u00e2nicos (silicoso ou calc\u00e1rio).<br \/>\nO sistema de correntes de \u00e1gua \u00e9 estabelecido pelos batimentos dos flagelos dos coan\u00f3citos. A \u00e1gua \u00e9 puxada atrav\u00e9s dos \u00f3stios, circulando na cavidade do <strong>\u00e1trio<\/strong> (<strong>espongiocele<\/strong>) e saindo pelo <strong>\u00f3sculo<\/strong>, abertura no topo. Quando a \u00e1gua \u00e9 movimentada sobre a coanoderme ocorrem as trocas de nutrientes, gases e excretas entre a \u00e1gua e os coan\u00f3citos.<\/span><\/span><\/p>\n<p style=\"TEXT-ALIGN: justify\">\u00a0<\/p>\n<p style=\"TEXT-ALIGN: justify\"><span style=\"font-size: small;\"><span style=\"font-family: comic sans ms,sans-serif;\"><strong><span style=\"font-size: medium;\">Tipos de Sistema de Canais<\/span><\/strong><\/span><\/span><\/p>\n<p style=\"TEXT-ALIGN: justify\"><span style=\"font-size: small;\"><span style=\"font-family: comic sans ms,sans-serif;\"><strong><\/strong>A coanoderme pode manter-se simples e cont\u00ednua (a condi\u00e7\u00e3o ascon\u00f3ide), pode tornar-se dobrada (a condi\u00e7\u00e3o sicon\u00f3ide) ou pode ainda tornar-se altamente subdividida em c\u00e2maras flageladas separadas (a condi\u00e7\u00e3o leucon\u00f3ide).<\/span><\/span><\/p>\n<ul>\n<li>\n<div style=\"TEXT-ALIGN: justify\"><span style=\"font-size: small;\"><span style=\"font-family: comic sans ms,sans-serif;\"><strong>Ascon\u00f3ide<\/strong>: as esponjas ascon\u00f3ides raramente ultrapassam 10 cm em altura e permanecem como unidades tubulares simples em forma de vaso. As paredes finas cercam uma cavidade central chamada \u00e1trio (espongiocele), que se abre para o exterior via um \u00fanico \u00f3sculo. A coanoderme \u00e9 uma camada simples, n\u00e3o dobrada, de coan\u00f3citos que revestem o \u00e1trio. A \u00e1gua flui via: \u00f3stio \u2013 espongiocele \u2013 \u00f3sculo.<\/span><\/span><\/div>\n<\/li>\n<li>\n<div style=\"TEXT-ALIGN: justify\"><span style=\"font-size: small;\"><span style=\"font-family: comic sans ms,sans-serif;\"><strong>Sicon\u00f3ide<\/strong>: nas esponjas sicon\u00f3ides, os coan\u00f3citos est\u00e3o restritos a c\u00e2maras espec\u00edficas ou divert\u00edculos do \u00e1trio, chamadas de <strong>c\u00e2maras coanocit\u00e1rias<\/strong> (<strong>c\u00e2maras flageladas<\/strong> ou <strong>canais radiais<\/strong>). Cada c\u00e2mara coanocit\u00e1ria se abre para o \u00e1trio por uma abertura larga chamada <strong>ap\u00f3pila<\/strong>. Podem tamb\u00e9m possuir <strong>canais inalantes<\/strong> que se abrem para as c\u00e2maras coanocit\u00e1rias atrav\u00e9s de aberturas chamadas <strong>pros\u00f3pilas<\/strong>. A \u00e1gua move-se no sentido: poro d\u00e9rmico \u2013 canal inalante \u2013 pros\u00f3pila \u2013 c\u00e2mara coanocit\u00e1ria \u2013 ap\u00f3pila \u2013 \u00e1trio \u2013 \u00f3sculo.<\/span><\/span><\/div>\n<\/li>\n<li>\n<div style=\"TEXT-ALIGN: justify\"><span style=\"font-size: small;\"><span style=\"font-family: comic sans ms,sans-serif;\"><strong>Leucon\u00f3ide<\/strong>: nas esponjas leucon\u00f3ides, ocorre a subdivis\u00e3o das superf\u00edcies flageladas em pequenas c\u00e2maras coanocit\u00e1rias ovais. O \u00e1trio \u00e9 reduzido a uma s\u00e9rie de <strong>canais exalantes<\/strong> que levam a \u00e1gua das c\u00e2maras coanocit\u00e1rias para o \u00f3sculo. Assim, o fluxo da \u00e1gua ocorre no sentido: poro d\u00e9rmico \u2013 canal inalante \u2013 pros\u00f3pila \u2013 c\u00e2mara coanocit\u00e1ria \u2013 ap\u00f3pila \u2013 canais exalantes \u2013 \u00f3sculo.<\/span><\/span><\/div>\n<\/li>\n<\/ul>\n<p style=\"TEXT-ALIGN: justify\"><span style=\"font-size: small;\"><span style=\"font-family: comic sans ms,sans-serif;\"><strong><\/strong><\/span><\/span>\u00a0<\/p>\n<p style=\"TEXT-ALIGN: justify\"><span style=\"font-size: small;\"><span style=\"font-family: comic sans ms,sans-serif;\"><strong><span style=\"font-size: medium;\">Nutri\u00e7\u00e3o, Excre\u00e7\u00e3o e Trocas gasosas<\/span><\/strong><\/span><\/span><\/p>\n<p style=\"TEXT-ALIGN: justify\"><span style=\"font-size: small;\"><span style=\"font-family: comic sans ms,sans-serif;\"><strong><\/strong>Os por\u00edferos dependem da digest\u00e3o intracelular, e portanto da fagocitose e pinocitose como meio de captura de alimento. A mobilidade das c\u00e9lulas ameb\u00f3ides no meso\u00edlo assegura o transporte de nutrientes por todo o corpo da esponja.<br \/>\nA excre\u00e7\u00e3o (principalmente am\u00f4nia) e as trocas gasosas s\u00e3o por difus\u00e3o simples. Al\u00e9m disso, vac\u00faolos contr\u00e1teis ocorrem em esponjas de \u00e1gua doce e presumivelmente auxiliam na osmorregula\u00e7\u00e3o.<\/span><\/span><\/p>\n<p style=\"TEXT-ALIGN: justify\">\u00a0<\/p>\n<p style=\"TEXT-ALIGN: justify\"><span style=\"font-size: small;\"><span style=\"font-family: comic sans ms,sans-serif;\"><strong><span style=\"font-size: medium;\">Atividade e Sentidos<\/span><\/strong><\/span><\/span><\/p>\n<p style=\"TEXT-ALIGN: justify\"><span style=\"font-size: small;\"><span style=\"font-family: comic sans ms,sans-serif;\">Apesar das esponjas n\u00e3o apresentarem \u00f3rg\u00e3os sensoriais definidos, elas s\u00e3o capazes de responder a uma variedade de est\u00edmulos ambientais pelo fechamento dos \u00f3stios ou do \u00f3sculo, constri\u00e7\u00e3o dos canais, revers\u00e3o do fluxo e reconstru\u00e7\u00e3o das c\u00e2maras flageladas. A difus\u00e3o do est\u00edmulo e da resposta parece ser atrav\u00e9s da estimula\u00e7\u00e3o de uma c\u00e9lula para a outra c\u00e9lula adjacente, e tamb\u00e9m de certos mensageiros qu\u00edmicos associados \u00e0 irritabilidade do citoplasma.<\/span><\/span><\/p>\n<p style=\"TEXT-ALIGN: justify\">\u00a0<\/p>\n<p style=\"TEXT-ALIGN: justify\"><span style=\"font-size: small;\"><span style=\"font-family: comic sans ms,sans-serif;\"><strong><\/strong><\/span><\/span><\/p>\n<p><strong><span style=\"font-family: comic sans ms,sans-serif;\"><span style=\"font-size: medium;\">Reprodu\u00e7\u00e3o e Desenvolvimento<\/span><\/span><\/strong><\/p>\n<p style=\"TEXT-ALIGN: justify\"><span style=\"font-size: small;\"><span style=\"font-family: comic sans ms,sans-serif;\"><strong><\/strong>As esponjas s\u00e3o capazes de realizar tanto processos de reprodu\u00e7\u00e3o sexuada, como de reprodu\u00e7\u00e3o assexuada. Por\u00e9m, elas n\u00e3o possuem g\u00f4nadas definidas ou localizadas (gametas e embri\u00f5es ocorrem por todo o meso\u00edlo).<\/span><\/span><\/p>\n<ul>\n<li>\n<div style=\"TEXT-ALIGN: justify\"><span style=\"font-size: small;\"><span style=\"font-family: comic sans ms,sans-serif;\"><strong>Reprodu\u00e7\u00e3o Assexuada<\/strong>: os por\u00edferos podem apresentar a forma\u00e7\u00e3o de g\u00eamulas (suportam o congelamento ou a desseca\u00e7\u00e3o); corpos de redu\u00e7\u00e3o (semelhantes \u00e0s g\u00eamulas); brotamento (expans\u00f5es em forma de bast\u00e3o saindo da superf\u00edcie da esponja, que, ao deslocarem da superf\u00edcie da esponja parental, podem ser carregados pelas correntes de \u00e1gua at\u00e9 aderirem a um substrato e formarem um novo indiv\u00edduo) e, possivelmente, a forma\u00e7\u00e3o assexuada de larvas. Provavelmente todas as esponjas s\u00e3o capazes de regenerar adultos vi\u00e1veis a partir de fragmentos.<\/span><\/span><\/div>\n<\/li>\n<li>\n<div style=\"TEXT-ALIGN: justify\"><span style=\"font-size: small;\"><span style=\"font-family: comic sans ms,sans-serif;\"><strong>Reprodu\u00e7\u00e3o Sexuada<\/strong>: A fertiliza\u00e7\u00e3o cruzada \u00e9 a regra, sendo que a maioria das esponjas \u00e9 hermafrodita, mas produzem ovos e espermas em per\u00edodos separados. Este hermafroditismo seq\u00fcencial pode tornar a forma de protoginia ou protandria, e a mudan\u00e7a de sexo pode ocorrer apenas uma vez ou o indiv\u00edduo pode alternar repetidamente entre macho e f\u00eamea. <br \/>\nO esperma e o\u00f3citos maduros s\u00e3o lan\u00e7ados no ambiente atrav\u00e9s do sistema aq\u00fc\u00edfero. A fertiliza\u00e7\u00e3o normalmente tem lugar na \u00e1gua (oviparidade), com a forma\u00e7\u00e3o subseq\u00fcente de uma larva planct\u00f4nica. Entretanto, algumas esponjas praticam a viviparidade e, nestas esp\u00e9cies, o esperma \u00e9 levado ao sistema aq\u00fc\u00edfero de indiv\u00edduos adjacentes que possuam o\u00f3citos, e os embri\u00f5es s\u00e3o liberados como larvas natantes maduras.<br \/>\nOs tr\u00eas tipos b\u00e1sicos de larvas descritos em esponjas s\u00e3o: celob\u00e1stulas, parenqu\u00edmula e anfibl\u00e1stula.\u00a0<\/span><\/span><\/div>\n<\/li>\n<\/ul>\n<p style=\"TEXT-ALIGN: justify\">\u00a0<\/p>\n<p style=\"TEXT-ALIGN: justify\"><span style=\"font-size: small;\"><span style=\"font-family: comic sans ms,sans-serif;\"><strong><span style=\"font-size: medium;\">Curiosidades<\/span><\/strong><\/span><\/span><\/p>\n<ul>\n<li>\n<div style=\"TEXT-ALIGN: justify\"><span style=\"font-size: small;\"><span style=\"font-family: comic sans ms,sans-serif;\"><strong><\/strong>Recentemente v\u00e1rios compostos bioativos importantes t\u00eam sido descobertos nas esponjas, muitos dos quais possuindo interesse farmacol\u00f3gico potencial (compostos antimicrobianos, antiinflamat\u00f3rios, antitumorais, citot\u00f3xicos e antiincrustantes).<\/span><\/span><\/div>\n<\/li>\n<li>\n<div style=\"TEXT-ALIGN: justify\"><span style=\"font-size: small;\"><span style=\"font-family: comic sans ms,sans-serif;\">Algumas esp\u00e9cies de esponjas s\u00e3o, at\u00e9 hoje, industrializadas e utilizadas para o banho.<\/span><\/span><\/div>\n<\/li>\n<\/ul>\n<p style=\"TEXT-ALIGN: justify\">\u00a0<\/p>\n<p style=\"TEXT-ALIGN: justify\"><span style=\"color: #999999;\"><span style=\"font-size: x-small;\"><span style=\"font-family: comic sans ms,sans-serif;\"><strong>Refer\u00eancias Bibliogr\u00e1ficas<\/strong><br \/>\nBRUSCA, R. C.; BRUSCA, G. J. Invertebrados. Rio de Janeiro: Guanabara Koogan, 2007.<br \/>\n<\/span><\/span><\/span><span style=\"color: #999999;\"><span style=\"font-size: x-small;\"><span style=\"font-family: comic sans ms,sans-serif;\"><span style=\"font-size: x-small;\">HICHMAN JR, C. P.; ROBERTS, L. S.; LARSON, A. Princ\u00edpios Integrados de Biologia. Rio de Janeiro: Guanabara Koogan, 2004.<br \/>\n<\/span><\/span><\/span><\/span><span style=\"color: #999999;\"><span style=\"font-size: x-small;\"><span style=\"font-family: comic sans ms,sans-serif;\"><span style=\"font-size: x-small;\">RUPPERT, E. E.; BARNER, R. D. Zoologia dos Invertebrados. S\u00e3o Paulo: Roca, 1996.<br \/>\n<\/span><\/span><\/span><\/span><a href=\"http:\/\/www.poriferabrasil.mn.ufrj.br\"><span style=\"color: #999999;\"><span style=\"font-size: x-small;\"><span style=\"font-family: comic sans ms,sans-serif;\"><span style=\"font-size: x-small;\">http:\/\/www.poriferabrasil.mn.ufrj.br<\/span><\/span><\/span><\/span><\/a><\/p>\n<p style=\"text-align: justify;\">\u00a0<\/p>\n<p style=\"text-align: justify;\"><span style=\"font-family: comic sans ms,sans-serif;\"><span style=\"font-size: small;\"><span style=\"color: #800080;\"><span style=\"font-size: x-small;\">\u00a0<\/span><\/span><\/span><\/span><\/p>\n<p style=\"text-align: center;\"><span style=\"font-family: comic sans ms,sans-serif;\"><span style=\"font-size: small;\"><span style=\"color: #800080;\"><span style=\"font-size: x-small;\"><strong><span style=\"color: #000000;\"><span style=\"font-size: medium;\"><a href=\"http:\/\/www.labec.com.br\/biodigital\/fauna\/\"><span style=\"color: #808000;\">VOLTAR<\/span><\/a><\/span><\/span><\/strong><\/span><\/span><\/span><\/span><\/p>\n","protected":false},"excerpt":{"rendered":"<p>Introdu\u00e7\u00e3o \u00a0Do latim: Porus = poro Ferre = possuir Os por\u00edferos s\u00e3o conhecidos e utilizados desde a antiguidade, por\u00e9m eram considerados inicialmente como plantas ou ainda como Zoophyta (animais-plantas), com sua natureza animal sendo reconhecida s\u00f3 no final do s\u00e9culo XVIII. Foram ainda classificados como P\u00f3lipos (cnid\u00e1rios), mas, o naturalista ingl\u00eas R.E. Grant, estudando sua [&hellip;]<\/p>\n","protected":false},"author":2,"featured_media":0,"parent":3,"menu_order":0,"comment_status":"open","ping_status":"open","template":"","meta":{"ngg_post_thumbnail":0},"_links":{"self":[{"href":"http:\/\/www.labec.com.br\/biodigital\/wp-json\/wp\/v2\/pages\/575"}],"collection":[{"href":"http:\/\/www.labec.com.br\/biodigital\/wp-json\/wp\/v2\/pages"}],"about":[{"href":"http:\/\/www.labec.com.br\/biodigital\/wp-json\/wp\/v2\/types\/page"}],"author":[{"embeddable":true,"href":"http:\/\/www.labec.com.br\/biodigital\/wp-json\/wp\/v2\/users\/2"}],"replies":[{"embeddable":true,"href":"http:\/\/www.labec.com.br\/biodigital\/wp-json\/wp\/v2\/comments?post=575"}],"version-history":[{"count":8,"href":"http:\/\/www.labec.com.br\/biodigital\/wp-json\/wp\/v2\/pages\/575\/revisions"}],"predecessor-version":[{"id":578,"href":"http:\/\/www.labec.com.br\/biodigital\/wp-json\/wp\/v2\/pages\/575\/revisions\/578"}],"up":[{"embeddable":true,"href":"http:\/\/www.labec.com.br\/biodigital\/wp-json\/wp\/v2\/pages\/3"}],"wp:attachment":[{"href":"http:\/\/www.labec.com.br\/biodigital\/wp-json\/wp\/v2\/media?parent=575"}],"curies":[{"name":"wp","href":"https:\/\/api.w.org\/{rel}","templated":true}]}}