{"id":5,"date":"2008-10-29T12:39:24","date_gmt":"2008-10-29T18:39:24","guid":{"rendered":"http:\/\/www.labec.com.br\/biodigital\/?page_id=5"},"modified":"2009-07-02T18:44:37","modified_gmt":"2009-07-02T21:44:37","slug":"mollusca","status":"publish","type":"page","link":"http:\/\/www.labec.com.br\/biodigital\/fauna\/mollusca\/","title":{"rendered":"Mollusca"},"content":{"rendered":"<p style=\"text-align: justify;\"><img decoding=\"async\" loading=\"lazy\" class=\"alignnone size-thumbnail wp-image-513\" title=\"018-e\" src=\"http:\/\/www.labec.com.br\/biodigital\/wordpress\/wp-content\/uploads\/2008\/10\/018-e-150x150.jpg\" alt=\"018-e\" width=\"56\" height=\"56\" \/>\u00a0<a href=\"http:\/\/www.labec.com.br\/biodigital\/fauna\/mollusca\/bivalve\"><span style=\"font-family: comic sans ms,sans-serif;\"><span style=\"font-size: small;\"><span style=\"color: #808000;\"><span style=\"font-size: medium;\">Bivalvia<\/span><\/span><\/span><\/span><\/a><\/p>\n<p style=\"text-align: justify;\"><img decoding=\"async\" loading=\"lazy\" class=\"alignnone size-thumbnail wp-image-514\" title=\"015-a\" src=\"http:\/\/www.labec.com.br\/biodigital\/wordpress\/wp-content\/uploads\/2008\/10\/015-a-150x150.jpg\" alt=\"015-a\" width=\"56\" height=\"56\" \/>\u00a0<a href=\"http:\/\/www.labec.com.br\/biodigital\/cephalopoda\"><span style=\"font-family: comic sans ms,sans-serif;\"><span style=\"font-size: small;\"><span style=\"color: #808000;\"><span style=\"font-size: medium;\">Cephalopoda<\/span><\/span><\/span><\/span><\/a><\/p>\n<p style=\"text-align: justify;\"><img decoding=\"async\" loading=\"lazy\" class=\"alignnone size-thumbnail wp-image-516\" title=\"001-e\" src=\"http:\/\/www.labec.com.br\/biodigital\/wordpress\/wp-content\/uploads\/2008\/10\/001-e-150x150.jpg\" alt=\"001-e\" width=\"56\" height=\"56\" \/>\u00a0<a title=\"Gastropoda\" href=\"http:\/\/www.labec.com.br\/biodigital\/fauna\/mollusca\/gastropoda\/\" target=\"_self\"><span style=\"font-family: comic sans ms,sans-serif;\"><span style=\"font-size: small;\"><span style=\"color: #808000;\"><span style=\"font-size: medium;\">Gastropoda<\/span><\/span><\/span><\/span><\/a><\/p>\n<p style=\"text-align: justify;\">\u00a0<\/p>\n<p style=\"text-align: justify;\"><span style=\"font-family: comic sans ms,sans-serif;\"><span style=\"font-size: small;\">Os moluscos s\u00e3o organismos que se caracterizam por possuir corpo mole com concha, externa ou interna. A concha externa funciona, na maioria dos casos, como revestimento protetor e a interna, como esqueleto.<\/span><\/span><\/p>\n<p style=\"text-align: justify;\"><span style=\"font-family: comic sans ms,sans-serif;\"><span style=\"font-size: small;\">A partir do Filo Molusca, os animais j\u00e1 contam com a estrutura interna composta de um sistema complexo, como o digest\u00f3rio, o nervoso, o circulat\u00f3rio e o excretor.<\/span><\/span><\/p>\n<p style=\"text-align: justify;\"><span style=\"font-family: comic sans ms,sans-serif;\"><span style=\"font-size: small;\">Os moluscos s\u00e3o representados por esp\u00e9cies bastantes diversificadas, agrupadas em classes. Classe Gastrpoda, Classe Bivalvia, Classe Cephalopoda entre outras<\/span><\/span><\/p>\n<p style=\"text-align: justify;\"><span style=\"font-family: comic sans ms,sans-serif;\"><span style=\"font-size: small;\">Existem moluscos que habitam os mares, a \u00e1gua doce e a terra.<\/span><\/span><\/p>\n<p style=\"text-align: justify;\"><span style=\"font-family: comic sans ms,sans-serif;\"><span style=\"font-size: small;\">Os ancestrais fossilizados dos moluscos atuais s\u00e3o bem conhecidos\u00a0 e tiveram sua origem no per\u00edodo Pr\u00e9-Crambriano.<\/span><\/span><\/p>\n<p style=\"text-align: justify;\"><span style=\"font-family: comic sans ms,sans-serif;\"><span style=\"font-size: small;\">\u00a0<\/span><\/span><\/p>\n<p style=\"text-align: center;\"><span style=\"font-family: comic sans ms,sans-serif;\"><span style=\"font-size: medium;\"><strong><span style=\"color: #000000;\"><a href=\"http:\/\/www.labec.com.br\/biodigital\/fauna\/\"><span style=\"color: #808000;\">VOLTAR<\/span><\/a><\/span><\/strong><\/span><\/span><\/p>\n","protected":false},"excerpt":{"rendered":"<p>\u00a0Bivalvia \u00a0Cephalopoda \u00a0Gastropoda \u00a0 Os moluscos s\u00e3o organismos que se caracterizam por possuir corpo mole com concha, externa ou interna. A concha externa funciona, na maioria dos casos, como revestimento protetor e a interna, como esqueleto. A partir do Filo Molusca, os animais j\u00e1 contam com a estrutura interna composta de um sistema complexo, como [&hellip;]<\/p>\n","protected":false},"author":1,"featured_media":0,"parent":3,"menu_order":0,"comment_status":"open","ping_status":"open","template":"","meta":{"ngg_post_thumbnail":0},"_links":{"self":[{"href":"http:\/\/www.labec.com.br\/biodigital\/wp-json\/wp\/v2\/pages\/5"}],"collection":[{"href":"http:\/\/www.labec.com.br\/biodigital\/wp-json\/wp\/v2\/pages"}],"about":[{"href":"http:\/\/www.labec.com.br\/biodigital\/wp-json\/wp\/v2\/types\/page"}],"author":[{"embeddable":true,"href":"http:\/\/www.labec.com.br\/biodigital\/wp-json\/wp\/v2\/users\/1"}],"replies":[{"embeddable":true,"href":"http:\/\/www.labec.com.br\/biodigital\/wp-json\/wp\/v2\/comments?post=5"}],"version-history":[{"count":9,"href":"http:\/\/www.labec.com.br\/biodigital\/wp-json\/wp\/v2\/pages\/5\/revisions"}],"predecessor-version":[{"id":77,"href":"http:\/\/www.labec.com.br\/biodigital\/wp-json\/wp\/v2\/pages\/5\/revisions\/77"}],"up":[{"embeddable":true,"href":"http:\/\/www.labec.com.br\/biodigital\/wp-json\/wp\/v2\/pages\/3"}],"wp:attachment":[{"href":"http:\/\/www.labec.com.br\/biodigital\/wp-json\/wp\/v2\/media?parent=5"}],"curies":[{"name":"wp","href":"https:\/\/api.w.org\/{rel}","templated":true}]}}