{"id":49,"date":"2008-11-01T17:41:54","date_gmt":"2008-11-01T23:41:54","guid":{"rendered":"http:\/\/www.labec.com.br\/biodigital\/?page_id=49"},"modified":"2012-09-24T09:34:34","modified_gmt":"2012-09-24T12:34:34","slug":"rios","status":"publish","type":"page","link":"http:\/\/www.labec.com.br\/biodigital\/ambientes\/rios\/","title":{"rendered":"Rios"},"content":{"rendered":"<p class=\"MsoNormal\" style=\"text-align: justify;\"><img decoding=\"async\" loading=\"lazy\" class=\"alignnone size-thumbnail wp-image-1710\" title=\"japaratuba 1\" src=\"http:\/\/www.labec.com.br\/biodigital\/wordpress\/wp-content\/uploads\/2008\/11\/japaratuba-1-150x150.jpg\" alt=\"japaratuba 1\" width=\"56\" height=\"56\" \/>\u00a0<a href=\"http:\/\/www.labec.com.br\/biodigital\/ambientes\/rios\/rio-japaratuba\"><span style=\"font-size: medium;\"><span style=\"font-family: comic sans ms,sans-serif;\"><span style=\"color: #808000;\"><strong>Rio Japaratuba<\/strong><\/span><\/span><\/span><\/a><\/p>\n<p class=\"MsoNormal\" style=\"text-align: justify;\"><img decoding=\"async\" loading=\"lazy\" class=\"alignnone size-thumbnail wp-image-1743\" title=\"piaui-real\" src=\"http:\/\/www.labec.com.br\/biodigital\/wordpress\/wp-content\/uploads\/2008\/11\/piaui-real-150x150.jpg\" alt=\"piaui-real\" width=\"56\" height=\"56\" \/>\u00a0<a href=\"http:\/\/www.labec.com.br\/biodigital\/ambientes\/rios\/rio-piaui\/\"><strong><span style=\"font-family: comic sans ms,sans-serif;\"><span style=\"font-size: medium;\"><span style=\"color: #808000;\">Rio Piau\u00ed<\/span><\/span><\/span><\/strong><\/a><\/p>\n<p class=\"MsoNormal\" style=\"text-align: justify;\"><img decoding=\"async\" loading=\"lazy\" class=\"alignnone size-thumbnail wp-image-1638\" title=\"Rio Real\" src=\"http:\/\/www.labec.com.br\/biodigital\/wordpress\/wp-content\/uploads\/2008\/11\/Rio-Real-150x150.jpg\" alt=\"Rio Real\" width=\"56\" height=\"56\" \/>\u00a0<a href=\"http:\/\/www.labec.com.br\/biodigital\/ambientes\/rios\/rio-real\/\"><span style=\"font-size: medium;\"><span style=\"color: #808000;\"><span style=\"font-family: comic sans ms,sans-serif;\"><strong>Rio Real<\/strong><\/span><\/span><\/span><\/a><\/p>\n<p class=\"MsoNormal\" style=\"text-align: justify;\"><img decoding=\"async\" loading=\"lazy\" class=\"alignnone size-thumbnail wp-image-345\" title=\"rio-sao-francisco3\" src=\"http:\/\/www.labec.com.br\/biodigital\/wordpress\/wp-content\/uploads\/2008\/11\/rio-sao-francisco3-150x150.jpg\" alt=\"rio-sao-francisco3\" width=\"56\" height=\"56\" \/> <a href=\"http:\/\/www.labec.com.br\/biodigital\/ambientes\/rios\/rio-sao-francisco\/\"><span style=\"font-family: comic sans ms,sans-serif;\"><span style=\"font-size: medium;\"><span style=\"color: #808000;\"><strong>Rio S\u00e3o Francisco<\/strong><\/span><\/span><\/span><\/a><br \/>\n <br class=\"spacer_\" \/><img decoding=\"async\" loading=\"lazy\" class=\"alignnone size-thumbnail wp-image-50\" title=\"se11_072\" src=\"http:\/\/www.labec.com.br\/biodigital\/wordpress\/wp-content\/uploads\/2008\/11\/se11_072-150x150.jpg\" alt=\"\" width=\"56\" height=\"56\" srcset=\"http:\/\/www.labec.com.br\/biodigital\/wordpress\/wp-content\/uploads\/2008\/11\/se11_072-150x150.jpg 150w, http:\/\/www.labec.com.br\/biodigital\/wordpress\/wp-content\/uploads\/2008\/11\/se11_072.jpg 300w\" sizes=\"(max-width: 56px) 100vw, 56px\" \/><span style=\"font-family: comic sans ms,sans-serif;\"><span style=\"font-size: medium;\"><span style=\"color: #808000;\">\u00a0<\/span><\/span><\/span><a href=\"http:\/\/www.labec.com.br\/biodigital\/ambientes\/rios\/rio-sergipe\/\"><span style=\"font-family: comic sans ms,sans-serif;\"><span style=\"font-size: medium;\"><span style=\"color: #808000;\"><strong>Rio Sergipe<\/strong><\/span><\/span><\/span><\/a><\/p>\n<p style=\"text-align: justify;\"><img decoding=\"async\" loading=\"lazy\" class=\"alignnone size-medium wp-image-51\" title=\"se12_07\" src=\"http:\/\/www.labec.com.br\/biodigital\/wordpress\/wp-content\/uploads\/2008\/11\/se12_07.jpg\" alt=\"\" width=\"56\" height=\"56\" srcset=\"http:\/\/www.labec.com.br\/biodigital\/wordpress\/wp-content\/uploads\/2008\/11\/se12_07.jpg 240w, http:\/\/www.labec.com.br\/biodigital\/wordpress\/wp-content\/uploads\/2008\/11\/se12_07-150x150.jpg 150w\" sizes=\"(max-width: 56px) 100vw, 56px\" \/>\u00a0<a href=\"http:\/\/www.labec.com.br\/biodigital\/ambientes\/rios\/rio-vaza-barris\/\"><span style=\"font-size: medium;\"><span style=\"font-family: comic sans ms,sans-serif;\"><span style=\"color: #808000;\"><strong>Rio Vaza Barris<\/strong><\/span><\/span><\/span><\/a><\/p>\n<p style=\"text-align: justify;\">\u00a0<\/p>\n<p style=\"text-align: justify;\"><span style=\"font-family: comic sans ms,sans-serif;\"><span style=\"font-size: small;\"><strong>RIOS<\/strong><br \/>\n Um rio \u00e9 uma corrente natural de \u00e1gua que flui e desemboca no mar, em um lago ou em outro rio. O escoamento dos rios depende de fatores externos, como caracter\u00edsticas fisiogr\u00e1ficas, meteorol\u00f3gicas, f\u00edsico-qu\u00edmicas, antr\u00f3picas e biol\u00f3gicas (CUNHA et al., 2004).<\/span><\/span><\/p>\n<p style=\"text-align: justify;\"><span style=\"font-family: comic sans ms,sans-serif;\"><span style=\"font-size: small;\"><strong><br \/>\n BACIAS HIDROGR\u00c1FICAS<\/strong><br \/>\n Bacia Hidrogr\u00e1fica \u00e9 uma \u00e1rea na qual ocorre a drenagem da \u00e1gua das precipita\u00e7\u00f5es para um determinado curso de \u00e1gua. Isto \u00e9 poss\u00edvel devido \u00e0s suas caracter\u00edsticas geogr\u00e1ficas e topogr\u00e1ficas: Os desn\u00edveis dos terrenos orientam os cursos da \u00e1gua das \u00e1reas mais altas para as mais baixas. Assim, a bacia hidrogr\u00e1fica \u00e9 formada por um (ou mais) rio principal e um conjunto de afluentes que des\u00e1guam neste.<\/span><\/span><\/p>\n<p style=\"text-align: center;\"><span style=\"font-family: comic sans ms,sans-serif;\"><span style=\"font-size: small;\"><br \/>\n <img decoding=\"async\" loading=\"lazy\" class=\"size-medium wp-image-1674 aligncenter\" title=\"img483eae0a0cd5e\" src=\"http:\/\/www.labec.com.br\/biodigital\/wordpress\/wp-content\/uploads\/2008\/11\/img483eae0a0cd5e-300x208.jpg\" alt=\"img483eae0a0cd5e\" width=\"300\" height=\"208\" srcset=\"http:\/\/www.labec.com.br\/biodigital\/wordpress\/wp-content\/uploads\/2008\/11\/img483eae0a0cd5e-300x208.jpg 300w, http:\/\/www.labec.com.br\/biodigital\/wordpress\/wp-content\/uploads\/2008\/11\/img483eae0a0cd5e.jpg 439w\" sizes=\"(max-width: 300px) 100vw, 300px\" \/><\/span><\/span><span style=\"font-family: comic sans ms,sans-serif;\"><span style=\"font-size: small;\"><span style=\"font-size: x-small;\"><br \/>\n <span style=\"color: #999999;\">www.semarh.se.gov.br<\/span><\/span><br \/>\n <\/span><\/span><\/p>\n<p style=\"text-align: justify;\"><span style=\"font-family: comic sans ms,sans-serif;\"><span style=\"font-size: small;\">Em Sergipe existem seis Bacias Hidrogr\u00e1ficas. S\u00e3o elas: a do rio S\u00e3o Francisco, a do rio Vaza Barris, a do rio Real, a do rio Japaratuba, a do rio Sergipe e a do rio Piau\u00ed.<br \/>\n <\/span><\/span><\/p>\n<p style=\"text-align: center;\"><span style=\"font-family: comic sans ms,sans-serif;\"><span style=\"font-size: small;\"><a href=\"http:\/\/www.labec.com.br\/biodigital\/wordpress\/wp-content\/uploads\/2008\/11\/img483eb33cdd0f0.jpg\"><img decoding=\"async\" loading=\"lazy\" class=\"size-medium wp-image-1675 aligncenter\" title=\"img483eb33cdd0f0\" src=\"http:\/\/www.labec.com.br\/biodigital\/wordpress\/wp-content\/uploads\/2008\/11\/img483eb33cdd0f0-300x275.jpg\" alt=\"img483eb33cdd0f0\" width=\"300\" height=\"275\" srcset=\"http:\/\/www.labec.com.br\/biodigital\/wordpress\/wp-content\/uploads\/2008\/11\/img483eb33cdd0f0-300x275.jpg 300w, http:\/\/www.labec.com.br\/biodigital\/wordpress\/wp-content\/uploads\/2008\/11\/img483eb33cdd0f0-1024x941.jpg 1024w, http:\/\/www.labec.com.br\/biodigital\/wordpress\/wp-content\/uploads\/2008\/11\/img483eb33cdd0f0.jpg 1424w\" sizes=\"(max-width: 300px) 100vw, 300px\" \/><\/a><span style=\"font-family: comic sans ms,sans-serif;\"><span style=\"font-size: small;\"><span style=\"font-size: x-small;\"><br \/>\n <span style=\"color: #999999;\">www.semarh.se.gov.br<\/span><\/span><\/span><\/span><br \/>\n <\/span><\/span><\/p>\n<p style=\"text-align: justify;\"><span style=\"font-family: comic sans ms,sans-serif;\"><span style=\"font-size: small;\">\u00a0<\/span><\/span><\/p>\n<p style=\"text-align: center;\"><span style=\"font-family: comic sans ms,sans-serif;\"><span style=\"font-size: small;\"><a href=\"http:\/\/www.labec.com.br\/biodigital\/wordpress\/wp-content\/uploads\/2008\/11\/tabela-rios.jpg\"><img decoding=\"async\" loading=\"lazy\" class=\"size-medium wp-image-1690 aligncenter\" title=\"tabela rios\" src=\"http:\/\/www.labec.com.br\/biodigital\/wordpress\/wp-content\/uploads\/2008\/11\/tabela-rios-300x90.jpg\" alt=\"tabela rios\" width=\"300\" height=\"90\" srcset=\"http:\/\/www.labec.com.br\/biodigital\/wordpress\/wp-content\/uploads\/2008\/11\/tabela-rios-300x90.jpg 300w, http:\/\/www.labec.com.br\/biodigital\/wordpress\/wp-content\/uploads\/2008\/11\/tabela-rios.jpg 633w\" sizes=\"(max-width: 300px) 100vw, 300px\" \/><\/a><\/span><\/span><\/p>\n<div style=\"text-align: center;\"><span style=\"font-family: comic sans ms,sans-serif;\"><span style=\"font-size: small;\"><span style=\"color: #999999;\"><span style=\"font-size: x-small;\">Principais Caracter\u00edsticas das Bacias Hidrogr\u00e1ficas do Estado de Sergipe. Em: <\/span><\/span><a href=\"http:\/\/www.semarh.se.gov.br\"><span style=\"color: #999999;\"><span style=\"font-size: x-small;\">www.semarh.se.gov.br<\/span><\/span><\/a><\/span><\/span><\/div>\n<div><span style=\"font-family: comic sans ms,sans-serif;\"><span style=\"font-size: small;\">\u00a0<\/span><\/span><\/div>\n<div style=\"text-align: justify;\"><span style=\"font-family: comic sans ms,sans-serif;\"><span style=\"font-size: small;\"><span style=\"font-family: comic sans ms,sans-serif;\"><span style=\"font-size: small;\">Com ocupa\u00e7\u00e3o do espa\u00e7o pelo homem, vem aumentando a polui\u00e7\u00e3o dos corpos d\u2019\u00e1gua, que transportam o sedimento, massas de poluentes e concentra\u00e7\u00e3o de microorganismos, afetando a fauna local e adjacente (CUNHA et al., 2004).<br \/>\n Em Sergipe vem-se observando no decorrer dos anos mudan\u00e7as provocadas nos rios em decorr\u00eancia das atividades da popula\u00e7\u00e3o. Na capital, Aracaju, pode-se evidenciar um exemplo claro de degrada\u00e7\u00e3o nos rios Sergipe e Poxim devido ao lan\u00e7amento de esgoto, de lixo, desmatamento, aterro dos mangues e destrui\u00e7\u00e3o das margens.<\/span><\/span><\/span><\/span><\/div>\n<div><span style=\"font-family: comic sans ms,sans-serif;\"><span style=\"font-size: small;\">\u00a0<\/span><\/span><\/div>\n<p>&nbsp;<\/p>\n<div><span style=\"font-family: comic sans ms,sans-serif;\"><span style=\"font-size: small;\">\u00a0<\/span><\/span><\/div>\n<p><span style=\"font-family: comic sans ms,sans-serif;\"><span style=\"font-size: small;\"><span style=\"font-family: comic sans ms,sans-serif;\"><span style=\"font-size: x-small;\"><span style=\"color: #999999;\"><strong>Refer\u00eancias Bibliogr\u00e1ficas:<\/strong><br \/>\n CUNHA, A. C.; CUNHA, H. F. A.; BRASIL JR., A. C. P.; DANIEL, L. A.; SCHUZ, H. E. Qualidade microbiol\u00f3gica da \u00e1gua em rios de \u00e1reas urbanas e periurbanas no baixo Amazonas: o caso do Amap\u00e1. Engenharia Sanit\u00e1ria e Ambiental, Rio de Janeiro, v. 9, n\u00ba. 4, dez 2004. Dispon\u00edvel em: &lt;http:\/\/www.scielo.br\/scielo.php?script=sci_arttext&amp;pid=S1413-41522004000400009&amp;lng=pt&amp;nrm=iso&gt;. Acessado em: 16 jan. 09.<br \/>\n http:\/\/www.semarh.se.gov.br<br \/>\n http:\/\/www.suapesquisa.com\/geografia\/bacias_hidrograficas.htm<br \/>\n http:\/\/pt.wikipedia.org\/wiki\/Bacia_hidrogr%C3%A1fica<\/span><\/span><\/span><\/span><\/span><\/p>\n<p style=\"text-align: justify;\"><span style=\"font-family: comic sans ms,sans-serif;\"><span style=\"font-size: x-small;\"><span style=\"color: #999999;\">\u00a0<\/span><\/span><\/span><\/p>\n<p style=\"text-align: center;\"><span style=\"font-family: comic sans ms,sans-serif;\"><span style=\"font-size: x-small;\"><span style=\"color: #999999;\"><span style=\"font-size: medium;\"><span style=\"color: #808000;\"><strong><span style=\"color: #000000;\"><a href=\"http:\/\/www.labec.com.br\/biodigital\/ambientes\/\"><span style=\"color: #808000;\">VOLTAR<\/span><\/a><\/span><\/strong><\/span><\/span><\/span><\/span><\/span><\/p>\n","protected":false},"excerpt":{"rendered":"<p>\u00a0Rio Japaratuba \u00a0Rio Piau\u00ed \u00a0Rio Real Rio S\u00e3o Francisco \u00a0Rio Sergipe \u00a0Rio Vaza Barris \u00a0 RIOS Um rio \u00e9 uma corrente natural de \u00e1gua que flui e desemboca no mar, em um lago ou em outro rio. O escoamento dos rios depende de fatores externos, como caracter\u00edsticas fisiogr\u00e1ficas, meteorol\u00f3gicas, f\u00edsico-qu\u00edmicas, antr\u00f3picas e biol\u00f3gicas (CUNHA et [&hellip;]<\/p>\n","protected":false},"author":2,"featured_media":0,"parent":39,"menu_order":0,"comment_status":"open","ping_status":"open","template":"","meta":{"ngg_post_thumbnail":0},"_links":{"self":[{"href":"http:\/\/www.labec.com.br\/biodigital\/wp-json\/wp\/v2\/pages\/49"}],"collection":[{"href":"http:\/\/www.labec.com.br\/biodigital\/wp-json\/wp\/v2\/pages"}],"about":[{"href":"http:\/\/www.labec.com.br\/biodigital\/wp-json\/wp\/v2\/types\/page"}],"author":[{"embeddable":true,"href":"http:\/\/www.labec.com.br\/biodigital\/wp-json\/wp\/v2\/users\/2"}],"replies":[{"embeddable":true,"href":"http:\/\/www.labec.com.br\/biodigital\/wp-json\/wp\/v2\/comments?post=49"}],"version-history":[{"count":36,"href":"http:\/\/www.labec.com.br\/biodigital\/wp-json\/wp\/v2\/pages\/49\/revisions"}],"predecessor-version":[{"id":54,"href":"http:\/\/www.labec.com.br\/biodigital\/wp-json\/wp\/v2\/pages\/49\/revisions\/54"}],"up":[{"embeddable":true,"href":"http:\/\/www.labec.com.br\/biodigital\/wp-json\/wp\/v2\/pages\/39"}],"wp:attachment":[{"href":"http:\/\/www.labec.com.br\/biodigital\/wp-json\/wp\/v2\/media?parent=49"}],"curies":[{"name":"wp","href":"https:\/\/api.w.org\/{rel}","templated":true}]}}