{"id":454,"date":"2009-02-23T22:47:50","date_gmt":"2009-02-24T01:47:50","guid":{"rendered":"http:\/\/www.labec.com.br\/biodigital\/?page_id=454"},"modified":"2009-06-04T14:48:44","modified_gmt":"2009-06-04T17:48:44","slug":"scyphozoa","status":"publish","type":"page","link":"http:\/\/www.labec.com.br\/biodigital\/fauna\/cnidaria\/scyphozoa\/","title":{"rendered":"Scyphozoa"},"content":{"rendered":"<p><em><a href=\"http:\/\/www.labec.com.br\/biodigital\/fauna\/cnidaria\/scyphozoa\/lychnorhiza-lucerna\"><span style=\"color: #808000;\"><span style=\"font-family: comic sans ms,sans-serif;\"><span style=\"font-size: small;\">L<\/span><\/span><\/span><span style=\"color: #808000;\"><span style=\"font-family: comic sans ms,sans-serif;\"><span style=\"font-size: small;\">ychnorhiza lucerna<br class=\"spacer_\" \/><\/span><\/span><\/span><\/a><\/em><\/p>\n<p><a href=\"http:\/\/www.labec.com.br\/biodigital\/stomolopus-meleagris\"><em><span style=\"font-family: comic sans ms,sans-serif;\"><span style=\"font-size: medium;\"><span style=\"color: #808000;\"><span style=\"font-size: small;\"><span style=\"font-family: comic sans ms,sans-serif;\"><span style=\"font-size: small;\">Stomolophus meleagris<\/span><\/span><\/span><\/span><\/span><\/span><\/em><\/a><\/p>\n<p><br class=\"spacer_\" \/><\/p>\n<p style=\"text-align: center;\"><span style=\"font-family: comic sans ms,sans-serif;\"><span style=\"font-size: small;\"><a href=\"http:\/\/www.labec.com.br\/biodigital\/wordpress\/wp-content\/uploads\/2009\/02\/scyphozoa.jpg\"><img decoding=\"async\" loading=\"lazy\" class=\"size-medium wp-image-455 aligncenter\" title=\"scyphozoa\" src=\"http:\/\/www.labec.com.br\/biodigital\/wordpress\/wp-content\/uploads\/2009\/02\/scyphozoa-300x248.jpg\" alt=\"scyphozoa\" width=\"300\" height=\"248\" srcset=\"http:\/\/www.labec.com.br\/biodigital\/wordpress\/wp-content\/uploads\/2009\/02\/scyphozoa-300x248.jpg 300w, http:\/\/www.labec.com.br\/biodigital\/wordpress\/wp-content\/uploads\/2009\/02\/scyphozoa.jpg 322w\" sizes=\"(max-width: 300px) 100vw, 300px\" \/><\/a><\/span><\/span><\/p>\n<p style=\"text-align: justify;\">\u00a0<\/p>\n<p style=\"text-align: justify;\"><span style=\"font-family: comic sans ms,sans-serif;\"><span style=\"font-size: small;\">Os cifozo\u00e1rios e os cubozo\u00e1rios s\u00e3o os cnid\u00e1rios mais frequentemente referidos como \u00e0gua-vivas. Isso porque o indiv\u00edduo dominante e evidente no ciclo de vida: a forma polip\u00f3ide restringe-se a um est\u00e1gio s\u00e9ssil e pequeno.<\/span><\/span><\/p>\n<p style=\"text-align: justify;\"><span style=\"font-family: comic sans ms,sans-serif;\"><span style=\"font-size: small;\">As Cifomedusas s\u00e3o geralmente maiores que as hydromedusas.<\/span><\/span><\/p>\n<p style=\"text-align: justify;\"><span style=\"font-size: small;\"><span style=\"font-family: comic sans ms,sans-serif;\">Existem cerca de 200 esp\u00e9cies descritas de cifozo\u00e1rios, vivendo em oceanos frios e tropicais, alguns em grandes profundidades. <\/span><\/span><\/p>\n<p style=\"text-align: justify;\"><span style=\"font-size: small;\"><span style=\"font-family: comic sans ms,sans-serif;\">As esp\u00e9cies de Cifomeduzas habitam \u00e1guas costeiras e podem constituir um inc\u00f4modo em praias de banho. O seu grande tamanho e os seus nematocistos tornam-se desagrad\u00e1veis e algumas vezes perigosos companheiros de nata\u00e7\u00e3o.<\/span><\/span><\/p>\n<p style=\"text-align: justify;\"><span style=\"font-size: small;\"><span style=\"font-family: comic sans ms,sans-serif;\"><a href=\"http:\/\/www.labec.com.br\/biodigital\/wordpress\/wp-content\/uploads\/2009\/02\/pp-schypozoa.jpg\"><img decoding=\"async\" loading=\"lazy\" class=\"alignnone size-medium wp-image-456\" title=\"pp-schypozoa\" src=\"http:\/\/www.labec.com.br\/biodigital\/wordpress\/wp-content\/uploads\/2009\/02\/pp-schypozoa-300x225.jpg\" alt=\"pp-schypozoa\" width=\"300\" height=\"225\" srcset=\"http:\/\/www.labec.com.br\/biodigital\/wordpress\/wp-content\/uploads\/2009\/02\/pp-schypozoa-300x225.jpg 300w, http:\/\/www.labec.com.br\/biodigital\/wordpress\/wp-content\/uploads\/2009\/02\/pp-schypozoa.jpg 583w\" sizes=\"(max-width: 300px) 100vw, 300px\" \/><\/a><\/span><\/span><\/p>\n<p><br class=\"spacer_\" \/><\/p>\n","protected":false},"excerpt":{"rendered":"<p>Lychnorhiza lucerna Stomolophus meleagris \u00a0 Os cifozo\u00e1rios e os cubozo\u00e1rios s\u00e3o os cnid\u00e1rios mais frequentemente referidos como \u00e0gua-vivas. Isso porque o indiv\u00edduo dominante e evidente no ciclo de vida: a forma polip\u00f3ide restringe-se a um est\u00e1gio s\u00e9ssil e pequeno. As Cifomedusas s\u00e3o geralmente maiores que as hydromedusas. Existem cerca de 200 esp\u00e9cies descritas de cifozo\u00e1rios, [&hellip;]<\/p>\n","protected":false},"author":2,"featured_media":0,"parent":178,"menu_order":0,"comment_status":"open","ping_status":"open","template":"","meta":{"ngg_post_thumbnail":0},"_links":{"self":[{"href":"http:\/\/www.labec.com.br\/biodigital\/wp-json\/wp\/v2\/pages\/454"}],"collection":[{"href":"http:\/\/www.labec.com.br\/biodigital\/wp-json\/wp\/v2\/pages"}],"about":[{"href":"http:\/\/www.labec.com.br\/biodigital\/wp-json\/wp\/v2\/types\/page"}],"author":[{"embeddable":true,"href":"http:\/\/www.labec.com.br\/biodigital\/wp-json\/wp\/v2\/users\/2"}],"replies":[{"embeddable":true,"href":"http:\/\/www.labec.com.br\/biodigital\/wp-json\/wp\/v2\/comments?post=454"}],"version-history":[{"count":5,"href":"http:\/\/www.labec.com.br\/biodigital\/wp-json\/wp\/v2\/pages\/454\/revisions"}],"predecessor-version":[{"id":458,"href":"http:\/\/www.labec.com.br\/biodigital\/wp-json\/wp\/v2\/pages\/454\/revisions\/458"}],"up":[{"embeddable":true,"href":"http:\/\/www.labec.com.br\/biodigital\/wp-json\/wp\/v2\/pages\/178"}],"wp:attachment":[{"href":"http:\/\/www.labec.com.br\/biodigital\/wp-json\/wp\/v2\/media?parent=454"}],"curies":[{"name":"wp","href":"https:\/\/api.w.org\/{rel}","templated":true}]}}