{"id":441,"date":"2009-02-23T22:13:21","date_gmt":"2009-02-24T01:13:21","guid":{"rendered":"http:\/\/www.labec.com.br\/biodigital\/?page_id=441"},"modified":"2012-06-04T16:41:54","modified_gmt":"2012-06-04T19:41:54","slug":"hydrozoa","status":"publish","type":"page","link":"http:\/\/www.labec.com.br\/biodigital\/fauna\/cnidaria\/hydrozoa\/","title":{"rendered":"Hydrozoa"},"content":{"rendered":"<p style=\"text-align: center;\"><span style=\"font-family: comic sans ms,sans-serif;\"><span style=\"font-size: small;\"><img decoding=\"async\" loading=\"lazy\" class=\"size-full wp-image-442   aligncenter\" title=\"hydrozoa\" src=\"http:\/\/www.labec.com.br\/biodigital\/wordpress\/wp-content\/uploads\/2009\/02\/hydrozoa.jpg\" alt=\"hydrozoa\" width=\"261\" height=\"237\" \/><\/span><\/span><\/p>\n<p style=\"text-align: justify;\">\u00a0<\/p>\n<p style=\"text-align: justify;\"><span style=\"font-family: comic sans ms,sans-serif;\"><span style=\"font-size: small;\">A Classe Hydrozoa cont\u00e9m cerca de 2.700 esp\u00e9cies, mas devido ao seu pequeno tamanho e \u00e0 apar\u00eancia de planta, a maioria das pessoas n\u00e3o sabe de sua exist\u00eancia.<\/span><\/span><\/p>\n<p style=\"text-align: justify;\"><span style=\"font-size: small; font-family: comic sans ms,sans-serif;\">Os hidrozo\u00e1rios exibem ou uma estrutura polip\u00f3ide ou\u00a0medus\u00f3ide e algumas esp\u00e9cie passam por ambas as formas no seu ciclo de vida.<\/span><\/p>\n<p style=\"text-align: justify;\"><span style=\"font-family: comic sans ms,sans-serif; font-size: small;\">Aparecem na forma\u00a0colonial e predominam em\u00a0\u00e1guas agitadas.\u00a0Sua superf\u00edcie pode ser lisa ou coberta por pequenas proemin\u00eancias.<\/span><\/p>\n<p style=\"text-align: justify;\"><span style=\"font-size: small; font-family: comic sans ms,sans-serif;\">Apresentam mesogl\u00e9ia sem c\u00e9lulas; gastroderme sem cnid\u00f3citos; e g\u00f4nodas epid\u00e9rmicas.<\/span><\/p>\n<p style=\"text-align: justify;\"><span style=\"font-family: comic sans ms,sans-serif; font-size: small;\">Os poucos cnid\u00e1rios de \u00e1gua doce conhecidos pertencem\u00a0a essa\u00a0Classe, e incluem as Hidras e algumas pequenas \u00e1guas-vivas de \u00e1gua doce.<\/span><\/p>\n<p>&nbsp;<\/p>\n<p style=\"text-align: center;\"><span style=\"font-family: comic sans ms,sans-serif;\"><span style=\"font-size: small;\">\u00a0<\/span><\/span>\u00a0<\/p>\n<p style=\"text-align: center;\"><span style=\"font-family: comic sans ms,sans-serif;\"><span style=\"font-size: small;\"><a href=\"http:\/\/www.labec.com.br\/biodigital\/wordpress\/wp-content\/uploads\/2009\/02\/hidrozoa.jpg\"><img decoding=\"async\" loading=\"lazy\" class=\"size-thumbnail wp-image-1890  aligncenter\" title=\"hidrozoa\" src=\"http:\/\/www.labec.com.br\/biodigital\/wordpress\/wp-content\/uploads\/2009\/02\/hidrozoa-150x150.jpg\" alt=\"hidrozoa\" width=\"150\" height=\"150\" \/><\/a><\/span><\/span><\/p>\n<p style=\"text-align: center;\"><a href=\"http:\/\/www.labec.com.br\/biodigital\/wordpress\/wp-content\/uploads\/2009\/02\/hidrozoa-2.jpg\"><img decoding=\"async\" loading=\"lazy\" class=\"size-thumbnail wp-image-1891  aligncenter\" title=\"hidrozoa 2\" src=\"http:\/\/www.labec.com.br\/biodigital\/wordpress\/wp-content\/uploads\/2009\/02\/hidrozoa-2-150x150.jpg\" alt=\"hidrozoa 2\" width=\"150\" height=\"150\" \/><\/a><\/p>\n<p style=\"text-align: center;\"><a href=\"http:\/\/www.labec.com.br\/biodigital\/wordpress\/wp-content\/uploads\/2009\/02\/hidrozoa-3.jpg\"><img decoding=\"async\" loading=\"lazy\" class=\"size-thumbnail wp-image-1892  aligncenter\" title=\"hidrozoa 3\" src=\"http:\/\/www.labec.com.br\/biodigital\/wordpress\/wp-content\/uploads\/2009\/02\/hidrozoa-3-150x150.jpg\" alt=\"hidrozoa 3\" width=\"150\" height=\"150\" \/><\/a><\/p>\n<p style=\"text-align: center;\"><a href=\"http:\/\/www.labec.com.br\/biodigital\/wordpress\/wp-content\/uploads\/2009\/02\/hidrozoa-4.jpg\"><img decoding=\"async\" loading=\"lazy\" class=\"size-thumbnail wp-image-1893  aligncenter\" title=\"hidrozoa 4\" src=\"http:\/\/www.labec.com.br\/biodigital\/wordpress\/wp-content\/uploads\/2009\/02\/hidrozoa-4-150x150.jpg\" alt=\"hidrozoa 4\" width=\"150\" height=\"150\" \/><\/a><\/p>\n<p><span style=\"font-family: comic sans ms,sans-serif; color: #808000; font-size: large;\"><a href=\"http:\/\/www.labec.com.br\/biodigital\/fauna\/cnidaria\/hydrozoa\/caravelas-portuguesas-invadem-nosso-litoral\"><span style=\"color: #808000;\">Caravelas portuguesas invadem nosso litoral<br \/>\n <\/span><\/a><\/span><\/p>\n<p style=\"text-align: center;\"><span style=\"font-family: comic sans ms,sans-serif; font-size: medium; color: #ff9900;\"><span style=\"color: #ff9900;\">VOLTAR<\/span><\/span><\/p>\n","protected":false},"excerpt":{"rendered":"<p>\u00a0 A Classe Hydrozoa cont\u00e9m cerca de 2.700 esp\u00e9cies, mas devido ao seu pequeno tamanho e \u00e0 apar\u00eancia de planta, a maioria das pessoas n\u00e3o sabe de sua exist\u00eancia. Os hidrozo\u00e1rios exibem ou uma estrutura polip\u00f3ide ou\u00a0medus\u00f3ide e algumas esp\u00e9cie passam por ambas as formas no seu ciclo de vida. Aparecem na forma\u00a0colonial e predominam [&hellip;]<\/p>\n","protected":false},"author":2,"featured_media":0,"parent":178,"menu_order":0,"comment_status":"open","ping_status":"open","template":"","meta":{"ngg_post_thumbnail":0},"_links":{"self":[{"href":"http:\/\/www.labec.com.br\/biodigital\/wp-json\/wp\/v2\/pages\/441"}],"collection":[{"href":"http:\/\/www.labec.com.br\/biodigital\/wp-json\/wp\/v2\/pages"}],"about":[{"href":"http:\/\/www.labec.com.br\/biodigital\/wp-json\/wp\/v2\/types\/page"}],"author":[{"embeddable":true,"href":"http:\/\/www.labec.com.br\/biodigital\/wp-json\/wp\/v2\/users\/2"}],"replies":[{"embeddable":true,"href":"http:\/\/www.labec.com.br\/biodigital\/wp-json\/wp\/v2\/comments?post=441"}],"version-history":[{"count":20,"href":"http:\/\/www.labec.com.br\/biodigital\/wp-json\/wp\/v2\/pages\/441\/revisions"}],"predecessor-version":[{"id":444,"href":"http:\/\/www.labec.com.br\/biodigital\/wp-json\/wp\/v2\/pages\/441\/revisions\/444"}],"up":[{"embeddable":true,"href":"http:\/\/www.labec.com.br\/biodigital\/wp-json\/wp\/v2\/pages\/178"}],"wp:attachment":[{"href":"http:\/\/www.labec.com.br\/biodigital\/wp-json\/wp\/v2\/media?parent=441"}],"curies":[{"name":"wp","href":"https:\/\/api.w.org\/{rel}","templated":true}]}}