{"id":408,"date":"2009-02-23T13:49:32","date_gmt":"2009-02-23T16:49:32","guid":{"rendered":"http:\/\/www.labec.com.br\/biodigital\/?page_id=408"},"modified":"2012-04-11T10:53:27","modified_gmt":"2012-04-11T13:53:27","slug":"asteroidea","status":"publish","type":"page","link":"http:\/\/www.labec.com.br\/biodigital\/fauna\/echinodermata\/asteroidea\/","title":{"rendered":"Asteroidea"},"content":{"rendered":"<p><img decoding=\"async\" loading=\"lazy\" class=\"alignnone size-thumbnail wp-image-506\" title=\"astropecten-marginatus\" src=\"http:\/\/www.labec.com.br\/biodigital\/wordpress\/wp-content\/uploads\/2009\/02\/astropecten-marginatus-150x150.jpg\" alt=\"astropecten-marginatus\" width=\"56\" height=\"56\" \/>\u00a0<em><span style=\"font-family: comic sans ms,sans-serif;\"><a href=\"http:\/\/www.labec.com.br\/biodigital\/astropecten-marginatus\"><span style=\"font-size: medium;\"><span style=\"color: #808000;\">A<span style=\"font-size: medium;\">stropecten marginatus<\/span><\/span><\/span><\/a><\/span><\/em><\/p>\n<p><em><span style=\"font-family: comic sans ms,sans-serif;\"><span style=\"font-size: medium;\"><img decoding=\"async\" loading=\"lazy\" class=\"alignnone size-thumbnail wp-image-507\" title=\"estrela-do-mar\" src=\"http:\/\/www.labec.com.br\/biodigital\/wordpress\/wp-content\/uploads\/2009\/02\/estrela-do-mar-150x150.jpg\" alt=\"estrela-do-mar\" width=\"56\" height=\"56\" \/>\u00a0<\/span><\/span><a href=\"http:\/\/www.labec.com.br\/biodigital\/fauna\/echinodermata\/asteroidea\/echinaster-sp\"><span style=\"font-family: comic sans ms,sans-serif;\"><span style=\"font-size: medium;\"><span style=\"color: #888888;\"><span style=\"color: #808000;\">E<\/span><span style=\"color: #808000;\"><span style=\"color: #808000;\">c<\/span>hinaster sp.<\/span><\/span><span style=\"color: #808000;\">\u00a0<\/span><\/span><\/span><\/a><\/em><\/p>\n<p><span style=\"font-size: medium;\"><br class=\"spacer_\" \/><\/span><\/p>\n<p style=\"text-align: center;\"><span style=\"font-size: small;\"><span style=\"font-family: comic sans ms,sans-serif;\"><a href=\"http:\/\/www.labec.com.br\/biodigital\/wordpress\/wp-content\/uploads\/2009\/02\/estrela-2.jpg\"><img decoding=\"async\" loading=\"lazy\" class=\"size-thumbnail wp-image-409 aligncenter\" title=\"estrela-2\" src=\"http:\/\/www.labec.com.br\/biodigital\/wordpress\/wp-content\/uploads\/2009\/02\/estrela-2-150x150.jpg\" alt=\"estrela-2\" width=\"150\" height=\"150\" \/><\/a><\/span><\/span><\/p>\n<p style=\"text-align: justify;\"><span style=\"font-size: small;\"><span style=\"font-family: comic sans ms,sans-serif;\">Possuem geralmente 5 bra\u00e7os que se convergem em um disco central; <\/span><\/span><\/p>\n<p style=\"text-align: justify;\"><span style=\"font-size: small;\"><span style=\"font-family: comic sans ms,sans-serif;\">\u00c2nus localizado no centro da parte cima (superf\u00edcie aboral) e a boca no centro da parte de baixo (superf\u00edcie oral) (Barnes, 1984);<\/span><\/span><\/p>\n<p style=\"text-align: justify;\"><span style=\"font-size: small;\"><span style=\"font-family: comic sans ms,sans-serif;\">Vivem em substrato lodoso, arenoso e em recifes de coral;\u00a0<\/span><\/span><\/p>\n<p style=\"text-align: justify;\"><span style=\"font-size: small;\"><span style=\"font-family: comic sans ms,sans-serif;\">A superf\u00edcie do corpo pode se apresentar lisa ou com espinhos bastante proeminentes;\u00a0<\/span><\/span><\/p>\n<p style=\"text-align: justify;\"><span style=\"font-size: small;\"><span style=\"font-family: comic sans ms,sans-serif;\">Locomovem-se atrav\u00e9s dos p\u00e9s-ambulacrais, localizados no sulco ambulacral (superf\u00edcie oral);<\/span><\/span><\/p>\n<p style=\"text-align: justify;\">\u00a0<\/p>\n<p><span style=\"font-size: small;\"><span style=\"font-family: comic sans ms,sans-serif;\"><a href=\"http:\/\/www.labec.com.br\/biodigital\/wordpress\/wp-content\/uploads\/2009\/02\/asteroidea-pp-3.jpg\"><img decoding=\"async\" loading=\"lazy\" class=\"alignnone size-medium wp-image-509\" title=\"asteroidea-pp-3\" src=\"http:\/\/www.labec.com.br\/biodigital\/wordpress\/wp-content\/uploads\/2009\/02\/asteroidea-pp-3-300x225.jpg\" alt=\"asteroidea-pp-3\" width=\"300\" height=\"225\" srcset=\"http:\/\/www.labec.com.br\/biodigital\/wordpress\/wp-content\/uploads\/2009\/02\/asteroidea-pp-3-300x225.jpg 300w, http:\/\/www.labec.com.br\/biodigital\/wordpress\/wp-content\/uploads\/2009\/02\/asteroidea-pp-3.jpg 621w\" sizes=\"(max-width: 300px) 100vw, 300px\" \/><\/a>\u00a0<\/span><\/span><\/p>\n<p>&nbsp;<\/p>\n<p style=\"text-align: center;\"><a href=\"http:\/\/www.labec.com.br\/biodigital\/fauna\/echinodermata\/\"><span style=\"font-size: medium; color: #808000;\"><strong><span style=\"font-family: comic sans ms,sans-serif;\">Voltar<\/span><\/strong><\/span><\/a><\/p>\n","protected":false},"excerpt":{"rendered":"<p>\u00a0Astropecten marginatus \u00a0Echinaster sp.\u00a0 Possuem geralmente 5 bra\u00e7os que se convergem em um disco central; \u00c2nus localizado no centro da parte cima (superf\u00edcie aboral) e a boca no centro da parte de baixo (superf\u00edcie oral) (Barnes, 1984); Vivem em substrato lodoso, arenoso e em recifes de coral;\u00a0 A superf\u00edcie do corpo pode se apresentar lisa [&hellip;]<\/p>\n","protected":false},"author":2,"featured_media":0,"parent":128,"menu_order":0,"comment_status":"open","ping_status":"open","template":"","meta":{"ngg_post_thumbnail":0},"_links":{"self":[{"href":"http:\/\/www.labec.com.br\/biodigital\/wp-json\/wp\/v2\/pages\/408"}],"collection":[{"href":"http:\/\/www.labec.com.br\/biodigital\/wp-json\/wp\/v2\/pages"}],"about":[{"href":"http:\/\/www.labec.com.br\/biodigital\/wp-json\/wp\/v2\/types\/page"}],"author":[{"embeddable":true,"href":"http:\/\/www.labec.com.br\/biodigital\/wp-json\/wp\/v2\/users\/2"}],"replies":[{"embeddable":true,"href":"http:\/\/www.labec.com.br\/biodigital\/wp-json\/wp\/v2\/comments?post=408"}],"version-history":[{"count":7,"href":"http:\/\/www.labec.com.br\/biodigital\/wp-json\/wp\/v2\/pages\/408\/revisions"}],"predecessor-version":[{"id":411,"href":"http:\/\/www.labec.com.br\/biodigital\/wp-json\/wp\/v2\/pages\/408\/revisions\/411"}],"up":[{"embeddable":true,"href":"http:\/\/www.labec.com.br\/biodigital\/wp-json\/wp\/v2\/pages\/128"}],"wp:attachment":[{"href":"http:\/\/www.labec.com.br\/biodigital\/wp-json\/wp\/v2\/media?parent=408"}],"curies":[{"name":"wp","href":"https:\/\/api.w.org\/{rel}","templated":true}]}}