{"id":377,"date":"2009-02-23T11:30:00","date_gmt":"2009-02-23T14:30:00","guid":{"rendered":"http:\/\/www.labec.com.br\/biodigital\/?page_id=377"},"modified":"2009-06-02T14:55:35","modified_gmt":"2009-06-02T17:55:35","slug":"estuarios","status":"publish","type":"page","link":"http:\/\/www.labec.com.br\/biodigital\/ambientes\/estuarios\/","title":{"rendered":"Estu\u00e1rios"},"content":{"rendered":"<p class=\"MsoNormal\" style=\"text-align: center;\"><span style=\"font-size: small;\"><span style=\"font-family: comic sans ms,sans-serif;\"><a href=\"http:\/\/www.labec.com.br\/biodigital\/wordpress\/wp-content\/uploads\/2009\/02\/img_1150.jpg\"><img decoding=\"async\" loading=\"lazy\" class=\"size-medium wp-image-380 aligncenter\" title=\"img_1150\" src=\"http:\/\/www.labec.com.br\/biodigital\/wordpress\/wp-content\/uploads\/2009\/02\/img_1150-300x225.jpg\" alt=\"img_1150\" width=\"300\" height=\"225\" srcset=\"http:\/\/www.labec.com.br\/biodigital\/wordpress\/wp-content\/uploads\/2009\/02\/img_1150-300x225.jpg 300w, http:\/\/www.labec.com.br\/biodigital\/wordpress\/wp-content\/uploads\/2009\/02\/img_1150.jpg 1024w\" sizes=\"(max-width: 300px) 100vw, 300px\" \/><\/a><\/span><\/span><\/p>\n<p class=\"MsoNormal\" style=\"margin: 0cm 0cm 0pt; text-indent: 35.4pt; line-height: 150%; text-align: justify; mso-layout-grid-align: none;\">\u00a0<\/p>\n<p class=\"MsoNormal\" style=\"text-align: justify; line-height: 150%; text-indent: 35.4pt; margin: 0cm 0cm 0pt; mso-layout-grid-align: none;\"><span style=\"font-family: comic sans ms,sans-serif;\"><span style=\"font-size: small;\">Os estu\u00e1rios s\u00e3o complexos ecossistemas, localizados na interface continente-oceano. Esses ambientes s\u00e3o altamente produtivos e apresentam grande import\u00e2ncia ecol\u00f3gica, por serem \u00e1reas de desova, desenvolvimento e alimenta\u00e7\u00e3o de v\u00e1rias esp\u00e9cies, muitas das quais de grande valor comercial (MEDEIROS; KNOPPERS; SANTOS JR., 2007). <\/span><\/span><\/p>\n<p class=\"MsoNormal\" style=\"text-align: justify; line-height: 150%; text-indent: 35.4pt; margin: 0cm 0cm 0pt; mso-layout-grid-align: none;\"><span style=\"font-family: comic sans ms,sans-serif;\"><span style=\"font-size: small;\">Os sistemas estuarinos s\u00e3o fortemente influenciados pela a\u00e7\u00e3o das mar\u00e9s, exportando detritos e nutrientes de uma regi\u00e3o para outra.\u00a0 Quando sofrem influ\u00eancia de atividades urbanas, portu\u00e1rias, industriais, pesqueiras e de desmatamentos, repercute diretamente na fauna associada (MEDEIROS; KNOPPERS; SANTOS JR., 2007).<\/span><\/span><\/p>\n<p class=\"MsoNormal\" style=\"text-align: justify; line-height: 150%; text-indent: 35.4pt; margin: 0cm 0cm 0pt; mso-layout-grid-align: none;\"><span style=\"font-family: comic sans ms,sans-serif;\"><span style=\"font-size: small;\">Em Sergipe, esse ecossistema \u00e9 representado pelos estu\u00e1rios do Rio S\u00e3o Francisco, do Rio Japaratuba, do Rio Sergipe, do Rio Vaza-Barris e pelo complexo estuarino Piau\u00ed-Real-Fundo.<\/span><\/span><\/p>\n<p class=\"MsoNormal\" style=\"text-align: justify; line-height: 150%; text-indent: 35.4pt; margin: 0cm 0cm 0pt; mso-layout-grid-align: none;\"><span style=\"font-family: comic sans ms,sans-serif;\"><span style=\"font-size: small;\">\u00a0<\/span><\/span><\/p>\n<p class=\"MsoNormal\" style=\"text-align: justify; line-height: 150%; text-indent: 35.4pt; margin: 0cm 0cm 0pt; mso-layout-grid-align: none;\">\u00a0<\/p>\n<p class=\"MsoNormal\" style=\"text-align: justify; line-height: 150%; text-indent: 35.4pt; margin: 0cm 0cm 0pt; mso-layout-grid-align: none;\"><span style=\"font-family: comic sans ms,sans-serif;\"><span style=\"font-size: x-small;\"><span style=\"color: #800080;\"><br \/>\nTexto escrito por: Mariana Resende de Oliveira<\/span><\/span><\/span><span style=\"font-family: comic sans ms,sans-serif;\"><\/span><\/p>\n<p><br class=\"spacer_\" \/><\/p>\n<p><span style=\"font-family: comic sans ms,sans-serif;\"><span style=\"font-size: x-small;\"><span style=\"color: #999999;\"><span style=\"color: #888888;\"><br \/>\nRefer\u00eancias Bibliogr\u00e1ficas:<\/span><\/span><\/span><\/span><span style=\"font-family: comic sans ms,sans-serif;\"><span style=\"font-size: x-small;\"><span style=\"color: #999999;\"><br \/>\n<span style=\"color: #888888;\"><span style=\"font-family: comic sans ms,sans-serif;\">MEDEIROS, P.R.P.; KNOPPERS<\/span>, B. A.; SANTOS JR., R. C. Abordagem preliminar da estrutura salina no estu\u00e1rio do rio S\u00e3o Francisco (AL\/SE), Brasil. In: CONGRESSO LATINO-AMERICANO DE CI\u00caNCIAS DO MAR, XII COLACMAR, 2007, Florian\u00f3polis, SC. Anais. Florian\u00f3polis: 2007. Dispon\u00edvel em: &lt;<\/span><\/span><\/span><\/span><a href=\"http:\/\/www.institutomilenioestuarios.com.br\/pdfs\/Paticipacao_Eventos\/2_Resumos\/09_Medeiros.pdf\"><span style=\"font-family: comic sans ms,sans-serif;\"><span style=\"font-size: x-small;\"><span style=\"color: #999999;\"><span style=\"color: #888888;\">http:\/\/www.institutomilenioestuarios.<\/span>com.br\/pdfs\/Paticipacao_Eventos\/2_Resumos\/09_Medeiros.pdf<\/span><\/span><\/span><\/a><span style=\"font-family: comic sans ms,sans-serif;\"><span style=\"font-size: x-small;\"><span style=\"color: #999999;\">&gt;. Acessado em: 08 jan 09.<\/span><\/span><\/span><\/p>\n<p><br class=\"spacer_\" \/><\/p>\n","protected":false},"excerpt":{"rendered":"<p>\u00a0 Os estu\u00e1rios s\u00e3o complexos ecossistemas, localizados na interface continente-oceano. Esses ambientes s\u00e3o altamente produtivos e apresentam grande import\u00e2ncia ecol\u00f3gica, por serem \u00e1reas de desova, desenvolvimento e alimenta\u00e7\u00e3o de v\u00e1rias esp\u00e9cies, muitas das quais de grande valor comercial (MEDEIROS; KNOPPERS; SANTOS JR., 2007). Os sistemas estuarinos s\u00e3o fortemente influenciados pela a\u00e7\u00e3o das mar\u00e9s, exportando detritos [&hellip;]<\/p>\n","protected":false},"author":2,"featured_media":0,"parent":39,"menu_order":0,"comment_status":"open","ping_status":"open","template":"","meta":{"ngg_post_thumbnail":0},"_links":{"self":[{"href":"http:\/\/www.labec.com.br\/biodigital\/wp-json\/wp\/v2\/pages\/377"}],"collection":[{"href":"http:\/\/www.labec.com.br\/biodigital\/wp-json\/wp\/v2\/pages"}],"about":[{"href":"http:\/\/www.labec.com.br\/biodigital\/wp-json\/wp\/v2\/types\/page"}],"author":[{"embeddable":true,"href":"http:\/\/www.labec.com.br\/biodigital\/wp-json\/wp\/v2\/users\/2"}],"replies":[{"embeddable":true,"href":"http:\/\/www.labec.com.br\/biodigital\/wp-json\/wp\/v2\/comments?post=377"}],"version-history":[{"count":12,"href":"http:\/\/www.labec.com.br\/biodigital\/wp-json\/wp\/v2\/pages\/377\/revisions"}],"predecessor-version":[{"id":379,"href":"http:\/\/www.labec.com.br\/biodigital\/wp-json\/wp\/v2\/pages\/377\/revisions\/379"}],"up":[{"embeddable":true,"href":"http:\/\/www.labec.com.br\/biodigital\/wp-json\/wp\/v2\/pages\/39"}],"wp:attachment":[{"href":"http:\/\/www.labec.com.br\/biodigital\/wp-json\/wp\/v2\/media?parent=377"}],"curies":[{"name":"wp","href":"https:\/\/api.w.org\/{rel}","templated":true}]}}