{"id":3,"date":"2008-10-29T12:37:54","date_gmt":"2008-10-29T18:37:54","guid":{"rendered":"http:\/\/www.labec.com.br\/biodigital\/?page_id=3"},"modified":"2009-11-04T20:57:02","modified_gmt":"2009-11-04T23:57:02","slug":"fauna","status":"publish","type":"page","link":"http:\/\/www.labec.com.br\/biodigital\/fauna\/","title":{"rendered":"Fauna"},"content":{"rendered":"<p class=\"MsoNormal\" style=\"margin: 0cm 0cm 0pt; text-indent: 35.4pt; line-height: 150%; text-align: justify;\">\u00a0<\/p>\n<p>\u00a0\u00a0\u00a0\u00a0\u00a0\u00a0\u00a0\u00a0\u00a0\u00a0\u00a0\u00a0\u00a0\u00a0\u00a0\u00a0\u00a0\u00a0\u00a0<br class=\"spacer_\" \/>\u00a0\u00a0\u00a0\u00a0\u00a0\u00a0\u00a0\u00a0\u00a0\u00a0\u00a0\u00a0 <span style=\"font-size: medium;\"><span style=\"color: #808000;\"><a href=\"http:\/\/www.labec.com.br\/biodigital\/fauna\/annelida\">Annelida<\/a><\/span><\/span><\/p>\n<p><img decoding=\"async\" loading=\"lazy\" class=\"alignnone size-full wp-image-386\" title=\"ermitao\" src=\"http:\/\/www.labec.com.br\/biodigital\/wordpress\/wp-content\/uploads\/2008\/10\/ermitao.bmp\" alt=\"ermitao\" width=\"56\" height=\"56\" \/>\u00a0<a href=\"http:\/\/www.labec.com.br\/biodigital\/art\"><span style=\"font-family: comic sans ms,sans-serif;\"><span style=\"font-size: medium;\"><span style=\"color: #808000;\">Arthropoda<\/span><\/span><\/span><\/a><\/p>\n<p><img decoding=\"async\" loading=\"lazy\" class=\"alignnone size-full wp-image-387\" title=\"medusa\" src=\"http:\/\/www.labec.com.br\/biodigital\/wordpress\/wp-content\/uploads\/2008\/10\/medusa.jpg\" alt=\"medusa\" width=\"40\" height=\"56\" \/>\u00a0<a href=\"http:\/\/www.labec.com.br\/biodigital\/fauna\/cnidaria\"><span style=\"font-family: comic sans ms,sans-serif;\"><span style=\"font-size: medium;\"><span style=\"color: #808000;\">Cnidaria<\/span><\/span><\/span><\/a><\/p>\n<p><img decoding=\"async\" loading=\"lazy\" class=\"alignnone size-full wp-image-388\" title=\"estrela\" src=\"http:\/\/www.labec.com.br\/biodigital\/wordpress\/wp-content\/uploads\/2008\/10\/estrela.jpg\" alt=\"estrela\" width=\"56\" height=\"56\" \/>\u00a0<a href=\"http:\/\/www.labec.com.br\/biodigital\/echinodermata\"><span style=\"font-family: comic sans ms,sans-serif;\"><span style=\"font-size: medium;\"><span style=\"color: #808000;\">Echinodermata<\/span><\/span><\/span><\/a><\/p>\n<p><img decoding=\"async\" loading=\"lazy\" class=\"alignnone size-full wp-image-389\" title=\"bivalve\" src=\"http:\/\/www.labec.com.br\/biodigital\/wordpress\/wp-content\/uploads\/2008\/10\/bivalve.jpg\" alt=\"bivalve\" width=\"56\" height=\"56\" \/>\u00a0<a title=\"Ola\" href=\"http:\/\/www.labec.com.br\/biodigital\/fauna\/mollusca\/\" target=\"_self\"><span style=\"font-family: comic sans ms,sans-serif;\"><span style=\"font-size: medium;\"><span style=\"color: #808000;\">Mollusca<\/span><\/span><\/span><\/a><\/p>\n<p><img decoding=\"async\" loading=\"lazy\" class=\"alignnone size-thumbnail wp-image-580\" title=\"esponjas-capa1\" src=\"http:\/\/www.labec.com.br\/biodigital\/wordpress\/wp-content\/uploads\/2008\/10\/esponjas-capa1-150x118.jpg\" alt=\"esponjas-capa1\" width=\"56\" height=\"56\" \/>\u00a0<a href=\"http:\/\/www.labec.com.br\/biodigital\/fauna\/porifera\"><span style=\"color: #808000;\"><span style=\"font-size: medium;\"><span style=\"font-family: comic sans ms,sans-serif;\">Porifera<\/span><\/span><\/span><\/a><\/p>\n<p><img decoding=\"async\" loading=\"lazy\" class=\"alignnone size-thumbnail wp-image-391\" title=\"1b\" src=\"http:\/\/www.labec.com.br\/biodigital\/wordpress\/wp-content\/uploads\/2008\/10\/1b-150x150.jpg\" alt=\"1b\" width=\"56\" height=\"56\" srcset=\"http:\/\/www.labec.com.br\/biodigital\/wordpress\/wp-content\/uploads\/2008\/10\/1b-150x150.jpg 150w, http:\/\/www.labec.com.br\/biodigital\/wordpress\/wp-content\/uploads\/2008\/10\/1b.jpg 256w\" sizes=\"(max-width: 56px) 100vw, 56px\" \/>\u00a0<a href=\"http:\/\/www.labec.com.br\/biodigital\/fauna\/protozoarios\"><span style=\"font-family: comic sans ms,sans-serif;\"><span style=\"font-size: medium;\"><span style=\"color: #808000;\">Protozo\u00e1rios<\/span><\/span><\/span><\/a><\/p>\n<p><br class=\"spacer_\" \/><\/p>\n<p class=\"MsoNormal\" style=\"margin: 0cm 0cm 0pt; text-indent: 35.4pt; line-height: 150%; text-align: justify;\">\u00a0<\/p>\n<p class=\"MsoNormal\" style=\"margin: 0cm 0cm 0pt; text-indent: 35.4pt; line-height: 150%; text-align: justify;\">\u00a0<\/p>\n<p class=\"MsoNormal\" style=\"margin: 0cm 0cm 0pt; text-indent: 35.4pt; line-height: 150%; text-align: justify;\"><span style=\"font-family: comic sans ms,sans-serif;\"><span style=\"font-size: small;\">Entende-se por Fauna Aqu\u00e1tica o conjunto de animais que habitam os meios aqu\u00e1ticos. De maneira ampla, separa-se em <em style=\"mso-bidi-font-style: normal;\">fauna marinha<\/em>, animais aptos a viver em um meio com grande n\u00edvel de salinidade, e <em style=\"mso-bidi-font-style: normal;\">fauna de \u00e1gua doce<\/em>, esp\u00e9cies animais que habitam rios, lagos e riachos de uma regi\u00e3o (LOPES, 2006). Essa divis\u00e3o \u00e9 muito gen\u00e9rica e dificulta abranger as especificidades de cada ecossistema.<\/span><\/span><\/p>\n<p class=\"MsoNormal\" style=\"margin: 0cm 0cm 0pt; text-indent: 35.4pt; line-height: 150%; text-align: justify;\"><span style=\"mso-fareast-language: AR-SA;\"><span style=\"font-size: small;\"><span style=\"font-family: comic sans ms,sans-serif;\"><span style=\"font-size: small;\">Os ambientes aqu\u00e1ticos s\u00e3o bem distintos entre si, cada um apresenta suas caracter\u00edsticas pr\u00f3prias como tipo de solo, vegeta\u00e7\u00e3o, salinidade e outros aspectos que influenciam diretamente na fauna associada. Conseq\u00fcentemente, a fauna do estado de Sergipe tamb\u00e9m \u00e9 rica, com uma variedade de esp\u00e9cies muito grande, apresentando desde indiv\u00edduos exclusivamente marinhos \u00e0queles que conseguem suportar varia\u00e7\u00f5es bruscas de salinidade. <\/span><\/span><\/span><\/span><\/p>\n<p class=\"MsoNormal\" style=\"margin: 0cm 0cm 0pt; text-indent: 35.4pt; line-height: 150%; text-align: justify;\"><span style=\"font-size: 12pt; mso-fareast-font-family: 'Times New Roman'; mso-ansi-language: PT-BR; mso-fareast-language: AR-SA; mso-bidi-language: AR-SA;\"><span style=\"font-family: comic sans ms,sans-serif;\"><span style=\"font-size: small;\">Os estudos relacionados com a composi\u00e7\u00e3o da fauna aqu\u00e1tica s\u00e3o essenciais para um melhor conhecimento do n\u00famero atual de esp\u00e9cies, servindo como base para a conserva\u00e7\u00e3o da biodiversidade destes ambientes.<\/span><\/span><\/span><\/p>\n<p><br class=\"spacer_\" \/><\/p>\n<p><br class=\"spacer_\" \/><\/p>\n<p><span style=\"font-size: 12pt; mso-fareast-font-family: 'Times New Roman'; mso-ansi-language: PT-BR; mso-fareast-language: AR-SA; mso-bidi-language: AR-SA;\"><span style=\"font-family: comic sans ms,sans-serif;\"><span style=\"font-size: x-small;\"><span style=\"color: #800080;\">Texto escrito por: Mariana Resende de Oliveira<\/span><\/span><\/span><\/span><\/p>\n<p><span style=\"font-size: 12pt; mso-fareast-font-family: 'Times New Roman'; mso-ansi-language: PT-BR; mso-fareast-language: AR-SA; mso-bidi-language: AR-SA;\"><span style=\"font-family: comic sans ms,sans-serif;\"><span style=\"font-size: x-small;\"><span style=\"color: #888888;\">Refer\u00eancias Bibliogr\u00e1ficas:<\/span><\/span><\/span><\/span><\/p>\n<p><span style=\"font-size: 12pt; mso-fareast-font-family: 'Times New Roman'; mso-ansi-language: PT-BR; mso-fareast-language: AR-SA; mso-bidi-language: AR-SA;\"><span style=\"font-family: comic sans ms,sans-serif;\"><span style=\"font-size: small;\"><span style=\"font-size: 12pt; mso-fareast-font-family: 'Times New Roman'; mso-ansi-language: PT-BR; mso-fareast-language: PT-BR; mso-bidi-language: AR-SA;\"><span style=\"font-family: comic sans ms,sans-serif;\"><span style=\"font-size: x-small;\"><span style=\"color: #888888;\">LOPES, C. R. Tipos de Injustos sobre a fauna aqu\u00e1tica. <em style=\"mso-bidi-font-style: normal;\">In: <\/em><strong style=\"mso-bidi-font-weight: normal;\">Revista Disc. Jur. Campos Mour\u00e3o<\/strong>, Maring\u00e1, v.2, n\u00ba 2, p. 58-82, jul\/dez 2006. Universidade Estadual de Maring\u00e1, PR. Dispon\u00edvel em: &lt;http:\/\/revista.grupointegrado.br\/discursojuridico\/include\/getdoc.php?id=300&amp;article=46&amp;mode=pdf&gt;. Acessado em: 20 jan. 09.<\/span><\/span><\/span><\/span><\/span><\/span><\/span><\/p>\n<p><span style=\"font-size: 12pt; mso-fareast-font-family: 'Times New Roman'; mso-ansi-language: PT-BR; mso-fareast-language: AR-SA; mso-bidi-language: AR-SA;\"><span style=\"font-family: comic sans ms,sans-serif;\"><span style=\"font-size: small;\">\u00a0<\/span><\/span><\/span><\/p>\n<p><span style=\"font-size: 12pt; mso-fareast-font-family: 'Times New Roman'; mso-ansi-language: PT-BR; mso-fareast-language: AR-SA; mso-bidi-language: AR-SA;\"><span style=\"font-family: comic sans ms,sans-serif;\"><span style=\"font-size: small;\"><span style=\"font-size: 12pt; mso-fareast-font-family: 'Times New Roman'; mso-ansi-language: PT-BR; mso-fareast-language: PT-BR; mso-bidi-language: AR-SA;\"><span style=\"font-family: comic sans ms,sans-serif;\">\u00a0<\/span><\/span><\/span><\/span><\/span><\/p>\n","protected":false},"excerpt":{"rendered":"<p>\u00a0 \u00a0\u00a0\u00a0\u00a0\u00a0\u00a0\u00a0\u00a0\u00a0\u00a0\u00a0\u00a0\u00a0\u00a0\u00a0\u00a0\u00a0\u00a0\u00a0\u00a0\u00a0\u00a0\u00a0\u00a0\u00a0\u00a0\u00a0\u00a0\u00a0\u00a0\u00a0 Annelida \u00a0Arthropoda \u00a0Cnidaria \u00a0Echinodermata \u00a0Mollusca \u00a0Porifera \u00a0Protozo\u00e1rios \u00a0 \u00a0 Entende-se por Fauna Aqu\u00e1tica o conjunto de animais que habitam os meios aqu\u00e1ticos. De maneira ampla, separa-se em fauna marinha, animais aptos a viver em um meio com grande n\u00edvel de salinidade, e fauna de \u00e1gua doce, esp\u00e9cies animais que habitam rios, lagos e [&hellip;]<\/p>\n","protected":false},"author":1,"featured_media":0,"parent":0,"menu_order":0,"comment_status":"open","ping_status":"open","template":"","meta":{"ngg_post_thumbnail":0},"_links":{"self":[{"href":"http:\/\/www.labec.com.br\/biodigital\/wp-json\/wp\/v2\/pages\/3"}],"collection":[{"href":"http:\/\/www.labec.com.br\/biodigital\/wp-json\/wp\/v2\/pages"}],"about":[{"href":"http:\/\/www.labec.com.br\/biodigital\/wp-json\/wp\/v2\/types\/page"}],"author":[{"embeddable":true,"href":"http:\/\/www.labec.com.br\/biodigital\/wp-json\/wp\/v2\/users\/1"}],"replies":[{"embeddable":true,"href":"http:\/\/www.labec.com.br\/biodigital\/wp-json\/wp\/v2\/comments?post=3"}],"version-history":[{"count":26,"href":"http:\/\/www.labec.com.br\/biodigital\/wp-json\/wp\/v2\/pages\/3\/revisions"}],"predecessor-version":[{"id":134,"href":"http:\/\/www.labec.com.br\/biodigital\/wp-json\/wp\/v2\/pages\/3\/revisions\/134"}],"wp:attachment":[{"href":"http:\/\/www.labec.com.br\/biodigital\/wp-json\/wp\/v2\/media?parent=3"}],"curies":[{"name":"wp","href":"https:\/\/api.w.org\/{rel}","templated":true}]}}