{"id":271,"date":"2009-01-20T22:32:55","date_gmt":"2009-01-21T01:32:55","guid":{"rendered":"http:\/\/www.labec.com.br\/biodigital\/?page_id=271"},"modified":"2009-07-03T09:44:58","modified_gmt":"2009-07-03T12:44:58","slug":"panulirus-argus","status":"publish","type":"page","link":"http:\/\/www.labec.com.br\/biodigital\/fauna\/arthropoda\/classificacao\/crustacea\/decapoda\/panulirus-argus\/","title":{"rendered":"Panulirus argus"},"content":{"rendered":"<p style=\"MARGIN: 0cm 0cm 0pt; TEXT-ALIGN: center\"><span style=\"mso-bidi-font-size: 12.0pt;\"><span style=\"font-size: large;\"><span style=\"font-family: Comic Sans MS;\"><span style=\"font-family: comic sans ms,sans-serif;\"><span style=\"font-size: small;\"><strong><span style=\"font-size: medium;\"><span style=\"color: #000000;\"><a href=\"http:\/\/www.labec.com.br\/biodigital\/wordpress\/wp-content\/uploads\/2009\/01\/panulirus-argus.jpg\"><img decoding=\"async\" loading=\"lazy\" class=\"size-medium wp-image-745  aligncenter\" title=\"panulirus-argus\" src=\"http:\/\/www.labec.com.br\/biodigital\/wordpress\/wp-content\/uploads\/2009\/01\/panulirus-argus-300x292.jpg\" alt=\"panulirus-argus\" width=\"300\" height=\"292\" srcset=\"http:\/\/www.labec.com.br\/biodigital\/wordpress\/wp-content\/uploads\/2009\/01\/panulirus-argus-300x292.jpg 300w, http:\/\/www.labec.com.br\/biodigital\/wordpress\/wp-content\/uploads\/2009\/01\/panulirus-argus.jpg 361w\" sizes=\"(max-width: 300px) 100vw, 300px\" \/><\/a><\/span><\/span><\/strong><\/span><\/span><\/span><\/span><\/span><\/p>\n<p style=\"MARGIN: 0cm 0cm 0pt; TEXT-ALIGN: center\"><span style=\"font-family: comic sans ms,sans-serif;\"><span style=\"font-size: x-small;\"><span style=\"color: #999999;\">Foto: GUIMAR\u00c3ES, C. R. P\u00a0<\/span><\/span><\/span><\/p>\n<p style=\"MARGIN: 0cm 0cm 0pt; TEXT-ALIGN: center\"><span style=\"font-family: comic sans ms,sans-serif;\"><span style=\"font-size: x-small;\"><span style=\"color: #999999;\"><span style=\"font-size: small;\"><span style=\"color: #000000;\"><span style=\"color: #99cc00;\"><em>Panulirus argus<\/em><span style=\"display: none; mso-fareast-font-family: 'Arial Unicode MS'; mso-hide: all;\"> <\/span><\/span><\/span><\/span><\/span><\/span><\/span><\/p>\n<p style=\"MARGIN: 0cm 0cm 0pt; TEXT-ALIGN: center\"><span style=\"font-family: comic sans ms,sans-serif;\"><span style=\"font-size: x-small;\"><span style=\"color: #999999;\"><span style=\"font-size: small;\">\u00a0<\/span><\/span><\/span><\/span><\/p>\n<p style=\"margin: 0cm 0cm 0pt;\"><span style=\"mso-bidi-font-size: 12.0pt;\"><span style=\"font-size: large;\"><span style=\"font-family: Comic Sans MS;\"><span style=\"font-family: comic sans ms,sans-serif;\"><span style=\"font-size: small;\"><strong>\u00a0<\/strong><\/span><\/span><\/span><\/span><\/span>\u00a0<\/p>\n<p style=\"margin: 0cm 0cm 0pt;\"><span style=\"mso-bidi-font-size: 12.0pt;\"><span style=\"font-size: large;\"><span style=\"font-family: Comic Sans MS;\"><span style=\"font-family: comic sans ms,sans-serif;\"><span style=\"font-size: small;\"><strong>\u00a0<\/strong><\/span><\/span><\/span><\/span><\/span>\u00a0<\/p>\n<p style=\"margin: 0cm 0cm 0pt;\"><span style=\"mso-bidi-font-size: 12.0pt;\"><span style=\"font-size: large;\"><span style=\"font-family: Comic Sans MS;\"><span style=\"font-family: comic sans ms,sans-serif;\"><span style=\"font-size: small;\"><strong><span style=\"font-size: medium;\"><span style=\"color: #000000;\"><span style=\"color: #999999;\"><span style=\"color: #000000;\">Cla<\/span><\/span><span style=\"color: #000000;\">ss<\/span>ifica\u00e7\u00e3o<\/span><\/span><\/strong><\/span><\/span><\/span><\/span><\/span><\/p>\n<p class=\"MsoNormal\" style=\"margin: 0cm 0cm 0pt; text-align: justify;\"><span style=\"font-size: small;\"><span style=\"font-family: comic sans ms,sans-serif;\"><span style=\"font-size: small;\"><span style=\"color: #000000;\"><strong>Reino: <\/strong>Animalia<\/span><\/span><\/span><\/span><\/p>\n<p class=\"MsoNormal\" style=\"margin: 0cm 0cm 0pt; text-align: justify;\"><span style=\"font-size: small;\"><span style=\"font-family: comic sans ms,sans-serif;\"><span style=\"font-size: small;\"><span style=\"color: #000000;\"><strong>Filo:<\/strong> Arthropoda<\/span><\/span><\/span><\/span><\/p>\n<p class=\"MsoNormal\" style=\"margin: 0cm 0cm 0pt; text-align: justify;\"><span style=\"font-size: small;\"><span style=\"font-family: comic sans ms,sans-serif;\"><span style=\"font-size: small;\"><span style=\"color: #000000;\"><strong>Subfilo: <\/strong>Crustacea<strong>\u00a0<\/strong><\/span><\/span><\/span><\/span><\/p>\n<p class=\"MsoNormal\" style=\"margin: 0cm 0cm 0pt; text-align: justify;\"><span style=\"font-size: small;\"><span style=\"font-family: comic sans ms,sans-serif;\"><span style=\"font-size: small;\"><span style=\"color: #000000;\"><strong>Classe:<\/strong> Malacostraca<\/span><\/span><\/span><\/span><\/p>\n<p class=\"MsoNormal\" style=\"margin: 0cm 0cm 0pt; text-align: justify;\"><span style=\"font-size: small;\"><span style=\"font-family: comic sans ms,sans-serif;\"><span style=\"font-size: small;\"><span style=\"color: #000000;\"><strong>Ordem:<\/strong> Decapoda<\/span><\/span><\/span><\/span><\/p>\n<p class=\"MsoNormal\" style=\"margin: 0cm 0cm 0pt; text-align: justify;\"><span style=\"font-size: small;\"><span style=\"font-family: comic sans ms,sans-serif;\"><span style=\"font-size: small;\"><span style=\"color: #000000;\"><strong>Fam\u00edlia:<\/strong> Palinuridae<\/span><\/span><\/span><\/span><\/p>\n<p class=\"MsoNormal\" style=\"margin: 0cm 0cm 0pt; text-align: justify;\"><span style=\"font-size: small;\"><span style=\"font-family: comic sans ms,sans-serif;\"><span style=\"font-size: small;\"><span style=\"color: #000000;\"><strong>G\u00eanero:<\/strong> <em>Panulirus<\/em><\/span><\/span><\/span><\/span><\/p>\n<p class=\"MsoNormal\" style=\"margin: 0cm 0cm 0pt; text-align: justify;\"><span style=\"font-size: small;\"><span style=\"font-family: comic sans ms,sans-serif;\"><span style=\"font-size: small;\"><span style=\"color: #000000;\"><strong>Esp\u00e9cie:<\/strong><em> Panulirus argus<\/em><span style=\"display: none; mso-fareast-font-family: 'Arial Unicode MS'; mso-hide: all;\"> <\/span><\/span><\/span><\/span><\/span><\/p>\n<p class=\"MsoNormal\" style=\"margin: 0cm 0cm 0pt; text-align: justify;\"><span style=\"font-family: &quot;Comic Sans MS&quot;; mso-no-proof: yes;\"><span style=\"font-size: small;\"><span style=\"font-family: comic sans ms,sans-serif;\"><span style=\"font-size: small;\"><span style=\"color: #000000;\">\u00a0<\/span><\/span><\/span><\/span><\/span><\/p>\n<p class=\"MsoNormal\" style=\"margin: 0cm 0cm 0pt; text-align: justify;\"><span style=\"font-family: &quot;Comic Sans MS&quot;; mso-no-proof: yes;\"><span style=\"font-size: small;\"><span style=\"font-family: comic sans ms,sans-serif;\"><span style=\"font-size: small;\"><span style=\"color: #000000;\">\u00a0<\/span><\/span><\/span><\/span><\/span><\/p>\n<p style=\"margin: 0cm 0cm 0pt; text-align: justify;\"><strong><span style=\"font-size: large;\"><span style=\"font-family: comic sans ms,sans-serif;\"><span style=\"font-size: small;\"><span style=\"color: #000000;\"><span style=\"font-size: medium;\">Descri\u00e7\u00e3o da esp\u00e9cie<\/span><\/span><\/span><\/span><\/span><\/strong><\/p>\n<p class=\"MsoNormal\" style=\"margin: 0cm 0cm 0pt; text-align: justify;\"><span style=\"font-family: &quot;Comic Sans MS&quot;;\"><span style=\"font-size: small;\"><span style=\"font-family: comic sans ms,sans-serif;\"><span style=\"font-size: small;\"><span style=\"color: #000000;\">Carapa\u00e7a com fortes espinhos longitudinais mais ou menos regulares, espinhos supra-orbitais grandes, comprimidos e curvados para cima e para a frente. Olhos grandes e proeminentes. Ant\u00eanulas quase 2\/3 do comprimento do corpo, com flagelo externo mais curto e grosso do que o interno, ciliado distalmente. Segmento antenal com par de espinhos na frente. Antenas grandes e pesadas, ped\u00fanculos com v\u00e1rios espinhos fortes e com pequena sub-quela na quinta pata. Abdome liso, com somitos cruzados por sulcos interrompidos no meio. Ple\u00f3podos ausentes no primeiro somito abdominal. Divis\u00e3o proximal do t\u00e9lson com alguns fortes espinhos. Abdome com manchas ocelares amareladas.<\/span><\/span><\/span><\/span><\/span><\/p>\n<p class=\"MsoNormal\" style=\"margin: 0cm 0cm 0pt; text-align: justify;\">\u00a0<\/p>\n<p><span style=\"mso-bidi-font-size: 11.0pt;\"><span style=\"font-size: large;\"><span style=\"font-family: comic sans ms,sans-serif;\"><span style=\"font-size: small;\"><span style=\"color: #000000;\"><strong>\u00a0<\/strong><\/span><\/span><\/span><\/span><\/span>\u00a0<\/p>\n<p style=\"TEXT-ALIGN: center\"><span style=\"mso-bidi-font-size: 11.0pt;\"><span style=\"font-size: large;\"><span style=\"font-family: comic sans ms,sans-serif;\"><span style=\"font-size: small;\"><span style=\"color: #000000;\"><span style=\"font-size: medium;\"><span style=\"font-size: small;\"><a href=\"http:\/\/www.labec.com.br\/biodigital\/wordpress\/wp-content\/uploads\/2009\/01\/panulirus-argus-3.jpg\"><strong><img decoding=\"async\" loading=\"lazy\" class=\"size-medium wp-image-760  aligncenter\" title=\"panulirus-argus-3\" src=\"http:\/\/www.labec.com.br\/biodigital\/wordpress\/wp-content\/uploads\/2009\/01\/panulirus-argus-3-300x194.jpg\" alt=\"panulirus-argus-3\" width=\"300\" height=\"194\" srcset=\"http:\/\/www.labec.com.br\/biodigital\/wordpress\/wp-content\/uploads\/2009\/01\/panulirus-argus-3-300x194.jpg 300w, http:\/\/www.labec.com.br\/biodigital\/wordpress\/wp-content\/uploads\/2009\/01\/panulirus-argus-3.jpg 520w\" sizes=\"(max-width: 300px) 100vw, 300px\" \/><\/strong><\/a><span style=\"font-size: x-small;\"><span style=\"color: #999999;\"><br \/>\nFoto: GUIMAR\u00c3ES, C. R. P.<br \/>\n<span style=\"font-size: small;\"><span style=\"color: #000000;\"><span style=\"color: #99cc00;\"><em>Panulirus argus<\/em><span style=\"display: none; mso-fareast-font-family: 'Arial Unicode MS'; mso-hide: all;\"> <br \/>\n<\/span><\/span><\/span><\/span><\/span><\/span><br \/>\n<\/span><\/span><\/span><\/span><\/span><\/span><\/span><\/p>\n<p style=\"margin: 0cm 0cm 0pt;\"><strong>\u00a0<\/strong><\/p>\n<p style=\"margin: 0cm 0cm 0pt;\"><span style=\"font-family: comic sans ms,sans-serif;\"><strong><span style=\"font-size: medium;\"><span style=\"color: #000000;\">Distribui\u00e7\u00e3o Geogr\u00e1fica<\/span><\/span><\/strong><\/span><\/p>\n<p class=\"MsoNormal\" style=\"margin: 0cm 0cm 0pt; text-align: justify;\"><span style=\"font-family: &quot;Comic Sans MS&quot;;\"><span style=\"font-size: small;\"><span style=\"font-family: comic sans ms,sans-serif;\"><span style=\"font-size: small;\"><span style=\"color: #000000;\">Atl\u00e2ntico Ocidental \u2013 Carolina do Norte at\u00e9 a Fl\u00f3rida, Bermudas, Golfo do M\u00e9xico, Am\u00e9rica Central, Antilhas, norte da Am\u00e9rica do Sul e Brasil (Fernando de Noronha, Rocas e do Par\u00e1 at\u00e9 S\u00e3o Paulo), Atl\u00e2ntico Oriental \u2013 \u00c1frica (Costa do Marfim).<\/span><\/span><\/span><\/span><\/span><\/p>\n<p class=\"MsoNormal\" style=\"margin: 0cm 0cm 0pt; text-align: justify;\"><strong><span style=\"font-family: &quot;Comic Sans MS&quot;;\"><span style=\"font-size: small;\"><span style=\"font-family: comic sans ms,sans-serif;\"><span style=\"font-size: small;\"><span style=\"color: #000000;\">\u00a0<\/span><\/span><\/span><\/span><\/span><\/strong><\/p>\n<p class=\"MsoNormal\" style=\"margin: 0cm 0cm 0pt; text-align: justify;\"><strong><span style=\"font-family: &quot;Comic Sans MS&quot;;\"><span style=\"font-size: small;\"><span style=\"font-family: comic sans ms,sans-serif;\"><span style=\"font-size: small;\"><span style=\"color: #000000;\">Distribui\u00e7\u00e3o local<span style=\"mso-tab-count: 1;\"> <\/span><\/span><\/span><\/span><\/span><\/span><\/strong><\/p>\n<p class=\"MsoNormal\" style=\"margin: 0cm 0cm 0pt; text-align: justify;\"><span style=\"font-family: &quot;Comic Sans MS&quot;;\"><span style=\"font-size: small;\"><span style=\"font-family: comic sans ms,sans-serif;\"><span style=\"font-size: small;\"><span style=\"color: #000000;\">Como a costa do estado de Sergipe n\u00e3o possui cost\u00e3o rochoso, estes indiv\u00edduos s\u00e3o capturados ocasionalmente.<\/span><\/span><\/span><\/span><\/span><\/p>\n<p class=\"MsoNormal\" style=\"margin: 0cm 0cm 0pt; text-align: justify;\"><span style=\"font-family: &quot;Comic Sans MS&quot;;\"><span style=\"font-size: small;\"><span style=\"font-family: comic sans ms,sans-serif;\"><span style=\"font-size: small;\"><span style=\"color: #000000;\">\u00a0<\/span><\/span><\/span><\/span><\/span><\/p>\n<p class=\"MsoNormal\" style=\"margin: 0cm 0cm 0pt; text-align: justify;\"><strong style=\"mso-bidi-font-weight: normal;\"><span style=\"font-family: &quot;Comic Sans MS&quot;;\"><span style=\"font-size: small;\"><span style=\"font-family: comic sans ms,sans-serif;\"><span style=\"font-size: small;\"><span style=\"color: #000000;\"><br \/>\n<span style=\"font-size: medium;\">Biologia<\/span><\/span><\/span><\/span><\/span><\/span><\/strong><\/p>\n<p class=\"MsoNormal\" style=\"margin: 0cm 0cm 0pt; text-align: justify;\"><span style=\"font-family: &quot;Comic Sans MS&quot;;\"><span style=\"font-size: small;\"><span style=\"font-family: comic sans ms,sans-serif;\"><span style=\"font-size: small;\"><span style=\"color: #000000;\">Vive em recifes, entre as rochas, esponjas em crescimento ou entre coisas que lhe ofere\u00e7am prote\u00e7\u00e3o. Do entre-mar\u00e9s at\u00e9 90 metros de profundidade. Esp\u00e9cie greg\u00e1ria, vivendo em grupos.<\/span><\/span><\/span><\/span><\/span><\/p>\n<p class=\"MsoNormal\" style=\"margin: 0cm 0cm 0pt; text-align: justify;\"><span style=\"font-family: &quot;Comic Sans MS&quot;; mso-bidi-font-family: Tahoma; mso-bidi-font-size: 10.0pt;\"><span style=\"font-size: small;\"><span style=\"font-family: comic sans ms,sans-serif;\"><span style=\"font-size: small;\"><span style=\"color: #000000;\">\u00a0<\/span><\/span><\/span><\/span><\/span><\/p>\n<p style=\"margin: 0cm 0cm 0pt;\"><span style=\"mso-bidi-font-family: Arial; mso-bidi-font-size: 12.0pt;\"><span style=\"font-size: large;\"><span style=\"font-family: comic sans ms,sans-serif;\"><span style=\"font-size: small;\"><span style=\"color: #000000;\"><strong><span style=\"font-size: medium;\"><span style=\"font-size: small;\"><br \/>\n<\/span>Nome Popular<\/span><\/strong><\/span><\/span><\/span><\/span><\/span><\/p>\n<p class=\"MsoNormal\" style=\"margin: 0cm 0cm 0pt; text-align: justify;\"><span style=\"font-family: &quot;Comic Sans MS&quot;;\"><span style=\"font-size: small;\"><span style=\"font-family: comic sans ms,sans-serif;\"><span style=\"font-size: small;\"><span style=\"color: #000000;\">Lagosta espinhosa, lagosta comum, lagosta verdadeira.<\/span><\/span><\/span><\/span><\/span><\/p>\n<p class=\"MsoNormal\" style=\"margin: 0cm 0cm 0pt; text-align: justify;\"><span style=\"font-family: &quot;Comic Sans MS&quot;; mso-bidi-font-family: Arial;\"><span style=\"font-size: small;\"><span style=\"font-family: comic sans ms,sans-serif;\"><span style=\"font-size: small;\"><span style=\"color: #000000;\">\u00a0<\/span><\/span><\/span><\/span><\/span><\/p>\n<p style=\"margin: 0cm 0cm 0pt;\"><span style=\"mso-bidi-font-family: Arial; mso-bidi-font-size: 12.0pt;\"><span style=\"font-size: large;\"><span style=\"font-family: comic sans ms,sans-serif;\"><span style=\"font-size: small;\"><span style=\"color: #000000;\"><strong><span style=\"font-size: medium;\"><span style=\"font-size: small;\"><br \/>\n<\/span>Import\u00e2ncia Econ\u00f4mica<\/span><\/strong><\/span><\/span><\/span><\/span><\/span><\/p>\n<p style=\"margin: 0cm 0cm 0pt; text-align: justify;\"><span style=\"font-family: &quot;Comic Sans MS&quot;;\"><span style=\"font-size: small;\"><span style=\"font-family: comic sans ms,sans-serif;\"><span style=\"font-size: small;\"><span style=\"color: #000000;\">Esta \u00e9 a esp\u00e9cie de lagosta de maior valor comercial em todo o Atl\u00e2ntico Ocidental. \u00c9 capturada principalmente com armadilhas e com pequenas redes manuais. \u00c9 comercializada fresca ou congelada e \u00e9 amplamente exportada.<\/span><\/span><\/span><\/span><\/span><\/p>\n<p style=\"margin: 0cm 0cm 0pt; text-align: justify;\"><span style=\"font-family: &quot;Comic Sans MS&quot;;\"><span style=\"font-size: small;\"><span style=\"font-family: comic sans ms,sans-serif;\"><span style=\"font-size: small;\"><span style=\"color: #000000;\"><br \/>\n<\/span><\/span><\/span><\/span><\/span><\/p>\n<p style=\"TEXT-ALIGN: center\">\u00a0<a href=\"http:\/\/www.labec.com.br\/biodigital\/wordpress\/wp-content\/uploads\/2009\/01\/panulirus-argus-2.jpg\"><img decoding=\"async\" loading=\"lazy\" class=\"size-medium wp-image-747  aligncenter\" title=\"panulirus-argus-2\" src=\"http:\/\/www.labec.com.br\/biodigital\/wordpress\/wp-content\/uploads\/2009\/01\/panulirus-argus-2-300x244.jpg\" alt=\"panulirus-argus-2\" width=\"300\" height=\"244\" srcset=\"http:\/\/www.labec.com.br\/biodigital\/wordpress\/wp-content\/uploads\/2009\/01\/panulirus-argus-2-300x244.jpg 300w, http:\/\/www.labec.com.br\/biodigital\/wordpress\/wp-content\/uploads\/2009\/01\/panulirus-argus-2.jpg 598w\" sizes=\"(max-width: 300px) 100vw, 300px\" \/><\/a><\/p>\n<p style=\"text-align: center;\"><span style=\"font-family: &quot;Comic Sans MS&quot;;\"><span style=\"font-size: small;\"><span style=\"font-family: comic sans ms,sans-serif;\"><span style=\"font-size: small;\"><span style=\"color: #888888;\"><span style=\"font-size: x-small;\"><span style=\"color: #800080;\"><span style=\"color: #999999;\">Foto: GUIMAR\u00c3ES, C. R. P.<br \/>\n<span style=\"font-size: small;\"><span style=\"color: #000000;\"><em><span style=\"color: #99cc00;\">Panulirus argus<\/span><\/em><span style=\"display: none; mso-fareast-font-family: 'Arial Unicode MS'; mso-hide: all;\"> <br \/>\n<\/span><\/span><\/span><\/span><\/span><\/span><\/span><\/span><\/span><\/span><\/span><\/p>\n<p><br class=\"spacer_\" \/><\/p>\n<p><span style=\"font-family: &quot;Comic Sans MS&quot;;\"><span style=\"font-size: small;\"><span style=\"font-family: comic sans ms,sans-serif;\"><span style=\"font-size: small;\"><span style=\"color: #888888;\"><span style=\"font-size: x-small;\"><span style=\"color: #800080;\"><br \/>\nTexto escrito por: Juliana F. V. Munduruca<\/span><\/span><\/span><\/span><\/span><\/span><\/span><\/p>\n<p><br class=\"spacer_\" \/><\/p>\n<p><span style=\"font-family: &quot;Comic Sans MS&quot;;\"><span style=\"font-size: small;\"><span style=\"font-family: comic sans ms,sans-serif;\"><span style=\"font-size: small;\"><span style=\"color: #888888;\"><span style=\"font-size: x-small;\"><span style=\"color: #800080;\"><br \/>\n<\/span><\/span><\/span><\/span><\/span><\/span><\/span><strong><span style=\"font-size: 14pt; mso-bidi-font-family: Tahoma; mso-bidi-font-size: 10.0pt;\"><span style=\"font-family: comic sans ms,sans-serif;\"><span style=\"font-size: small;\"><span style=\"color: #000000;\"><span style=\"color: #999999;\"><span style=\"font-size: x-small;\">Refer\u00eancias Bibliogr\u00e1ficas:<\/span><\/span><\/span><\/span><\/span><\/span><\/strong><\/p>\n<p class=\"MsoNormal\" style=\"margin: 0cm 0cm 0pt; text-align: justify;\"><span style=\"font-family: &quot;Comic Sans MS&quot;; mso-ansi-language: ES-TRAD;\" lang=\"ES-TRAD\"><span style=\"font-size: small;\"><span style=\"font-family: comic sans ms,sans-serif;\"><span style=\"font-size: small;\"><span style=\"color: #999999;\"><span style=\"font-size: x-small;\">\u00a0<\/span><\/span><\/span><\/span><\/span><\/span><\/p>\n<p class=\"MsoNormal\" style=\"margin: 0cm 0cm 0pt; text-align: justify;\"><span style=\"font-family: &quot;Comic Sans MS&quot;; mso-ansi-language: ES-TRAD;\" lang=\"ES-TRAD\"><span style=\"font-size: small;\"><span style=\"font-family: comic sans ms,sans-serif;\"><span style=\"font-size: small;\"><span style=\"color: #999999;\"><span style=\"font-size: x-small;\">CERVIG\u00d3N, F.; CIPRIANI, R.; FISCHER, W.; GARIBALDI, L.; HENDRICKX, M.; LEMUS, A. J.; M\u00c1RQUES, R.; POUTIERS, J. M.; ROBAINA, G. &amp; RODRIGUEZ, B. <strong>Guia de campo de las especies comerciales marinas y de aguas salobres de la costa septentrional de Sur America. <\/strong>Roma: Organizacion de las Naciones Unidas para la agricultura y la alimentacion, 1992.<\/span><\/span><\/span><\/span><\/span><\/span><\/p>\n<p class=\"MsoNormal\" style=\"margin: 0cm 0cm 0pt; text-align: justify;\"><span style=\"font-family: &quot;Comic Sans MS&quot;; mso-ansi-language: ES-TRAD;\" lang=\"ES-TRAD\"><span style=\"font-size: small;\"><span style=\"font-family: comic sans ms,sans-serif;\"><span style=\"font-size: small;\"><span style=\"color: #999999;\"><span style=\"font-size: x-small;\">\u00a0<\/span><\/span><\/span><\/span><\/span><\/span><\/p>\n<p class=\"MsoNormal\" style=\"margin: 0cm 0cm 0pt; text-align: justify;\"><span style=\"font-family: &quot;Comic Sans MS&quot;;\"><span style=\"font-size: small;\"><span style=\"font-family: comic sans ms,sans-serif;\"><span style=\"font-size: small;\"><span style=\"color: #999999;\"><span style=\"font-size: x-small;\">MASTALLER, M. <strong>Resumo da literatura sobre conceitos do uso de \u00e1reas de mangue, com refer\u00eancia especial para a aq\u00fcicultura artesanal.<\/strong> IBA<\/span><\/span><\/span><\/span><\/span><\/span><\/p>\n<p class=\"MsoNormal\" style=\"margin: 0cm 0cm 0pt; text-align: justify;\"><span style=\"font-family: &quot;Comic Sans MS&quot;;\"><span style=\"font-size: small;\"><span style=\"font-family: comic sans ms,sans-serif;\"><span style=\"font-size: small;\"><span style=\"color: #999999;\"><span style=\"font-size: x-small;\">\u00a0<\/span><\/span><\/span><\/span><\/span><\/span><\/p>\n<p><span style=\"font-size: 12pt; mso-fareast-font-family: 'Times New Roman'; mso-ansi-language: PT-BR; mso-fareast-language: PT-BR; mso-bidi-language: AR-SA; mso-bidi-font-family: 'Times New Roman';\"><span style=\"font-family: comic sans ms,sans-serif;\"><span style=\"font-size: small;\"><span style=\"color: #999999;\"><span style=\"font-size: x-small;\">RUPERT, E. E. &amp; BARNES, R. D. <strong>Zoologia dos invertebrados. <\/strong>6. ed. S\u00e3o Paulo: Roca, 1996.<\/span><\/span><\/span><\/span><\/span><\/p>\n<p><span style=\"font-size: 12pt; mso-fareast-font-family: 'Times New Roman'; mso-ansi-language: PT-BR; mso-fareast-language: PT-BR; mso-bidi-language: AR-SA; mso-bidi-font-family: 'Times New Roman';\"><span style=\"font-family: comic sans ms,sans-serif;\"><span style=\"font-size: small;\"><span style=\"color: #999999;\"><span style=\"font-size: x-small;\">\u00a0<\/span><\/span><\/span><\/span><\/span><\/p>\n<p><span style=\"font-size: 12pt; mso-fareast-font-family: 'Times New Roman'; mso-ansi-language: PT-BR; mso-fareast-language: PT-BR; mso-bidi-language: AR-SA; mso-bidi-font-family: 'Times New Roman';\"><span style=\"font-family: comic sans ms,sans-serif;\"><span style=\"font-size: small;\"><span style=\"color: #999999;\"><span style=\"font-size: x-small;\">\u00a0<\/span><\/span><\/span><\/span><\/span><\/p>\n<p><span style=\"font-size: 12pt; mso-fareast-font-family: 'Times New Roman'; mso-ansi-language: PT-BR; mso-fareast-language: PT-BR; mso-bidi-language: AR-SA; mso-bidi-font-family: 'Times New Roman';\"><span style=\"font-family: comic sans ms,sans-serif;\"><span style=\"font-size: small;\"><span style=\"color: #999999;\"><\/span><\/span><\/span><\/span><\/p>\n<p style=\"text-align: center;\"><span style=\"font-size: 12pt; mso-fareast-font-family: 'Times New Roman'; mso-ansi-language: PT-BR; mso-fareast-language: PT-BR; mso-bidi-language: AR-SA; mso-bidi-font-family: 'Times New Roman';\"><span style=\"font-family: comic sans ms,sans-serif;\"><span style=\"font-size: small;\"><span style=\"color: #999999;\"><span style=\"font-size: x-small;\"><a href=\"http:\/\/www.labec.com.br\/biodigital\/fauna\/arthropoda\/classificacao\/crustacea\/decapoda\"><span style=\"font-size: medium;\"><strong><span style=\"color: #808000;\">VOLTAR<\/span><\/strong><\/span><\/a><\/span><\/span><\/span><\/span><\/span><\/p>\n","protected":false},"excerpt":{"rendered":"<p>Foto: GUIMAR\u00c3ES, C. R. P\u00a0 Panulirus argus \u00a0 \u00a0\u00a0 \u00a0\u00a0 Classifica\u00e7\u00e3o Reino: Animalia Filo: Arthropoda Subfilo: Crustacea\u00a0 Classe: Malacostraca Ordem: Decapoda Fam\u00edlia: Palinuridae G\u00eanero: Panulirus Esp\u00e9cie: Panulirus argus \u00a0 \u00a0 Descri\u00e7\u00e3o da esp\u00e9cie Carapa\u00e7a com fortes espinhos longitudinais mais ou menos regulares, espinhos supra-orbitais grandes, comprimidos e curvados para cima e para a frente. Olhos [&hellip;]<\/p>\n","protected":false},"author":2,"featured_media":0,"parent":104,"menu_order":0,"comment_status":"open","ping_status":"open","template":"","meta":{"ngg_post_thumbnail":0},"_links":{"self":[{"href":"http:\/\/www.labec.com.br\/biodigital\/wp-json\/wp\/v2\/pages\/271"}],"collection":[{"href":"http:\/\/www.labec.com.br\/biodigital\/wp-json\/wp\/v2\/pages"}],"about":[{"href":"http:\/\/www.labec.com.br\/biodigital\/wp-json\/wp\/v2\/types\/page"}],"author":[{"embeddable":true,"href":"http:\/\/www.labec.com.br\/biodigital\/wp-json\/wp\/v2\/users\/2"}],"replies":[{"embeddable":true,"href":"http:\/\/www.labec.com.br\/biodigital\/wp-json\/wp\/v2\/comments?post=271"}],"version-history":[{"count":12,"href":"http:\/\/www.labec.com.br\/biodigital\/wp-json\/wp\/v2\/pages\/271\/revisions"}],"predecessor-version":[{"id":565,"href":"http:\/\/www.labec.com.br\/biodigital\/wp-json\/wp\/v2\/pages\/271\/revisions\/565"}],"up":[{"embeddable":true,"href":"http:\/\/www.labec.com.br\/biodigital\/wp-json\/wp\/v2\/pages\/104"}],"wp:attachment":[{"href":"http:\/\/www.labec.com.br\/biodigital\/wp-json\/wp\/v2\/media?parent=271"}],"curies":[{"name":"wp","href":"https:\/\/api.w.org\/{rel}","templated":true}]}}