{"id":267,"date":"2009-01-20T22:06:14","date_gmt":"2009-01-21T01:06:14","guid":{"rendered":"http:\/\/www.labec.com.br\/biodigital\/?page_id=267"},"modified":"2009-03-02T16:21:02","modified_gmt":"2009-03-02T19:21:02","slug":"cyrtopleura-costata","status":"publish","type":"page","link":"http:\/\/www.labec.com.br\/biodigital\/fauna\/mollusca\/bivalve\/cyrtopleura-costata\/","title":{"rendered":"Cyrtopleura costata"},"content":{"rendered":"<p class=\"MsoNormal\" style=\"margin: 0cm 0cm 0pt; text-align: justify;\"><strong><span style=\"font-size: 14pt; font-family: &quot;Comic Sans MS&quot;; mso-bidi-font-size: 12.0pt;\"><span style=\"color: #000000;\"><span style=\"font-family: comic sans ms,sans-serif;\"><span style=\"font-size: medium;\">Classifica\u00e7\u00e3o<\/span><\/span><\/span><\/span><\/strong><\/p>\n<p class=\"MsoNormal\" style=\"margin: 0cm 0cm 0pt; text-align: justify;\"><span style=\"font-size: small;\"><span style=\"color: #000000;\"><span style=\"font-family: comic sans ms,sans-serif;\"><span style=\"font-size: small;\"><strong>Reino: <\/strong>Animalia<\/span><\/span><\/span><\/span><\/p>\n<p class=\"MsoNormal\" style=\"margin: 0cm 0cm 0pt; text-align: justify;\"><span style=\"font-size: small;\"><span style=\"color: #000000;\"><span style=\"font-family: comic sans ms,sans-serif;\"><span style=\"font-size: small;\"><strong>Filo:<\/strong> Mollusca<\/span><\/span><\/span><\/span><\/p>\n<p class=\"MsoNormal\" style=\"margin: 0cm 0cm 0pt; text-align: justify;\"><span style=\"font-size: small;\"><span style=\"color: #000000;\"><span style=\"font-family: comic sans ms,sans-serif;\"><span style=\"font-size: small;\"><strong>Classe:<\/strong> Bivalve<\/span><\/span><\/span><\/span><\/p>\n<p class=\"MsoNormal\" style=\"margin: 0cm 0cm 0pt; text-align: justify;\"><span style=\"font-size: small;\"><span style=\"color: #000000;\"><span style=\"font-family: comic sans ms,sans-serif;\"><span style=\"font-size: small;\"><strong>Ordem:<\/strong> Myoida<\/span><\/span><\/span><\/span><\/p>\n<p class=\"MsoNormal\" style=\"margin: 0cm 0cm 0pt; text-align: justify;\"><span style=\"font-size: small;\"><span style=\"color: #000000;\"><span style=\"font-family: comic sans ms,sans-serif;\"><span style=\"font-size: small;\"><strong style=\"mso-bidi-font-weight: normal;\">Superfam\u00edlia:<\/strong> Pholadacea<\/span><\/span><\/span><\/span><\/p>\n<p class=\"MsoNormal\" style=\"margin: 0cm 0cm 0pt; text-align: justify;\"><span style=\"font-size: small;\"><span style=\"color: #000000;\"><span style=\"font-family: comic sans ms,sans-serif;\"><span style=\"font-size: small;\"><strong>Fam\u00edlia: <\/strong>Pholadidae<\/span><\/span><\/span><\/span><\/p>\n<p class=\"MsoNormal\" style=\"margin: 0cm 0cm 0pt; text-align: justify;\"><span style=\"font-size: small;\"><span style=\"color: #000000;\"><span style=\"font-family: comic sans ms,sans-serif;\"><span style=\"font-size: small;\"><strong>G\u00eanero:<\/strong> <em style=\"mso-bidi-font-style: normal;\">Cyrtopleura<\/em><\/span><\/span><\/span><\/span><\/p>\n<p class=\"MsoNormal\" style=\"margin: 0cm 0cm 0pt; text-align: justify;\"><span style=\"font-size: small;\"><span style=\"color: #000000;\"><span style=\"font-family: comic sans ms,sans-serif;\"><span style=\"font-size: small;\"><strong>Esp\u00e9cie: <\/strong><em>Cyrtopleura costata<\/em><\/span><\/span><\/span><\/span><\/p>\n<p class=\"MsoNormal\" style=\"margin: 0cm 0cm 0pt; text-align: justify;\"><span style=\"display: none; font-family: &quot;Comic Sans MS&quot;; mso-fareast-font-family: 'Arial Unicode MS'; mso-hide: all;\"><span style=\"font-size: small;\"><span style=\"color: #000000;\"><span style=\"font-family: comic sans ms,sans-serif;\"><span style=\"font-size: small;\">\u00a0<\/span><\/span><\/span><\/span><\/span><\/p>\n<p class=\"MsoNormal\" style=\"margin: 0cm 0cm 0pt; text-align: justify;\"><span style=\"font-family: &quot;Comic Sans MS&quot;; mso-no-proof: yes;\"><span style=\"font-size: small;\"><span style=\"color: #000000;\"><span style=\"font-family: comic sans ms,sans-serif;\"><span style=\"font-size: small;\">\u00a0<\/span><\/span><\/span><\/span><\/span><\/p>\n<p style=\"margin: 0cm 0cm 0pt; text-align: justify;\"><strong><span style=\"font-size: large;\"><span style=\"font-family: Comic Sans MS;\"><span style=\"color: #000000;\"><span style=\"font-family: comic sans ms,sans-serif;\"><span style=\"font-size: medium;\">Descri\u00e7\u00e3o da esp\u00e9cie<\/span><\/span><\/span><\/span><\/span><\/strong><\/p>\n<p class=\"MsoNormal\" style=\"margin: 0cm 0cm 0pt; text-align: justify;\"><strong><span style=\"font-weight: normal; font-family: &quot;Comic Sans MS&quot;; mso-bidi-font-weight: bold;\"><span style=\"font-size: small;\"><span style=\"color: #000000;\"><span style=\"font-family: comic sans ms,sans-serif;\"><span style=\"font-size: small;\">Concha alongada, branca, fr\u00e1gil e quebradi\u00e7a. Ornamentada com 28 a 32 grossas costelas radiais imbricadas. Periostraco fino e acinzentado. Umbos proeminentes, parcialmente cobertos por reflex\u00f5es umbonais. Protoplax grande, fino e triangular. Mesoplax transverso, subtriangular, calc\u00e1reo, formado por uma \u00fanica pe\u00e7a.<\/span><\/span><\/span><\/span><\/span><\/strong><\/p>\n<p class=\"MsoNormal\" style=\"margin: 0cm 0cm 0pt; text-align: justify;\"><strong><span style=\"font-weight: normal; font-family: &quot;Comic Sans MS&quot;; mso-bidi-font-weight: bold;\"><span style=\"font-size: small;\"><span style=\"color: #000000;\"><span style=\"font-family: comic sans ms,sans-serif;\"><span style=\"font-size: small;\">\u00a0<\/span><\/span><\/span><\/span><\/span><\/strong><\/p>\n<p style=\"margin: 0cm 0cm 0pt; text-align: justify;\"><span style=\"mso-bidi-font-size: 11.0pt;\"><span style=\"font-size: large;\"><span style=\"font-family: Comic Sans MS;\"><span style=\"color: #000000;\"><span style=\"font-family: comic sans ms,sans-serif;\"><span style=\"font-size: medium;\"><strong>Distribui\u00e7\u00e3o Geogr\u00e1fica<\/strong><\/span><\/span><\/span><\/span><\/span><\/span><\/p>\n<p class=\"MsoNormal\" style=\"margin: 0cm 0cm 0pt; text-align: justify;\"><span style=\"font-family: &quot;Comic Sans MS&quot;;\"><span style=\"font-size: small;\"><span style=\"color: #000000;\"><span style=\"font-family: comic sans ms,sans-serif;\"><span style=\"font-size: small;\">Sul de Massachussets at\u00e9 a Fl\u00f3rida, Texas, W. Indies, Suriname e Brasil (do Par\u00e1 at\u00e9 Santa Catarina).<\/span><\/span><\/span><\/span><\/span><\/p>\n<p style=\"margin: 0cm 0cm 0pt; text-align: justify;\"><span style=\"font-family: &quot;Comic Sans MS&quot;; mso-bidi-font-family: Tahoma; mso-bidi-font-size: 10.0pt;\"><span style=\"font-size: small;\"><span style=\"color: #000000;\"><span style=\"font-family: comic sans ms,sans-serif;\"><span style=\"font-size: small;\">\u00a0<\/span><\/span><\/span><\/span><\/span><\/p>\n<p style=\"margin: 0cm 0cm 0pt; text-align: justify;\"><strong style=\"mso-bidi-font-weight: normal;\"><span style=\"font-size: 14pt; font-family: &quot;Comic Sans MS&quot;; mso-bidi-font-family: Tahoma;\"><span style=\"color: #000000;\"><span style=\"font-family: comic sans ms,sans-serif;\"><span style=\"font-size: medium;\">Biologia<\/span><\/span><\/span><\/span><\/strong><\/p>\n<p style=\"margin: 0cm 0cm 0pt; text-align: justify;\"><span style=\"font-family: &quot;Comic Sans MS&quot;;\"><span style=\"font-size: small;\"><span style=\"color: #000000;\"><span style=\"font-family: comic sans ms,sans-serif;\"><span style=\"font-size: small;\">Vive perfurando rochas moles, argila e lama.<\/span><\/span><\/span><\/span><\/span><\/p>\n<p style=\"margin: 0cm 0cm 0pt; text-align: justify;\"><span style=\"font-family: &quot;Comic Sans MS&quot;; mso-bidi-font-family: Tahoma; mso-bidi-font-size: 10.0pt;\"><span style=\"font-size: small;\"><span style=\"color: #000000;\"><span style=\"font-family: comic sans ms,sans-serif;\"><span style=\"font-size: small;\">\u00a0<\/span><\/span><\/span><\/span><\/span><\/p>\n<p style=\"margin: 0cm 0cm 0pt; text-align: justify;\"><strong><span style=\"font-size: 14pt; font-family: &quot;Comic Sans MS&quot;; mso-bidi-font-family: Tahoma; mso-bidi-font-size: 10.0pt;\"><span style=\"color: #000000;\"><span style=\"font-family: comic sans ms,sans-serif;\"><span style=\"font-size: small;\"><span style=\"color: #999999;\"><span style=\"font-size: x-small;\">Refer\u00eancias Bibliogr\u00e1ficas:<\/span><\/span><\/span><\/span><\/span><\/span><\/strong><\/p>\n<p style=\"margin: 0cm 0cm 0pt; text-align: justify;\"><span style=\"font-size: small;\"><span style=\"color: #000000;\"><span style=\"font-family: comic sans ms,sans-serif;\"><span style=\"font-size: small;\"><span style=\"color: #999999;\"><span style=\"font-size: x-small;\"><strong>Family: Pholadidae (Piddocks).<\/strong> Dispon\u00edvel em: <span style=\"mso-bidi-font-family: Arial; mso-bidi-font-size: 10.0pt;\">: <a href=\"http:\/\/nighthawk.tricity.wsu.edu\/museum\/ArcherdShellCollection\/bivalvia\/Pholadidae.html\" target=\"_top\"><span style=\"mso-bidi-font-family: Arial;\">nighthawk.tricity.wsu.edu\/&#8230;\/ bivalvia\/Pholadidae.html<\/span><\/a>. Acessado em: 02\/11\/02.<\/span><\/span><\/span><\/span><\/span><\/span><\/span><\/p>\n<p style=\"margin: 0cm 0cm 0pt; text-align: justify;\"><strong><span style=\"font-size: 14pt; font-family: &quot;Comic Sans MS&quot;; mso-bidi-font-family: Tahoma; mso-bidi-font-size: 10.0pt;\"><span style=\"color: #000000;\"><span style=\"font-family: comic sans ms,sans-serif;\"><span style=\"font-size: small;\"><span style=\"color: #999999;\"><span style=\"font-size: x-small;\">\u00a0<\/span><\/span><\/span><\/span><\/span><\/span><\/strong><\/p>\n<p style=\"margin: 0cm 0cm 0pt; text-align: justify;\"><span style=\"font-size: small;\"><span style=\"color: #000000;\"><span style=\"font-family: comic sans ms,sans-serif;\"><span style=\"font-size: small;\"><span style=\"color: #999999;\"><span style=\"font-size: x-small;\"><span style=\"mso-ansi-language: EN-US;\" lang=\"EN-US\">RIOS, E. C. <strong>Seashells of Brasil. <\/strong><\/span>Rio Grande do Sul: Editora da FURG, 1994.<\/span><\/span><\/span><\/span><\/span><\/span><\/p>\n<p style=\"margin: 0cm 0cm 0pt; text-align: justify;\"><span style=\"font-family: &quot;Comic Sans MS&quot;;\"><span style=\"font-size: small;\"><span style=\"color: #000000;\"><span style=\"font-family: comic sans ms,sans-serif;\"><span style=\"font-size: small;\"><span style=\"color: #999999;\"><span style=\"font-size: x-small;\">\u00a0<\/span><\/span><\/span><\/span><\/span><\/span><\/span><\/p>\n<p style=\"margin: 0cm 0cm 0pt; text-align: justify;\"><span style=\"font-family: &quot;Comic Sans MS&quot;;\"><span style=\"font-size: small;\"><span style=\"color: #000000;\"><span style=\"font-family: comic sans ms,sans-serif;\"><span style=\"font-size: small;\"><span style=\"color: #999999;\"><span style=\"font-size: x-small;\">RUPERT, E. E. &amp; BARNES, R. D. <strong>Zoologia dos invertebrados. <\/strong>6. ed. S\u00e3o Paulo: Roca, 1996.<\/span><\/span><\/span><\/span><\/span><\/span><\/span><strong><\/strong><\/p>\n","protected":false},"excerpt":{"rendered":"<p>Classifica\u00e7\u00e3o Reino: Animalia Filo: Mollusca Classe: Bivalve Ordem: Myoida Superfam\u00edlia: Pholadacea Fam\u00edlia: Pholadidae G\u00eanero: Cyrtopleura Esp\u00e9cie: Cyrtopleura costata \u00a0 \u00a0 Descri\u00e7\u00e3o da esp\u00e9cie Concha alongada, branca, fr\u00e1gil e quebradi\u00e7a. Ornamentada com 28 a 32 grossas costelas radiais imbricadas. Periostraco fino e acinzentado. Umbos proeminentes, parcialmente cobertos por reflex\u00f5es umbonais. Protoplax grande, fino e triangular. Mesoplax [&hellip;]<\/p>\n","protected":false},"author":2,"featured_media":0,"parent":70,"menu_order":0,"comment_status":"open","ping_status":"open","template":"","meta":{"ngg_post_thumbnail":0},"_links":{"self":[{"href":"http:\/\/www.labec.com.br\/biodigital\/wp-json\/wp\/v2\/pages\/267"}],"collection":[{"href":"http:\/\/www.labec.com.br\/biodigital\/wp-json\/wp\/v2\/pages"}],"about":[{"href":"http:\/\/www.labec.com.br\/biodigital\/wp-json\/wp\/v2\/types\/page"}],"author":[{"embeddable":true,"href":"http:\/\/www.labec.com.br\/biodigital\/wp-json\/wp\/v2\/users\/2"}],"replies":[{"embeddable":true,"href":"http:\/\/www.labec.com.br\/biodigital\/wp-json\/wp\/v2\/comments?post=267"}],"version-history":[{"count":3,"href":"http:\/\/www.labec.com.br\/biodigital\/wp-json\/wp\/v2\/pages\/267\/revisions"}],"predecessor-version":[{"id":269,"href":"http:\/\/www.labec.com.br\/biodigital\/wp-json\/wp\/v2\/pages\/267\/revisions\/269"}],"up":[{"embeddable":true,"href":"http:\/\/www.labec.com.br\/biodigital\/wp-json\/wp\/v2\/pages\/70"}],"wp:attachment":[{"href":"http:\/\/www.labec.com.br\/biodigital\/wp-json\/wp\/v2\/media?parent=267"}],"curies":[{"name":"wp","href":"https:\/\/api.w.org\/{rel}","templated":true}]}}