{"id":262,"date":"2009-01-16T16:28:21","date_gmt":"2009-01-16T19:28:21","guid":{"rendered":"http:\/\/www.labec.com.br\/biodigital\/?page_id=262"},"modified":"2009-06-04T14:52:40","modified_gmt":"2009-06-04T17:52:40","slug":"lychnorhiza-lucerna","status":"publish","type":"page","link":"http:\/\/www.labec.com.br\/biodigital\/fauna\/cnidaria\/scyphozoa\/lychnorhiza-lucerna\/","title":{"rendered":"Lychnorhiza lucerna"},"content":{"rendered":"<p><span style=\"font-size: small;\"><span style=\"font-family: comic sans ms,sans-serif;\"><strong><span style=\"font-size: medium;\">Classifica\u00e7\u00e3o<\/span><\/strong><\/span><\/span><\/p>\n<p><span style=\"font-size: small;\"><span style=\"font-family: comic sans ms,sans-serif;\"><strong>Reino:<\/strong> Animalia<br \/>\n<\/span><\/span><span style=\"font-size: small;\"><span style=\"font-family: comic sans ms,sans-serif;\"><strong>Filo:<\/strong> Cnidaria ou Coelenterata<br \/>\n<\/span><\/span><span style=\"font-size: small;\"><span style=\"font-family: comic sans ms,sans-serif;\"><strong>Classe:<\/strong> Scyphozoa<br \/>\n<\/span><\/span><span style=\"font-size: small;\"><span style=\"font-family: comic sans ms,sans-serif;\"><strong>Ordem:<\/strong> Rhizostomeae<br \/>\n<\/span><\/span><span style=\"font-size: small;\"><span style=\"font-family: comic sans ms,sans-serif;\"><strong>G\u00eanero:<\/strong> <em>Lychnorhiza<\/em><br \/>\n<\/span><\/span><span style=\"font-size: small;\"><span style=\"font-family: comic sans ms,sans-serif;\"><strong>Esp\u00e9cie:<\/strong> <em>Lychnorhiza lucerna<\/em> <\/span><\/span><\/p>\n<p><span style=\"font-size: small;\"><span style=\"font-family: comic sans ms,sans-serif;\"><strong>Descri\u00e7\u00e3o da esp\u00e9cie:<br \/>\n<\/strong><\/span><\/span><span style=\"font-size: small;\"><span style=\"font-family: comic sans ms,sans-serif;\">Bra\u00e7os orais t\u00e3o longos quanto o di\u00e2metro do disco, bra\u00e7os orais sem filamentos, superf\u00edcie exumbrelar tendo verrugas.<\/span><\/span><\/p>\n<p><span style=\"font-size: small;\"><span style=\"font-family: comic sans ms,sans-serif;\"><strong>Distribui\u00e7\u00e3o Geogr\u00e1fica<br \/>\n<\/strong>Ocorre no estado de Sergipe<\/span><\/span><\/p>\n<p><span style=\"font-size: small;\"><span style=\"font-family: comic sans ms,sans-serif;\"><strong>Nome Popular<br \/>\n<\/strong>\u00e1gua viva<\/span><\/span><span style=\"font-size: small;\"><span style=\"font-family: comic sans ms,sans-serif;\">\u00a0<\/span><\/span><\/p>\n<p><span style=\"font-size: small;\"><span style=\"font-family: comic sans ms,sans-serif;\"><strong>Import\u00e2ncia <br \/>\n<\/strong>As medusas t\u00eam tanto import\u00e2ncia ecol\u00f3gica como econ\u00f4mica e m\u00e9dica. <br \/>\n<\/span><\/span><span style=\"font-size: small;\"><span style=\"font-family: comic sans ms,sans-serif;\">Elas desempenham um papel relevante na cadeia alimentar e afetam as atividades pesqueiras e tur\u00edsticas, podendo causar acidentes. <br \/>\n<\/span><\/span><span style=\"font-size: small;\"><span style=\"font-family: comic sans ms,sans-serif;\">S\u00e3o freq\u00fcentemente conhecidas pela beleza de suas cores e formas e pela queimadura que podem causar em banhistas e pescadores.<\/span><\/span><\/p>\n<p><br class=\"spacer_\" \/><\/p>\n<p><span style=\"font-size: small;\"><span style=\"font-family: comic sans ms,sans-serif;\"><span style=\"color: #999999;\"><span style=\"font-size: x-small;\">Refer\u00eancias Bibliogr\u00e1ficas:<\/span><\/span><\/span><\/span><\/p>\n<p><span style=\"font-size: small;\"><span style=\"font-family: comic sans ms,sans-serif;\"><span style=\"color: #999999;\"><span style=\"font-family: comic sans ms,sans-serif;\"><span style=\"font-size: x-small;\">CORNELIUS, P.F.S. Keys to the genera of Cubomedusae and Sciphomedusae (Cnid\u00e1ria). Proceedings of the 6th International Conference on Coelenterate Biology, 1995.<\/span><\/span><\/span><\/span><\/span><\/p>\n<p><span style=\"font-size: small;\"><span style=\"font-family: comic sans ms,sans-serif;\"><span style=\"color: #999999;\"><span style=\"font-family: comic sans ms,sans-serif;\"><span style=\"font-size: x-small;\">RUPERT, E. E. &amp; BARNES, R. D. Zoologia dos invertebrados. 6. ed. S\u00e3o Paulo: Roca, 1996.<\/span><\/span><\/span><\/span><\/span><\/p>\n","protected":false},"excerpt":{"rendered":"<p>Classifica\u00e7\u00e3o Reino: Animalia Filo: Cnidaria ou Coelenterata Classe: Scyphozoa Ordem: Rhizostomeae G\u00eanero: Lychnorhiza Esp\u00e9cie: Lychnorhiza lucerna Descri\u00e7\u00e3o da esp\u00e9cie: Bra\u00e7os orais t\u00e3o longos quanto o di\u00e2metro do disco, bra\u00e7os orais sem filamentos, superf\u00edcie exumbrelar tendo verrugas. Distribui\u00e7\u00e3o Geogr\u00e1fica Ocorre no estado de Sergipe Nome Popular \u00e1gua viva\u00a0 Import\u00e2ncia As medusas t\u00eam tanto import\u00e2ncia ecol\u00f3gica como [&hellip;]<\/p>\n","protected":false},"author":2,"featured_media":0,"parent":454,"menu_order":0,"comment_status":"open","ping_status":"open","template":"","meta":{"ngg_post_thumbnail":0},"_links":{"self":[{"href":"http:\/\/www.labec.com.br\/biodigital\/wp-json\/wp\/v2\/pages\/262"}],"collection":[{"href":"http:\/\/www.labec.com.br\/biodigital\/wp-json\/wp\/v2\/pages"}],"about":[{"href":"http:\/\/www.labec.com.br\/biodigital\/wp-json\/wp\/v2\/types\/page"}],"author":[{"embeddable":true,"href":"http:\/\/www.labec.com.br\/biodigital\/wp-json\/wp\/v2\/users\/2"}],"replies":[{"embeddable":true,"href":"http:\/\/www.labec.com.br\/biodigital\/wp-json\/wp\/v2\/comments?post=262"}],"version-history":[{"count":6,"href":"http:\/\/www.labec.com.br\/biodigital\/wp-json\/wp\/v2\/pages\/262\/revisions"}],"predecessor-version":[{"id":465,"href":"http:\/\/www.labec.com.br\/biodigital\/wp-json\/wp\/v2\/pages\/262\/revisions\/465"}],"up":[{"embeddable":true,"href":"http:\/\/www.labec.com.br\/biodigital\/wp-json\/wp\/v2\/pages\/454"}],"wp:attachment":[{"href":"http:\/\/www.labec.com.br\/biodigital\/wp-json\/wp\/v2\/media?parent=262"}],"curies":[{"name":"wp","href":"https:\/\/api.w.org\/{rel}","templated":true}]}}