{"id":23,"date":"2008-10-31T11:57:58","date_gmt":"2008-10-31T17:57:58","guid":{"rendered":"http:\/\/www.labec.com.br\/biodigital\/?page_id=23"},"modified":"2009-03-02T17:24:59","modified_gmt":"2009-03-02T20:24:59","slug":"pugilina-morio","status":"publish","type":"page","link":"http:\/\/www.labec.com.br\/biodigital\/fauna\/mollusca\/gastropoda\/pugilina-morio\/","title":{"rendered":"Pugilina morio"},"content":{"rendered":"<p class=\"MsoNormal\" style=\"margin: 0cm 0cm 0pt; text-align: center;\"><strong><span style=\"font-size: 14pt; font-family: &quot;Comic Sans MS&quot;; mso-bidi-font-size: 12.0pt;\"><a href=\"http:\/\/www.labec.com.br\/biodigital\/wordpress\/wp-content\/uploads\/2008\/11\/020-f.jpg\"><img decoding=\"async\" loading=\"lazy\" class=\"size-medium wp-image-158 aligncenter\" title=\"020-f\" src=\"http:\/\/www.labec.com.br\/biodigital\/wordpress\/wp-content\/uploads\/2008\/11\/020-f-225x300.jpg\" alt=\"\" width=\"225\" height=\"300\" srcset=\"http:\/\/www.labec.com.br\/biodigital\/wordpress\/wp-content\/uploads\/2008\/11\/020-f-225x300.jpg 225w, http:\/\/www.labec.com.br\/biodigital\/wordpress\/wp-content\/uploads\/2008\/11\/020-f.jpg 384w\" sizes=\"(max-width: 225px) 100vw, 225px\" \/><\/a><\/span><\/strong><\/p>\n<p class=\"MsoNormal\" style=\"margin: 0cm 0cm 0pt; text-align: center;\"><span style=\"font-size: 14pt; mso-bidi-font-size: 12.0pt;\"><span style=\"font-family: comic sans ms,sans-serif;\"><span style=\"font-size: small;\"><span style=\"color: #000000;\"><span style=\"font-size: x-small;\"><span style=\"color: #99cc00;\"><span style=\"mso-fareast-font-family: 'Times New Roman'; mso-ansi-language: PT-BR; mso-fareast-language: PT-BR; mso-bidi-language: AR-SA; mso-bidi-font-family: 'Times New Roman'; mso-bidi-font-size: 12.0pt;\"><em>Pugilina morio <\/em><\/span><span style=\"mso-fareast-font-family: 'Times New Roman'; mso-ansi-language: PT-BR; mso-fareast-language: PT-BR; mso-bidi-language: AR-SA; mso-bidi-font-family: 'Times New Roman'; mso-bidi-font-size: 12.0pt;\">com desova. Rio Piau\u00ed, 1987.<\/span><\/span><\/span><\/span><\/span><\/span><\/span><\/p>\n<p class=\"MsoNormal\" style=\"margin: 0cm 0cm 0pt; text-align: justify;\"><span style=\"font-size: 14pt; mso-bidi-font-size: 12.0pt;\"><span style=\"font-family: comic sans ms,sans-serif;\"><span style=\"font-size: small;\"><\/span><\/span><\/span><\/p>\n<p class=\"MsoNormal\" style=\"margin: 0cm 0cm 0pt; text-align: justify;\"><span style=\"font-size: 14pt; mso-bidi-font-size: 12.0pt;\"><span style=\"font-family: comic sans ms,sans-serif;\"><span style=\"font-size: small;\"><\/span><\/span><\/span><\/p>\n<p class=\"MsoNormal\" style=\"margin: 0cm 0cm 0pt; text-align: justify;\"><strong><span style=\"font-family: comic sans ms,sans-serif;\"><span style=\"font-size: small;\"><span style=\"font-family: comic sans ms,sans-serif;\"><\/span><\/span><\/span><\/strong><\/p>\n<p class=\"MsoNormal\" style=\"margin: 0cm 0cm 0pt; text-align: justify;\"><strong><span style=\"font-size: 14pt; mso-bidi-font-size: 12.0pt;\"><span style=\"font-family: comic sans ms,sans-serif;\"><span style=\"font-size: small;\"><span style=\"font-family: comic sans ms,sans-serif;\"><span style=\"color: #000000;\"><\/span><\/span><\/span><\/span><\/span><\/strong><\/p>\n<p class=\"MsoNormal\" style=\"margin: 0cm 0cm 0pt; text-align: justify;\"><strong><span style=\"font-size: 14pt; mso-bidi-font-size: 12.0pt;\"><span style=\"font-family: comic sans ms,sans-serif;\"><span style=\"font-size: small;\"><span style=\"font-family: comic sans ms,sans-serif;\"><span style=\"color: #000000;\"><\/span><\/span><\/span><\/span><\/span><\/strong><\/p>\n<p class=\"MsoNormal\" style=\"margin: 0cm 0cm 0pt; text-align: justify;\"><strong><span style=\"font-size: 14pt; mso-bidi-font-size: 12.0pt;\"><span style=\"font-family: comic sans ms,sans-serif;\"><span style=\"font-size: small;\"><span style=\"font-family: comic sans ms,sans-serif;\"><span style=\"color: #000000;\"><span style=\"font-size: medium;\">Classifica\u00e7\u00e3o<\/span><\/span><\/span><\/span><\/span><\/span><\/strong><\/p>\n<p class=\"MsoNormal\" style=\"margin: 0cm 0cm 0pt; text-align: justify;\"><span style=\"font-size: small;\"><span style=\"font-family: comic sans ms,sans-serif;\"><span style=\"font-size: small;\"><span style=\"font-family: comic sans ms,sans-serif;\"><span style=\"color: #000000;\"><strong>Reino: <\/strong>Animalia<\/span><\/span><\/span><\/span><\/span><\/p>\n<p class=\"MsoNormal\" style=\"margin: 0cm 0cm 0pt; text-align: justify;\"><span style=\"font-size: small;\"><span style=\"font-family: comic sans ms,sans-serif;\"><span style=\"font-size: small;\"><span style=\"font-family: comic sans ms,sans-serif;\"><span style=\"color: #000000;\"><strong>Filo:<\/strong> Mollusca<\/span><\/span><\/span><\/span><\/span><\/p>\n<p class=\"MsoNormal\" style=\"margin: 0cm 0cm 0pt; text-align: justify;\"><span style=\"font-size: small;\"><span style=\"font-family: comic sans ms,sans-serif;\"><span style=\"font-size: small;\"><span style=\"font-family: comic sans ms,sans-serif;\"><span style=\"color: #000000;\"><strong>Classe:<\/strong> Gastropoda<\/span><\/span><\/span><\/span><\/span><\/p>\n<p class=\"MsoNormal\" style=\"margin: 0cm 0cm 0pt; text-align: justify;\"><span style=\"font-size: small;\"><span style=\"font-family: comic sans ms,sans-serif;\"><span style=\"font-size: small;\"><span style=\"font-family: comic sans ms,sans-serif;\"><span style=\"color: #000000;\"><strong>Ordem:<\/strong> Neogastropoda<strong> <\/strong><\/span><\/span><\/span><\/span><\/span><\/p>\n<p class=\"MsoNormal\" style=\"margin: 0cm 0cm 0pt; text-align: justify;\"><span style=\"font-size: small;\"><span style=\"font-family: comic sans ms,sans-serif;\"><span style=\"font-size: small;\"><span style=\"font-family: comic sans ms,sans-serif;\"><span style=\"color: #000000;\"><strong>Fam\u00edlia:<\/strong> Melongenidae<\/span><\/span><\/span><\/span><\/span><\/p>\n<p class=\"MsoNormal\" style=\"margin: 0cm 0cm 0pt; text-align: justify;\"><span style=\"font-size: small;\"><span style=\"font-family: comic sans ms,sans-serif;\"><span style=\"font-size: small;\"><span style=\"font-family: comic sans ms,sans-serif;\"><span style=\"color: #000000;\"><strong>G\u00eanero:<\/strong> <em>Pugilina<\/em><\/span><\/span><\/span><\/span><\/span><\/p>\n<p class=\"MsoNormal\" style=\"margin: 0cm 0cm 0pt; text-align: justify;\"><span style=\"font-size: small;\"><span style=\"font-family: comic sans ms,sans-serif;\"><span style=\"font-size: small;\"><span style=\"font-family: comic sans ms,sans-serif;\"><span style=\"color: #000000;\"><strong>Esp\u00e9cie:<\/strong><em> Pugilina morio <\/em><span style=\"mso-bidi-font-family: Arial; mso-bidi-font-size: 13.5pt;\">(Linnaeus, 1758)<\/span><\/span><\/span><\/span><\/span><\/span><\/p>\n<p class=\"MsoNormal\" style=\"margin: 0cm 0cm 0pt; text-align: justify;\"><span style=\"font-family: &quot;Comic Sans MS&quot;;\"><span style=\"font-size: small;\"><span style=\"font-family: comic sans ms,sans-serif;\"><span style=\"font-size: small;\"><span style=\"font-family: comic sans ms,sans-serif;\"><span style=\"color: #000000;\">\u00a0<\/span><\/span><\/span><\/span><\/span><\/span><\/p>\n<p class=\"MsoNormal\" style=\"margin: 0cm 0cm 0pt; text-align: justify;\"><span style=\"font-family: &quot;Comic Sans MS&quot;;\"><span style=\"font-size: small;\"><span style=\"font-family: comic sans ms,sans-serif;\"><span style=\"font-size: small;\"><span style=\"font-family: comic sans ms,sans-serif;\"><span style=\"color: #000000;\">\u00a0<\/span><\/span><\/span><\/span><\/span><\/span><\/p>\n<p style=\"margin: 0cm 0cm 0pt; text-align: justify;\"><strong><span style=\"font-size: large;\"><span style=\"font-family: comic sans ms,sans-serif;\"><span style=\"font-size: small;\"><span style=\"font-family: comic sans ms,sans-serif;\"><span style=\"color: #000000;\"><span style=\"font-size: medium;\">Descri\u00e7\u00e3o da esp\u00e9cie<\/span><\/span><\/span><\/span><\/span><\/span><\/strong><\/p>\n<p class=\"MsoNormal\" style=\"margin: 0cm 0cm 0pt; text-align: justify;\"><span style=\"font-size: small;\"><span style=\"font-family: comic sans ms,sans-serif;\"><span style=\"font-size: small;\"><span style=\"font-family: comic sans ms,sans-serif;\"><span style=\"color: #000000;\"><span style=\"mso-bidi-font-family: Arial;\">Tem um tamanho m\u00e9dio de 80 &#8211; 150mm. S\u00e3o <\/span><span style=\"mso-bidi-font-size: 7.5pt;\">necr\u00f3fagos.<br \/>\n<\/span><\/span><\/span><\/span><\/span><\/span><\/p>\n<p class=\"MsoNormal\" style=\"margin: 0cm 0cm 0pt; text-align: justify;\"><span style=\"font-size: small;\"><span style=\"font-family: comic sans ms,sans-serif;\"><span style=\"font-size: small;\"><span style=\"font-family: comic sans ms,sans-serif;\"><span style=\"color: #000000;\"><strong><\/strong><\/span><\/span><\/span><\/span><\/span><\/p>\n<p class=\"MsoNormal\" style=\"margin: 0cm 0cm 0pt; text-align: justify;\"><span style=\"font-size: small;\"><span style=\"font-family: comic sans ms,sans-serif;\"><span style=\"font-size: small;\"><span style=\"font-family: comic sans ms,sans-serif;\"><span style=\"color: #000000;\"><strong><span style=\"mso-bidi-font-family: Arial;\">Sin\u00f4nimos: <\/span><\/strong><span style=\"mso-bidi-font-family: Arial;\">F. coronatus Lamarck, 1803<\/span><\/span><\/span><\/span><\/span><\/span><\/p>\n<p class=\"MsoNormal\" style=\"margin: 0cm 0cm 0pt; text-align: justify;\"><span style=\"font-family: &quot;Comic Sans MS&quot;;\"><span style=\"font-size: small;\"><span style=\"font-family: comic sans ms,sans-serif;\"><span style=\"font-size: small;\"><\/span><\/span><\/span><\/span><\/p>\n<p class=\"MsoNormal\" style=\"margin: 0cm 0cm 0pt; text-align: justify;\"><span style=\"font-family: &quot;Comic Sans MS&quot;;\"><span style=\"font-size: small;\"><span style=\"font-family: comic sans ms,sans-serif;\"><span style=\"font-size: small;\"><span style=\"font-family: comic sans ms,sans-serif;\"><span style=\"color: #000000;\"><br \/>\n\u00a0<\/span><\/span><\/span><\/span><\/span><\/span><\/p>\n<p style=\"margin: 0cm 0cm 0pt;\"><span style=\"mso-bidi-font-size: 11.0pt;\"><span style=\"font-size: large;\"><span style=\"font-family: comic sans ms,sans-serif;\"><span style=\"font-size: small;\"><span style=\"font-family: comic sans ms,sans-serif;\"><span style=\"color: #000000;\"><strong><span style=\"font-size: medium;\">Distribui\u00e7\u00e3o Geogr\u00e1fica<\/span><\/strong><\/span><\/span><\/span><\/span><\/span><\/span><\/p>\n<p class=\"MsoNormal\" style=\"margin: 0cm 0cm 0pt; text-align: justify; mso-layout-grid-align: none;\"><span style=\"font-size: small;\"><span style=\"font-family: comic sans ms,sans-serif;\"><span style=\"font-size: small;\"><span style=\"font-family: comic sans ms,sans-serif;\"><span style=\"color: #000000;\"><span style=\"mso-bidi-font-size: 11.5pt;\">Habitat: vive na costa ocidental da \u00c1frica, nas Antilhas e no Brasil nos estados de<\/span><span style=\"mso-bidi-font-family: Arial;\"> Santa Catarina, Paran\u00e1, S\u00e3o Paulo, Rio de Janeiro, Esp\u00edrito Santo, Bahia, Sergipe, Alagoas, Pernambuco, Para\u00edba, Rio Grande do Norte, Cear\u00e1, Piau\u00ed, Maranh\u00e3o, Par\u00e1.<\/span><\/span><\/span><\/span><\/span><\/span><\/p>\n<p class=\"MsoNormal\" style=\"margin: 0cm 0cm 0pt; text-align: justify;\"><span style=\"font-family: &quot;Comic Sans MS&quot;; mso-bidi-font-family: Arial;\"><span style=\"font-size: small;\"><span style=\"font-family: comic sans ms,sans-serif;\"><span style=\"font-size: small;\"><span style=\"font-family: comic sans ms,sans-serif;\"><span style=\"color: #000000;\"><br \/>\n<\/span><\/span><\/span><\/span><\/span><\/span><\/p>\n<p style=\"margin: 0cm 0cm 0pt;\"><span style=\"mso-bidi-font-family: Arial; mso-bidi-font-size: 12.0pt;\"><span style=\"font-size: large;\"><span style=\"font-family: comic sans ms,sans-serif;\"><span style=\"font-size: small;\"><span style=\"font-family: comic sans ms,sans-serif;\"><span style=\"color: #000000;\"><span style=\"font-size: medium;\"><strong>Nome Popular<\/strong><\/span><\/span><\/span><\/span><\/span><\/span><\/span><\/p>\n<p class=\"MsoNormal\" style=\"margin: 0cm 0cm 0pt; text-align: justify;\"><span style=\"font-size: 11.5pt;\"><span style=\"font-family: comic sans ms,sans-serif;\"><span style=\"font-size: small;\"><span style=\"font-family: comic sans ms,sans-serif;\"><span style=\"color: #000000;\">Em S\u00e3o Tom\u00e9 e Pr\u00edncipe: Caixa abela<\/span><\/span><\/span><\/span><\/span><\/p>\n<p class=\"MsoNormal\" style=\"margin: 0cm 0cm 0pt; text-align: justify;\"><span style=\"font-family: &quot;Comic Sans MS&quot;; mso-bidi-font-family: Arial;\"><span style=\"font-size: small;\"><span style=\"font-family: comic sans ms,sans-serif;\"><span style=\"font-size: small;\"><span style=\"font-family: comic sans ms,sans-serif;\"><span style=\"color: #000000;\"><br \/>\n\u00a0<\/span><\/span><\/span><\/span><\/span><\/span><\/p>\n<p style=\"margin: 0cm 0cm 0pt;\"><span style=\"mso-bidi-font-family: Arial; mso-bidi-font-size: 12.0pt;\"><span style=\"font-size: large;\"><span style=\"font-family: comic sans ms,sans-serif;\"><span style=\"font-size: small;\"><span style=\"font-family: comic sans ms,sans-serif;\"><span style=\"color: #000000;\"><span style=\"font-size: medium;\"><strong><\/strong><\/span><\/span><\/span><\/span><\/span><\/span><\/span><\/p>\n<p style=\"margin: 0cm 0cm 0pt;\"><span style=\"mso-bidi-font-family: Arial; mso-bidi-font-size: 12.0pt;\"><span style=\"font-size: large;\"><span style=\"font-family: comic sans ms,sans-serif;\"><span style=\"font-size: small;\"><span style=\"font-family: comic sans ms,sans-serif;\"><span style=\"color: #000000;\"><span style=\"font-size: medium;\"><strong>Import\u00e2ncia<\/strong><\/span><\/span><\/span><\/span><\/span><\/span><\/span><\/p>\n<p class=\"MsoNormal\" style=\"margin: 0cm 0cm 0pt; text-align: justify; mso-layout-grid-align: none;\"><span style=\"font-size: small;\"><span style=\"font-family: comic sans ms,sans-serif;\"><span style=\"font-size: small;\"><span style=\"font-family: comic sans ms,sans-serif;\"><span style=\"color: #000000;\"><span style=\"mso-bidi-font-size: 10.0pt;\">Conchas utilizadas pelos paguros<\/span><\/span><\/span><\/span><\/span><\/span><\/p>\n<p style=\"margin: 0cm 0cm 0pt; text-align: justify;\"><span style=\"font-family: &quot;Comic Sans MS&quot;; mso-fareast-font-family: 'Times New Roman'; mso-bidi-font-family: 'Times New Roman';\"><span style=\"font-size: small;\"><span style=\"font-family: comic sans ms,sans-serif;\"><span style=\"font-size: small;\"><\/span><\/span><\/span><\/span><\/p>\n<p style=\"margin: 0cm 0cm 0pt; text-align: justify;\"><span style=\"font-family: &quot;Comic Sans MS&quot;; mso-fareast-font-family: 'Times New Roman'; mso-bidi-font-family: 'Times New Roman';\"><span style=\"font-size: small;\"><span style=\"font-family: comic sans ms,sans-serif;\"><span style=\"font-size: small;\"><span style=\"font-family: comic sans ms,sans-serif;\"><span style=\"color: #000000;\"><br \/>\n\u00a0<\/span><\/span><\/span><\/span><\/span><\/span><\/p>\n<p style=\"margin: 0cm 0cm 0pt; text-align: justify;\"><strong><span style=\"font-size: 14pt; mso-fareast-font-family: 'Times New Roman'; mso-bidi-font-family: 'Times New Roman'; mso-bidi-font-size: 12.0pt;\"><span style=\"font-family: comic sans ms,sans-serif;\"><span style=\"font-size: small;\"><span style=\"font-family: comic sans ms,sans-serif;\"><span style=\"color: #000000;\"><span style=\"font-size: medium;\">Curiosidade<\/span><\/span><\/span><\/span><\/span><\/span><\/strong><\/p>\n<p class=\"MsoNormal\" style=\"margin: 0cm 0cm 0pt; text-align: justify; mso-layout-grid-align: none;\"><span style=\"color: #231f20; font-family: &quot;Comic Sans MS&quot;; mso-bidi-font-size: 10.0pt;\"><span style=\"font-size: small;\"><span style=\"font-family: comic sans ms,sans-serif;\"><span style=\"font-size: small;\"><span style=\"font-family: comic sans ms,sans-serif;\"><span style=\"color: #000000;\">Conchas utilizadas pelos paguros<\/span><\/span><\/span><\/span><\/span><\/span><\/p>\n<p class=\"MsoNormal\" style=\"margin: 0cm 0cm 0pt; text-align: justify; mso-layout-grid-align: none;\"><span style=\"font-size: small;\"><span style=\"font-family: comic sans ms,sans-serif;\"><span style=\"font-size: small;\"><span style=\"font-family: comic sans ms,sans-serif;\"><span style=\"color: #000000;\"><span style=\"mso-bidi-font-size: 11.0pt;\">No estado da Bahia, <em>Pugilina morio <\/em>tamb\u00e9m \u00e9 consumido como afrodis\u00edaco. <\/span><\/span><\/span><\/span><\/span><\/span><\/p>\n<p style=\"margin: 0cm 0cm 0pt; text-align: justify;\"><span style=\"font-family: &quot;Comic Sans MS&quot;; mso-bidi-font-family: Tahoma; mso-bidi-font-size: 10.0pt;\"><span style=\"font-size: small;\"><span style=\"font-family: comic sans ms,sans-serif;\"><span style=\"font-size: small;\"><span style=\"font-family: comic sans ms,sans-serif;\"><span style=\"color: #000000;\">\u00a0<\/span><\/span><\/span><\/span><\/span><\/span><\/p>\n<p style=\"margin: 0cm 0cm 0pt; text-align: justify;\"><span style=\"font-family: &quot;Comic Sans MS&quot;; mso-bidi-font-family: Tahoma; mso-bidi-font-size: 10.0pt;\"><span style=\"font-size: small;\"><span style=\"font-family: comic sans ms,sans-serif;\"><span style=\"font-size: small;\"><\/span><\/span><\/span><\/span><\/p>\n<p style=\"margin: 0cm 0cm 0pt; text-align: justify;\"><strong><span style=\"font-size: 14pt; mso-bidi-font-family: Tahoma; mso-bidi-font-size: 10.0pt;\"><span style=\"font-family: comic sans ms,sans-serif;\"><span style=\"font-size: small;\"><span style=\"font-family: comic sans ms,sans-serif;\"><span style=\"color: #999999;\"><span style=\"font-size: x-small;\"><br \/>\nRefer\u00eancias Bibliogr\u00e1ficas:<\/span><\/span><\/span><\/span><\/span><\/span><\/strong><\/p>\n<p class=\"MsoNormal\" style=\"margin: 0cm 0cm 0pt; text-align: justify;\"><span style=\"font-family: &quot;Comic Sans MS&quot;;\"><a href=\"http:\/\/www.conchasbrasil.org.br\/conquiliologia\/descricao.asp?id=792\"><span style=\"font-size: small;\"><span style=\"font-family: comic sans ms,sans-serif;\"><span style=\"font-size: small;\"><span style=\"font-family: comic sans ms,sans-serif;\"><span style=\"color: #999999;\"><span style=\"font-size: x-small;\">http:\/\/www.conchasbrasil.org.br\/conquiliologia\/descricao.asp?id=792<\/span><\/span><\/span><\/span><\/span><\/span><\/a><\/span><\/p>\n<p class=\"MsoNormal\" style=\"margin: 0cm 0cm 0pt; text-align: justify;\"><span style=\"font-family: &quot;Comic Sans MS&quot;;\"><a href=\"http:\/\/www.seb-ecologia.org.br\/viiiceb\/pdf\/1025.pdf\"><span style=\"font-size: small;\"><span style=\"font-family: comic sans ms,sans-serif;\"><span style=\"font-size: small;\"><span style=\"font-family: comic sans ms,sans-serif;\"><span style=\"color: #999999;\"><span style=\"font-size: x-small;\">http:\/\/www.seb-ecologia.org.br\/viiiceb\/pdf\/1025.pdf<\/span><\/span><\/span><\/span><\/span><\/span><\/a><\/span><\/p>\n<p class=\"MsoNormal\" style=\"margin: 0cm 0cm 0pt; text-align: justify;\"><cite><span style=\"color: black; font-family: &quot;Comic Sans MS&quot;; mso-bidi-font-family: Arial;\"><a href=\"http:\/\/www.biotemas.ufsc.br\/pdf\/volume193\/p71a78.pdf\"><span style=\"font-style: normal;\"><span style=\"font-size: small;\"><span style=\"font-family: comic sans ms,sans-serif;\"><span style=\"font-size: small;\"><span style=\"font-family: comic sans ms,sans-serif;\"><span style=\"color: #999999;\"><span style=\"font-size: x-small;\">www.biotemas.ufsc.br\/pdf\/volume193\/p71a78.pdf<\/span><\/span><\/span><\/span><\/span><\/span><\/span><\/a><\/span><\/cite><!--  \/* Font Definitions *\/  @font-face \t{font-family:\"Arial Unicode MS\"; \tpanose-1:2 11 6 4 2 2 2 2 2 4; \tmso-font-charset:128; \tmso-generic-font-family:swiss; \tmso-font-pitch:variable; \tmso-font-signature:-1 -369098753 63 0 4129279 0;} @font-face \t{font-family:Tahoma; \tpanose-1:2 11 6 4 3 5 4 4 2 4; \tmso-font-charset:0; \tmso-generic-font-family:swiss; \tmso-font-pitch:variable; \tmso-font-signature:1627421319 -2147483648 8 0 66047 0;} @font-face \t{font-family:\"Comic Sans MS\"; \tpanose-1:3 15 7 2 3 3 2 2 2 4; \tmso-font-charset:0; \tmso-generic-font-family:script; \tmso-font-pitch:variable; \tmso-font-signature:647 0 0 0 159 0;} @font-face \t{font-family:\"\\@Arial Unicode MS\"; \tpanose-1:2 11 6 4 2 2 2 2 2 4; \tmso-font-charset:128; \tmso-generic-font-family:swiss; \tmso-font-pitch:variable; \tmso-font-signature:-1 -369098753 63 0 4129279 0;}  \/* Style Definitions *\/  p.MsoNormal, li.MsoNormal, div.MsoNormal \t{mso-style-parent:\"\"; \tmargin:0cm; \tmargin-bottom:.0001pt; \tmso-pagination:widow-orphan; \tfont-size:12.0pt; \tfont-family:\"Times New Roman\"; \tmso-fareast-font-family:\"Times New Roman\"; \tmso-fareast-language:PT-BR;} h1 \t{mso-style-next:Normal; \tmargin:0cm; \tmargin-bottom:.0001pt; \ttext-align:justify; \ttext-justify:inter-ideograph; \tmso-pagination:widow-orphan; \tpage-break-after:avoid; \tmso-outline-level:1; \tfont-size:14.0pt; \tfont-family:\"Comic Sans MS\"; \tmso-fareast-font-family:\"Times New Roman\"; \tmso-bidi-font-family:\"Times New Roman\"; \tmso-font-kerning:0pt; \tmso-fareast-language:PT-BR; \tfont-weight:bold;} h2 \t{mso-style-next:Normal; \tmargin:0cm; \tmargin-bottom:.0001pt; \tmso-pagination:widow-orphan; \tpage-break-after:avoid; \tmso-outline-level:2; \tfont-size:14.0pt; \tmso-bidi-font-size:12.0pt; \tfont-family:\"Comic Sans MS\"; \tmso-fareast-font-family:\"Times New Roman\"; \tmso-bidi-font-family:\"Times New Roman\"; \tmso-fareast-language:PT-BR; \tfont-weight:normal;} a:link, span.MsoHyperlink \t{color:blue; \ttext-decoration:underline; \ttext-underline:single;} a:visited, span.MsoHyperlinkFollowed \t{color:purple; \ttext-decoration:underline; \ttext-underline:single;} p \t{mso-margin-top-alt:auto; \tmargin-right:0cm; \tmso-margin-bottom-alt:auto; \tmargin-left:0cm; \tmso-pagination:widow-orphan; \tfont-size:12.0pt; \tfont-family:\"Arial Unicode MS\"; \tmso-fareast-language:PT-BR;} @page Section1 \t{size:21.0cm 842.0pt; \tmargin:2.0cm 2.0cm 2.0cm 2.0cm; \tmso-header-margin:35.45pt; \tmso-footer-margin:35.45pt; \tmso-paper-source:0;} div.Section1 \t{page:Section1;} --><!--  \/* Font Definitions *\/  @font-face \t{font-family:\"Comic Sans MS\"; \tpanose-1:3 15 7 2 3 3 2 2 2 4; \tmso-font-charset:0; \tmso-generic-font-family:script; \tmso-font-pitch:variable; \tmso-font-signature:647 0 0 0 159 0;}  \/* Style Definitions *\/  p.MsoNormal, li.MsoNormal, div.MsoNormal \t{mso-style-parent:\"\"; \tmargin:0cm; \tmargin-bottom:.0001pt; \tmso-pagination:widow-orphan; \tfont-size:12.0pt; \tfont-family:\"Times New Roman\"; \tmso-fareast-font-family:\"Times New Roman\"; \tmso-fareast-language:PT-BR;} @page Section1 \t{size:612.0pt 792.0pt; \tmargin:70.85pt 3.0cm 70.85pt 3.0cm; \tmso-header-margin:36.0pt; \tmso-footer-margin:36.0pt; \tmso-paper-source:0;} div.Section1 \t{page:Section1;} --><\/p>\n","protected":false},"excerpt":{"rendered":"<p>Pugilina morio com desova. Rio Piau\u00ed, 1987. Classifica\u00e7\u00e3o Reino: Animalia Filo: Mollusca Classe: Gastropoda Ordem: Neogastropoda Fam\u00edlia: Melongenidae G\u00eanero: Pugilina Esp\u00e9cie: Pugilina morio (Linnaeus, 1758) \u00a0 \u00a0 Descri\u00e7\u00e3o da esp\u00e9cie Tem um tamanho m\u00e9dio de 80 &#8211; 150mm. S\u00e3o necr\u00f3fagos. Sin\u00f4nimos: F. coronatus Lamarck, 1803 \u00a0 Distribui\u00e7\u00e3o Geogr\u00e1fica Habitat: vive na costa ocidental da \u00c1frica, [&hellip;]<\/p>\n","protected":false},"author":2,"featured_media":0,"parent":7,"menu_order":0,"comment_status":"open","ping_status":"open","template":"","meta":{"ngg_post_thumbnail":0},"_links":{"self":[{"href":"http:\/\/www.labec.com.br\/biodigital\/wp-json\/wp\/v2\/pages\/23"}],"collection":[{"href":"http:\/\/www.labec.com.br\/biodigital\/wp-json\/wp\/v2\/pages"}],"about":[{"href":"http:\/\/www.labec.com.br\/biodigital\/wp-json\/wp\/v2\/types\/page"}],"author":[{"embeddable":true,"href":"http:\/\/www.labec.com.br\/biodigital\/wp-json\/wp\/v2\/users\/2"}],"replies":[{"embeddable":true,"href":"http:\/\/www.labec.com.br\/biodigital\/wp-json\/wp\/v2\/comments?post=23"}],"version-history":[{"count":9,"href":"http:\/\/www.labec.com.br\/biodigital\/wp-json\/wp\/v2\/pages\/23\/revisions"}],"predecessor-version":[{"id":25,"href":"http:\/\/www.labec.com.br\/biodigital\/wp-json\/wp\/v2\/pages\/23\/revisions\/25"}],"up":[{"embeddable":true,"href":"http:\/\/www.labec.com.br\/biodigital\/wp-json\/wp\/v2\/pages\/7"}],"wp:attachment":[{"href":"http:\/\/www.labec.com.br\/biodigital\/wp-json\/wp\/v2\/media?parent=23"}],"curies":[{"name":"wp","href":"https:\/\/api.w.org\/{rel}","templated":true}]}}