{"id":182,"date":"2008-11-19T17:17:55","date_gmt":"2008-11-19T23:17:55","guid":{"rendered":"http:\/\/www.labec.com.br\/biodigital\/?page_id=182"},"modified":"2008-11-27T15:51:50","modified_gmt":"2008-11-27T18:51:50","slug":"contato","status":"publish","type":"page","link":"http:\/\/www.labec.com.br\/biodigital\/contato\/","title":{"rendered":"Contato"},"content":{"rendered":"\n\t\t<div id=\"usermessagea\" class=\"cf_info \"><\/div>\n\t\t<form enctype=\"multipart\/form-data\" action=\"\/biodigital\/wp-json\/wp\/v2\/pages\/182#usermessagea\" method=\"post\" class=\"cform\" id=\"cformsform\">\n\t\t<fieldset class=\"cf-fs1\">\n\t\t<legend>Formul\u00e1rio de Contato<\/legend>\n\t\t<ol class=\"cf-ol\">\n\t\t\t<li id=\"li--2\"><label for=\"cf_field_2\"><span>Nome<\/span><\/label><input type=\"text\" name=\"cf_field_2\" id=\"cf_field_2\" class=\"single fldrequired\" value=\"\" onfocus=\"clearField(this)\" onblur=\"setField(this)\"\/><span class=\"reqtxt\">(obrigat\u00f3rio)<\/span><\/li>\n\t\t\t<li id=\"li--3\"><label for=\"cf_field_3\"><span>Email<\/span><\/label><input type=\"text\" name=\"cf_field_3\" id=\"cf_field_3\" class=\"single fldemail fldrequired\" value=\"\"\/><span class=\"emailreqtxt\">(e-mail obrigat\u00f3rio)<\/span><\/li>\n\t\t\t<li id=\"li--4\"><label for=\"cf_field_4\"><span>Mensagem<\/span><\/label><textarea cols=\"30\" rows=\"8\" name=\"cf_field_4\" id=\"cf_field_4\" class=\"area\"><\/textarea><\/li>\n\t\t<\/ol>\n\t\t<\/fieldset>\n\t\t<fieldset class=\"cf_hidden\">\n\t\t\t<legend>&nbsp;<\/legend>\n\t\t\t<input type=\"hidden\" name=\"cf_working\" id=\"cf_working\" value=\"Aguarde%20um%20momento...\"\/>\n\t\t\t<input type=\"hidden\" name=\"cf_failure\" id=\"cf_failure\" value=\"Por%20favor%2C%20preencha%20todos%20os%20campos%20obrigat%C3%B3rios.\"\/>\n\t\t\t<input type=\"hidden\" name=\"cf_codeerr\" id=\"cf_codeerr\" value=\"Please%20double-check%20your%20verification%20code.\"\/>\n\t\t\t<input type=\"hidden\" name=\"cf_customerr\" id=\"cf_customerr\" value=\"yyy\"\/>\n\t\t\t<input type=\"hidden\" name=\"cf_popup\" id=\"cf_popup\" value=\"nn\"\/>\n\t\t<\/fieldset>\n\t\t<p class=\"cf-sb\"><input type=\"submit\" name=\"sendbutton\" id=\"sendbutton\" class=\"sendbutton\" value=\"Enviar\" onclick=\"return cforms_validate('', false)\"\/><\/p>\n\t\t<\/form>\n\t\t<p class=\"linklove\" id=\"ll\"><a href=\"http:\/\/www.deliciousdays.com\/cforms-plugin\"><em>cforms<\/em> contact form by delicious:days<\/a><\/p>\n","protected":false},"excerpt":{"rendered":"<p>Formul\u00e1rio de Contato Nome(obrigat\u00f3rio) Email(e-mail obrigat\u00f3rio) Mensagem &nbsp; cforms contact form by delicious:days<\/p>\n","protected":false},"author":2,"featured_media":0,"parent":0,"menu_order":6,"comment_status":"closed","ping_status":"closed","template":"","meta":{"ngg_post_thumbnail":0},"_links":{"self":[{"href":"http:\/\/www.labec.com.br\/biodigital\/wp-json\/wp\/v2\/pages\/182"}],"collection":[{"href":"http:\/\/www.labec.com.br\/biodigital\/wp-json\/wp\/v2\/pages"}],"about":[{"href":"http:\/\/www.labec.com.br\/biodigital\/wp-json\/wp\/v2\/types\/page"}],"author":[{"embeddable":true,"href":"http:\/\/www.labec.com.br\/biodigital\/wp-json\/wp\/v2\/users\/2"}],"replies":[{"embeddable":true,"href":"http:\/\/www.labec.com.br\/biodigital\/wp-json\/wp\/v2\/comments?post=182"}],"version-history":[{"count":6,"href":"http:\/\/www.labec.com.br\/biodigital\/wp-json\/wp\/v2\/pages\/182\/revisions"}],"predecessor-version":[{"id":222,"href":"http:\/\/www.labec.com.br\/biodigital\/wp-json\/wp\/v2\/pages\/182\/revisions\/222"}],"wp:attachment":[{"href":"http:\/\/www.labec.com.br\/biodigital\/wp-json\/wp\/v2\/media?parent=182"}],"curies":[{"name":"wp","href":"https:\/\/api.w.org\/{rel}","templated":true}]}}