{"id":178,"date":"2008-11-18T08:37:04","date_gmt":"2008-11-18T14:37:04","guid":{"rendered":"http:\/\/www.labec.com.br\/biodigital\/?page_id=178"},"modified":"2011-07-27T20:53:00","modified_gmt":"2011-07-27T23:53:00","slug":"cnidaria","status":"publish","type":"page","link":"http:\/\/www.labec.com.br\/biodigital\/fauna\/cnidaria\/","title":{"rendered":"Cnidaria"},"content":{"rendered":"<p><span style=\"font-size: medium;\"><span style=\"font-family: comic sans ms,sans-serif;\"><span style=\"color: #000000;\"><img decoding=\"async\" loading=\"lazy\" class=\"alignnone size-thumbnail wp-image-490\" title=\"anemona\" src=\"http:\/\/www.labec.com.br\/biodigital\/wordpress\/wp-content\/uploads\/2008\/11\/anemona-150x150.jpg\" alt=\"anemona\" width=\"56\" height=\"56\" srcset=\"http:\/\/www.labec.com.br\/biodigital\/wordpress\/wp-content\/uploads\/2008\/11\/anemona-150x150.jpg 150w, http:\/\/www.labec.com.br\/biodigital\/wordpress\/wp-content\/uploads\/2008\/11\/anemona.jpg 163w\" sizes=\"(max-width: 56px) 100vw, 56px\" \/>\u00a0<a href=\"http:\/\/www.labec.com.br\/biodigital\/fauna\/cnidaria\/anthozoa\"><span style=\"color: #808000;\">Classe Anthozoa<\/span><\/a><\/span><\/span><\/span><\/p>\n<p><span style=\"font-size: medium;\"><span style=\"font-family: comic sans ms,sans-serif;\"><span style=\"color: #808000;\"><img decoding=\"async\" loading=\"lazy\" class=\"alignnone size-thumbnail wp-image-459\" title=\"hydrozoa\" src=\"http:\/\/www.labec.com.br\/biodigital\/wordpress\/wp-content\/uploads\/2008\/11\/hydrozoa-150x150.jpg\" alt=\"hydrozoa\" width=\"56\" height=\"56\" \/>\u00a0<span style=\"color: #000000;\"><a href=\"http:\/\/www.labec.com.br\/biodigital\/fauna\/cnidaria\/hydrozoa\/\"><span style=\"color: #808000;\">Classe Hydrozoa<\/span><\/a><\/span><\/span><\/span><\/span><\/p>\n<p><span style=\"font-size: medium;\"><span style=\"font-family: comic sans ms,sans-serif;\"><span style=\"color: #808000;\"><img decoding=\"async\" loading=\"lazy\" class=\"alignnone size-thumbnail wp-image-460\" title=\"scyphozoa\" src=\"http:\/\/www.labec.com.br\/biodigital\/wordpress\/wp-content\/uploads\/2008\/11\/scyphozoa-150x150.jpg\" alt=\"scyphozoa\" width=\"56\" height=\"56\" \/>\u00a0<\/span><\/span><\/span><span style=\"font-size: medium;\"><span style=\"font-family: comic sans ms,sans-serif;\"><span style=\"color: #000000;\"><a href=\"http:\/\/www.labec.com.br\/biodigital\/fauna\/cnidaria\/scyphozoa\"><span style=\"color: #808000;\">Classe Scyphozoa<\/span><\/a><\/span><\/span><\/span><\/p>\n<p><br class=\"spacer_\" \/><\/p>\n<p style=\"text-align: justify;\"><span style=\"font-family: comic sans ms,sans-serif;\"><span style=\"font-size: small;\">O\u00a0Filo Cnidaria re\u00fane uma mir\u00edade de animais, marinhos ou de \u00e1gua doce, que encantam por sua beleza e peculiaridade, como \u00e9 o caso das an\u00eamonas-do-mar, das \u00e1guas-vivas e dos corais. Esses animais, predominantes de regi\u00f5es mais quentes e tropicais, podem viver isoladamente ou formar col\u00f4nias, e apresentam basicamente dois tipos morfol\u00f3gicos: as medusas (livres natantes) e os p\u00f3lipos (s\u00e9sseis). <\/span><\/span><\/p>\n<p style=\"text-align: justify;\"><span style=\"font-family: comic sans ms,sans-serif;\"><span style=\"font-size: small;\"><span style=\"font-family: comic sans ms,sans-serif;\"><span style=\"font-size: small;\">A caracter\u00edstica mais marcante desse Filo \u00e9 a presen\u00e7a de c\u00e9lulas especiais, os cnidoblastos, que podem conter organelas urticantes denominadas nematocistos, utilizadas para paralisar e capturar a presa.<\/span><\/span><\/span><\/span><\/p>\n<p style=\"text-align: justify;\"><span style=\"font-family: comic sans ms,sans-serif;\"><span style=\"font-size: small;\">Diferente dos por\u00edferos, os cnid\u00e1rios possuem maior organiza\u00e7\u00e3o celular, apresentando cavidade digest\u00f3ria, fibras musculares e uma rede de c\u00e9lulas nervosas. S\u00e3o os primeiros animais dotados de tecidos organizados,\u00a0possuindo, inclusive, alguns esbo\u00e7os de \u00f3rg\u00e3os e sistemas.<\/span><\/span><\/p>\n<p style=\"text-align: justify;\"><span style=\"font-family: comic sans ms,sans-serif;\"><span style=\"font-size: small;\">O corpo apresenta simetria radial e \u00e9 composto por uma epiderme externa, uma gastroderme interna e uma mesogl\u00e9ia interposta.<br \/>\nA reprodu\u00e7\u00e3o pode ser assexuada ou sexuada, podendo haver altern\u00e2ncia de gera\u00e7\u00f5es envolvendo p\u00f3lipos e medusas.<br \/>\n\u00a0<\/span><\/span><\/p>\n<p><span style=\"color: #800080;\"><span style=\"font-family: comic sans ms,sans-serif;\"><span style=\"font-size: x-small;\">Texto escrito por: Juliano S. Lima e Nayara Gomes da\u00a0Cruz<\/span><\/span><\/span><\/p>\n<p><span style=\"color: #800080;\"><span style=\"font-family: comic sans ms,sans-serif;\"><span style=\"font-size: x-small;\">\u00a0<\/span><\/span><\/span><\/p>\n<p style=\"text-align: center;\"><span style=\"color: #800080;\"><span style=\"font-family: comic sans ms,sans-serif;\"><span style=\"font-size: x-small;\"><span style=\"color: #000000;\"><span style=\"font-size: medium;\"><strong><a href=\"http:\/\/www.labec.com.br\/biodigital\/fauna\"><span style=\"color: #808000;\">VOLTAR<\/span><\/a><\/strong><\/span><\/span><\/span><\/span><\/span><\/p>\n","protected":false},"excerpt":{"rendered":"<p>\u00a0Classe Anthozoa \u00a0Classe Hydrozoa \u00a0Classe Scyphozoa O\u00a0Filo Cnidaria re\u00fane uma mir\u00edade de animais, marinhos ou de \u00e1gua doce, que encantam por sua beleza e peculiaridade, como \u00e9 o caso das an\u00eamonas-do-mar, das \u00e1guas-vivas e dos corais. Esses animais, predominantes de regi\u00f5es mais quentes e tropicais, podem viver isoladamente ou formar col\u00f4nias, e apresentam basicamente dois [&hellip;]<\/p>\n","protected":false},"author":2,"featured_media":0,"parent":3,"menu_order":0,"comment_status":"open","ping_status":"open","template":"","meta":{"ngg_post_thumbnail":0},"_links":{"self":[{"href":"http:\/\/www.labec.com.br\/biodigital\/wp-json\/wp\/v2\/pages\/178"}],"collection":[{"href":"http:\/\/www.labec.com.br\/biodigital\/wp-json\/wp\/v2\/pages"}],"about":[{"href":"http:\/\/www.labec.com.br\/biodigital\/wp-json\/wp\/v2\/types\/page"}],"author":[{"embeddable":true,"href":"http:\/\/www.labec.com.br\/biodigital\/wp-json\/wp\/v2\/users\/2"}],"replies":[{"embeddable":true,"href":"http:\/\/www.labec.com.br\/biodigital\/wp-json\/wp\/v2\/comments?post=178"}],"version-history":[{"count":14,"href":"http:\/\/www.labec.com.br\/biodigital\/wp-json\/wp\/v2\/pages\/178\/revisions"}],"predecessor-version":[{"id":266,"href":"http:\/\/www.labec.com.br\/biodigital\/wp-json\/wp\/v2\/pages\/178\/revisions\/266"}],"up":[{"embeddable":true,"href":"http:\/\/www.labec.com.br\/biodigital\/wp-json\/wp\/v2\/pages\/3"}],"wp:attachment":[{"href":"http:\/\/www.labec.com.br\/biodigital\/wp-json\/wp\/v2\/media?parent=178"}],"curies":[{"name":"wp","href":"https:\/\/api.w.org\/{rel}","templated":true}]}}