{"id":176,"date":"2008-11-18T08:35:44","date_gmt":"2008-11-18T14:35:44","guid":{"rendered":"http:\/\/www.labec.com.br\/biodigital\/?page_id=176"},"modified":"2009-06-04T14:51:08","modified_gmt":"2009-06-04T17:51:08","slug":"stomolopus-meleagris","status":"publish","type":"page","link":"http:\/\/www.labec.com.br\/biodigital\/fauna\/cnidaria\/scyphozoa\/stomolopus-meleagris\/","title":{"rendered":"Stomolophus meleagris"},"content":{"rendered":"<p style=\"TEXT-ALIGN: justify\"><span style=\"font-size: small;\"><span style=\"font-family: comic sans ms,sans-serif;\"><strong><span style=\"font-size: medium;\">Classifica\u00e7\u00e3o<br \/>\n<\/span>Reino:<\/strong> Animalia<br \/>\n<\/span><\/span><span style=\"font-size: small;\"><span style=\"font-family: comic sans ms,sans-serif;\"><strong>Filo:<\/strong> Cnidaria ou Coelenterata<br \/>\n<\/span><\/span><span style=\"font-size: small;\"><span style=\"font-family: comic sans ms,sans-serif;\"><strong>Classe:<\/strong> Scyphozoa<br \/>\n<\/span><\/span><span style=\"font-size: small;\"><span style=\"font-family: comic sans ms,sans-serif;\"><strong>Ordem:<\/strong> Rhizostomeae<br \/>\n<\/span><\/span><span style=\"font-size: small;\"><span style=\"font-family: comic sans ms,sans-serif;\"><strong>Fam\u00edlia:<\/strong> Stomolophidae<br \/>\n<\/span><\/span><span style=\"font-size: small;\"><span style=\"font-family: comic sans ms,sans-serif;\"><strong>G\u00eanero:<\/strong> <em>Stomolophus<br \/>\n<\/em><\/span><\/span><span style=\"font-size: small;\"><span style=\"font-family: comic sans ms,sans-serif;\"><strong>Esp\u00e9cie:<\/strong> <em>Stomolophus meleagris<\/em>\u00a0 (Agassiz, 1862)\u00a0<\/span><\/span><span style=\"font-size: small;\"><span style=\"font-family: comic sans ms,sans-serif;\">\u00a0<\/span><\/span><\/p>\n<p style=\"TEXT-ALIGN: justify\"><span style=\"font-size: small;\"><span style=\"font-family: comic sans ms,sans-serif;\"><strong><span style=\"font-size: medium;\">Descri\u00e7\u00e3o da esp\u00e9cie<\/span><\/strong><br \/>\nForma do sino ligeiramente mais que um hemisf\u00e9rio, aproximadamente 16 l\u00f3bulos marginais em cada octante no adulto. Exumbrela completamente lisa, bra\u00e7os orais curtos, n\u00e3o c\u00f4nicos, com contornos totalmente desiguais e fundidos, com abertura bucal central. Sino aparentemente hemisf\u00e9rico, musculatura subumbrelar interrompida nos canais radiais e colora\u00e7\u00e3o esbranqui\u00e7ada.<\/span><\/span><\/p>\n<p style=\"TEXT-ALIGN: justify\">\u00a0<\/p>\n<p style=\"TEXT-ALIGN: justify\"><span style=\"font-size: small;\"><span style=\"font-family: comic sans ms,sans-serif;\"><strong><span style=\"font-size: medium;\">Distribui\u00e7\u00e3o Geogr\u00e1fica<br \/>\n<\/span><\/strong>Noroeste do Atl\u00e2ntico e norte do Pac\u00edfico incluindo o Jap\u00e3o<\/span><\/span><\/p>\n<p style=\"TEXT-ALIGN: justify\"><span style=\"font-size: small;\"><span style=\"font-family: comic sans ms,sans-serif;\"><span style=\"font-size: medium;\"><strong>Distribui\u00e7\u00e3o local:<br \/>\n<\/strong><\/span><\/span><\/span><span style=\"font-size: small;\"><span style=\"font-family: comic sans ms,sans-serif;\">Ocorre no estado de Sergipe.<\/span><\/span><\/p>\n<p style=\"TEXT-ALIGN: justify\">\u00a0<\/p>\n<p style=\"TEXT-ALIGN: justify\"><span style=\"font-size: small;\"><span style=\"font-family: comic sans ms,sans-serif;\"><strong><span style=\"font-size: medium;\">Nome Popular<br \/>\n<\/span><\/strong>Medusa, \u00e1gua-viva, m\u00e3e-d\u2019\u00e1gua<\/span><\/span><\/p>\n<p style=\"TEXT-ALIGN: justify\">\u00a0<\/p>\n<p style=\"TEXT-ALIGN: justify\"><span style=\"font-size: small;\"><span style=\"font-family: comic sans ms,sans-serif;\"><strong><span style=\"font-size: medium;\">Import\u00e2ncia Econ\u00f4mica<br \/>\n<\/span><\/strong>As medusas t\u00eam tanto import\u00e2ncia ecol\u00f3gica como econ\u00f4mica e m\u00e9dica. <br \/>\n<\/span><\/span><span style=\"font-size: small;\"><span style=\"font-family: comic sans ms,sans-serif;\">Elas desempenham um papel relevante na cadeia alimentar e afetam as atividades pesqueiras e tur\u00edsticas, podendo causar acidentes.<\/span><\/span><\/p>\n<p style=\"TEXT-ALIGN: justify\"><span style=\"font-size: small;\"><span style=\"font-family: comic sans ms,sans-serif;\">\u00a0<\/span><\/span><\/p>\n<p style=\"TEXT-ALIGN: justify\"><span style=\"font-size: small;\"><span style=\"font-family: comic sans ms,sans-serif;\"><span style=\"font-size: x-small;\"><span style=\"color: #999999;\"><strong>Refer\u00eancias Bibliogr\u00e1ficas<\/strong><\/span><\/span><\/span><\/span><\/p>\n<p style=\"TEXT-ALIGN: justify\"><span style=\"font-size: small;\"><span style=\"font-family: comic sans ms,sans-serif;\"><span style=\"font-size: x-small;\"><span style=\"color: #999999;\">Cannonball jellyfish. Dispon\u00edvel em: <\/span><\/span><\/span><\/span><a href=\"http:\/\/www.apalachtimes.com\/seafoodframes.htm\"><span style=\"font-size: small;\"><span style=\"font-family: comic sans ms,sans-serif;\"><span style=\"font-size: x-small;\"><span style=\"color: #999999;\">http:\/\/www.apalachtimes.com\/seafoodframes.htm<\/span><\/span><\/span><\/span><\/a><span style=\"font-size: small;\"><span style=\"font-family: comic sans ms,sans-serif;\"><span style=\"font-size: x-small;\"><span style=\"color: #999999;\">. Acessado em: 24\/10\/02.<\/span><\/span><\/span><\/span><\/p>\n<p style=\"TEXT-ALIGN: justify\"><span style=\"font-size: small;\"><span style=\"font-family: comic sans ms,sans-serif;\"><span style=\"font-size: x-small;\"><span style=\"color: #999999;\">CORNELIUS, P.F.S. Keys to the genera of Cubomedusae and Sciphomedusae (Cnid\u00e1ria). Proceedings of the 6th International Conference on Coelenterate Biology, 1995.<\/span><\/span><\/span><\/span><\/p>\n<p style=\"TEXT-ALIGN: justify\"><span style=\"font-size: small;\"><span style=\"font-family: comic sans ms,sans-serif;\"><span style=\"color: #999999;\"><span style=\"font-size: x-small;\">RUPERT, E. E. &amp; BARNES, R. D. Zoologia dos invertebrados. 6. ed. S\u00e3o Paulo: Roca, 1996.<\/span><\/span><\/span><\/span><\/p>\n<p style=\"TEXT-ALIGN: justify\">\u00a0<\/p>\n<p style=\"TEXT-ALIGN: justify\"><a href=\"http:\/\/jellieszone.com\/stomolophus.htm\"><span style=\"font-size: small;\"><span style=\"font-family: comic sans ms,sans-serif;\"><span style=\"color: #999999;\"><span style=\"font-size: x-small;\">http:\/\/jellieszone.com\/stomolophus.htm<\/span><\/span><\/span><\/span><\/a><\/p>\n<p style=\"TEXT-ALIGN: justify\">\u00a0<\/p>\n<p style=\"TEXT-ALIGN: justify\"><a href=\"http:\/\/www.scielo.br\/pdf\/isz\/v95n3\/26542.pdf\"><span style=\"font-size: small;\"><span style=\"font-family: comic sans ms,sans-serif;\"><span style=\"color: #999999;\"><span style=\"font-size: x-small;\">http:\/\/www.scielo.br\/pdf\/isz\/v95n3\/26542.pdf<\/span><\/span><\/span><\/span><\/a><\/p>\n","protected":false},"excerpt":{"rendered":"<p>Classifica\u00e7\u00e3o Reino: Animalia Filo: Cnidaria ou Coelenterata Classe: Scyphozoa Ordem: Rhizostomeae Fam\u00edlia: Stomolophidae G\u00eanero: Stomolophus Esp\u00e9cie: Stomolophus meleagris\u00a0 (Agassiz, 1862)\u00a0\u00a0 Descri\u00e7\u00e3o da esp\u00e9cie Forma do sino ligeiramente mais que um hemisf\u00e9rio, aproximadamente 16 l\u00f3bulos marginais em cada octante no adulto. Exumbrela completamente lisa, bra\u00e7os orais curtos, n\u00e3o c\u00f4nicos, com contornos totalmente desiguais e fundidos, com [&hellip;]<\/p>\n","protected":false},"author":2,"featured_media":0,"parent":454,"menu_order":0,"comment_status":"open","ping_status":"open","template":"","meta":{"ngg_post_thumbnail":0},"_links":{"self":[{"href":"http:\/\/www.labec.com.br\/biodigital\/wp-json\/wp\/v2\/pages\/176"}],"collection":[{"href":"http:\/\/www.labec.com.br\/biodigital\/wp-json\/wp\/v2\/pages"}],"about":[{"href":"http:\/\/www.labec.com.br\/biodigital\/wp-json\/wp\/v2\/types\/page"}],"author":[{"embeddable":true,"href":"http:\/\/www.labec.com.br\/biodigital\/wp-json\/wp\/v2\/users\/2"}],"replies":[{"embeddable":true,"href":"http:\/\/www.labec.com.br\/biodigital\/wp-json\/wp\/v2\/comments?post=176"}],"version-history":[{"count":9,"href":"http:\/\/www.labec.com.br\/biodigital\/wp-json\/wp\/v2\/pages\/176\/revisions"}],"predecessor-version":[{"id":468,"href":"http:\/\/www.labec.com.br\/biodigital\/wp-json\/wp\/v2\/pages\/176\/revisions\/468"}],"up":[{"embeddable":true,"href":"http:\/\/www.labec.com.br\/biodigital\/wp-json\/wp\/v2\/pages\/454"}],"wp:attachment":[{"href":"http:\/\/www.labec.com.br\/biodigital\/wp-json\/wp\/v2\/media?parent=176"}],"curies":[{"name":"wp","href":"https:\/\/api.w.org\/{rel}","templated":true}]}}