{"id":1739,"date":"2010-04-12T11:53:19","date_gmt":"2010-04-12T14:53:19","guid":{"rendered":"http:\/\/www.labec.com.br\/biodigital\/?page_id=1739"},"modified":"2012-09-24T09:31:10","modified_gmt":"2012-09-24T12:31:10","slug":"rio-piaui","status":"publish","type":"page","link":"http:\/\/www.labec.com.br\/biodigital\/ambientes\/rios\/rio-piaui\/","title":{"rendered":"Rio Piau\u00ed"},"content":{"rendered":"<p style=\"text-align: center;\"><span style=\"font-family: comic sans ms,sans-serif;\"><span style=\"font-size: small;\"><span style=\"font-size: medium;\"><strong><a href=\"http:\/\/www.labec.com.br\/biodigital\/wordpress\/wp-content\/uploads\/2010\/04\/piaui-real.jpg\"><img decoding=\"async\" loading=\"lazy\" class=\"size-medium wp-image-1740 aligncenter\" title=\"piaui-real\" src=\"http:\/\/www.labec.com.br\/biodigital\/wordpress\/wp-content\/uploads\/2010\/04\/piaui-real-300x226.jpg\" alt=\"piaui-real\" width=\"300\" height=\"226\" srcset=\"http:\/\/www.labec.com.br\/biodigital\/wordpress\/wp-content\/uploads\/2010\/04\/piaui-real-300x226.jpg 300w, http:\/\/www.labec.com.br\/biodigital\/wordpress\/wp-content\/uploads\/2010\/04\/piaui-real.jpg 1020w\" sizes=\"(max-width: 300px) 100vw, 300px\" \/><\/a><\/strong><span style=\"font-size: x-small;\"><span style=\"color: #999999;\"><br \/>\n Estu\u00e1rio do Rio Piau\u00ed e Real em: <\/span><\/span><a href=\"http:\/\/www.semarh.se.gov.br\"><span style=\"font-size: x-small;\"><span style=\"color: #999999;\">http:\/\/www.semarh.se.gov.br<\/span><\/span><\/a><br \/>\n <\/span><\/span><\/span><\/p>\n<p style=\"text-align: center;\"><span style=\"font-family: comic sans ms,sans-serif;\"><span style=\"font-size: small;\"><span style=\"font-size: medium;\">\u00a0<\/span><\/span><\/span><\/p>\n<p style=\"text-align: justify;\"><span style=\"font-family: comic sans ms,sans-serif;\"><span style=\"font-size: small;\"><strong><span style=\"font-size: medium;\">Descri\u00e7\u00e3o da Bacia:<\/span><\/strong><br \/>\n O rio Piau\u00ed possui 132km de extens\u00e3o, nascendo na serra dos Palmares, no munic\u00edpio de Riach\u00e3o do Dantas, e\u00a0desembocando entre os munic\u00edpios de Est\u00e2ncia e Janda\u00edra, ap\u00f3s a conflu\u00eancia com o rio Fundo, pela margem esquerda, e com o rio Real, pela margem direita.<br \/>\n A bacia hidrogr\u00e1fica do Rio Piau\u00ed est\u00e1 localizada na parte sul do estado de Sergipe e possui uma \u00e1rea geogr\u00e1fica de 4.150 km2, equivalentes a 19% do territ\u00f3rio estadual. Ela abrange, total ou parcialmente, 15 munic\u00edpios.<\/span><\/span><\/p>\n<p><span style=\"font-family: comic sans ms,sans-serif;\"><span style=\"font-size: small;\"><span style=\"font-size: medium;\"><strong>\u00a0<\/strong><\/span><\/span><\/span><\/p>\n<p><span style=\"font-family: comic sans ms,sans-serif;\"><span style=\"font-size: small;\"><span style=\"font-size: medium;\"><strong>Principais afluentes:<br \/>\n <\/strong><\/span>Margem direita: os rios Arau\u00e1 e Pag\u00e3o<br \/>\n Margem esquerda: Jacar\u00e9, Piauitinga e Fundo.<br \/>\n <\/span><\/span><br \/>\n <span style=\"font-family: comic sans ms,sans-serif;\"><span style=\"font-size: small;\"><strong><span style=\"font-size: medium;\">\u00a0<\/span><\/strong><\/span><\/span>\u00a0<\/p>\n<p style=\"text-align: justify;\"><span style=\"font-family: comic sans ms,sans-serif;\"><span style=\"font-size: small;\"><strong><span style=\"font-size: medium;\">Produtividade do estu\u00e1rio do rio Piau\u00ed:<\/span><\/strong><br \/>\n A bacia do rio Piau\u00ed destaca-se na produtividade de camar\u00e3o cultivado, ocupando o 4\u00b0 lugar em termos de \u00e1rea produtiva de Sergipe. A maior parte desse cultivo est\u00e1 localizado no munic\u00edpio de Est\u00e2ncia, seguido pelo munic\u00edpio de Santa Luzia do Itanhy.<\/span><\/span><\/p>\n<p style=\"text-align: justify;\"><span style=\"font-family: comic sans ms,sans-serif;\"><span style=\"font-size: small;\"><strong><span style=\"font-size: medium;\">\u00a0<\/span><\/strong><\/span><\/span>\u00a0<\/p>\n<p style=\"text-align: justify;\"><span style=\"font-family: comic sans ms,sans-serif;\"><span style=\"font-size: small;\"><strong><span style=\"font-size: medium;\">Atividades Relacionadas:<\/span><\/strong><br \/>\n <\/span><\/span><\/p>\n<ul>\n<li>\n<div style=\"text-align: justify;\"><span style=\"font-family: comic sans ms,sans-serif;\"><span style=\"font-size: small;\">Irriga\u00e7\u00e3o;<\/span><\/span><\/div>\n<\/li>\n<li>\n<div style=\"text-align: justify;\"><span style=\"font-family: comic sans ms,sans-serif;\"><span style=\"font-size: small;\">Minera\u00e7\u00e3o;\u00a0<\/span><\/span><\/div>\n<\/li>\n<li>\n<div style=\"text-align: justify;\"><span style=\"font-family: comic sans ms,sans-serif;\"><span style=\"font-size: small;\">Ind\u00fastrias;<\/span><\/span><\/div>\n<\/li>\n<li>\n<div style=\"text-align: justify;\"><span style=\"font-family: comic sans ms,sans-serif;\"><span style=\"font-size: small;\">Consumo humano e animal;<\/span><\/span><\/div>\n<\/li>\n<li>\n<div style=\"text-align: justify;\"><span style=\"font-family: comic sans ms,sans-serif;\"><span style=\"font-size: small;\">Pesca; <\/span><\/span><\/div>\n<\/li>\n<li>\n<div style=\"text-align: justify;\"><span style=\"font-family: comic sans ms,sans-serif;\"><span style=\"font-size: small;\">Turismo e lazer.\u00a0<\/span><\/span><\/div>\n<\/li>\n<\/ul>\n<div style=\"text-align: justify;\"><span style=\"font-family: comic sans ms,sans-serif;\"><span style=\"font-size: small;\"><strong><span style=\"font-size: medium;\">\u00a0<\/span><\/strong><\/span><\/span><\/div>\n<div><span style=\"font-family: comic sans ms,sans-serif;\"><span style=\"font-size: small;\"><span style=\"font-size: medium;\">\u00a0<\/span><\/span><\/span><\/div>\n<p><span style=\"font-family: comic sans ms,sans-serif;\"><span style=\"font-size: small;\"><span style=\"font-size: medium;\"><strong>Atividades Impactantes:<br \/>\n <\/strong><span style=\"font-size: small;\">A bacia hidrogr\u00e1fica do rio Piau\u00ed, assim como a de outros rios, n\u00e3o escapa da devasta\u00e7\u00e3o causada pelo homem. Al\u00e9m dos problemas relacionados com os res\u00edduos industriais, existem outras atividades que causam danos, como: esgoto a c\u00e9u aberto, descarte de lixo, assoreamento de rios e riachos, pesca predat\u00f3ria, uso indiscriminado de agrot\u00f3xicos e desmatamento.<\/span><\/span><\/span><\/span><\/p>\n<p>&nbsp;<\/p>\n<p>&nbsp;<\/p>\n<p style=\"text-align: justify;\"><span style=\"font-family: comic sans ms,sans-serif;\"><span style=\"font-size: small;\"><strong><a href=\"http:\/\/www.labec.com.br\/biodigital\/ambientes\/49\/rio-piaui\/fotos-do-rio-piaui\/\"><span style=\"color: #99cc00;\">FOTOS!!!<\/span><\/a><\/strong><br \/>\n N\u00e3o deixe de ver as fotos do Rio Piau\u00ed e conhecer mais sobre Sergipe!<\/span><\/span><\/p>\n<p style=\"text-align: justify;\">\u00a0<\/p>\n<p style=\"text-align: justify;\"><span style=\"font-family: comic sans ms,sans-serif;\"><span style=\"font-size: x-small;\"><span style=\"color: #999999;\"><strong>Refer\u00eancias Bibliogr\u00e1ficas:<\/strong><br \/>\n <\/span><\/span><\/span><a href=\"http:\/\/www.semarh.se.gov.br\/\"><span style=\"font-family: comic sans ms,sans-serif;\"><span style=\"font-size: x-small;\"><span style=\"color: #999999;\">http:\/\/www.semarh.se.gov.br<\/span><\/span><\/span><\/a><br \/>\n <a href=\"http:\/\/www.fapese.org.br\/revista_fapese\/v3n1\/artigo7.pdf\"><span style=\"font-family: comic sans ms,sans-serif;\"><span style=\"font-size: x-small;\"><span style=\"color: #999999;\">http:\/\/www.fapese.org.br\/revista_fapese\/v3n1\/artigo7.pdf<\/span><\/span><\/span><\/a><br \/>\n <span style=\"font-family: comic sans ms,sans-serif;\"><span style=\"font-size: x-small;\"><span style=\"color: #999999;\">hidroweb.ana.gov.br\/cd4\/se.doc<\/span><\/span><\/span><\/p>\n<p style=\"text-align: justify;\"><span style=\"font-family: comic sans ms,sans-serif;\"><span style=\"font-size: x-small;\"><span style=\"color: #999999;\">\u00a0<\/span><\/span><\/span><\/p>\n<p style=\"text-align: justify;\"><span style=\"font-family: comic sans ms,sans-serif;\"><span style=\"font-size: x-small;\"><span style=\"color: #999999;\">\u00a0<\/span><\/span><\/span><\/p>\n<p style=\"text-align: center;\"><span style=\"font-family: comic sans ms,sans-serif;\"><span style=\"font-size: x-small;\"><span style=\"color: #999999;\"><a href=\"http:\/\/www.labec.com.br\/biodigital\/ambientes\/49\/\"><span style=\"color: #808000;\"><strong><span style=\"font-size: medium;\">VOLTAR<\/span><\/strong><\/span><\/a><\/span><\/span><\/span><\/p>\n<p>&nbsp;<\/p>\n","protected":false},"excerpt":{"rendered":"<p>Estu\u00e1rio do Rio Piau\u00ed e Real em: http:\/\/www.semarh.se.gov.br \u00a0 Descri\u00e7\u00e3o da Bacia: O rio Piau\u00ed possui 132km de extens\u00e3o, nascendo na serra dos Palmares, no munic\u00edpio de Riach\u00e3o do Dantas, e\u00a0desembocando entre os munic\u00edpios de Est\u00e2ncia e Janda\u00edra, ap\u00f3s a conflu\u00eancia com o rio Fundo, pela margem esquerda, e com o rio Real, pela margem [&hellip;]<\/p>\n","protected":false},"author":2,"featured_media":0,"parent":49,"menu_order":0,"comment_status":"open","ping_status":"open","template":"","meta":{"ngg_post_thumbnail":0},"_links":{"self":[{"href":"http:\/\/www.labec.com.br\/biodigital\/wp-json\/wp\/v2\/pages\/1739"}],"collection":[{"href":"http:\/\/www.labec.com.br\/biodigital\/wp-json\/wp\/v2\/pages"}],"about":[{"href":"http:\/\/www.labec.com.br\/biodigital\/wp-json\/wp\/v2\/types\/page"}],"author":[{"embeddable":true,"href":"http:\/\/www.labec.com.br\/biodigital\/wp-json\/wp\/v2\/users\/2"}],"replies":[{"embeddable":true,"href":"http:\/\/www.labec.com.br\/biodigital\/wp-json\/wp\/v2\/comments?post=1739"}],"version-history":[{"count":9,"href":"http:\/\/www.labec.com.br\/biodigital\/wp-json\/wp\/v2\/pages\/1739\/revisions"}],"predecessor-version":[{"id":1742,"href":"http:\/\/www.labec.com.br\/biodigital\/wp-json\/wp\/v2\/pages\/1739\/revisions\/1742"}],"up":[{"embeddable":true,"href":"http:\/\/www.labec.com.br\/biodigital\/wp-json\/wp\/v2\/pages\/49"}],"wp:attachment":[{"href":"http:\/\/www.labec.com.br\/biodigital\/wp-json\/wp\/v2\/media?parent=1739"}],"curies":[{"name":"wp","href":"https:\/\/api.w.org\/{rel}","templated":true}]}}