{"id":1707,"date":"2010-04-11T18:50:53","date_gmt":"2010-04-11T21:50:53","guid":{"rendered":"http:\/\/www.labec.com.br\/biodigital\/?page_id=1707"},"modified":"2012-09-24T09:30:23","modified_gmt":"2012-09-24T12:30:23","slug":"rio-japaratuba","status":"publish","type":"page","link":"http:\/\/www.labec.com.br\/biodigital\/ambientes\/rios\/rio-japaratuba\/","title":{"rendered":"Rio Japaratuba"},"content":{"rendered":"<p style=\"text-align: center;\"><span style=\"font-family: comic sans ms,sans-serif;\"><span style=\"font-size: small;\"><span style=\"font-size: medium;\"><strong><img decoding=\"async\" loading=\"lazy\" class=\"size-medium wp-image-1708 aligncenter\" title=\"japaratuba 1\" src=\"http:\/\/www.labec.com.br\/biodigital\/wordpress\/wp-content\/uploads\/2010\/04\/japaratuba-1-300x225.jpg\" alt=\"japaratuba 1\" width=\"300\" height=\"225\" srcset=\"http:\/\/www.labec.com.br\/biodigital\/wordpress\/wp-content\/uploads\/2010\/04\/japaratuba-1-300x225.jpg 300w, http:\/\/www.labec.com.br\/biodigital\/wordpress\/wp-content\/uploads\/2010\/04\/japaratuba-1.jpg 1023w\" sizes=\"(max-width: 300px) 100vw, 300px\" \/><\/strong><\/span><\/span><\/span><\/p>\n<p style=\"text-align: center;\"><span style=\"font-family: comic sans ms,sans-serif;\"><span style=\"font-size: small;\"><span style=\"font-size: medium;\"><span style=\"font-size: x-small;\"><span style=\"color: #999999;\">Rio Japaratuba em: <\/span><\/span><a href=\"http:\/\/www.semarh.se.gov.br\"><span style=\"font-size: x-small;\"><span style=\"color: #999999;\">http:\/\/www.semarh.se.gov.br<\/span><\/span><\/a><\/span><\/span><\/span><\/p>\n<p style=\"text-align: justify;\"><span style=\"font-family: comic sans ms,sans-serif;\"><span style=\"font-size: small;\"><span style=\"font-size: medium;\"><strong>\u00a0<\/strong><\/span><\/span><\/span><\/p>\n<p style=\"text-align: justify;\"><span style=\"font-family: comic sans ms,sans-serif;\"><span style=\"font-size: small;\"><span style=\"font-size: medium;\"><strong>Descri\u00e7\u00e3o da Bacia:<\/strong><\/span><br \/>\n A bacia hidrogr\u00e1fica do rio Japaratuba tem sua nascente na Serra da Boa Vista na divisa entre os munic\u00edpios de Feira Nova e Graccho Cardoso e des\u00e1gua no Oceano Atl\u00e2ntico, no munic\u00edpio de Pirambu. <br \/>\n Essa bacia \u00e9 a menor do estado de Sergipe, com uma \u00e1rea geogr\u00e1fica de 1.734,59km2, equivalentes a 7,65% do territ\u00f3rio estadual. Ela abrange, total ou parcialmente, 20 munic\u00edpios.<\/span><\/span><\/p>\n<p><span style=\"font-family: comic sans ms,sans-serif;\"><span style=\"font-size: small;\"><span style=\"font-size: medium;\"><strong>\u00a0<\/strong><\/span><\/span><\/span><\/p>\n<p><span style=\"font-family: comic sans ms,sans-serif;\"><span style=\"font-size: small;\"><span style=\"font-size: medium;\"><strong>Principais afluentes:<\/strong><\/span> rio Japaratuba Mirim, Lagartixo, Siriri, Cancelo e Riacho do Prata.<\/span><\/span><\/p>\n<p><span style=\"font-family: comic sans ms,sans-serif;\"><span style=\"font-size: small;\"><strong><span style=\"font-size: medium;\">\u00a0<\/span><\/strong><\/span><\/span><\/p>\n<p><span style=\"font-family: comic sans ms,sans-serif;\"><span style=\"font-size: small;\"><strong><span style=\"font-size: medium;\">Principais atividades relacionadas:<\/span><\/strong><\/span><\/span><\/p>\n<ul>\n<li>\n<div style=\"text-align: justify;\"><span style=\"font-family: comic sans ms,sans-serif;\"><span style=\"font-size: small;\">Explora\u00e7\u00e3o do potencial mineral: petr\u00f3leo, g\u00e1s natural, sal gema, pot\u00e1ssio, calcareo, magn\u00e9sio, turfa e areia;<\/span><\/span><\/div>\n<\/li>\n<li>\n<div style=\"text-align: justify;\"><span style=\"font-family: comic sans ms,sans-serif;\"><span style=\"font-size: small;\">Irriga\u00e7\u00e3o e expans\u00e3o da cultura da cana-de-a\u00e7\u00facar;<\/span><\/span><\/div>\n<\/li>\n<li>\n<div style=\"text-align: justify;\"><span style=\"font-family: comic sans ms,sans-serif;\"><span style=\"font-size: small;\">Turismo;<\/span><\/span><\/div>\n<\/li>\n<li>\n<div style=\"text-align: justify;\"><span style=\"font-family: comic sans ms,sans-serif;\"><span style=\"font-size: small;\">Lazer;<\/span><\/span><\/div>\n<\/li>\n<li>\n<div style=\"text-align: justify;\"><span style=\"font-family: comic sans ms,sans-serif;\"><span style=\"font-size: small;\">Pesca;<\/span><\/span><\/div>\n<\/li>\n<li>\n<div style=\"text-align: justify;\"><span style=\"font-family: comic sans ms,sans-serif;\"><span style=\"font-size: small;\">Abastecimento humano e animal.<\/span><\/span><\/div>\n<\/li>\n<\/ul>\n<p style=\"text-align: justify;\"><span style=\"font-family: comic sans ms,sans-serif;\"><span style=\"font-size: small;\"><span style=\"font-size: medium;\"><strong>\u00a0<\/strong><\/span><\/span><\/span><\/p>\n<p style=\"text-align: justify;\"><span style=\"font-family: comic sans ms,sans-serif;\"><span style=\"font-size: small;\"><span style=\"font-size: medium;\"><strong>Atividades Impactantes:<\/strong><\/span><br \/>\n O rio Japaratuba apresenta processos de degrada\u00e7\u00e3o avan\u00e7ados em alguns trechos, resultado do aumento das atividades agropecu\u00e1rias, de extra\u00e7\u00e3o mineral e despejos industriais sem o devido controle. Esses problemas despertam preocupa\u00e7\u00e3o crescente\u00a0e exige a\u00e7\u00f5es voltadas para a preserva\u00e7\u00e3o e conserva\u00e7\u00e3o do ambiente.<\/span><\/span><\/p>\n<p style=\"text-align: justify;\"><span style=\"font-family: comic sans ms,sans-serif;\"><span style=\"font-size: small;\"><strong><span style=\"font-size: medium;\">\u00a0<\/span><\/strong><\/span><\/span><\/p>\n<p style=\"text-align: justify;\"><span style=\"font-family: comic sans ms,sans-serif;\"><span style=\"font-size: small;\"><strong><span style=\"font-size: medium;\">Curiosidade:<\/span><\/strong><br \/>\n Esta bacia possui uma import\u00e2ncia estrat\u00e9gica para Sergipe, pois abriga o campo de Carm\u00f3polis, o maior campo petrol\u00edfero terrestre do pa\u00eds, com mais de 150km<sup>2 <\/sup>e 1.200 po\u00e7os.<br \/>\n A por\u00e7\u00e3o inferior do rio Japaratuba \u00e9 utilizada para o despejo das \u00e1guas residu\u00e1rias do processo de explora\u00e7\u00e3o, causando altera\u00e7\u00f5es significativas na biota desse rio.<\/span><\/span><\/p>\n<p style=\"text-align: justify;\"><span style=\"font-family: comic sans ms,sans-serif;\"><span style=\"font-size: small;\">\u00a0<\/span><\/span><\/p>\n<p style=\"text-align: justify;\"><span style=\"font-family: comic sans ms,sans-serif;\"><span style=\"font-size: small;\"><strong><span style=\"font-size: medium;\"><a href=\"http:\/\/www.labec.com.br\/biodigital\/ambientes\/49\/rio-japaratuba\/fotos-do-rio-japaratuba\"><span style=\"color: #99cc00;\">FOTOS!!<\/span><\/a><\/span><\/strong><br \/>\n Veja agora fotos do Rio Japaratuba!<br \/>\n <span style=\"color: #999999;\"><strong>\u00a0<\/strong><\/span><\/span><\/span><\/p>\n<p style=\"text-align: justify;\"><span style=\"font-family: comic sans ms,sans-serif;\"><span style=\"font-size: x-small;\"><span style=\"color: #999999;\"><strong><br \/>\n Refer\u00eancias Bibliogr\u00e1ficas:<\/strong><br \/>\n <\/span><\/span><\/span><a href=\"http:\/\/www.semarh.se.gov.br\/\"><span style=\"font-family: comic sans ms,sans-serif;\"><span style=\"font-size: x-small;\"><span style=\"color: #999999;\">http:\/\/www.semarh.se.gov.br<\/span><\/span><\/span><\/a><br \/>\n <a href=\"http:\/\/pt.wikipedia.org\/wiki\/Rio_Japaratuba\"><span style=\"font-family: comic sans ms,sans-serif;\"><span style=\"font-size: x-small;\"><span style=\"color: #999999;\">http:\/\/pt.wikipedia.org\/wiki\/Rio_Japaratuba<\/span><\/span><\/span><\/a><br \/>\n <a href=\"http:\/\/www.ipabhi.org\/serhidro\/anais\/anais2009\/doc\/pdfs\/p86.pdf\"><span style=\"font-family: comic sans ms,sans-serif;\"><span style=\"font-size: x-small;\"><span style=\"color: #999999;\">http:\/\/www.ipabhi.org\/serhidro\/anais\/anais2009\/doc\/pdfs\/p86.pdf<\/span><\/span><\/span><\/a><\/p>\n<p style=\"text-align: justify;\">\u00a0<\/p>\n<p style=\"text-align: justify;\">\u00a0<\/p>\n<p style=\"text-align: center;\"><a href=\"http:\/\/www.labec.com.br\/biodigital\/ambientes\/49\/\"><span style=\"color: #808000;\"><strong><span style=\"font-family: comic sans ms,sans-serif;\"><span style=\"font-size: medium;\">VOLTAR<\/span><\/span><\/strong><\/span><\/a><\/p>\n","protected":false},"excerpt":{"rendered":"<p>Rio Japaratuba em: http:\/\/www.semarh.se.gov.br \u00a0 Descri\u00e7\u00e3o da Bacia: A bacia hidrogr\u00e1fica do rio Japaratuba tem sua nascente na Serra da Boa Vista na divisa entre os munic\u00edpios de Feira Nova e Graccho Cardoso e des\u00e1gua no Oceano Atl\u00e2ntico, no munic\u00edpio de Pirambu. Essa bacia \u00e9 a menor do estado de Sergipe, com uma \u00e1rea geogr\u00e1fica [&hellip;]<\/p>\n","protected":false},"author":2,"featured_media":0,"parent":49,"menu_order":0,"comment_status":"open","ping_status":"open","template":"","meta":{"ngg_post_thumbnail":0},"_links":{"self":[{"href":"http:\/\/www.labec.com.br\/biodigital\/wp-json\/wp\/v2\/pages\/1707"}],"collection":[{"href":"http:\/\/www.labec.com.br\/biodigital\/wp-json\/wp\/v2\/pages"}],"about":[{"href":"http:\/\/www.labec.com.br\/biodigital\/wp-json\/wp\/v2\/types\/page"}],"author":[{"embeddable":true,"href":"http:\/\/www.labec.com.br\/biodigital\/wp-json\/wp\/v2\/users\/2"}],"replies":[{"embeddable":true,"href":"http:\/\/www.labec.com.br\/biodigital\/wp-json\/wp\/v2\/comments?post=1707"}],"version-history":[{"count":6,"href":"http:\/\/www.labec.com.br\/biodigital\/wp-json\/wp\/v2\/pages\/1707\/revisions"}],"predecessor-version":[{"id":1725,"href":"http:\/\/www.labec.com.br\/biodigital\/wp-json\/wp\/v2\/pages\/1707\/revisions\/1725"}],"up":[{"embeddable":true,"href":"http:\/\/www.labec.com.br\/biodigital\/wp-json\/wp\/v2\/pages\/49"}],"wp:attachment":[{"href":"http:\/\/www.labec.com.br\/biodigital\/wp-json\/wp\/v2\/media?parent=1707"}],"curies":[{"name":"wp","href":"https:\/\/api.w.org\/{rel}","templated":true}]}}