{"id":1597,"date":"2009-11-04T20:47:14","date_gmt":"2009-11-04T23:47:14","guid":{"rendered":"http:\/\/www.labec.com.br\/biodigital\/?page_id=1597"},"modified":"2009-11-04T20:47:14","modified_gmt":"2009-11-04T23:47:14","slug":"polychaeta","status":"publish","type":"page","link":"http:\/\/www.labec.com.br\/biodigital\/fauna\/annelida\/polychaeta\/","title":{"rendered":"Polychaeta"},"content":{"rendered":"<p style=\"text-align: justify;\"><span style=\"font-family: comic sans ms,sans-serif;\"><span style=\"font-size: small;\">A maioria dos poliquetas \u00e9 constitu\u00edda por animais de h\u00e1bito marinho, mas tamb\u00e9m \u00e9 poss\u00edvel encontra-los em ambientes dulc\u00edcolas ou vivendo no corpo de outros seres como parasita. Existem cerca de 8.000 esp\u00e9cies descritas atualmente, apresentando uma grande variedade de formas corporais, cores e modos de vida. Tais diferen\u00e7as levaram os cientistas a dividi-los em 86 fam\u00edlias.<\/span><\/span><span style=\"font-family: comic sans ms,sans-serif;\"><span style=\"font-size: small;\">\u00a0<\/span><\/span><\/p>\n<p style=\"text-align: justify;\"><span style=\"font-family: comic sans ms,sans-serif;\"><span style=\"font-size: small;\">O tamanho destes seres pode ser bastante variado, desde formas min\u00fasculas medindo entre 2 e 10mm (alguns podem ter menos de 1mm) at\u00e9 outras menos comuns, como algumas esp\u00e9cies da fam\u00edlia <em>Eunicidae<\/em>, que podem exceder os 3m de comprimento.<em> <\/em><\/span><\/span><\/p>\n<p style=\"text-align: center;\"><span style=\"font-family: comic sans ms,sans-serif;\"><span style=\"font-size: small;\"><em><\/p>\n<div id=\"attachment_1598\" style=\"width: 270px\" class=\"wp-caption aligncenter\"><img aria-describedby=\"caption-attachment-1598\" decoding=\"async\" loading=\"lazy\" class=\"size-full wp-image-1598 \" title=\"4\" src=\"http:\/\/www.labec.com.br\/biodigital\/wordpress\/wp-content\/uploads\/2009\/11\/4.jpg\" alt=\"http:\/\/www.mundogump.com.br\/monstro-marinho-num-aquario\" width=\"260\" height=\"184\" \/><p id=\"caption-attachment-1598\" class=\"wp-caption-text\">http:\/\/www.mundogump.com.br\/monstro-marinho-num-aquario<\/p><\/div>\n<p><\/em><\/span><\/span><\/p>\n<p style=\"text-align: justify;\"><span style=\"font-family: comic sans ms,sans-serif;\"><span style=\"font-size: small;\">A principal caracter\u00edstica desse grupo \u00e9 a presen\u00e7a de um grande n\u00famero de cerdas nos segmentos do tronco e parap\u00f3dios bem desenvolvidos.<\/span><\/span><\/p>\n<p style=\"text-align: center;\"><span style=\"font-family: comic sans ms,sans-serif;\"><span style=\"font-size: small;\"><span style=\"color: #0000ff;\">Texto escrito por: Wesley Santos<\/span><\/span><\/span><\/p>\n<p style=\"text-align: center;\"><span style=\"font-family: comic sans ms,sans-serif;\"><span style=\"font-size: small;\"><span style=\"color: #808000;\"><span style=\"font-size: large;\"><a href=\"http:\/\/www.labec.com.br\/biodigital\/fauna\/annelida\">Voltar<\/a><\/span><\/span><\/span><\/span><\/p>\n","protected":false},"excerpt":{"rendered":"<p>A maioria dos poliquetas \u00e9 constitu\u00edda por animais de h\u00e1bito marinho, mas tamb\u00e9m \u00e9 poss\u00edvel encontra-los em ambientes dulc\u00edcolas ou vivendo no corpo de outros seres como parasita. Existem cerca de 8.000 esp\u00e9cies descritas atualmente, apresentando uma grande variedade de formas corporais, cores e modos de vida. Tais diferen\u00e7as levaram os cientistas a dividi-los em [&hellip;]<\/p>\n","protected":false},"author":3,"featured_media":0,"parent":1574,"menu_order":0,"comment_status":"open","ping_status":"open","template":"","meta":{"ngg_post_thumbnail":0},"_links":{"self":[{"href":"http:\/\/www.labec.com.br\/biodigital\/wp-json\/wp\/v2\/pages\/1597"}],"collection":[{"href":"http:\/\/www.labec.com.br\/biodigital\/wp-json\/wp\/v2\/pages"}],"about":[{"href":"http:\/\/www.labec.com.br\/biodigital\/wp-json\/wp\/v2\/types\/page"}],"author":[{"embeddable":true,"href":"http:\/\/www.labec.com.br\/biodigital\/wp-json\/wp\/v2\/users\/3"}],"replies":[{"embeddable":true,"href":"http:\/\/www.labec.com.br\/biodigital\/wp-json\/wp\/v2\/comments?post=1597"}],"version-history":[{"count":6,"href":"http:\/\/www.labec.com.br\/biodigital\/wp-json\/wp\/v2\/pages\/1597\/revisions"}],"predecessor-version":[{"id":1604,"href":"http:\/\/www.labec.com.br\/biodigital\/wp-json\/wp\/v2\/pages\/1597\/revisions\/1604"}],"up":[{"embeddable":true,"href":"http:\/\/www.labec.com.br\/biodigital\/wp-json\/wp\/v2\/pages\/1574"}],"wp:attachment":[{"href":"http:\/\/www.labec.com.br\/biodigital\/wp-json\/wp\/v2\/media?parent=1597"}],"curies":[{"name":"wp","href":"https:\/\/api.w.org\/{rel}","templated":true}]}}