{"id":1574,"date":"2009-11-04T20:31:00","date_gmt":"2009-11-04T23:31:00","guid":{"rendered":"http:\/\/www.labec.com.br\/biodigital\/?page_id=1574"},"modified":"2009-11-04T20:53:27","modified_gmt":"2009-11-04T23:53:27","slug":"annelida","status":"publish","type":"page","link":"http:\/\/www.labec.com.br\/biodigital\/fauna\/annelida\/","title":{"rendered":"Annelida"},"content":{"rendered":"<p style=\"text-align: justify;\"><span style=\"font-family: comic sans ms,sans-serif;\"><span style=\"font-size: small;\"><span style=\"color: #808000;\"><img decoding=\"async\" loading=\"lazy\" class=\"alignleft size-thumbnail wp-image-1578\" title=\"3\" src=\"http:\/\/www.labec.com.br\/biodigital\/wordpress\/wp-content\/uploads\/2009\/11\/3-150x122.jpg\" alt=\"3\" width=\"62\" height=\"57\" \/>\u00a0 <a href=\"http:\/\/www.labec.com.br\/biodigital\/fauna\/annelida\/polychaeta\">Classe Polychaeta<\/a><\/span><\/span><\/span><\/p>\n<p style=\"text-align: justify;\"><span style=\"font-family: comic sans ms,sans-serif;\"><span style=\"font-size: small;\">\u00a0<\/span><\/span><\/p>\n<p style=\"text-align: justify;\"><span style=\"font-family: comic sans ms,sans-serif;\"><span style=\"font-size: small;\">Os anel\u00eddeos s\u00e3o organismos caracterizados pela segmenta\u00e7\u00e3o do corpo, ou seja,possuem o corpo dividido em partes iguais, parecidas com pequenos an\u00e9is.<\/span><\/span><\/p>\n<p><div><span style=\"font-family: comic sans ms,sans-serif;\"><span style=\"font-size: small;\">\u00a0<\/span><\/span><\/div>\n<\/p>\n<p><span style=\"font-family: comic sans ms,sans-serif;\"><span style=\"font-size: small;\"><\/p>\n<div class=\"mceTemp mceIEcenter\" style=\"text-align: center;\">\n<div id=\"attachment_1575\" style=\"width: 314px\" class=\"wp-caption aligncenter\"><img aria-describedby=\"caption-attachment-1575\" decoding=\"async\" loading=\"lazy\" class=\"size-full wp-image-1575\" title=\"1\" src=\"http:\/\/www.labec.com.br\/biodigital\/wordpress\/wp-content\/uploads\/2009\/11\/1.gif\" alt=\"Figura retirada do livro \u201cZoologia dos Invertebrados\u201d\" width=\"304\" height=\"220\" \/><p id=\"caption-attachment-1575\" class=\"wp-caption-text\">Figura retirada do livro \u201cZoologia dos Invertebrados\u201d<\/p><\/div>\n<\/div>\n<p><br class=\"spacer_\" \/><\/p>\n<p><span style=\"font-family: comic sans ms,sans-serif;\"><span style=\"font-size: small;\">Dentro deste filo podemos encontrar cerca de 16.500 esp\u00e9cies. Algumas delas s\u00e3o t\u00e3o pequenas que podem ser encontradas vivendo entre os gr\u00e3os de areia do sedimento marinho, outras, por\u00e9m, est\u00e3o entre os maiores seres vermiformes do mundo, ultrapassando os 3m de comprimento.<\/span><\/span><\/p>\n<p><\/span><\/span><\/p>\n<div class=\"mceTemp\" style=\"text-align: center;\">\n<div id=\"attachment_1576\" style=\"width: 261px\" class=\"wp-caption aligncenter\"><img aria-describedby=\"caption-attachment-1576\" decoding=\"async\" loading=\"lazy\" class=\"size-full wp-image-1576\" title=\"2\" src=\"http:\/\/www.labec.com.br\/biodigital\/wordpress\/wp-content\/uploads\/2009\/11\/2.jpg\" alt=\"Figuras do livro \u201cInvertebrados\u201d e do site http:\/\/2.bp.blogspot.com\/\" width=\"251\" height=\"146\" \/><p id=\"caption-attachment-1576\" class=\"wp-caption-text\">Figuras do livro \u201cInvertebrados\u201d e do site http:\/\/2.bp.blogspot.com\/<\/p><\/div>\n<\/div>\n<p style=\"text-align: justify;\">\n<p style=\"text-align: justify;\"><span style=\"font-family: comic sans ms,sans-serif;\"><span style=\"font-size: small;\">Os membros deste filo est\u00e3o divididos em tr\u00eas classes: Classe Polychaeta (ex: poliquetas em geral), Classe Oligochaeta (ex: minhocas) e Classe Hirud\u00ednea (ex: sanguessugas).\u00a0Podem ser encontrados em ambientes de \u00e1guas doces ou salgadas.<\/span><\/span><\/p>\n<p style=\"text-align: center;\"><span style=\"font-family: comic sans ms,sans-serif;\"><span style=\"font-size: small;\"><span style=\"color: #0000ff;\">Texto escrito por: Wesley Santos<\/span><\/span><\/span><\/p>\n<\/p>\n<div class=\"mceTemp\" style=\"text-align: center;\"><span style=\"color: #808000;\"><span style=\"font-family: comic sans ms,sans-serif;\"><span style=\"font-size: large;\"><a href=\"http:\/\/www.labec.com.br\/biodigital\/fauna\">Voltar<\/a><\/span><\/span><\/span><\/div><\/p>\n","protected":false},"excerpt":{"rendered":"<p>\u00a0 Classe Polychaeta \u00a0 Os anel\u00eddeos s\u00e3o organismos caracterizados pela segmenta\u00e7\u00e3o do corpo, ou seja,possuem o corpo dividido em partes iguais, parecidas com pequenos an\u00e9is. \u00a0 Dentro deste filo podemos encontrar cerca de 16.500 esp\u00e9cies. Algumas delas s\u00e3o t\u00e3o pequenas que podem ser encontradas vivendo entre os gr\u00e3os de areia do sedimento marinho, outras, por\u00e9m, [&hellip;]<\/p>\n","protected":false},"author":3,"featured_media":0,"parent":3,"menu_order":0,"comment_status":"open","ping_status":"open","template":"","meta":{"ngg_post_thumbnail":0},"_links":{"self":[{"href":"http:\/\/www.labec.com.br\/biodigital\/wp-json\/wp\/v2\/pages\/1574"}],"collection":[{"href":"http:\/\/www.labec.com.br\/biodigital\/wp-json\/wp\/v2\/pages"}],"about":[{"href":"http:\/\/www.labec.com.br\/biodigital\/wp-json\/wp\/v2\/types\/page"}],"author":[{"embeddable":true,"href":"http:\/\/www.labec.com.br\/biodigital\/wp-json\/wp\/v2\/users\/3"}],"replies":[{"embeddable":true,"href":"http:\/\/www.labec.com.br\/biodigital\/wp-json\/wp\/v2\/comments?post=1574"}],"version-history":[{"count":20,"href":"http:\/\/www.labec.com.br\/biodigital\/wp-json\/wp\/v2\/pages\/1574\/revisions"}],"predecessor-version":[{"id":1594,"href":"http:\/\/www.labec.com.br\/biodigital\/wp-json\/wp\/v2\/pages\/1574\/revisions\/1594"}],"up":[{"embeddable":true,"href":"http:\/\/www.labec.com.br\/biodigital\/wp-json\/wp\/v2\/pages\/3"}],"wp:attachment":[{"href":"http:\/\/www.labec.com.br\/biodigital\/wp-json\/wp\/v2\/media?parent=1574"}],"curies":[{"name":"wp","href":"https:\/\/api.w.org\/{rel}","templated":true}]}}