{"id":126,"date":"2008-11-16T07:42:33","date_gmt":"2008-11-16T10:42:33","guid":{"rendered":"http:\/\/www.labec.com.br\/biodigital\/?page_id=126"},"modified":"2009-02-23T14:28:43","modified_gmt":"2009-02-23T17:28:43","slug":"astropecten-marginatus","status":"publish","type":"page","link":"http:\/\/www.labec.com.br\/biodigital\/fauna\/echinodermata\/asteroidea\/astropecten-marginatus\/","title":{"rendered":"Astropecten marginatus"},"content":{"rendered":"<h1 style=\"margin: 0cm 0cm 0pt; text-align: center;\"><span style=\"mso-bidi-font-size: 12.0pt;\"><span style=\"font-size: large;\"><span style=\"font-family: Comic Sans MS;\"><a href=\"http:\/\/www.labec.com.br\/biodigital\/wordpress\/wp-content\/uploads\/2008\/11\/astropecten-marginatus.jpg\"><img decoding=\"async\" loading=\"lazy\" class=\"alignnone size-medium wp-image-418\" title=\"astropecten-marginatus\" src=\"http:\/\/www.labec.com.br\/biodigital\/wordpress\/wp-content\/uploads\/2008\/11\/astropecten-marginatus-300x250.jpg\" alt=\"astropecten-marginatus\" width=\"300\" height=\"250\" srcset=\"http:\/\/www.labec.com.br\/biodigital\/wordpress\/wp-content\/uploads\/2008\/11\/astropecten-marginatus-300x250.jpg 300w, http:\/\/www.labec.com.br\/biodigital\/wordpress\/wp-content\/uploads\/2008\/11\/astropecten-marginatus.jpg 360w\" sizes=\"(max-width: 300px) 100vw, 300px\" \/><\/a><\/span><\/span><\/span><\/h1>\n<p style=\"margin: 0cm 0cm 0pt; text-align: center;\"><span style=\"mso-bidi-font-size: 12.0pt;\"><span style=\"font-size: large;\"><span style=\"font-family: Comic Sans MS;\"><span style=\"font-size: 12pt; font-family: &quot;Comic Sans MS&quot;; mso-fareast-font-family: 'Times New Roman'; mso-ansi-language: PT-BR; mso-fareast-language: PT-BR; mso-bidi-language: AR-SA; mso-bidi-font-family: 'Times New Roman';\"><em><span style=\"color: #99cc00;\"><span style=\"font-size: medium;\"><strong>Astropecten marginatus<\/strong><\/span><\/span><\/em><\/span><\/span><\/span><\/span><\/p>\n<h1 style=\"margin: 0cm 0cm 0pt;\"><\/h1>\n<p style=\"margin: 0cm 0cm 0pt;\"><span style=\"mso-bidi-font-size: 12.0pt;\"><span style=\"font-size: large;\"><span style=\"font-family: Comic Sans MS;\"><span style=\"font-size: medium;\"><span style=\"font-family: comic sans ms,sans-serif;\"><strong><\/strong><\/span><\/span><\/span><\/span><\/span><\/p>\n<p style=\"margin: 0cm 0cm 0pt;\"><span style=\"mso-bidi-font-size: 12.0pt;\"><span style=\"font-size: large;\"><span style=\"font-family: Comic Sans MS;\"><span style=\"font-size: medium;\"><span style=\"font-family: comic sans ms,sans-serif;\"><strong><\/strong><\/span><\/span><\/span><\/span><\/span><\/p>\n<p style=\"margin: 0cm 0cm 0pt;\"><span style=\"mso-bidi-font-size: 12.0pt;\"><span style=\"font-size: large;\"><span style=\"font-family: Comic Sans MS;\"><span style=\"font-size: medium;\"><span style=\"font-family: comic sans ms,sans-serif;\"><strong><\/strong><\/span><\/span><\/span><\/span><\/span><\/p>\n<p style=\"margin: 0cm 0cm 0pt;\"><span style=\"mso-bidi-font-size: 12.0pt;\"><span style=\"font-size: large;\"><span style=\"font-family: Comic Sans MS;\"><span style=\"font-size: medium;\"><span style=\"font-family: comic sans ms,sans-serif;\"><strong>Classifica\u00e7\u00e3o<\/strong><\/span><\/span><\/span><\/span><\/span><\/p>\n<p class=\"MsoNormal\" style=\"margin: 0cm 0cm 0pt; text-align: justify;\"><span style=\"font-size: small;\"><span style=\"font-family: comic sans ms,sans-serif;\"><strong>Reino: <\/strong>Animalia<\/span><\/span><\/p>\n<p class=\"MsoNormal\" style=\"margin: 0cm 0cm 0pt; text-align: justify;\"><span style=\"font-size: small;\"><span style=\"font-family: comic sans ms,sans-serif;\"><strong>Filo:<\/strong> Echinodermata<\/span><\/span><\/p>\n<p class=\"MsoNormal\" style=\"margin: 0cm 0cm 0pt; text-align: justify;\"><span style=\"font-size: small;\"><span style=\"font-family: comic sans ms,sans-serif;\"><strong>Subfilo: <\/strong>Asterozoa<strong><\/strong><\/span><\/span><\/p>\n<p class=\"MsoNormal\" style=\"margin: 0cm 0cm 0pt; text-align: justify;\"><span style=\"font-size: small;\"><span style=\"font-family: comic sans ms,sans-serif;\"><strong>Classe:<\/strong> Stelleroidea<\/span><\/span><\/p>\n<p class=\"MsoNormal\" style=\"margin: 0cm 0cm 0pt; text-align: justify;\"><span style=\"font-size: small;\"><span style=\"font-family: comic sans ms,sans-serif;\"><strong>Subclasse: <\/strong>Asteroidea<strong><\/strong><\/span><\/span><\/p>\n<p class=\"MsoNormal\" style=\"margin: 0cm 0cm 0pt; text-align: justify;\"><span style=\"font-size: small;\"><span style=\"font-family: comic sans ms,sans-serif;\"><strong>Ordem:<\/strong> Paxillosida<\/span><\/span><\/p>\n<p class=\"MsoNormal\" style=\"margin: 0cm 0cm 0pt; text-align: justify;\"><span style=\"font-size: small;\"><span style=\"font-family: comic sans ms,sans-serif;\"><strong>Fam\u00edlia:<\/strong> Astropectinidae<\/span><\/span><\/p>\n<p class=\"MsoNormal\" style=\"margin: 0cm 0cm 0pt; text-align: justify;\"><span style=\"font-size: small;\"><span style=\"font-family: comic sans ms,sans-serif;\"><strong>G\u00eanero:<\/strong> <em>Astropecten<\/em><\/span><\/span><\/p>\n<p class=\"MsoNormal\" style=\"margin: 0cm 0cm 0pt; text-align: justify;\"><span style=\"font-size: small;\"><span style=\"font-family: comic sans ms,sans-serif;\"><strong>Esp\u00e9cie:<\/strong><em> Astropecten marginatus<\/em><span style=\"display: none; mso-fareast-font-family: 'Arial Unicode MS'; mso-hide: all;\"> <\/span><\/span><\/span><\/p>\n<p class=\"MsoNormal\" style=\"margin: 0cm 0cm 0pt; text-align: justify;\"><span style=\"font-family: &quot;Comic Sans MS&quot;;\"><span style=\"font-size: small;\"><span style=\"font-family: comic sans ms,sans-serif;\">\u00a0<\/span><\/span><\/span><\/p>\n<p class=\"MsoNormal\" style=\"margin: 0cm 0cm 0pt; text-align: justify;\"><span style=\"font-family: &quot;Comic Sans MS&quot;;\"><\/span><\/p>\n<p style=\"margin: 0cm 0cm 0pt; text-align: justify;\"><strong><span style=\"font-size: large;\"><span style=\"font-family: Comic Sans MS;\"><span style=\"font-size: medium;\"><span style=\"font-family: comic sans ms,sans-serif;\">Descri\u00e7\u00e3o da esp\u00e9cie<\/span><\/span><\/span><\/span><\/strong><\/p>\n<p class=\"MsoNormal\" style=\"margin: 0cm 0cm 0pt; text-align: justify;\"><span style=\"font-family: &quot;Comic Sans MS&quot;;\"><span style=\"font-size: small;\"><span style=\"font-family: comic sans ms,sans-serif;\">Sem espinhos nas placas superomarginais. Placas inferomarginais destacando-se nitidamente sob as superomarginais e apresentando uma zona nua na sua face ventral. Corpo fortemente comprimido.<\/span><\/span><\/span><\/p>\n<p class=\"MsoNormal\" style=\"margin: 0cm 0cm 0pt; text-align: justify;\"><span style=\"font-family: &quot;Comic Sans MS&quot;; mso-bidi-font-size: 11.0pt;\"><span style=\"font-size: small;\"><span style=\"font-family: comic sans ms,sans-serif;\">\u00a0<\/span><\/span><\/span><\/p>\n<p style=\"margin: 0cm 0cm 0pt;\"><span style=\"mso-bidi-font-size: 11.0pt;\"><span style=\"font-size: large;\"><span style=\"font-family: comic sans ms,sans-serif;\"><strong><span style=\"font-size: medium;\">Distribui\u00e7\u00e3o Geogr\u00e1fica<\/span><\/strong><\/span><\/span><\/span><\/p>\n<p class=\"MsoNormal\" style=\"margin: 0cm 0cm 0pt; text-align: justify;\"><span style=\"font-family: &quot;Comic Sans MS&quot;;\"><span style=\"font-size: small;\"><span style=\"font-family: comic sans ms,sans-serif;\">Da Venezuela ao Rio Grande do Sul, de cerca de 1m at\u00e9 cerca de 20m.<strong><\/strong><\/span><\/span><\/span><\/p>\n<p style=\"margin: 0cm 0cm 0pt;\"><span style=\"font-size: 12pt;\"><span style=\"font-family: comic sans ms,sans-serif;\">\u00a0<\/span><\/span><\/p>\n<p style=\"margin: 0cm 0cm 0pt;\"><span style=\"font-size: 12pt;\"><span style=\"font-family: comic sans ms,sans-serif;\"><span style=\"font-size: medium;\"><strong>Distribui\u00e7\u00e3o local<span style=\"mso-tab-count: 1;\">\u00a0 <\/span><\/strong><\/span><\/span><\/span><\/p>\n<p class=\"MsoNormal\" style=\"margin: 0cm 0cm 0pt; text-align: justify;\"><span style=\"font-family: &quot;Comic Sans MS&quot;;\"><span style=\"font-size: small;\"><span style=\"font-family: comic sans ms,sans-serif;\">Ocorre no estado de Sergipe<\/span><\/span><\/span><\/p>\n<p class=\"MsoNormal\" style=\"margin: 0cm 0cm 0pt; text-align: justify;\"><span style=\"font-family: &quot;Comic Sans MS&quot;; mso-bidi-font-size: 10.0pt; mso-bidi-font-family: Tahoma;\"><span style=\"font-size: small;\"><span style=\"font-family: comic sans ms,sans-serif;\">\u00a0<\/span><\/span><\/span><\/p>\n<p style=\"margin: 0cm 0cm 0pt;\"><span style=\"mso-bidi-font-size: 12.0pt; mso-bidi-font-family: Arial;\"><span style=\"font-size: large;\"><span style=\"font-family: comic sans ms,sans-serif;\"><strong><span style=\"font-size: medium;\">Nome Popular<\/span><\/strong><\/span><\/span><\/span><\/p>\n<p class=\"MsoNormal\" style=\"margin: 0cm 0cm 0pt; text-align: justify;\"><span style=\"font-family: &quot;Comic Sans MS&quot;;\"><span style=\"font-size: small;\"><span style=\"font-family: comic sans ms,sans-serif;\">Estrela-do-mar<\/span><\/span><\/span><\/p>\n<p class=\"MsoNormal\" style=\"margin: 0cm 0cm 0pt; text-align: justify;\"><span style=\"font-family: &quot;Comic Sans MS&quot;; mso-bidi-font-family: Arial;\"><span style=\"font-size: small;\">\u00a0<\/span><\/span><\/p>\n<p class=\"MsoNormal\" style=\"margin: 0cm 0cm 0pt;\"><span style=\"font-family: &quot;Comic Sans MS&quot;; mso-bidi-font-family: Tahoma; mso-bidi-font-size: 10.0pt;\"><span style=\"font-size: x-small;\"><span style=\"font-family: comic sans ms,sans-serif;\"><span style=\"color: #800080;\">Texto escrito por: <span style=\"font-family: &quot;Comic Sans MS&quot;; mso-fareast-font-family: 'Times New Roman'; mso-ansi-language: ES-TRAD; mso-fareast-language: PT-BR; mso-bidi-language: AR-SA; mso-bidi-font-family: 'Times New Roman'; mso-bidi-font-size: 12.0pt;\" lang=\"ES-TRAD\">Juliana F. V. Munduruca<\/span><\/span><\/span><\/span><\/span><\/p>\n<p class=\"MsoNormal\" style=\"margin: 0cm 0cm 0pt;\"><span style=\"font-family: &quot;Comic Sans MS&quot;; mso-bidi-font-family: Tahoma; mso-bidi-font-size: 10.0pt;\"><span style=\"font-size: x-small;\"><span style=\"font-family: comic sans ms,sans-serif;\"><span style=\"color: #888888;\"><\/span><\/span><\/span><\/span><\/p>\n<p class=\"MsoNormal\" style=\"margin: 0cm 0cm 0pt;\"><strong><span style=\"font-family: &quot;Comic Sans MS&quot;; mso-bidi-font-family: Tahoma; mso-bidi-font-size: 10.0pt;\"><span style=\"font-size: x-small;\"><span style=\"font-family: comic sans ms,sans-serif;\"><span style=\"color: #888888;\">Refer\u00eancias Bibliogr\u00e1ficas:<\/span><\/span><\/span><\/span><\/strong><\/p>\n<p class=\"MsoNormal\" style=\"margin: 0cm 0cm 0pt;\"><strong><span style=\"font-family: &quot;Comic Sans MS&quot;; mso-bidi-font-family: Tahoma; mso-bidi-font-size: 10.0pt;\"><\/span><\/strong><span style=\"font-family: &quot;Comic Sans MS&quot;;\"><\/span><\/p>\n<p class=\"MsoNormal\" style=\"margin: 0cm 0cm 0pt;\"><span style=\"font-family: &quot;Comic Sans MS&quot;;\"><span style=\"font-size: x-small;\"><span style=\"font-family: comic sans ms,sans-serif;\"><span style=\"color: #888888;\">RUPERT, E. E. &amp; BARNES, R. D.<strong> Zoologia dos invertebrados. <\/strong>6. ed. S\u00e3o Paulo: Roca, 1996.<\/span><\/span><\/span><\/span><\/p>\n<p class=\"MsoNormal\" style=\"margin: 0cm 0cm 0pt;\"><span style=\"font-family: &quot;Comic Sans MS&quot;;\"><\/span><\/p>\n<p class=\"MsoNormal\" style=\"margin: 0cm 0cm 0pt;\"><span style=\"font-size: x-small;\"><span style=\"font-family: comic sans ms,sans-serif;\"><span style=\"color: #888888;\"><span style=\"mso-ansi-language: EN-US;\">S<\/span><span style=\"mso-ansi-language: EN-US; mso-bidi-font-size: 10.0pt;\">EKIGUCHI, <\/span><span style=\"mso-ansi-language: EN-US;\">H. <strong>Laboratory of Marine Ecology<\/strong>. <\/span>Dispon\u00edvel em: <span style=\"mso-bidi-font-family: Arial; mso-bidi-font-size: 10.0pt;\"><span style=\"mso-spacerun: yes;\">\u00a0<\/span><a href=\"http:\/\/www.bio.mie-u.ac.jp\/seimei\/kaiyo\/seitai\/index-j.htm\" target=\"_top\">www.bio.mie-u.ac.jp\/seimei\/ kaiyo\/seitai\/index-j.htm<\/a>. Acessado em: 02\/11\/02.<\/span><\/span><\/span><\/span><\/p>\n<p class=\"MsoNormal\" style=\"margin: 0cm 0cm 0pt;\"><span style=\"font-size: x-small;\"><\/span><\/p>\n<p class=\"MsoNormal\" style=\"margin: 0cm 0cm 0pt;\"><span style=\"font-size: x-small;\"><\/span><span style=\"font-family: &quot;Comic Sans MS&quot;;\"><span style=\"font-size: x-small;\"><span style=\"font-family: comic sans ms,sans-serif;\"><span style=\"color: #888888;\">TOMMASI, L. R. <strong>Lista dos Aster\u00f3ides recentes do Brasil.<\/strong> S\u00e3o Paulo: Contribui\u00e7\u00f5es avulsas do Instituto Oceanogr\u00e1fico Universidade de S\u00e3o Paulo, 1970. S\u00e9rie Oceanografia Biol\u00f3gica, n\u00ba 18.<\/span><\/span><\/span><\/span><\/p>\n","protected":false},"excerpt":{"rendered":"<p>Astropecten marginatus Classifica\u00e7\u00e3o Reino: Animalia Filo: Echinodermata Subfilo: Asterozoa Classe: Stelleroidea Subclasse: Asteroidea Ordem: Paxillosida Fam\u00edlia: Astropectinidae G\u00eanero: Astropecten Esp\u00e9cie: Astropecten marginatus \u00a0 Descri\u00e7\u00e3o da esp\u00e9cie Sem espinhos nas placas superomarginais. Placas inferomarginais destacando-se nitidamente sob as superomarginais e apresentando uma zona nua na sua face ventral. Corpo fortemente comprimido. \u00a0 Distribui\u00e7\u00e3o Geogr\u00e1fica Da Venezuela [&hellip;]<\/p>\n","protected":false},"author":2,"featured_media":0,"parent":408,"menu_order":0,"comment_status":"open","ping_status":"open","template":"","meta":{"ngg_post_thumbnail":0},"_links":{"self":[{"href":"http:\/\/www.labec.com.br\/biodigital\/wp-json\/wp\/v2\/pages\/126"}],"collection":[{"href":"http:\/\/www.labec.com.br\/biodigital\/wp-json\/wp\/v2\/pages"}],"about":[{"href":"http:\/\/www.labec.com.br\/biodigital\/wp-json\/wp\/v2\/types\/page"}],"author":[{"embeddable":true,"href":"http:\/\/www.labec.com.br\/biodigital\/wp-json\/wp\/v2\/users\/2"}],"replies":[{"embeddable":true,"href":"http:\/\/www.labec.com.br\/biodigital\/wp-json\/wp\/v2\/comments?post=126"}],"version-history":[{"count":7,"href":"http:\/\/www.labec.com.br\/biodigital\/wp-json\/wp\/v2\/pages\/126\/revisions"}],"predecessor-version":[{"id":136,"href":"http:\/\/www.labec.com.br\/biodigital\/wp-json\/wp\/v2\/pages\/126\/revisions\/136"}],"up":[{"embeddable":true,"href":"http:\/\/www.labec.com.br\/biodigital\/wp-json\/wp\/v2\/pages\/408"}],"wp:attachment":[{"href":"http:\/\/www.labec.com.br\/biodigital\/wp-json\/wp\/v2\/media?parent=126"}],"curies":[{"name":"wp","href":"https:\/\/api.w.org\/{rel}","templated":true}]}}