{"id":1203,"date":"2009-07-05T17:45:10","date_gmt":"2009-07-05T20:45:10","guid":{"rendered":"http:\/\/www.labec.com.br\/biodigital\/?page_id=1203"},"modified":"2009-07-05T21:12:47","modified_gmt":"2009-07-06T00:12:47","slug":"capitellidae","status":"publish","type":"page","link":"http:\/\/www.labec.com.br\/biodigital\/ambientes\/manguezais\/faunamanguezal\/invertebradosdomanguezal\/capitellidae\/","title":{"rendered":"Capitellidae"},"content":{"rendered":"<p style=\"text-align: center;\"><span style=\"font-family: comic sans ms,sans-serif;\"><span style=\"font-size: small;\"><strong><img decoding=\"async\" loading=\"lazy\" class=\"size-full wp-image-1252 aligncenter\" title=\"Imagem1\" src=\"http:\/\/www.labec.com.br\/biodigital\/wordpress\/wp-content\/uploads\/2009\/07\/Imagem1.png\" alt=\"Imagem1\" width=\"296\" height=\"239\" \/><\/strong><\/span><\/span><\/p>\n<p><span style=\"font-family: comic sans ms,sans-serif;\"><span style=\"font-size: small;\"><strong>Classifica\u00e7\u00e3o taxon\u00f4mica <br \/>\n<\/strong>\u00a0<br \/>\n<strong>Reino:<\/strong> Animalia<br \/>\n<strong>Filo:<\/strong> Annelida<br \/>\n<strong>Classe:<\/strong> Polychaeta<br \/>\n<strong>Ordem: <\/strong>Capitellida<br \/>\n<strong>Fam\u00edlia:<\/strong> Capitellidae<\/span><\/span><\/p>\n<p><span style=\"font-family: comic sans ms,sans-serif;\"><span style=\"font-size: small;\"><strong>Descri\u00e7\u00e3o<\/strong><br \/>\nVivi enterrado nos solos dos manguezais. Tem um formato verminoide e possui cerdas para sua locomo\u00e7\u00e3o.<\/span><\/span><\/p>\n<p><span style=\"font-family: comic sans ms,sans-serif;\"><span style=\"font-size: small;\"><strong>Distribui\u00e7\u00e3o geogr\u00e1fica<\/strong><br \/>\nOcorre em diversas \u00e1reas do mundo<\/span><\/span><\/p>\n<p><span style=\"font-family: comic sans ms,sans-serif;\"><span style=\"font-size: small;\"><strong>Distribui\u00e7\u00e3o Local<\/strong><br \/>\nOcorre nos manguezais de Sergipe<\/span><\/span><\/p>\n<p><span style=\"font-family: comic sans ms,sans-serif;\"><span style=\"font-size: small;\"><strong>Nome popular<\/strong><br \/>\nMinhoca do mar<\/span><\/span><\/p>\n<p><span style=\"font-family: comic sans ms,sans-serif;\"><span style=\"font-size: small;\"><strong>Import\u00e2ncia<\/strong><br \/>\nFaz parta da cadeia alimentar dos manguezais<\/span><\/span><\/p>\n<p><span style=\"font-family: comic sans ms,sans-serif;\"><span style=\"font-size: small;\"><strong>Curiosidade<\/strong><br \/>\n\u00c9 bioindicador de polui\u00e7\u00e3o<\/span><\/span><\/p>\n<p><span style=\"color: #888888;\"><span style=\"font-size: x-small;\"><span style=\"font-family: comic sans ms,sans-serif;\">Referencias bibliogr\u00e1ficas<\/span><\/span><\/span><\/p>\n<p><span style=\"color: #888888;\"><span style=\"font-size: x-small;\"><span style=\"font-family: comic sans ms,sans-serif;\">METCALFE, K. N.; GLASBY, C. J. Diversity of Polychaeta (Annelida) and other worm taxa in mangrove habitats of Darwin Harbour, northern Australia. Journal of Sea Research, v. 59, iss. 1-2, 2008, p. 70-82.<\/span><\/span><\/span><\/p>\n","protected":false},"excerpt":{"rendered":"<p>Classifica\u00e7\u00e3o taxon\u00f4mica \u00a0 Reino: Animalia Filo: Annelida Classe: Polychaeta Ordem: Capitellida Fam\u00edlia: Capitellidae Descri\u00e7\u00e3o Vivi enterrado nos solos dos manguezais. Tem um formato verminoide e possui cerdas para sua locomo\u00e7\u00e3o. Distribui\u00e7\u00e3o geogr\u00e1fica Ocorre em diversas \u00e1reas do mundo Distribui\u00e7\u00e3o Local Ocorre nos manguezais de Sergipe Nome popular Minhoca do mar Import\u00e2ncia Faz parta da cadeia [&hellip;]<\/p>\n","protected":false},"author":3,"featured_media":0,"parent":977,"menu_order":0,"comment_status":"open","ping_status":"open","template":"","meta":{"ngg_post_thumbnail":0},"_links":{"self":[{"href":"http:\/\/www.labec.com.br\/biodigital\/wp-json\/wp\/v2\/pages\/1203"}],"collection":[{"href":"http:\/\/www.labec.com.br\/biodigital\/wp-json\/wp\/v2\/pages"}],"about":[{"href":"http:\/\/www.labec.com.br\/biodigital\/wp-json\/wp\/v2\/types\/page"}],"author":[{"embeddable":true,"href":"http:\/\/www.labec.com.br\/biodigital\/wp-json\/wp\/v2\/users\/3"}],"replies":[{"embeddable":true,"href":"http:\/\/www.labec.com.br\/biodigital\/wp-json\/wp\/v2\/comments?post=1203"}],"version-history":[{"count":4,"href":"http:\/\/www.labec.com.br\/biodigital\/wp-json\/wp\/v2\/pages\/1203\/revisions"}],"predecessor-version":[{"id":1253,"href":"http:\/\/www.labec.com.br\/biodigital\/wp-json\/wp\/v2\/pages\/1203\/revisions\/1253"}],"up":[{"embeddable":true,"href":"http:\/\/www.labec.com.br\/biodigital\/wp-json\/wp\/v2\/pages\/977"}],"wp:attachment":[{"href":"http:\/\/www.labec.com.br\/biodigital\/wp-json\/wp\/v2\/media?parent=1203"}],"curies":[{"name":"wp","href":"https:\/\/api.w.org\/{rel}","templated":true}]}}