{"id":1201,"date":"2009-07-05T17:41:12","date_gmt":"2009-07-05T20:41:12","guid":{"rendered":"http:\/\/www.labec.com.br\/biodigital\/?page_id=1201"},"modified":"2009-07-05T21:40:03","modified_gmt":"2009-07-06T00:40:03","slug":"nereididae","status":"publish","type":"page","link":"http:\/\/www.labec.com.br\/biodigital\/ambientes\/manguezais\/faunamanguezal\/invertebradosdomanguezal\/nereididae\/","title":{"rendered":"Nereididae"},"content":{"rendered":"<p style=\"text-align: center;\"><span style=\"font-family: comic sans ms,sans-serif;\"><span style=\"font-size: small;\"><strong><img decoding=\"async\" loading=\"lazy\" class=\"size-medium wp-image-1282 aligncenter\" title=\"Imagem2\" src=\"http:\/\/www.labec.com.br\/biodigital\/wordpress\/wp-content\/uploads\/2009\/07\/Imagem2-300x243.png\" alt=\"Imagem2\" width=\"300\" height=\"243\" srcset=\"http:\/\/www.labec.com.br\/biodigital\/wordpress\/wp-content\/uploads\/2009\/07\/Imagem2-300x243.png 300w, http:\/\/www.labec.com.br\/biodigital\/wordpress\/wp-content\/uploads\/2009\/07\/Imagem2.png 307w\" sizes=\"(max-width: 300px) 100vw, 300px\" \/><\/strong><\/span><\/span><\/p>\n<p><span style=\"font-family: comic sans ms,sans-serif;\"><span style=\"font-size: small;\"><strong>Classifica\u00e7\u00e3o taxon\u00f4mica <br \/>\n<\/strong>\u00a0<br \/>\n<strong>Reino:<\/strong> Animalia<br \/>\n<strong>Filo:<\/strong> Annelida <br \/>\n<strong>Classe:<\/strong> Polychaeta<br \/>\n<strong>Ordem:<\/strong> Phyllodocida<br \/>\n<strong>Fam\u00edlia:<\/strong> Nereididae<\/span><\/span><\/p>\n<p><span style=\"font-family: comic sans ms,sans-serif;\"><span style=\"font-size: small;\"><span style=\"font-family: comic sans ms,sans-serif;\"><strong>Descri\u00e7\u00e3o<br \/>\n<\/strong>Vivi enterrado nos solos dos manguezais. Tem um formato verminoide e possui cerdas para sua locomo\u00e7\u00e3o.<\/span><\/span><\/span><\/p>\n<p><span style=\"font-family: comic sans ms,sans-serif;\"><span style=\"font-size: small;\"><span style=\"font-family: comic sans ms,sans-serif;\"><span style=\"font-size: small;\"><strong>Distribui\u00e7\u00e3o geogr\u00e1fica<\/strong><br \/>\nOcorre em diversas \u00e1reas do mundo<\/span><\/span><\/span><\/span><\/p>\n<p><span style=\"font-family: comic sans ms,sans-serif;\"><span style=\"font-size: small;\"><span style=\"font-family: comic sans ms,sans-serif;\"><span style=\"font-size: small;\"><strong>Distribui\u00e7\u00e3o Local<\/strong><br \/>\nOcorre nos manguezais de Sergipe<\/span><\/span><\/span><\/span><\/p>\n<p><span style=\"font-family: comic sans ms,sans-serif;\"><span style=\"font-size: small;\"><span style=\"font-family: comic sans ms,sans-serif;\"><span style=\"font-size: small;\"><strong>Nome popular<br \/>\n<\/strong>Minhoca do mar<\/span><\/span><\/span><\/span><\/p>\n<p><span style=\"font-family: comic sans ms,sans-serif;\"><span style=\"font-size: small;\"><span style=\"font-family: comic sans ms,sans-serif;\"><span style=\"font-size: small;\"><strong>Import\u00e2ncia<\/strong><br \/>\nFaz parta da cadeia alimentar dos manguezais<\/span><\/span><\/span><\/span><\/p>\n<p><span style=\"font-family: comic sans ms,sans-serif;\"><span style=\"font-size: small;\"><span style=\"font-family: comic sans ms,sans-serif;\"><span style=\"font-size: small;\"><strong>Curiosidade<\/strong><br \/>\n\u00c9 bioindicador de polui\u00e7\u00e3o<\/span><\/span><\/span><\/span><\/p>\n<p><span style=\"font-family: comic sans ms,sans-serif;\"><span style=\"font-size: x-small;\"><span style=\"color: #888888;\">Referencias bibliogr\u00e1ficas<\/span><\/span><\/span><\/p>\n<p><span style=\"font-family: comic sans ms,sans-serif;\"><span style=\"font-size: x-small;\"><span style=\"color: #888888;\">METCALFE, K. N.; GLASBY, C. J. Diversity of Polychaeta (Annelida) and other worm taxa in mangrove habitats of Darwin Harbour, northern Australia. Journal of Sea Research, v. 59, iss. 1-2, 2008, p. 70-82.<\/span><\/span><\/span><\/p>\n","protected":false},"excerpt":{"rendered":"<p>Classifica\u00e7\u00e3o taxon\u00f4mica \u00a0 Reino: Animalia Filo: Annelida Classe: Polychaeta Ordem: Phyllodocida Fam\u00edlia: Nereididae Descri\u00e7\u00e3o Vivi enterrado nos solos dos manguezais. Tem um formato verminoide e possui cerdas para sua locomo\u00e7\u00e3o. Distribui\u00e7\u00e3o geogr\u00e1fica Ocorre em diversas \u00e1reas do mundo Distribui\u00e7\u00e3o Local Ocorre nos manguezais de Sergipe Nome popular Minhoca do mar Import\u00e2ncia Faz parta da cadeia [&hellip;]<\/p>\n","protected":false},"author":3,"featured_media":0,"parent":977,"menu_order":0,"comment_status":"open","ping_status":"open","template":"","meta":{"ngg_post_thumbnail":0},"_links":{"self":[{"href":"http:\/\/www.labec.com.br\/biodigital\/wp-json\/wp\/v2\/pages\/1201"}],"collection":[{"href":"http:\/\/www.labec.com.br\/biodigital\/wp-json\/wp\/v2\/pages"}],"about":[{"href":"http:\/\/www.labec.com.br\/biodigital\/wp-json\/wp\/v2\/types\/page"}],"author":[{"embeddable":true,"href":"http:\/\/www.labec.com.br\/biodigital\/wp-json\/wp\/v2\/users\/3"}],"replies":[{"embeddable":true,"href":"http:\/\/www.labec.com.br\/biodigital\/wp-json\/wp\/v2\/comments?post=1201"}],"version-history":[{"count":5,"href":"http:\/\/www.labec.com.br\/biodigital\/wp-json\/wp\/v2\/pages\/1201\/revisions"}],"predecessor-version":[{"id":1283,"href":"http:\/\/www.labec.com.br\/biodigital\/wp-json\/wp\/v2\/pages\/1201\/revisions\/1283"}],"up":[{"embeddable":true,"href":"http:\/\/www.labec.com.br\/biodigital\/wp-json\/wp\/v2\/pages\/977"}],"wp:attachment":[{"href":"http:\/\/www.labec.com.br\/biodigital\/wp-json\/wp\/v2\/media?parent=1201"}],"curies":[{"name":"wp","href":"https:\/\/api.w.org\/{rel}","templated":true}]}}