{"id":1196,"date":"2009-07-05T17:35:32","date_gmt":"2009-07-05T20:35:32","guid":{"rendered":"http:\/\/www.labec.com.br\/biodigital\/?page_id=1196"},"modified":"2009-07-05T21:46:39","modified_gmt":"2009-07-06T00:46:39","slug":"tagelusplebeius","status":"publish","type":"page","link":"http:\/\/www.labec.com.br\/biodigital\/ambientes\/manguezais\/faunamanguezal\/invertebradosdomanguezal\/tagelusplebeius\/","title":{"rendered":"Tagelus plebeius"},"content":{"rendered":"<p style=\"text-align: center;\"><span style=\"font-family: comic sans ms,sans-serif;\"><span style=\"font-size: small;\"><strong><img decoding=\"async\" loading=\"lazy\" class=\"size-medium wp-image-1292 aligncenter\" title=\"foto6\" src=\"http:\/\/www.labec.com.br\/biodigital\/wordpress\/wp-content\/uploads\/2009\/07\/foto6-300x197.jpg\" alt=\"foto6\" width=\"300\" height=\"197\" srcset=\"http:\/\/www.labec.com.br\/biodigital\/wordpress\/wp-content\/uploads\/2009\/07\/foto6-300x197.jpg 300w, http:\/\/www.labec.com.br\/biodigital\/wordpress\/wp-content\/uploads\/2009\/07\/foto6-1024x675.jpg 1024w, http:\/\/www.labec.com.br\/biodigital\/wordpress\/wp-content\/uploads\/2009\/07\/foto6.jpg 1211w\" sizes=\"(max-width: 300px) 100vw, 300px\" \/><\/strong><\/span><\/span><\/p>\n<p><span style=\"font-family: comic sans ms,sans-serif;\"><span style=\"font-size: small;\"><strong>Classifica\u00e7\u00e3o taxon\u00f4mica <br \/>\n<\/strong>\u00a0<br \/>\n<strong>Reino:<\/strong> Animalia<br \/>\n<strong>Filo:<\/strong> Mollusca <br \/>\n<strong>Classe:<\/strong> Bivalvia<br \/>\n<strong>Ordem:<\/strong> Veneroidea<br \/>\n<strong>Fam\u00edlia:<\/strong> Solecurtidae <br \/>\n<strong>G\u00eanero:<\/strong> Tagelus <br \/>\n<strong>Esp\u00e9cie<\/strong>: <em>Tagelus plebeius<\/em> (Lightfoot)<\/span><\/span><\/p>\n<p><span style=\"font-family: comic sans ms,sans-serif;\"><span style=\"font-size: small;\"><strong>Descri\u00e7\u00e3o<\/strong><br \/>\nOcorre em fundos arenoso e formados por cascalho<\/span><\/span><\/p>\n<p><span style=\"font-family: comic sans ms,sans-serif;\"><span style=\"font-size: small;\"><strong>Distribui\u00e7\u00e3o geogr\u00e1fica<\/strong><br \/>\nSua faixa de ocorr\u00eancia abrange as \u00cdndias Ocidentais (nas Antilhas), o Brasil e o Uruguai<\/span><\/span><\/p>\n<p><span style=\"font-family: comic sans ms,sans-serif;\"><span style=\"font-size: small;\"><strong>Distribui\u00e7\u00e3o local<br \/>\n<\/strong>Ocorre em Sergipe<\/span><\/span><\/p>\n<p><span style=\"font-family: comic sans ms,sans-serif;\"><span style=\"font-size: small;\"><strong>Nome popular<\/strong><br \/>\nUnha de velha<\/span><\/span><\/p>\n<p><span style=\"font-family: comic sans ms,sans-serif;\"><span style=\"font-size: small;\"><strong>Import\u00e2ncia<\/strong><br \/>\nFonte de renda na pesca artesanal<\/span><\/span><\/p>\n<p><span style=\"font-family: comic sans ms,sans-serif;\"><span style=\"font-size: small;\"><span style=\"color: #888888;\"><span style=\"font-size: x-small;\">Referencias bibliogr\u00e1ficas<\/span><\/span><\/span><\/span><\/p>\n<p><span style=\"font-family: comic sans ms,sans-serif;\"><span style=\"font-size: small;\"><span style=\"color: #888888;\"><span style=\"font-size: x-small;\">http:\/\/www.conchasbrasil.org.br<\/span><\/span><\/span><\/span><\/p>\n<p><span style=\"font-family: comic sans ms,sans-serif;\"><span style=\"font-size: small;\"><span style=\"color: #888888;\"><span style=\"font-size: x-small;\">http:\/\/books.google.com.br\/books?id=SUOjxxkSIysC&amp;pg=PA71&amp;lpg=PA71&amp;dq=tellina+lineata+distribui%C3%A7%C3%A3o&amp;source=bl&amp;ots=ql_ovc88c9&amp;sig=hZucdoOEOE15MTb8OWyFEf1ZDtw&amp;hl=ptBR&amp;ei=hfVQSsTKC4u0tgfsp_SnBA&amp;sa=X&amp;oi=book_result&amp;ct=result&amp;resnum=2<\/span><\/span><\/span><\/span><\/p>\n","protected":false},"excerpt":{"rendered":"<p>Classifica\u00e7\u00e3o taxon\u00f4mica \u00a0 Reino: Animalia Filo: Mollusca Classe: Bivalvia Ordem: Veneroidea Fam\u00edlia: Solecurtidae G\u00eanero: Tagelus Esp\u00e9cie: Tagelus plebeius (Lightfoot) Descri\u00e7\u00e3o Ocorre em fundos arenoso e formados por cascalho Distribui\u00e7\u00e3o geogr\u00e1fica Sua faixa de ocorr\u00eancia abrange as \u00cdndias Ocidentais (nas Antilhas), o Brasil e o Uruguai Distribui\u00e7\u00e3o local Ocorre em Sergipe Nome popular Unha de velha [&hellip;]<\/p>\n","protected":false},"author":3,"featured_media":0,"parent":977,"menu_order":0,"comment_status":"open","ping_status":"open","template":"","meta":{"ngg_post_thumbnail":0},"_links":{"self":[{"href":"http:\/\/www.labec.com.br\/biodigital\/wp-json\/wp\/v2\/pages\/1196"}],"collection":[{"href":"http:\/\/www.labec.com.br\/biodigital\/wp-json\/wp\/v2\/pages"}],"about":[{"href":"http:\/\/www.labec.com.br\/biodigital\/wp-json\/wp\/v2\/types\/page"}],"author":[{"embeddable":true,"href":"http:\/\/www.labec.com.br\/biodigital\/wp-json\/wp\/v2\/users\/3"}],"replies":[{"embeddable":true,"href":"http:\/\/www.labec.com.br\/biodigital\/wp-json\/wp\/v2\/comments?post=1196"}],"version-history":[{"count":4,"href":"http:\/\/www.labec.com.br\/biodigital\/wp-json\/wp\/v2\/pages\/1196\/revisions"}],"predecessor-version":[{"id":1293,"href":"http:\/\/www.labec.com.br\/biodigital\/wp-json\/wp\/v2\/pages\/1196\/revisions\/1293"}],"up":[{"embeddable":true,"href":"http:\/\/www.labec.com.br\/biodigital\/wp-json\/wp\/v2\/pages\/977"}],"wp:attachment":[{"href":"http:\/\/www.labec.com.br\/biodigital\/wp-json\/wp\/v2\/media?parent=1196"}],"curies":[{"name":"wp","href":"https:\/\/api.w.org\/{rel}","templated":true}]}}