{"id":1193,"date":"2009-07-05T17:31:27","date_gmt":"2009-07-05T20:31:27","guid":{"rendered":"http:\/\/www.labec.com.br\/biodigital\/?page_id=1193"},"modified":"2009-07-05T21:32:49","modified_gmt":"2009-07-06T00:32:49","slug":"macomaconstricta","status":"publish","type":"page","link":"http:\/\/www.labec.com.br\/biodigital\/ambientes\/manguezais\/faunamanguezal\/invertebradosdomanguezal\/macomaconstricta\/","title":{"rendered":"Macoma constricta"},"content":{"rendered":"<p style=\"text-align: center;\"><span style=\"font-size: small;\"><span style=\"font-family: comic sans ms,sans-serif;\"><strong><img decoding=\"async\" loading=\"lazy\" class=\"size-medium wp-image-1275 aligncenter\" title=\"Macoma constricta\" src=\"http:\/\/www.labec.com.br\/biodigital\/wordpress\/wp-content\/uploads\/2009\/07\/Macoma-constricta-300x225.jpg\" alt=\"Macoma constricta\" width=\"300\" height=\"225\" srcset=\"http:\/\/www.labec.com.br\/biodigital\/wordpress\/wp-content\/uploads\/2009\/07\/Macoma-constricta-300x225.jpg 300w, http:\/\/www.labec.com.br\/biodigital\/wordpress\/wp-content\/uploads\/2009\/07\/Macoma-constricta.jpg 640w\" sizes=\"(max-width: 300px) 100vw, 300px\" \/><\/strong><\/span><\/span><\/p>\n<p><span style=\"font-size: small;\"><span style=\"font-family: comic sans ms,sans-serif;\"><strong>Classifica\u00e7\u00e3o taxon\u00f4mica<\/strong> <br \/>\n\u00a0<br \/>\n<strong>Reino:<\/strong> Animalia<br \/>\n<strong>Filo<\/strong>: Mollusca<br \/>\n<strong>Classe<\/strong>: Bivalvia<br \/>\n<strong>Ordem<\/strong>: Veneroidea<br \/>\n<strong>Fam\u00edlia:<\/strong> Tellinidae <br \/>\n<strong>G\u00eanero:<\/strong> Macoma <br \/>\n<strong>Esp\u00e9cie:<\/strong> <em>Macoma constricta<\/em><\/span><\/span><\/p>\n<p><span style=\"font-size: small;\"><span style=\"font-family: comic sans ms,sans-serif;\"><strong>Descri\u00e7\u00e3o<\/strong><br \/>\nHabita fundos arenosos e formado por cascalho.Alimenta-se de dep\u00f3sitos a partir de seu sif\u00e3o.<br \/>\n\u00a0<\/span><\/span><\/p>\n<p><span style=\"font-size: small;\"><span style=\"font-family: comic sans ms,sans-serif;\"><strong>Distribui\u00e7\u00e3o geogr\u00e1fica<\/strong><br \/>\nOceano Atl\u00e2ntico, Fl\u00f3rida, golfo do M\u00e9xico, Brasil ( do Maranh\u00e3o at\u00e9 Sabta catarina)<\/span><\/span><\/p>\n<p><span style=\"font-size: small;\"><span style=\"font-family: comic sans ms,sans-serif;\"><strong>Distribui\u00e7\u00e3o local<\/strong><br \/>\nOcorre em manguezais de Sergipe<\/span><\/span><\/p>\n<p><span style=\"font-size: small;\"><span style=\"font-family: comic sans ms,sans-serif;\"><strong>Nome popular<br \/>\n<\/strong>Marisco<\/span><\/span><\/p>\n<p><span style=\"font-size: small;\"><span style=\"font-family: comic sans ms,sans-serif;\"><strong>Import\u00e2ncia<br \/>\n<\/strong>Fonte de renda na pesca artesanal<\/span><\/span><\/p>\n<p><span style=\"font-size: small;\"><span style=\"font-family: comic sans ms,sans-serif;\"><strong>Curiosidade<\/strong><br \/>\nSua concha \u00e9 muitas vezes confundida com a tellina lineata<\/span><\/span><\/p>\n<p><span style=\"color: #888888;\"><span style=\"font-size: x-small;\"><span style=\"font-family: comic sans ms,sans-serif;\">Referencias bibliogr\u00e1ficas<\/span><\/span><\/span><\/p>\n<p><span style=\"color: #888888;\"><span style=\"font-size: x-small;\"><span style=\"font-family: comic sans ms,sans-serif;\">http:\/\/www.conchasbrasil.org.br<\/span><\/span><\/span><\/p>\n<p><span style=\"color: #888888;\"><span style=\"font-size: x-small;\"><span style=\"font-family: comic sans ms,sans-serif;\">http:\/\/books.google.com.br\/books?id=SUOjxxkSIysC&amp;pg=PA71&amp;lpg=PA71&amp;dq=tellina+lineata+distribui%C3%A7%C3%A3o&amp;source=bl&amp;ots=ql_ovc88c9&amp;sig=hZucdoOE<\/span><\/span><\/span><\/p>\n","protected":false},"excerpt":{"rendered":"<p>Classifica\u00e7\u00e3o taxon\u00f4mica \u00a0 Reino: Animalia Filo: Mollusca Classe: Bivalvia Ordem: Veneroidea Fam\u00edlia: Tellinidae G\u00eanero: Macoma Esp\u00e9cie: Macoma constricta Descri\u00e7\u00e3o Habita fundos arenosos e formado por cascalho.Alimenta-se de dep\u00f3sitos a partir de seu sif\u00e3o. \u00a0 Distribui\u00e7\u00e3o geogr\u00e1fica Oceano Atl\u00e2ntico, Fl\u00f3rida, golfo do M\u00e9xico, Brasil ( do Maranh\u00e3o at\u00e9 Sabta catarina) Distribui\u00e7\u00e3o local Ocorre em manguezais de [&hellip;]<\/p>\n","protected":false},"author":3,"featured_media":0,"parent":977,"menu_order":0,"comment_status":"open","ping_status":"open","template":"","meta":{"ngg_post_thumbnail":0},"_links":{"self":[{"href":"http:\/\/www.labec.com.br\/biodigital\/wp-json\/wp\/v2\/pages\/1193"}],"collection":[{"href":"http:\/\/www.labec.com.br\/biodigital\/wp-json\/wp\/v2\/pages"}],"about":[{"href":"http:\/\/www.labec.com.br\/biodigital\/wp-json\/wp\/v2\/types\/page"}],"author":[{"embeddable":true,"href":"http:\/\/www.labec.com.br\/biodigital\/wp-json\/wp\/v2\/users\/3"}],"replies":[{"embeddable":true,"href":"http:\/\/www.labec.com.br\/biodigital\/wp-json\/wp\/v2\/comments?post=1193"}],"version-history":[{"count":3,"href":"http:\/\/www.labec.com.br\/biodigital\/wp-json\/wp\/v2\/pages\/1193\/revisions"}],"predecessor-version":[{"id":1195,"href":"http:\/\/www.labec.com.br\/biodigital\/wp-json\/wp\/v2\/pages\/1193\/revisions\/1195"}],"up":[{"embeddable":true,"href":"http:\/\/www.labec.com.br\/biodigital\/wp-json\/wp\/v2\/pages\/977"}],"wp:attachment":[{"href":"http:\/\/www.labec.com.br\/biodigital\/wp-json\/wp\/v2\/media?parent=1193"}],"curies":[{"name":"wp","href":"https:\/\/api.w.org\/{rel}","templated":true}]}}