{"id":1188,"date":"2009-07-05T17:20:21","date_gmt":"2009-07-05T20:20:21","guid":{"rendered":"http:\/\/www.labec.com.br\/biodigital\/?page_id=1188"},"modified":"2009-07-05T21:30:50","modified_gmt":"2009-07-06T00:30:50","slug":"lucinapectinata","status":"publish","type":"page","link":"http:\/\/www.labec.com.br\/biodigital\/ambientes\/manguezais\/faunamanguezal\/invertebradosdomanguezal\/lucinapectinata\/","title":{"rendered":"Lucina pectinata"},"content":{"rendered":"<p style=\"text-align: center;\"><span style=\"font-family: comic sans ms,sans-serif;\"><span style=\"font-size: small;\"><strong><img decoding=\"async\" loading=\"lazy\" class=\"size-medium wp-image-1272 aligncenter\" title=\"DSC00768\" src=\"http:\/\/www.labec.com.br\/biodigital\/wordpress\/wp-content\/uploads\/2009\/07\/DSC00768-300x225.jpg\" alt=\"DSC00768\" width=\"300\" height=\"225\" srcset=\"http:\/\/www.labec.com.br\/biodigital\/wordpress\/wp-content\/uploads\/2009\/07\/DSC00768-300x225.jpg 300w, http:\/\/www.labec.com.br\/biodigital\/wordpress\/wp-content\/uploads\/2009\/07\/DSC00768.jpg 640w\" sizes=\"(max-width: 300px) 100vw, 300px\" \/><\/strong><\/span><\/span><\/p>\n<p><span style=\"font-family: comic sans ms,sans-serif;\"><span style=\"font-size: small;\"><strong>Classifica\u00e7\u00e3o taxon\u00f4mica<\/strong> <br \/>\n<\/span><\/span><span style=\"font-family: comic sans ms,sans-serif;\"><span style=\"font-size: small;\"><strong>\u00a0<br \/>\nReino:<\/strong> Animalia<br \/>\n<strong>Filo:<\/strong> Mollusca <br \/>\n<strong>Classe:<\/strong> Bivalvia <br \/>\n<strong>Ordem:<\/strong> Veneroidea<br \/>\n<strong>Fam\u00edlia:<\/strong> Lucinida<br \/>\n<strong>G\u00eanero:<\/strong> Lucina <br \/>\n<strong>Esp\u00e9cie:<\/strong> <em>Lucina pectinata (<\/em>Gmelim)<\/span><\/span><\/p>\n<p><span style=\"font-family: comic sans ms,sans-serif;\"><span style=\"font-size: small;\"><strong>Descri\u00e7\u00e3o<br \/>\n<\/strong>Vive em fundos arenosos e lodosos, enterrados ou sobre o substrato<\/span><\/span><\/p>\n<p><span style=\"font-family: comic sans ms,sans-serif;\"><span style=\"font-size: small;\"><strong>Distribui\u00e7\u00e3o geogr\u00e1fica<\/strong><br \/>\nAtl\u00e2ntico ocidental, Brasil, Estados Unidos.<\/span><\/span><\/p>\n<p><span style=\"font-family: comic sans ms,sans-serif;\"><span style=\"font-size: small;\"><strong>Distribui\u00e7\u00e3o local<\/strong><br \/>\nOcorre em manguezais de Sergipe<\/span><\/span><\/p>\n<p><span style=\"font-family: comic sans ms,sans-serif;\"><span style=\"font-size: small;\"><strong>Nome popular<br \/>\n<\/strong>Lambreta<\/span><\/span><\/p>\n<p><span style=\"font-family: comic sans ms,sans-serif;\"><span style=\"font-size: small;\"><strong>Import\u00e2ncia<\/strong><br \/>\nPode ser utilizado na alimenta\u00e7\u00e3o e \u00e9 fonte de renda da pesca artesanal<\/span><\/span><\/p>\n<p><span style=\"font-family: comic sans ms,sans-serif;\"><span style=\"font-size: small;\"><span style=\"color: #888888;\"><span style=\"font-size: x-small;\">Referencias bibliogr\u00e1ficas<\/span><\/span><\/span><\/span><\/p>\n<p><span style=\"font-family: comic sans ms,sans-serif;\"><span style=\"font-size: small;\"><span style=\"color: #888888;\"><span style=\"font-size: x-small;\">http:\/\/www.conchasbrasil.org.br<\/span><\/span><\/span><\/span><\/p>\n<p><span style=\"font-family: comic sans ms,sans-serif;\"><span style=\"font-size: small;\">\u00a0<\/span><\/span><\/p>\n","protected":false},"excerpt":{"rendered":"<p>Classifica\u00e7\u00e3o taxon\u00f4mica \u00a0 Reino: Animalia Filo: Mollusca Classe: Bivalvia Ordem: Veneroidea Fam\u00edlia: Lucinida G\u00eanero: Lucina Esp\u00e9cie: Lucina pectinata (Gmelim) Descri\u00e7\u00e3o Vive em fundos arenosos e lodosos, enterrados ou sobre o substrato Distribui\u00e7\u00e3o geogr\u00e1fica Atl\u00e2ntico ocidental, Brasil, Estados Unidos. Distribui\u00e7\u00e3o local Ocorre em manguezais de Sergipe Nome popular Lambreta Import\u00e2ncia Pode ser utilizado na alimenta\u00e7\u00e3o e [&hellip;]<\/p>\n","protected":false},"author":3,"featured_media":0,"parent":977,"menu_order":0,"comment_status":"open","ping_status":"open","template":"","meta":{"ngg_post_thumbnail":0},"_links":{"self":[{"href":"http:\/\/www.labec.com.br\/biodigital\/wp-json\/wp\/v2\/pages\/1188"}],"collection":[{"href":"http:\/\/www.labec.com.br\/biodigital\/wp-json\/wp\/v2\/pages"}],"about":[{"href":"http:\/\/www.labec.com.br\/biodigital\/wp-json\/wp\/v2\/types\/page"}],"author":[{"embeddable":true,"href":"http:\/\/www.labec.com.br\/biodigital\/wp-json\/wp\/v2\/users\/3"}],"replies":[{"embeddable":true,"href":"http:\/\/www.labec.com.br\/biodigital\/wp-json\/wp\/v2\/comments?post=1188"}],"version-history":[{"count":3,"href":"http:\/\/www.labec.com.br\/biodigital\/wp-json\/wp\/v2\/pages\/1188\/revisions"}],"predecessor-version":[{"id":1273,"href":"http:\/\/www.labec.com.br\/biodigital\/wp-json\/wp\/v2\/pages\/1188\/revisions\/1273"}],"up":[{"embeddable":true,"href":"http:\/\/www.labec.com.br\/biodigital\/wp-json\/wp\/v2\/pages\/977"}],"wp:attachment":[{"href":"http:\/\/www.labec.com.br\/biodigital\/wp-json\/wp\/v2\/media?parent=1188"}],"curies":[{"name":"wp","href":"https:\/\/api.w.org\/{rel}","templated":true}]}}