{"id":1186,"date":"2009-07-05T17:16:53","date_gmt":"2009-07-05T20:16:53","guid":{"rendered":"http:\/\/www.labec.com.br\/biodigital\/?page_id=1186"},"modified":"2009-09-27T14:49:01","modified_gmt":"2009-09-27T17:49:01","slug":"crassostreasp","status":"publish","type":"page","link":"http:\/\/www.labec.com.br\/biodigital\/ambientes\/manguezais\/faunamanguezal\/invertebradosdomanguezal\/crassostreasp\/","title":{"rendered":"Crassostrea sp."},"content":{"rendered":"<p style=\"text-align: center;\"><span style=\"font-family: comic sans ms,sans-serif;\"><span style=\"font-size: small;\"><strong><img decoding=\"async\" class=\"size-full wp-image-1259 aligncenter\" title=\"IMG_7864\" src=\"http:\/\/www.labec.com.br\/biodigital\/wordpress\/wp-content\/uploads\/2009\/07\/IMG_7864.bmp\" alt=\"IMG_7864\" \/><\/strong><\/span><\/span><\/p>\n<p><span style=\"font-family: comic sans ms,sans-serif;\"><span style=\"font-size: small;\"><strong>Classifica\u00e7\u00e3o taxon\u00f4mica <br \/>\n<\/strong>\u00a0<br \/>\n<strong>Reino: <\/strong>Animalia<br \/>\n<strong>Filo:<\/strong> Mollusca <br \/>\n<strong>Classe:<\/strong> Gastropoda<br \/>\n<strong>Ordem:<\/strong> Pterioida<br \/>\n<strong>Fam\u00edlia:<\/strong> Ostracidae <br \/>\n<strong>G\u00eanero<\/strong>: Crassostrea <br \/>\n<strong>Esp\u00e9cie:<\/strong> <em>Crassostrea<\/em> sp.<\/span><\/span><\/p>\n<p><span style=\"font-family: comic sans ms,sans-serif;\"><span style=\"font-size: small;\"><strong>Descri\u00e7\u00e3o<\/strong><br \/>\nVivem em ra\u00edzes de mangue, em fundos de cascalho e sobre pedras.<\/span><\/span><\/p>\n<p><span style=\"font-family: comic sans ms,sans-serif;\"><span style=\"font-size: small;\"><strong>Distribui\u00e7\u00e3o geogr\u00e1fica<\/strong><br \/>\nPossuem uma ampla distribui\u00e7\u00e3o geogr\u00e1fica, habitando desde a faixa equatorial, at\u00e9 a faixa do frio moderado. Prevalecem em \u00e1guas costeiras rasas, exceto nas regi\u00f5es polares.<\/span><\/span><\/p>\n<p><span style=\"font-family: comic sans ms,sans-serif;\"><span style=\"font-size: small;\"><strong>Distribui\u00e7\u00e3o local<\/strong><br \/>\nOcorre nos manguezais de Sergipe<\/span><\/span><\/p>\n<p><span style=\"font-family: comic sans ms,sans-serif;\"><span style=\"font-size: small;\"><strong>Nome popular<\/strong><br \/>\nOstra de mangue<\/span><\/span><\/p>\n<p><span style=\"font-family: comic sans ms,sans-serif;\"><span style=\"font-size: small;\"><strong>Import\u00e2ncia<br \/>\n<\/strong>Fonte de renda para fam\u00edlias de ribeirinhos. Fonte de alimenta\u00e7\u00e3o<\/span><\/span><\/p>\n<p><span style=\"font-family: comic sans ms,sans-serif;\"><span style=\"font-size: small;\"><strong>Curiosidade<\/strong><br \/>\nSeu consumo \u00e9 feito cru, o que muitas vezes pode ocasionar em doen\u00e7as para o homem.<\/span><\/span><\/p>\n<p><span style=\"color: #888888;\"><span style=\"font-family: comic sans ms,sans-serif;\"><span style=\"font-size: x-small;\">Referencias bibliogr\u00e1ficas<\/span><\/span><\/span><\/p>\n<p><span style=\"color: #888888;\"><span style=\"font-family: comic sans ms,sans-serif;\"><span style=\"font-size: x-small;\">www.seb-ecologia.org.br\/viiiceb\/pdf\/1103.pdf<br \/>\nftp:\/\/ftp.sp.gov.br\/ftppesca\/34_1_71-77.pdf<br \/>\n<a href=\"http:\/\/www.ipaq.org.br\/modules.php?name=Aquarioes&amp;op=mostrar_especie&amp;id=449&amp;nome_map=d,c,b,a\">http:\/\/www.ipaq.org.br\/modules.php?name=Aquarioes&amp;op=mostrar_especie&amp;id=449&amp;nome_map=d,c,b,a<\/a><\/span><\/span><\/span><\/p>\n","protected":false},"excerpt":{"rendered":"<p>Classifica\u00e7\u00e3o taxon\u00f4mica \u00a0 Reino: Animalia Filo: Mollusca Classe: Gastropoda Ordem: Pterioida Fam\u00edlia: Ostracidae G\u00eanero: Crassostrea Esp\u00e9cie: Crassostrea sp. Descri\u00e7\u00e3o Vivem em ra\u00edzes de mangue, em fundos de cascalho e sobre pedras. Distribui\u00e7\u00e3o geogr\u00e1fica Possuem uma ampla distribui\u00e7\u00e3o geogr\u00e1fica, habitando desde a faixa equatorial, at\u00e9 a faixa do frio moderado. Prevalecem em \u00e1guas costeiras rasas, exceto [&hellip;]<\/p>\n","protected":false},"author":3,"featured_media":0,"parent":977,"menu_order":0,"comment_status":"open","ping_status":"open","template":"","meta":{"ngg_post_thumbnail":0},"_links":{"self":[{"href":"http:\/\/www.labec.com.br\/biodigital\/wp-json\/wp\/v2\/pages\/1186"}],"collection":[{"href":"http:\/\/www.labec.com.br\/biodigital\/wp-json\/wp\/v2\/pages"}],"about":[{"href":"http:\/\/www.labec.com.br\/biodigital\/wp-json\/wp\/v2\/types\/page"}],"author":[{"embeddable":true,"href":"http:\/\/www.labec.com.br\/biodigital\/wp-json\/wp\/v2\/users\/3"}],"replies":[{"embeddable":true,"href":"http:\/\/www.labec.com.br\/biodigital\/wp-json\/wp\/v2\/comments?post=1186"}],"version-history":[{"count":5,"href":"http:\/\/www.labec.com.br\/biodigital\/wp-json\/wp\/v2\/pages\/1186\/revisions"}],"predecessor-version":[{"id":1258,"href":"http:\/\/www.labec.com.br\/biodigital\/wp-json\/wp\/v2\/pages\/1186\/revisions\/1258"}],"up":[{"embeddable":true,"href":"http:\/\/www.labec.com.br\/biodigital\/wp-json\/wp\/v2\/pages\/977"}],"wp:attachment":[{"href":"http:\/\/www.labec.com.br\/biodigital\/wp-json\/wp\/v2\/media?parent=1186"}],"curies":[{"name":"wp","href":"https:\/\/api.w.org\/{rel}","templated":true}]}}