{"id":1183,"date":"2009-07-05T17:13:55","date_gmt":"2009-07-05T20:13:55","guid":{"rendered":"http:\/\/www.labec.com.br\/biodigital\/?page_id=1183"},"modified":"2009-07-05T21:38:21","modified_gmt":"2009-07-06T00:38:21","slug":"mytellaguyanensis","status":"publish","type":"page","link":"http:\/\/www.labec.com.br\/biodigital\/ambientes\/manguezais\/faunamanguezal\/invertebradosdomanguezal\/mytellaguyanensis\/","title":{"rendered":"Mytella guyanensis"},"content":{"rendered":"<p style=\"text-align: center;\"><span style=\"font-family: comic sans ms,sans-serif;\"><span style=\"font-size: small;\"><strong><img decoding=\"async\" loading=\"lazy\" class=\"size-medium wp-image-1280 aligncenter\" title=\"DSC00729\" src=\"http:\/\/www.labec.com.br\/biodigital\/wordpress\/wp-content\/uploads\/2009\/07\/DSC00729-300x225.jpg\" alt=\"DSC00729\" width=\"300\" height=\"225\" srcset=\"http:\/\/www.labec.com.br\/biodigital\/wordpress\/wp-content\/uploads\/2009\/07\/DSC00729-300x225.jpg 300w, http:\/\/www.labec.com.br\/biodigital\/wordpress\/wp-content\/uploads\/2009\/07\/DSC00729.jpg 640w\" sizes=\"(max-width: 300px) 100vw, 300px\" \/><\/strong><\/span><\/span><\/p>\n<p><span style=\"font-family: comic sans ms,sans-serif;\"><span style=\"font-size: small;\"><strong>Classifica\u00e7\u00e3o taxon\u00f4mica <br \/>\n<\/strong>\u00a0<br \/>\n<strong>Reino:<\/strong> Animalia<br \/>\n<strong>Filo<\/strong>: Mollusca<br \/>\n<strong>Classe:<\/strong> Gastropoda<br \/>\n<strong>Ordem:<\/strong> Mytiloida<br \/>\n<strong>Fam\u00edlia:<\/strong> Mytilidae<br \/>\n<strong>G\u00eanero:<\/strong> Mytella <br \/>\n<strong>Esp\u00e9cie:<\/strong> <em>Mytella guyanensis<\/em> (Lamarck)<\/span><\/span><\/p>\n<p><span style=\"font-family: comic sans ms,sans-serif;\"><span style=\"font-size: small;\"><strong>Descri\u00e7\u00e3o<\/strong><br \/>\nVive em arbustos, sobre pedras e em plantas aqu\u00e1ticas<\/span><\/span><\/p>\n<p><span style=\"font-family: comic sans ms,sans-serif;\"><span style=\"font-size: small;\"><strong>Distribui\u00e7\u00e3o geogr\u00e1fica<\/strong><br \/>\nOceano Pac\u00edfico do M\u00e9xico ao Equador e no Atl\u00e2ntico, desde a Venezuela, Brasil, Uruguai at\u00e9 Argentina.<\/span><\/span><\/p>\n<p><span style=\"font-family: comic sans ms,sans-serif;\"><span style=\"font-size: small;\"><strong>Distribui\u00e7\u00e3o local<\/strong><br \/>\nOcorre em Sergipe<\/span><\/span><\/p>\n<p><span style=\"font-family: comic sans ms,sans-serif;\"><span style=\"font-size: small;\"><strong>Nome popular<\/strong><br \/>\nSururu<\/span><\/span><\/p>\n<p><span style=\"font-family: comic sans ms,sans-serif;\"><span style=\"font-size: small;\"><strong>Import\u00e2ncia<\/strong><br \/>\nFonte de renda e de alimenta\u00e7\u00e3o.<\/span><\/span><\/p>\n<p><span style=\"font-size: small;\">\u00a0<\/span><\/p>\n<p><span style=\"color: #888888;\"><span style=\"font-size: x-small;\">Referencias bibliogr\u00e1ficas<\/span><\/span><\/p>\n<p><span style=\"color: #888888;\"><span style=\"font-size: x-small;\">SANTOS, W. S. ; TEN\u00d3RIO, D. O.Moluscos dos substratos inconsolidados do mediolitoral do estu\u00e1rio do Rio Jaboat\u00e3o, Pernambuco \u2013 Brasil. Biblioteca Digital de Teses e Disserta\u00e7\u00f5es da UFPE, 2006.<\/span><\/span><\/p>\n<p><span style=\"color: #888888;\"><span style=\"font-size: x-small;\">http:\/\/www.conchasbrasil.org.br<\/span><\/span><\/p>\n","protected":false},"excerpt":{"rendered":"<p>Classifica\u00e7\u00e3o taxon\u00f4mica \u00a0 Reino: Animalia Filo: Mollusca Classe: Gastropoda Ordem: Mytiloida Fam\u00edlia: Mytilidae G\u00eanero: Mytella Esp\u00e9cie: Mytella guyanensis (Lamarck) Descri\u00e7\u00e3o Vive em arbustos, sobre pedras e em plantas aqu\u00e1ticas Distribui\u00e7\u00e3o geogr\u00e1fica Oceano Pac\u00edfico do M\u00e9xico ao Equador e no Atl\u00e2ntico, desde a Venezuela, Brasil, Uruguai at\u00e9 Argentina. Distribui\u00e7\u00e3o local Ocorre em Sergipe Nome popular Sururu [&hellip;]<\/p>\n","protected":false},"author":3,"featured_media":0,"parent":977,"menu_order":0,"comment_status":"open","ping_status":"open","template":"","meta":{"ngg_post_thumbnail":0},"_links":{"self":[{"href":"http:\/\/www.labec.com.br\/biodigital\/wp-json\/wp\/v2\/pages\/1183"}],"collection":[{"href":"http:\/\/www.labec.com.br\/biodigital\/wp-json\/wp\/v2\/pages"}],"about":[{"href":"http:\/\/www.labec.com.br\/biodigital\/wp-json\/wp\/v2\/types\/page"}],"author":[{"embeddable":true,"href":"http:\/\/www.labec.com.br\/biodigital\/wp-json\/wp\/v2\/users\/3"}],"replies":[{"embeddable":true,"href":"http:\/\/www.labec.com.br\/biodigital\/wp-json\/wp\/v2\/comments?post=1183"}],"version-history":[{"count":3,"href":"http:\/\/www.labec.com.br\/biodigital\/wp-json\/wp\/v2\/pages\/1183\/revisions"}],"predecessor-version":[{"id":1185,"href":"http:\/\/www.labec.com.br\/biodigital\/wp-json\/wp\/v2\/pages\/1183\/revisions\/1185"}],"up":[{"embeddable":true,"href":"http:\/\/www.labec.com.br\/biodigital\/wp-json\/wp\/v2\/pages\/977"}],"wp:attachment":[{"href":"http:\/\/www.labec.com.br\/biodigital\/wp-json\/wp\/v2\/media?parent=1183"}],"curies":[{"name":"wp","href":"https:\/\/api.w.org\/{rel}","templated":true}]}}