{"id":1181,"date":"2009-07-05T17:11:11","date_gmt":"2009-07-05T20:11:11","guid":{"rendered":"http:\/\/www.labec.com.br\/biodigital\/?page_id=1181"},"modified":"2009-09-27T14:17:28","modified_gmt":"2009-09-27T17:17:28","slug":"melampuscoffeus","status":"publish","type":"page","link":"http:\/\/www.labec.com.br\/biodigital\/ambientes\/manguezais\/faunamanguezal\/invertebradosdomanguezal\/melampuscoffeus\/","title":{"rendered":"Melampus coffeus"},"content":{"rendered":"<p style=\"text-align: center;\"><span style=\"font-family: comic sans ms,sans-serif;\"><span style=\"font-size: small;\"><strong><img decoding=\"async\" loading=\"lazy\" class=\"size-medium wp-image-1277 aligncenter\" title=\"foto5\" src=\"http:\/\/www.labec.com.br\/biodigital\/wordpress\/wp-content\/uploads\/2009\/07\/foto5-300x199.jpg\" alt=\"foto5\" width=\"300\" height=\"199\" srcset=\"http:\/\/www.labec.com.br\/biodigital\/wordpress\/wp-content\/uploads\/2009\/07\/foto5-300x199.jpg 300w, http:\/\/www.labec.com.br\/biodigital\/wordpress\/wp-content\/uploads\/2009\/07\/foto5-1024x682.jpg 1024w, http:\/\/www.labec.com.br\/biodigital\/wordpress\/wp-content\/uploads\/2009\/07\/foto5.jpg 1211w\" sizes=\"(max-width: 300px) 100vw, 300px\" \/><\/strong><\/span><\/span><\/p>\n<p><span style=\"font-family: comic sans ms,sans-serif;\"><span style=\"font-size: small;\"><strong>Classifica\u00e7\u00e3o taxon\u00f4mica <br \/>\n<\/strong>\u00a0<br \/>\n<strong>Reino:<\/strong> Animalia<br \/>\n<strong>Filo:<\/strong> Mollusca<br \/>\n<strong>Classe:<\/strong> Gastropoda<br \/>\n<strong>Ordem:<\/strong> Pulmonata<br \/>\n<strong>Fam\u00edlia:<\/strong> Ellobidae <br \/>\n<strong>G\u00eanero:<\/strong> Melampus <br \/>\n<strong>Esp\u00e9cie:<\/strong> <em>Melampus coffeus<\/em> (lineaus)<\/span><\/span><\/p>\n<p><span style=\"font-family: comic sans ms,sans-serif;\"><span style=\"font-size: small;\"><span style=\"font-family: comic sans ms,sans-serif;\"><strong>Descri\u00e7\u00e3o<br \/>\n<\/strong>Areia &#8211; Vive em fundos arenosos, enterrado ou sobre ele, vive em fundos lodosos e vive em plantas de \u00e1gua doce.<\/span><\/span><\/span><\/p>\n<p><span style=\"font-family: comic sans ms,sans-serif;\"><span style=\"font-size: small;\"><span style=\"font-family: comic sans ms,sans-serif;\"><strong>Distribui\u00e7\u00e3o geogr\u00e1fica<\/strong><br \/>\nDistribui-se da Fl\u00f3rida ao Uruguai<\/span><\/span><\/span><\/p>\n<p><span style=\"font-family: comic sans ms,sans-serif;\"><span style=\"font-size: small;\"><span style=\"font-family: comic sans ms,sans-serif;\"><strong>Distribui\u00e7\u00e3o local<\/strong><br \/>\nOcorre em manguezais de Sergipe<\/span><\/span><\/span><\/p>\n<p><span style=\"font-family: comic sans ms,sans-serif;\"><span style=\"font-size: small;\"><span style=\"font-family: comic sans ms,sans-serif;\"><strong>Nome popular<\/strong><br \/>\nCatapu<\/span><\/span><\/span><\/p>\n<p><span style=\"font-family: comic sans ms,sans-serif;\"><span style=\"font-size: small;\"><span style=\"font-family: comic sans ms,sans-serif;\"><strong>Import\u00e2ncia<\/strong><br \/>\nCiclagem de nutrientes em manguezais<\/span><\/span><\/span><\/p>\n<p><span style=\"font-family: comic sans ms,sans-serif;\"><span style=\"color: #888888;\"><span style=\"font-size: x-small;\">Referencias bibliogr\u00e1ficas<\/span><\/span><\/span><\/p>\n<p><span style=\"font-family: comic sans ms,sans-serif;\"><span style=\"color: #888888;\"><span style=\"font-size: x-small;\"><span style=\"font-family: comic sans ms,sans-serif;\">Maia, R. C.; Tanaka, M. O. Avalia\u00e7\u00e3o de efeitos de esp\u00e9cies de mangue na distribui\u00e7\u00e3o de Melampus coffeus (Gastropoda, Ellobiidae) no Cear\u00e1, nordeste do Brasil. Iheringia, S\u00e9r. Zool. vol.97 no.4 Porto Alegre, 2007.<\/span><\/span><\/span><\/span><\/p>\n<p><span style=\"font-family: comic sans ms,sans-serif;\"><span style=\"color: #888888;\"><span style=\"font-size: x-small;\"><span style=\"font-family: comic sans ms,sans-serif;\"><a href=\"http:\/\/seb-ecologia.org.br\/viiiceb\/pdf\/1009.pdf\">http:\/\/seb-ecologia.org.br\/viiiceb\/pdf\/1009.pdf<\/a><\/span><\/span><\/span><\/span><\/p>\n<p><br class=\"spacer_\" \/><\/p>\n<p style=\"text-align: center;\"><a href=\"http:\/\/www.labec.com.br\/biodigital\/fauna\/mollusca\/gastropoda\/\"><span style=\"color: #808000;\"><span style=\"font-family: comic sans ms,sans-serif;\"><span style=\"font-size: medium;\"><strong>VOLTAR<\/strong><\/span><\/span>\u00a0<\/span><\/a><\/p>\n","protected":false},"excerpt":{"rendered":"<p>Classifica\u00e7\u00e3o taxon\u00f4mica \u00a0 Reino: Animalia Filo: Mollusca Classe: Gastropoda Ordem: Pulmonata Fam\u00edlia: Ellobidae G\u00eanero: Melampus Esp\u00e9cie: Melampus coffeus (lineaus) Descri\u00e7\u00e3o Areia &#8211; Vive em fundos arenosos, enterrado ou sobre ele, vive em fundos lodosos e vive em plantas de \u00e1gua doce. Distribui\u00e7\u00e3o geogr\u00e1fica Distribui-se da Fl\u00f3rida ao Uruguai Distribui\u00e7\u00e3o local Ocorre em manguezais de Sergipe [&hellip;]<\/p>\n","protected":false},"author":3,"featured_media":0,"parent":977,"menu_order":0,"comment_status":"open","ping_status":"open","template":"","meta":{"ngg_post_thumbnail":0},"_links":{"self":[{"href":"http:\/\/www.labec.com.br\/biodigital\/wp-json\/wp\/v2\/pages\/1181"}],"collection":[{"href":"http:\/\/www.labec.com.br\/biodigital\/wp-json\/wp\/v2\/pages"}],"about":[{"href":"http:\/\/www.labec.com.br\/biodigital\/wp-json\/wp\/v2\/types\/page"}],"author":[{"embeddable":true,"href":"http:\/\/www.labec.com.br\/biodigital\/wp-json\/wp\/v2\/users\/3"}],"replies":[{"embeddable":true,"href":"http:\/\/www.labec.com.br\/biodigital\/wp-json\/wp\/v2\/comments?post=1181"}],"version-history":[{"count":6,"href":"http:\/\/www.labec.com.br\/biodigital\/wp-json\/wp\/v2\/pages\/1181\/revisions"}],"predecessor-version":[{"id":1278,"href":"http:\/\/www.labec.com.br\/biodigital\/wp-json\/wp\/v2\/pages\/1181\/revisions\/1278"}],"up":[{"embeddable":true,"href":"http:\/\/www.labec.com.br\/biodigital\/wp-json\/wp\/v2\/pages\/977"}],"wp:attachment":[{"href":"http:\/\/www.labec.com.br\/biodigital\/wp-json\/wp\/v2\/media?parent=1181"}],"curies":[{"name":"wp","href":"https:\/\/api.w.org\/{rel}","templated":true}]}}