{"id":1174,"date":"2009-07-05T17:02:48","date_gmt":"2009-07-05T20:02:48","guid":{"rendered":"http:\/\/www.labec.com.br\/biodigital\/?page_id=1174"},"modified":"2009-09-27T11:33:22","modified_gmt":"2009-09-27T14:33:22","slug":"neritinavirginea","status":"publish","type":"page","link":"http:\/\/www.labec.com.br\/biodigital\/ambientes\/manguezais\/faunamanguezal\/invertebradosdomanguezal\/neritinavirginea\/","title":{"rendered":"Neritina virginea"},"content":{"rendered":"<p style=\"text-align: center;\"><span style=\"font-family: comic sans ms,sans-serif;\"><span style=\"font-size: small;\"><strong><img decoding=\"async\" loading=\"lazy\" class=\"size-medium wp-image-1285 aligncenter\" title=\"Neritina virginea\" src=\"http:\/\/www.labec.com.br\/biodigital\/wordpress\/wp-content\/uploads\/2009\/07\/Neritina-virginea-300x225.jpg\" alt=\"Neritina virginea\" width=\"300\" height=\"225\" srcset=\"http:\/\/www.labec.com.br\/biodigital\/wordpress\/wp-content\/uploads\/2009\/07\/Neritina-virginea-300x225.jpg 300w, http:\/\/www.labec.com.br\/biodigital\/wordpress\/wp-content\/uploads\/2009\/07\/Neritina-virginea.jpg 640w\" sizes=\"(max-width: 300px) 100vw, 300px\" \/><\/strong><\/span><\/span><\/p>\n<p><span style=\"font-family: comic sans ms,sans-serif;\"><span style=\"font-size: small;\"><strong>Classifica\u00e7\u00e3o taxon\u00f4mica<\/strong> <br \/>\n\u00a0<br \/>\n<strong>Reino<\/strong>: Animalia<br \/>\n<strong>Filo:<\/strong> Mollusca<br \/>\n<strong>Classe<\/strong>: Gastropoda<br \/>\n<strong>Ordem:<\/strong> Cycloneritimorpha\u00a0 <br \/>\n<strong>Fam\u00edlia:<\/strong> Neritidae<br \/>\n<strong>G\u00eanero<\/strong>: Neritina<br \/>\n<strong>Esp\u00e9cie:<\/strong> <em>Neritina virginea<\/em> (Linnaeus)<br \/>\n<\/span><\/span><\/p>\n<p><span style=\"font-family: comic sans ms,sans-serif;\"><span style=\"font-size: small;\"><strong>Descri\u00e7\u00e3o<\/strong><br \/>\nVive em \u00e1gua doce e \u00e1gua salobra, mas n\u00e3o salgada; o fato de ser coletada no mangue explica porqu\u00ea que o suporte para desova \u00e9 de prefer\u00eancia madeira, por outras palavras, as raizes de grandes plantas de tipo emergente.<\/span><\/span><\/p>\n<p><span style=\"font-family: comic sans ms,sans-serif;\"><span style=\"font-size: small;\"><strong>Distribui\u00e7\u00e3o Local<\/strong><br \/>\nOcorrem em manguezais de Sergipe<\/span><\/span><\/p>\n<p><span style=\"font-family: comic sans ms,sans-serif;\"><span style=\"font-size: small;\"><strong>Nome popular<\/strong><br \/>\nArua-do-mangue<\/span><\/span><\/p>\n<p><span style=\"font-family: comic sans ms,sans-serif;\"><span style=\"font-size: small;\"><strong>Import\u00e2ncia<br \/>\n<\/strong>Faz parte da cadeia alimentar dos manguezais<\/span><\/span><\/p>\n<p><span style=\"font-family: comic sans ms,sans-serif;\"><span style=\"font-size: small;\"><strong>Curiosidade<\/strong><br \/>\n\u00c8 um gastropoda herb\u00edvoro.<\/span><\/span><\/p>\n<p><span style=\"font-family: comic sans ms,sans-serif;\"><span style=\"color: #888888;\"><span style=\"font-size: x-small;\">Referencias bibliogr\u00e1ficas<\/span><\/span><\/span><\/p>\n<p><span style=\"font-family: comic sans ms,sans-serif;\"><span style=\"color: #888888;\"><span style=\"font-family: comic sans ms,sans-serif;\"><span style=\"font-size: x-small;\">SANTOS, W. S. ; TEN\u00d3RIO, D. O.Moluscos dos substratos inconsolidados do mediolitoral do estu\u00e1rio do Rio Jaboat\u00e3o, Pernambuco \u2013 Brasil. Biblioteca Digital de Teses e Disserta\u00e7\u00f5es da UFPE, 2006.<\/span><\/span><\/span><\/span><\/p>\n<p><span style=\"font-family: comic sans ms,sans-serif;\"><span style=\"color: #888888;\"><span style=\"font-family: comic sans ms,sans-serif;\"><span style=\"font-size: x-small;\">\u00a0<\/span><\/span><\/span><\/span><\/p>\n<p style=\"text-align: center;\"><span style=\"font-family: comic sans ms,sans-serif;\"><span style=\"color: #888888;\"><span style=\"font-family: comic sans ms,sans-serif;\"><span style=\"font-size: x-small;\"><strong><span style=\"font-size: medium;\"><a href=\"http:\/\/www.labec.com.br\/biodigital\/fauna\/mollusca\/gastropoda\/\"><span style=\"color: #808000;\">VOLTAR<\/span><\/a><\/span><\/strong><\/span><\/span><\/span><\/span><\/p>\n","protected":false},"excerpt":{"rendered":"<p>Classifica\u00e7\u00e3o taxon\u00f4mica \u00a0 Reino: Animalia Filo: Mollusca Classe: Gastropoda Ordem: Cycloneritimorpha\u00a0 Fam\u00edlia: Neritidae G\u00eanero: Neritina Esp\u00e9cie: Neritina virginea (Linnaeus) Descri\u00e7\u00e3o Vive em \u00e1gua doce e \u00e1gua salobra, mas n\u00e3o salgada; o fato de ser coletada no mangue explica porqu\u00ea que o suporte para desova \u00e9 de prefer\u00eancia madeira, por outras palavras, as raizes de grandes [&hellip;]<\/p>\n","protected":false},"author":3,"featured_media":0,"parent":977,"menu_order":0,"comment_status":"open","ping_status":"open","template":"","meta":{"ngg_post_thumbnail":0},"_links":{"self":[{"href":"http:\/\/www.labec.com.br\/biodigital\/wp-json\/wp\/v2\/pages\/1174"}],"collection":[{"href":"http:\/\/www.labec.com.br\/biodigital\/wp-json\/wp\/v2\/pages"}],"about":[{"href":"http:\/\/www.labec.com.br\/biodigital\/wp-json\/wp\/v2\/types\/page"}],"author":[{"embeddable":true,"href":"http:\/\/www.labec.com.br\/biodigital\/wp-json\/wp\/v2\/users\/3"}],"replies":[{"embeddable":true,"href":"http:\/\/www.labec.com.br\/biodigital\/wp-json\/wp\/v2\/comments?post=1174"}],"version-history":[{"count":6,"href":"http:\/\/www.labec.com.br\/biodigital\/wp-json\/wp\/v2\/pages\/1174\/revisions"}],"predecessor-version":[{"id":1286,"href":"http:\/\/www.labec.com.br\/biodigital\/wp-json\/wp\/v2\/pages\/1174\/revisions\/1286"}],"up":[{"embeddable":true,"href":"http:\/\/www.labec.com.br\/biodigital\/wp-json\/wp\/v2\/pages\/977"}],"wp:attachment":[{"href":"http:\/\/www.labec.com.br\/biodigital\/wp-json\/wp\/v2\/media?parent=1174"}],"curies":[{"name":"wp","href":"https:\/\/api.w.org\/{rel}","templated":true}]}}