{"id":1171,"date":"2009-07-05T16:59:34","date_gmt":"2009-07-05T19:59:34","guid":{"rendered":"http:\/\/www.labec.com.br\/biodigital\/?page_id=1171"},"modified":"2009-09-26T20:07:21","modified_gmt":"2009-09-26T23:07:21","slug":"isopoda","status":"publish","type":"page","link":"http:\/\/www.labec.com.br\/biodigital\/ambientes\/manguezais\/faunamanguezal\/invertebradosdomanguezal\/isopoda\/","title":{"rendered":"Isopoda"},"content":{"rendered":"<p style=\"text-align: center;\"><span style=\"font-family: comic sans ms,sans-serif;\"><span style=\"font-size: small;\"><strong><img decoding=\"async\" loading=\"lazy\" class=\"size-full wp-image-1267 aligncenter\" title=\"Imagem4\" src=\"http:\/\/www.labec.com.br\/biodigital\/wordpress\/wp-content\/uploads\/2009\/07\/Imagem4.png\" alt=\"Imagem4\" width=\"260\" height=\"237\" \/><\/strong><\/span><\/span><\/p>\n<p><span style=\"font-family: comic sans ms,sans-serif;\"><span style=\"font-size: small;\"><strong>Classifica\u00e7\u00e3o taxon\u00f4mica <br \/>\n<\/strong>\u00a0<br \/>\n<strong>Reino<\/strong>: Animalia<br \/>\n<strong>Filo:<\/strong> Arthrophoda<br \/>\n<strong>Subfilo<\/strong>: Crustacea<br \/>\n<strong>Classe:<\/strong> Malacostraca<br \/>\n<strong>Superordem:<\/strong> Peracarida<br \/>\n<strong>Ordem:<\/strong> Isopoda<\/span><\/span><\/p>\n<p><span style=\"font-family: comic sans ms,sans-serif;\"><span style=\"font-size: small;\"><span style=\"font-family: comic sans ms,sans-serif;\"><strong>Descri\u00e7\u00e3o<\/strong><br \/>\nPossuem o abd\u00f4men curto com os segmentos fundidos total ou parcialmente. O 1\u00ba par de antenas \u00e9 curto e unirreme e o 2\u00ba pode ser bastante longo. Os olhos s\u00e3o compostos e n\u00e3o s\u00e3o pedunculados. O abd\u00f4men e o t\u00f3rax normalmente t\u00eam a mesma largura e as duas regi\u00f5es n\u00e3o ficam claramente demarcadas dorsalmente. O primeiro par de ap\u00eandices tor\u00e1cicos faz parte da armadura bucal e \u00e9 modificado em maxil\u00edpede e os restantes s\u00e3o pernas que servem para rastejar.<\/span><\/span><\/span><\/p>\n<p><span style=\"font-family: comic sans ms,sans-serif;\"><span style=\"font-size: small;\"><span style=\"font-family: comic sans ms,sans-serif;\"><span style=\"font-size: small;\"><strong>Distribui\u00e7\u00e3o geogr\u00e1fica<\/strong><br \/>\nOcorre em v\u00e1rias regi\u00f5es do mundo<br \/>\n<\/span><\/span><\/span><\/span><\/p>\n<p><span style=\"font-family: comic sans ms,sans-serif;\"><span style=\"font-size: small;\"><span style=\"font-family: comic sans ms,sans-serif;\"><span style=\"font-size: small;\"><strong>Distribui\u00e7\u00e3o local<\/strong><br \/>\nOcorre em manguezais de Sergipe<\/span><\/span><\/span><\/span><\/p>\n<p><span style=\"font-family: comic sans ms,sans-serif;\"><span style=\"font-size: small;\"><span style=\"font-family: comic sans ms,sans-serif;\"><span style=\"font-size: small;\"><strong>Import\u00e2ncia<\/strong><br \/>\nBase da cadeia alimentar<\/span><\/span><\/span><\/span><\/p>\n<p><span style=\"font-family: comic sans ms,sans-serif;\"><span style=\"font-size: small;\"><strong>Curiosidade<\/strong><br \/>\nAlguns isopodas s\u00e3o parasitas de peixes.<\/span><\/span><\/p>\n<p><span style=\"font-family: comic sans ms,sans-serif;\"><span style=\"font-size: x-small;\"><span style=\"color: #888888;\">Referencia bibliogr\u00e1fica<\/span><\/span><\/span><\/p>\n<p><span style=\"font-family: comic sans ms,sans-serif;\"><span style=\"font-size: x-small;\"><span style=\"color: #888888;\">RUPERT,E.E.; FOX, R.S.; BARNES, R.D. Zoologia dos invertebrados: uma abordagem funcional-evolutiva. S\u00e3o Paulo; Roca, 2005.<\/span><\/span><\/span><\/p>\n<p><span style=\"font-family: comic sans ms,sans-serif;\"><span style=\"font-size: x-small;\"><span style=\"color: #888888;\">\u00a0<\/span><\/span><\/span><\/p>\n<p style=\"text-align: center;\"><span style=\"font-family: comic sans ms,sans-serif;\"><span style=\"font-size: x-small;\"><span style=\"color: #888888;\"><a href=\"http:\/\/www.labec.com.br\/biodigital\/fauna\/arthropoda\/classificacao\/crustacea\"><strong><span style=\"font-size: medium;\"><span style=\"color: #808000;\">VOLTAR<\/span><\/span><\/strong><\/a><\/span><\/span><\/span><\/p>\n<p><span style=\"font-family: comic sans ms,sans-serif;\"><span style=\"font-size: x-small;\"><span style=\"color: #888888;\">\u00a0<\/span><\/span><\/span><\/p>\n","protected":false},"excerpt":{"rendered":"<p>Classifica\u00e7\u00e3o taxon\u00f4mica \u00a0 Reino: Animalia Filo: Arthrophoda Subfilo: Crustacea Classe: Malacostraca Superordem: Peracarida Ordem: Isopoda Descri\u00e7\u00e3o Possuem o abd\u00f4men curto com os segmentos fundidos total ou parcialmente. O 1\u00ba par de antenas \u00e9 curto e unirreme e o 2\u00ba pode ser bastante longo. Os olhos s\u00e3o compostos e n\u00e3o s\u00e3o pedunculados. O abd\u00f4men e o [&hellip;]<\/p>\n","protected":false},"author":3,"featured_media":0,"parent":977,"menu_order":0,"comment_status":"open","ping_status":"open","template":"","meta":{"ngg_post_thumbnail":0},"_links":{"self":[{"href":"http:\/\/www.labec.com.br\/biodigital\/wp-json\/wp\/v2\/pages\/1171"}],"collection":[{"href":"http:\/\/www.labec.com.br\/biodigital\/wp-json\/wp\/v2\/pages"}],"about":[{"href":"http:\/\/www.labec.com.br\/biodigital\/wp-json\/wp\/v2\/types\/page"}],"author":[{"embeddable":true,"href":"http:\/\/www.labec.com.br\/biodigital\/wp-json\/wp\/v2\/users\/3"}],"replies":[{"embeddable":true,"href":"http:\/\/www.labec.com.br\/biodigital\/wp-json\/wp\/v2\/comments?post=1171"}],"version-history":[{"count":7,"href":"http:\/\/www.labec.com.br\/biodigital\/wp-json\/wp\/v2\/pages\/1171\/revisions"}],"predecessor-version":[{"id":1268,"href":"http:\/\/www.labec.com.br\/biodigital\/wp-json\/wp\/v2\/pages\/1171\/revisions\/1268"}],"up":[{"embeddable":true,"href":"http:\/\/www.labec.com.br\/biodigital\/wp-json\/wp\/v2\/pages\/977"}],"wp:attachment":[{"href":"http:\/\/www.labec.com.br\/biodigital\/wp-json\/wp\/v2\/media?parent=1171"}],"curies":[{"name":"wp","href":"https:\/\/api.w.org\/{rel}","templated":true}]}}