{"id":1168,"date":"2009-07-05T16:56:34","date_gmt":"2009-07-05T19:56:34","guid":{"rendered":"http:\/\/www.labec.com.br\/biodigital\/?page_id=1168"},"modified":"2009-09-26T20:04:47","modified_gmt":"2009-09-26T23:04:47","slug":"amphipoda","status":"publish","type":"page","link":"http:\/\/www.labec.com.br\/biodigital\/ambientes\/manguezais\/faunamanguezal\/invertebradosdomanguezal\/amphipoda\/","title":{"rendered":"Amphipoda"},"content":{"rendered":"<p style=\"text-align: center;\"><span style=\"font-family: comic sans ms,sans-serif;\"><span style=\"font-size: small;\"><strong><img decoding=\"async\" loading=\"lazy\" class=\"aligncenter size-full wp-image-1233\" title=\"Imagem3\" src=\"http:\/\/www.labec.com.br\/biodigital\/wordpress\/wp-content\/uploads\/2009\/07\/Imagem3.png\" alt=\"Imagem3\" width=\"248\" height=\"226\" \/><\/strong><\/span><\/span><\/p>\n<p><span style=\"font-family: comic sans ms,sans-serif;\"><span style=\"font-size: small;\"><strong>Classifica\u00e7\u00e3o taxon\u00f4mica <br \/>\n<\/strong>\u00a0<br \/>\n<strong>Reino<\/strong>: Animalia<br \/>\n<strong>Filo:<\/strong> Arthrophoda<br \/>\n<strong>Subfilo<\/strong>: Crustacea<br \/>\n<strong>Classe:<\/strong> Malacostraca<br \/>\n<strong>Superordem:<\/strong> Peracarida<br \/>\n<strong>Ordem<\/strong>: Amphipoda<\/span><\/span><\/p>\n<p><span style=\"font-family: comic sans ms,sans-serif;\"><span style=\"font-size: small;\"><strong>Descri\u00e7\u00e3o<br \/>\n<\/strong>Os amphipodes s\u00e3o crust\u00e1ceos pequenos freq\u00fcentemente encontrados em grande n\u00famero e alta diversidade em ambientes aqu\u00e1ticos. Com mais de 6.000 esp\u00e9cies, os amphipodes representam o maior t\u00e1xon dentre os peric\u00e1ridos.<\/span><\/span><\/p>\n<p><span style=\"font-family: comic sans ms,sans-serif;\"><span style=\"font-size: small;\"><strong>Distribui\u00e7\u00e3o geogr\u00e1fica<\/strong><br \/>\nOcorre em diversas regi\u00f5es do mundo<\/span><\/span><\/p>\n<p><span style=\"font-family: comic sans ms,sans-serif;\"><span style=\"font-size: small;\"><strong>Distribui\u00e7\u00e3o local<\/strong><br \/>\nOcorre em Sergipe<\/span><\/span><\/p>\n<p><span style=\"font-family: comic sans ms,sans-serif;\"><span style=\"font-size: small;\"><strong>Import\u00e2ncia<\/strong><br \/>\nFaz parte da base da cadeia alimentar nos manguezais<\/span><\/span><\/p>\n<p><span style=\"font-family: comic sans ms,sans-serif;\"><span style=\"font-size: small;\"><strong>Curiosidade<\/strong><br \/>\nA maioria dos anf\u00edpodes possui entre 5 e 15mm de comprimento, mas algumas esp\u00e9cies intersticiais atingem apenas 1mm e uma esp\u00e9cie gigante com 28cm de comprimento \u00e9 conhecida apenas por fotografias tiradas no Pac\u00edfico a 5.300m de profundidade.<\/span><\/span><\/p>\n<p><span style=\"font-family: comic sans ms,sans-serif;\"><span style=\"font-size: x-small;\"><span style=\"color: #888888;\">Referencias bibliogr\u00e1ficas<\/span><\/span><\/span><\/p>\n<p><span style=\"font-family: comic sans ms,sans-serif;\"><span style=\"font-size: x-small;\"><span style=\"color: #888888;\">COELHO, T.M. Os Amphipodas. Resumo, Universidade de S\u00e3o Paulo<br \/>\nInstituto Oceanogr\u00e1fico, 2006.<\/span><\/span><\/span><\/p>\n<p><span style=\"font-family: comic sans ms,sans-serif;\"><span style=\"font-size: x-small;\"><span style=\"color: #888888;\">\u00a0<\/span><\/span><\/span><\/p>\n<p style=\"text-align: center;\"><span style=\"font-family: comic sans ms,sans-serif;\"><span style=\"font-size: x-small;\"><span style=\"color: #888888;\"><a href=\"http:\/\/www.labec.com.br\/biodigital\/fauna\/arthropoda\/classificacao\/crustacea\"><span style=\"color: #808000;\"><strong><span style=\"font-size: medium;\">VOLTAR<\/span><\/strong><\/span><\/a><\/span><\/span><\/span><\/p>\n","protected":false},"excerpt":{"rendered":"<p>Classifica\u00e7\u00e3o taxon\u00f4mica \u00a0 Reino: Animalia Filo: Arthrophoda Subfilo: Crustacea Classe: Malacostraca Superordem: Peracarida Ordem: Amphipoda Descri\u00e7\u00e3o Os amphipodes s\u00e3o crust\u00e1ceos pequenos freq\u00fcentemente encontrados em grande n\u00famero e alta diversidade em ambientes aqu\u00e1ticos. Com mais de 6.000 esp\u00e9cies, os amphipodes representam o maior t\u00e1xon dentre os peric\u00e1ridos. Distribui\u00e7\u00e3o geogr\u00e1fica Ocorre em diversas regi\u00f5es do mundo Distribui\u00e7\u00e3o [&hellip;]<\/p>\n","protected":false},"author":3,"featured_media":0,"parent":977,"menu_order":0,"comment_status":"open","ping_status":"open","template":"","meta":{"ngg_post_thumbnail":0},"_links":{"self":[{"href":"http:\/\/www.labec.com.br\/biodigital\/wp-json\/wp\/v2\/pages\/1168"}],"collection":[{"href":"http:\/\/www.labec.com.br\/biodigital\/wp-json\/wp\/v2\/pages"}],"about":[{"href":"http:\/\/www.labec.com.br\/biodigital\/wp-json\/wp\/v2\/types\/page"}],"author":[{"embeddable":true,"href":"http:\/\/www.labec.com.br\/biodigital\/wp-json\/wp\/v2\/users\/3"}],"replies":[{"embeddable":true,"href":"http:\/\/www.labec.com.br\/biodigital\/wp-json\/wp\/v2\/comments?post=1168"}],"version-history":[{"count":5,"href":"http:\/\/www.labec.com.br\/biodigital\/wp-json\/wp\/v2\/pages\/1168\/revisions"}],"predecessor-version":[{"id":1234,"href":"http:\/\/www.labec.com.br\/biodigital\/wp-json\/wp\/v2\/pages\/1168\/revisions\/1234"}],"up":[{"embeddable":true,"href":"http:\/\/www.labec.com.br\/biodigital\/wp-json\/wp\/v2\/pages\/977"}],"wp:attachment":[{"href":"http:\/\/www.labec.com.br\/biodigital\/wp-json\/wp\/v2\/media?parent=1168"}],"curies":[{"name":"wp","href":"https:\/\/api.w.org\/{rel}","templated":true}]}}