{"id":1165,"date":"2009-07-05T16:54:06","date_gmt":"2009-07-05T19:54:06","guid":{"rendered":"http:\/\/www.labec.com.br\/biodigital\/?page_id=1165"},"modified":"2010-07-04T10:05:41","modified_gmt":"2010-07-04T13:05:41","slug":"callinectesexasperatus","status":"publish","type":"page","link":"http:\/\/www.labec.com.br\/biodigital\/ambientes\/manguezais\/faunamanguezal\/invertebradosdomanguezal\/callinectesexasperatus\/","title":{"rendered":"Callinectes exasperatus"},"content":{"rendered":"<p style=\"text-align: center;\"><span style=\"font-family: comic sans ms,sans-serif;\"><span style=\"font-size: small;\"><strong><img decoding=\"async\" loading=\"lazy\" class=\"size-medium wp-image-1248 aligncenter\" title=\"DSC01064\" src=\"http:\/\/www.labec.com.br\/biodigital\/wordpress\/wp-content\/uploads\/2009\/07\/DSC01064-300x225.jpg\" alt=\"DSC01064\" width=\"300\" height=\"225\" srcset=\"http:\/\/www.labec.com.br\/biodigital\/wordpress\/wp-content\/uploads\/2009\/07\/DSC01064-300x225.jpg 300w, http:\/\/www.labec.com.br\/biodigital\/wordpress\/wp-content\/uploads\/2009\/07\/DSC01064-1024x768.jpg 1024w\" sizes=\"(max-width: 300px) 100vw, 300px\" \/><\/strong><\/span><\/span><\/p>\n<p><span style=\"font-family: comic sans ms,sans-serif;\"><span style=\"font-size: small;\"><strong>Classifica\u00e7\u00e3o taxon\u00f4mica<\/strong> <br \/>\n\u00a0<br \/>\n<strong>Reino:<\/strong> Animalia<br \/>\n<strong>Filo:<\/strong> Arthrophoda<br \/>\n<strong>Subfilo<\/strong>: Crustacea<br \/>\n<strong>Classe:<\/strong> Malacostraca<br \/>\n<strong>Ordem:<\/strong> Decapoda<br \/>\n<strong>Infraordem:<\/strong> Brachyura<br \/>\n<strong>Fam\u00edlia: <\/strong>Portunidae<br \/>\n<strong>G\u00eanero: <\/strong>Callinectes <br \/>\n<strong>Esp\u00e9cie:<\/strong> <em>Callinectes exasperatus<\/em><\/span><\/span><\/p>\n<p><span style=\"font-family: comic sans ms,sans-serif;\"><span style=\"font-size: small;\"><strong>Descri\u00e7\u00e3o<\/strong><br \/>\nPossui\u00a0o \u00faltimo\u00a0par de patas\u00a0(pereiopodos) em forma de remos. Tamb\u00e9m t\u00eam uma superf\u00edcie plana e ampla carapa\u00e7a com uma s\u00e9rie de dentes distintas ao longo da frente, ao redor dos olhos e do terminal espinhos.<\/span><\/span><\/p>\n<p><span style=\"font-family: comic sans ms,sans-serif;\"><span style=\"font-size: small;\"><strong>Distribui\u00e7\u00e3o geogr\u00e1fica<\/strong><br \/>\nAtl\u00e2ntico Ocidental, desde a Am\u00e9rica do Norte at\u00e9 o Rio Grande do Sul, Brasil<\/span><\/span><\/p>\n<p><span style=\"font-family: comic sans ms,sans-serif;\"><span style=\"font-size: small;\"><strong>Distribui\u00e7\u00e3o local<\/strong><br \/>\nOcorre nos manguezais de Sergipe<\/span><\/span><\/p>\n<p><span style=\"font-family: comic sans ms,sans-serif;\"><span style=\"font-size: small;\"><strong>Nome popular<\/strong><br \/>\nSiri pimenta<\/span><\/span><\/p>\n<p><span style=\"font-family: comic sans ms,sans-serif;\"><span style=\"font-size: small;\"><strong>Import\u00e2ncia<\/strong><br \/>\nFonte de renda na pesca artesanal<\/span><\/span><\/p>\n<p><span style=\"font-family: comic sans ms,sans-serif;\"><span style=\"font-size: small;\"><strong>Curiosidade<\/strong><br \/>\n\u00c9 capturado localmente com aux\u00edlio de ganchos ou utilizando-se armadilhas chamadas munzu\u00e1s. Estas armadilhas s\u00e3o deixadas dentro do mangue de um dia para outro, mas, para que a for\u00e7a das mar\u00e9s n\u00e3o os carregue, s\u00e3o presos \u00e0 lama com aux\u00edlio de pequenos ganchos confeccionados com galhos de mangues<\/span><\/span><\/p>\n<p><span style=\"font-family: comic sans ms,sans-serif;\"><span style=\"color: #888888;\"><span style=\"font-size: x-small;\">Refer\u00eancias Bibliogr\u00e1ficas<\/span><\/span><\/span><\/p>\n<p><span style=\"font-family: comic sans ms,sans-serif;\"><span style=\"color: #888888;\"><span style=\"font-family: comic sans ms,sans-serif;\"><span style=\"font-size: x-small;\">ALVES, S. N. Ecofisiologia do Manguezal. Org. Secretaria de Estado do Meio Ambiente e dos Recursos H\u00eddricos. Aracaju: Degrase, 2008.<\/span><\/span><\/span><\/span><\/p>\n<p><span style=\"font-family: comic sans ms,sans-serif;\"><span style=\"color: #888888;\"><span style=\"font-family: comic sans ms,sans-serif;\"><span style=\"font-size: x-small;\">MASTALLER, M. Resumo da literatura sobre conceitos do uso de \u00e1reas de mangue, com refer\u00eancia especial para a aq\u00fcicultura artesanal. Instituto Brasileiro do Meio Ambiente (IBAMA), S\/D.<\/span><\/span><\/span><\/span><\/p>\n","protected":false},"excerpt":{"rendered":"<p>Classifica\u00e7\u00e3o taxon\u00f4mica \u00a0 Reino: Animalia Filo: Arthrophoda Subfilo: Crustacea Classe: Malacostraca Ordem: Decapoda Infraordem: Brachyura Fam\u00edlia: Portunidae G\u00eanero: Callinectes Esp\u00e9cie: Callinectes exasperatus Descri\u00e7\u00e3o Possui\u00a0o \u00faltimo\u00a0par de patas\u00a0(pereiopodos) em forma de remos. Tamb\u00e9m t\u00eam uma superf\u00edcie plana e ampla carapa\u00e7a com uma s\u00e9rie de dentes distintas ao longo da frente, ao redor dos olhos e do [&hellip;]<\/p>\n","protected":false},"author":3,"featured_media":0,"parent":977,"menu_order":0,"comment_status":"open","ping_status":"open","template":"","meta":{"ngg_post_thumbnail":0},"_links":{"self":[{"href":"http:\/\/www.labec.com.br\/biodigital\/wp-json\/wp\/v2\/pages\/1165"}],"collection":[{"href":"http:\/\/www.labec.com.br\/biodigital\/wp-json\/wp\/v2\/pages"}],"about":[{"href":"http:\/\/www.labec.com.br\/biodigital\/wp-json\/wp\/v2\/types\/page"}],"author":[{"embeddable":true,"href":"http:\/\/www.labec.com.br\/biodigital\/wp-json\/wp\/v2\/users\/3"}],"replies":[{"embeddable":true,"href":"http:\/\/www.labec.com.br\/biodigital\/wp-json\/wp\/v2\/comments?post=1165"}],"version-history":[{"count":7,"href":"http:\/\/www.labec.com.br\/biodigital\/wp-json\/wp\/v2\/pages\/1165\/revisions"}],"predecessor-version":[{"id":1211,"href":"http:\/\/www.labec.com.br\/biodigital\/wp-json\/wp\/v2\/pages\/1165\/revisions\/1211"}],"up":[{"embeddable":true,"href":"http:\/\/www.labec.com.br\/biodigital\/wp-json\/wp\/v2\/pages\/977"}],"wp:attachment":[{"href":"http:\/\/www.labec.com.br\/biodigital\/wp-json\/wp\/v2\/media?parent=1165"}],"curies":[{"name":"wp","href":"https:\/\/api.w.org\/{rel}","templated":true}]}}