{"id":1159,"date":"2009-07-05T16:46:57","date_gmt":"2009-07-05T19:46:57","guid":{"rendered":"http:\/\/www.labec.com.br\/biodigital\/?page_id=1159"},"modified":"2009-09-26T19:11:46","modified_gmt":"2009-09-26T22:11:46","slug":"callinectesdanae","status":"publish","type":"page","link":"http:\/\/www.labec.com.br\/biodigital\/ambientes\/manguezais\/faunamanguezal\/invertebradosdomanguezal\/callinectesdanae\/","title":{"rendered":"Callinectes danae"},"content":{"rendered":"<p style=\"text-align: center;\"><span style=\"font-family: comic sans ms,sans-serif;\"><span style=\"font-size: small;\"><strong><img decoding=\"async\" loading=\"lazy\" class=\"size-full wp-image-1245 aligncenter\" title=\"DSC00713\" src=\"http:\/\/www.labec.com.br\/biodigital\/wordpress\/wp-content\/uploads\/2009\/07\/DSC00713.jpg\" alt=\"DSC00713\" width=\"331\" height=\"220\" \/><\/strong><\/span><\/span><\/p>\n<p><span style=\"font-family: comic sans ms,sans-serif;\"><span style=\"font-size: small;\"><strong>Classifica\u00e7\u00e3o taxon\u00f4mica<\/strong> <br \/>\n\u00a0<br \/>\n<strong>Reino:<\/strong> Animalia<br \/>\n<strong>Filo:<\/strong> Arthrophoda<br \/>\n<strong>Subfilo:<\/strong> Crustacea<br \/>\n<strong>Classe:<\/strong> Malacostraca<br \/>\n<strong>Ordem:<\/strong> Decapoda<br \/>\n<strong>Infraordem:<\/strong> Brachyura<br \/>\n<strong>Fam\u00edlia:<\/strong> Portunidae<br \/>\n<strong>G\u00eanero<\/strong>: Callinectes <br \/>\n<strong>Esp\u00e9cie:<\/strong> <em>Callinectes danae<\/em> (Smith)<\/span><\/span><\/p>\n<p><span style=\"font-family: comic sans ms,sans-serif;\"><span style=\"font-size: small;\"><strong>Descri\u00e7\u00e3o<\/strong><br \/>\nPossui um par de pernas traseiras planas (pereiopods) forma de remos. Tamb\u00e9m t\u00eam uma superf\u00edcie plana e ampla carapa\u00e7a com uma s\u00e9rie de dentes distintas ao longo da frente, ao redor dos olhos e do terminal espinhos.<\/span><\/span><\/p>\n<p><span style=\"font-family: comic sans ms,sans-serif;\"><span style=\"font-size: small;\"><strong>Distribui\u00e7\u00e3o geogr\u00e1fica<\/strong><br \/>\nAtl\u00e2ntico Ocidental, desde a Am\u00e9rica do Norte at\u00e9 o Rio Grande do Sul, Brasil<\/span><\/span><\/p>\n<p><span style=\"font-family: comic sans ms,sans-serif;\"><span style=\"font-size: small;\"><strong>Distribui\u00e7\u00e3o local<\/strong><br \/>\nOcorre nos manguezais de Sergipe<\/span><\/span><\/p>\n<p><span style=\"font-family: comic sans ms,sans-serif;\"><span style=\"font-size: small;\"><strong>Nome popular<br \/>\n<\/strong>Siri-miri, Siritinga<\/span><\/span><\/p>\n<p><span style=\"font-family: comic sans ms,sans-serif;\"><span style=\"font-size: small;\"><strong>Import\u00e2ncia<\/strong><br \/>\nFonte de renda na pesca artesanal<\/span><\/span><\/p>\n<p><br class=\"spacer_\" \/><\/p>\n<p><span style=\"color: #888888;\"><span style=\"font-family: comic sans ms,sans-serif;\"><span style=\"font-size: x-small;\">Refer\u00eancias Bibliogr\u00e1ficas<\/span><\/span><\/span><\/p>\n<p><span style=\"color: #888888;\"><span style=\"font-family: comic sans ms,sans-serif;\"><span style=\"font-size: x-small;\">ALVES, S. N. Ecofisiologia do Manguezal. Org. Secretaria de Estado do Meio Ambiente e dos Recursos H\u00eddricos. Aracaju: Degrase, 2008.<\/span><\/span><\/span><\/p>\n<p><span style=\"color: #888888;\"><span style=\"font-family: comic sans ms,sans-serif;\"><span style=\"font-size: x-small;\">MASTALLER, M. Resumo da literatura sobre conceitos do uso de \u00e1reas de mangue, com refer\u00eancia especial para a aq\u00fcicultura artesanal. Instituto Brasileiro do Meio Ambiente (IBAMA), S\/D.<\/span><\/span><\/span><\/p>\n<p><span style=\"color: #888888;\"><span style=\"font-family: comic sans ms,sans-serif;\"><span style=\"font-size: x-small;\">MELO, G. A. S. MALACOSTRACA \u2013 EUCARIDA, BRACHYURA, OXYRHYNCHA And BRACHYRHYNCHA. Museu de Zoologia<br \/>\nUniversidade de S\u00e3o Paulo.<\/span><\/span><\/span><\/p>\n<p><br class=\"spacer_\" \/><\/p>\n<p style=\"text-align: center;\"><span style=\"font-family: comic sans ms,sans-serif;\"><span style=\"font-size: medium;\"><strong><a href=\"http:\/\/www.labec.com.br\/biodigital\/fauna\/arthropoda\/classificacao\/crustacea\/decapoda\"><span style=\"color: #808000;\">VOLTAR<\/span><\/a><\/strong><\/span><\/span><\/p>\n","protected":false},"excerpt":{"rendered":"<p>Classifica\u00e7\u00e3o taxon\u00f4mica \u00a0 Reino: Animalia Filo: Arthrophoda Subfilo: Crustacea Classe: Malacostraca Ordem: Decapoda Infraordem: Brachyura Fam\u00edlia: Portunidae G\u00eanero: Callinectes Esp\u00e9cie: Callinectes danae (Smith) Descri\u00e7\u00e3o Possui um par de pernas traseiras planas (pereiopods) forma de remos. Tamb\u00e9m t\u00eam uma superf\u00edcie plana e ampla carapa\u00e7a com uma s\u00e9rie de dentes distintas ao longo da frente, ao redor [&hellip;]<\/p>\n","protected":false},"author":3,"featured_media":0,"parent":977,"menu_order":0,"comment_status":"open","ping_status":"open","template":"","meta":{"ngg_post_thumbnail":0},"_links":{"self":[{"href":"http:\/\/www.labec.com.br\/biodigital\/wp-json\/wp\/v2\/pages\/1159"}],"collection":[{"href":"http:\/\/www.labec.com.br\/biodigital\/wp-json\/wp\/v2\/pages"}],"about":[{"href":"http:\/\/www.labec.com.br\/biodigital\/wp-json\/wp\/v2\/types\/page"}],"author":[{"embeddable":true,"href":"http:\/\/www.labec.com.br\/biodigital\/wp-json\/wp\/v2\/users\/3"}],"replies":[{"embeddable":true,"href":"http:\/\/www.labec.com.br\/biodigital\/wp-json\/wp\/v2\/comments?post=1159"}],"version-history":[{"count":5,"href":"http:\/\/www.labec.com.br\/biodigital\/wp-json\/wp\/v2\/pages\/1159\/revisions"}],"predecessor-version":[{"id":1246,"href":"http:\/\/www.labec.com.br\/biodigital\/wp-json\/wp\/v2\/pages\/1159\/revisions\/1246"}],"up":[{"embeddable":true,"href":"http:\/\/www.labec.com.br\/biodigital\/wp-json\/wp\/v2\/pages\/977"}],"wp:attachment":[{"href":"http:\/\/www.labec.com.br\/biodigital\/wp-json\/wp\/v2\/media?parent=1159"}],"curies":[{"name":"wp","href":"https:\/\/api.w.org\/{rel}","templated":true}]}}