{"id":1140,"date":"2009-07-05T01:21:24","date_gmt":"2009-07-05T04:21:24","guid":{"rendered":"http:\/\/www.labec.com.br\/biodigital\/?page_id=1140"},"modified":"2009-09-25T22:56:19","modified_gmt":"2009-09-26T01:56:19","slug":"goniopsiscruentata","status":"publish","type":"page","link":"http:\/\/www.labec.com.br\/biodigital\/ambientes\/manguezais\/faunamanguezal\/invertebradosdomanguezal\/goniopsiscruentata\/","title":{"rendered":"Goniopsis cruentata"},"content":{"rendered":"<p style=\"text-align: center;\"><span style=\"font-family: comic sans ms,sans-serif;\"><span style=\"font-size: medium;\"><strong><img decoding=\"async\" loading=\"lazy\" class=\"size-medium wp-image-1264 aligncenter\" title=\"DSC00530\" src=\"http:\/\/www.labec.com.br\/biodigital\/wordpress\/wp-content\/uploads\/2009\/07\/DSC00530-300x225.jpg\" alt=\"DSC00530\" width=\"300\" height=\"225\" srcset=\"http:\/\/www.labec.com.br\/biodigital\/wordpress\/wp-content\/uploads\/2009\/07\/DSC00530-300x225.jpg 300w, http:\/\/www.labec.com.br\/biodigital\/wordpress\/wp-content\/uploads\/2009\/07\/DSC00530.jpg 640w\" sizes=\"(max-width: 300px) 100vw, 300px\" \/><\/strong><\/span><\/span><\/p>\n<p><span style=\"font-family: comic sans ms,sans-serif;\"><span style=\"font-size: medium;\"><strong>Classifica\u00e7\u00e3o taxon\u00f4mica<\/strong> <\/span><br \/>\n\u00a0<br \/>\n<span style=\"font-size: small;\"><strong>Reino<\/strong>: Animalia<br \/>\n<strong>Filo:<\/strong> Arthrophoda<br \/>\n<strong>Subfilo:<\/strong> Crustacea<br \/>\n<strong>Classe:<\/strong> Malacostraca<br \/>\n<strong>Ordem:<\/strong> Decapoda<br \/>\n<strong>Infraordem<\/strong>: Brachyura<br \/>\n<strong>Fam\u00edlia:<\/strong> Grapsidae<br \/>\n<strong>G\u00eanero:<\/strong> Goniopsis<br \/>\n<strong>Esp\u00e9cie:<\/strong> <em>Goniopsis cruentata<\/em> (Latreille)<\/span><\/span><\/p>\n<p style=\"text-align: justify;\"><span style=\"font-family: comic sans ms,sans-serif;\"><span style=\"font-size: small;\"><strong>Descri\u00e7\u00e3o<br \/>\n<\/strong>Apresentam o h\u00e1bito de escalar \u00e1rvores, o que ajuda n\u00e3o s\u00f3 no processo de capturar a presa, mas tamb\u00e9m em escapar dos predadores durante a preamar.<\/span><\/span><\/p>\n<p style=\"text-align: justify;\"><span style=\"font-family: comic sans ms,sans-serif;\"><span style=\"font-size: small;\"><strong>Distribui\u00e7\u00e3o geogr\u00e1fica<br \/>\n<\/strong>Atl\u00e2ntico Ocidental, desde a Fl\u00f3rida (EUA.) at\u00e9 as proximidades do estado de Santa Catarina (Brasil).<\/span><\/span><\/p>\n<p style=\"text-align: justify;\"><span style=\"font-family: comic sans ms,sans-serif;\"><span style=\"font-size: small;\"><strong>Distribui\u00e7\u00e3o local<\/strong><br \/>\nEncontrado nos manguezais de Sergipe<\/span><\/span><\/p>\n<p style=\"text-align: justify;\"><span style=\"font-family: comic sans ms,sans-serif;\"><span style=\"font-size: small;\"><strong>Nome popular<\/strong><br \/>\nAratu, Carapinha<\/span><\/span><\/p>\n<p style=\"text-align: justify;\"><span style=\"font-family: comic sans ms,sans-serif;\"><span style=\"font-size: small;\"><strong>Import\u00e2ncia<br \/>\n<\/strong>Se destaca por ser importante fonte de renda para a<br \/>\npopula\u00e7\u00e3o ribeirinha no Nordeste do Brasil.<\/span><\/span><\/p>\n<p style=\"text-align: justify;\"><span style=\"font-family: comic sans ms,sans-serif;\"><span style=\"font-size: small;\"><strong>Curiosidade<\/strong><br \/>\nA captura do caranguejo \u00e9 feita por um artefato artesanal formado por vara, linha e isca. Os tipos de isca utilizados s\u00e3o tripa de galinha, carne de charque e carne do caranguejo-marinheiro, Aratus pisonii.<\/span><\/span><\/p>\n<p style=\"text-align: justify;\"><span style=\"font-family: comic sans ms,sans-serif;\"><span style=\"font-size: small;\"><span style=\"color: #888888;\"><span style=\"font-size: x-small;\">Refer\u00eancias Bibliogr\u00e1ficas<\/span><\/span><\/span><\/span><\/p>\n<p style=\"text-align: justify;\"><span style=\"font-family: comic sans ms,sans-serif;\"><span style=\"font-size: small;\"><span style=\"color: #888888;\"><span style=\"font-size: x-small;\">ALVES, S. N. Ecofisiologia do Manguezal. Org. Secretaria de Estado do Meio Ambiente e dos Recursos H\u00eddricos. Aracaju: Degrase, 2008.<\/span><\/span><\/span><\/span><\/p>\n<p style=\"text-align: justify;\"><span style=\"font-family: comic sans ms,sans-serif;\"><span style=\"font-size: small;\"><span style=\"color: #888888;\"><span style=\"font-size: x-small;\">MASTALLER, M. Resumo da literatura sobre conceitos do uso de \u00e1reas de mangue, com refer\u00eancia especial para a aq\u00fcicultura artesanal. Instituto Brasileiro do Meio Ambiente (IBAMA), S\/D.<\/span><\/span><\/span><\/span><\/p>\n<p style=\"text-align: justify;\"><span style=\"font-family: comic sans ms,sans-serif;\"><span style=\"font-size: small;\"><span style=\"color: #888888;\"><span style=\"font-size: x-small;\">MOURA, N.F. O.; COELHO, P. A.; SOUZA, R. F. A PESCA ARTESANAL DO ARATU, Goniopsis cruentata (LATREILLE, 1803) (CRUSTACEA, BRACHYURA, GRAPSIDAE) NO LITORAL NORTE DE PERNAMBUCO \u2013 BRASIL. Dispon\u00edvel em: www.ibama.gov.br\/cepene\/modulos\/boletim\/visualiza.php%3Fid_arq%3D144+goniopsis+cruentata&amp;cd=10&amp;hl=pt-BR&amp;ct=clnk&amp;gl=br&amp;client=firefox-a. Acessado dia 28 de junho de 2009.<\/span><\/span><\/span><\/span><\/p>\n<p style=\"text-align: justify;\"><span style=\"font-family: comic sans ms,sans-serif;\"><span style=\"font-size: small;\"><span style=\"color: #888888;\"><span style=\"font-size: x-small;\">\u00a0<\/span><\/span><\/span><\/span><\/p>\n<p style=\"text-align: center;\"><span style=\"font-family: comic sans ms,sans-serif;\"><span style=\"font-size: small;\"><span style=\"color: #888888;\"><span style=\"font-size: x-small;\"><a href=\"http:\/\/www.labec.com.br\/biodigital\/fauna\/arthropoda\/classificacao\/crustacea\/decapoda\"><span style=\"color: #808000;\"><span style=\"font-size: medium;\"><strong>VOLTAR<\/strong><\/span><\/span><\/a><\/span><\/span><\/span><\/span><\/p>\n","protected":false},"excerpt":{"rendered":"<p>Classifica\u00e7\u00e3o taxon\u00f4mica \u00a0 Reino: Animalia Filo: Arthrophoda Subfilo: Crustacea Classe: Malacostraca Ordem: Decapoda Infraordem: Brachyura Fam\u00edlia: Grapsidae G\u00eanero: Goniopsis Esp\u00e9cie: Goniopsis cruentata (Latreille) Descri\u00e7\u00e3o Apresentam o h\u00e1bito de escalar \u00e1rvores, o que ajuda n\u00e3o s\u00f3 no processo de capturar a presa, mas tamb\u00e9m em escapar dos predadores durante a preamar. Distribui\u00e7\u00e3o geogr\u00e1fica Atl\u00e2ntico Ocidental, desde [&hellip;]<\/p>\n","protected":false},"author":3,"featured_media":0,"parent":977,"menu_order":0,"comment_status":"open","ping_status":"open","template":"","meta":{"ngg_post_thumbnail":0},"_links":{"self":[{"href":"http:\/\/www.labec.com.br\/biodigital\/wp-json\/wp\/v2\/pages\/1140"}],"collection":[{"href":"http:\/\/www.labec.com.br\/biodigital\/wp-json\/wp\/v2\/pages"}],"about":[{"href":"http:\/\/www.labec.com.br\/biodigital\/wp-json\/wp\/v2\/types\/page"}],"author":[{"embeddable":true,"href":"http:\/\/www.labec.com.br\/biodigital\/wp-json\/wp\/v2\/users\/3"}],"replies":[{"embeddable":true,"href":"http:\/\/www.labec.com.br\/biodigital\/wp-json\/wp\/v2\/comments?post=1140"}],"version-history":[{"count":5,"href":"http:\/\/www.labec.com.br\/biodigital\/wp-json\/wp\/v2\/pages\/1140\/revisions"}],"predecessor-version":[{"id":1265,"href":"http:\/\/www.labec.com.br\/biodigital\/wp-json\/wp\/v2\/pages\/1140\/revisions\/1265"}],"up":[{"embeddable":true,"href":"http:\/\/www.labec.com.br\/biodigital\/wp-json\/wp\/v2\/pages\/977"}],"wp:attachment":[{"href":"http:\/\/www.labec.com.br\/biodigital\/wp-json\/wp\/v2\/media?parent=1140"}],"curies":[{"name":"wp","href":"https:\/\/api.w.org\/{rel}","templated":true}]}}