{"id":1073,"date":"2009-07-02T23:47:30","date_gmt":"2009-07-03T02:47:30","guid":{"rendered":"http:\/\/www.labec.com.br\/biodigital\/?page_id=1073"},"modified":"2009-07-03T00:12:00","modified_gmt":"2009-07-03T03:12:00","slug":"ecdise","status":"publish","type":"page","link":"http:\/\/www.labec.com.br\/biodigital\/fauna\/arthropoda\/ecdise\/","title":{"rendered":"Ecdise"},"content":{"rendered":"<p style=\"text-align: justify;\"><span style=\"font-family: comic sans ms,sans-serif;\"><span style=\"font-size: small;\"><span style=\"color: #000000;\">A capacidade de mudar o exosqueleto \u00e9 uma estrat\u00e9gia que apresenta com v\u00e1rias vantagens. <br \/>\nPor possu\u00edrem um exoesqueleto r\u00edgido, que funciona como uma \u201carmadura\u201d, os artr\u00f3podes apresentam seu crescimento limitado aos per\u00edodos das mudas. Enquanto o ganho de peso \u00e9 cont\u00ednuo, o crescimento do seu corpo s\u00f3 acontece em algumas fases. <br \/>\nEsse tipo de crescimento, que difere dos outros animais, pode ser facilmente demonstrado pelo gr\u00e1fico.<br \/>\n<\/span><\/span><\/span><\/p>\n<p style=\"text-align: center;\"><span style=\"font-family: comic sans ms,sans-serif;\"><span style=\"font-size: small;\"><span style=\"color: #000000;\"><a href=\"http:\/\/www.labec.com.br\/biodigital\/wordpress\/wp-content\/uploads\/2009\/07\/grafico-artropoda2.jpg\"><img decoding=\"async\" loading=\"lazy\" class=\"size-medium wp-image-1074  aligncenter\" title=\"grafico artropoda\" src=\"http:\/\/www.labec.com.br\/biodigital\/wordpress\/wp-content\/uploads\/2009\/07\/grafico-artropoda2-300x158.jpg\" alt=\"grafico artropoda\" width=\"300\" height=\"158\" srcset=\"http:\/\/www.labec.com.br\/biodigital\/wordpress\/wp-content\/uploads\/2009\/07\/grafico-artropoda2-300x158.jpg 300w, http:\/\/www.labec.com.br\/biodigital\/wordpress\/wp-content\/uploads\/2009\/07\/grafico-artropoda2.jpg 600w\" sizes=\"(max-width: 300px) 100vw, 300px\" \/><\/a><\/span><\/span><\/span><\/p>\n<p style=\"text-align: center;\"><span style=\"font-family: comic sans ms,sans-serif;\"><span style=\"font-size: small;\"><span style=\"color: #000000;\"><span style=\"font-size: x-small;\"><span style=\"color: #99cc00;\">Figura 1: Gr\u00e1fico de crescimento<\/span><\/span><\/span><\/span><\/span><\/p>\n<p style=\"text-align: justify;\"><span style=\"font-family: comic sans ms,sans-serif;\"><span style=\"font-size: small;\"><span style=\"color: #000000;\">\u00a0<\/span><\/span><\/span><\/p>\n<p style=\"text-align: justify;\"><span style=\"font-family: comic sans ms,sans-serif;\"><span style=\"font-size: small;\"><span style=\"color: #000000;\">Para que ocorra essa troca de exoesqueleto \u00e9 necess\u00e1ria uma seq\u00fc\u00eancia de eventos, que s\u00e3o controlados por horm\u00f4nios como a ecdisona, os protor\u00e1xicos (estimulam a libera\u00e7\u00e3o de ecdisona), juvenil (a presen\u00e7a e aus\u00eancia ir\u00e1 definir as caracter\u00edsticas larvais ou adultas) e o bursinon (esclerotiza\u00e7\u00e3o).<\/span><\/span><\/span><\/p>\n<p style=\"text-align: justify;\"><span style=\"font-family: comic sans ms,sans-serif;\"><span style=\"font-size: small;\"><span style=\"color: #000000;\">Inicialmente o horm\u00f4nio ecdisona circula na corrente sangu\u00ednea e atua sobre as c\u00e9lulas epid\u00e9rmicas. Assim, antes de se desprender do antigo exoesqueleto, a hipoderme secreta uma nova epicut\u00edcula.<\/span><\/span><\/span><\/p>\n<p style=\"text-align: justify;\"><span style=\"font-family: comic sans ms,sans-serif;\"><span style=\"font-size: small;\"><span style=\"color: #000000;\">Em seguida, o esqueleto antigo se desprende parcialmente da epiderme e o espa\u00e7o que se forma entre eles fica preenchido por um l\u00edquido cheio de enzimas (quitinase e protease), que s\u00e3o as respons\u00e1veis pelo desgaste da endocut\u00edcula. Os restos da endocut\u00edcula antiga ser\u00e3o reabsorvidos pelo animal e participar\u00e3o na forma\u00e7\u00e3o do novo esqueleto, que j\u00e1 est\u00e1 come\u00e7ando a ser formado.<\/span><\/span><\/span><\/p>\n<p style=\"text-align: justify;\"><span style=\"font-family: comic sans ms,sans-serif;\"><span style=\"font-size: small;\"><span style=\"color: #000000;\">O exoesqueleto antigo, agora mais fino e fr\u00e1gil, ser\u00e1 partido atrav\u00e9s das linhas ecdisiais e eliminado. Esse processo \u00e9 auxiliado pela absor\u00e7\u00e3o de \u00e1gua ou ar e pelas extens\u00f5es musculares. Ap\u00f3s a elimina\u00e7\u00e3o do esqueleto antigo, o novo se expande, ainda mole, e depois sofre o processo de esclerotiza\u00e7\u00e3o.<\/span><\/span><\/span><\/p>\n<p style=\"text-align: justify;\"><span style=\"font-family: comic sans ms,sans-serif;\"><span style=\"font-size: small;\"><span style=\"color: #000000;\">\u00a0<\/span><\/span><\/span><\/p>\n<p style=\"text-align: justify;\"><span style=\"font-family: comic sans ms,sans-serif;\"><span style=\"font-size: small;\"><span style=\"color: #000000;\">\u00a0<\/span><\/span><\/span><\/p>\n<p style=\"text-align: justify;\"><span style=\"font-family: comic sans ms,sans-serif;\"><span style=\"font-size: small;\"><span style=\"color: #000000;\">Clique <a href=\"http:\/\/upload.wikimedia.org\/wikipedia\/commons\/6\/62\/Cicada_molting_animated-2.gif\"><strong><span style=\"font-size: medium;\"><span style=\"color: #808000;\">aqui<\/span><\/span><\/strong><\/a> e\u00a0visuelize\u00a0o processo.<\/span><\/span><\/span><\/p>\n<p style=\"text-align: justify;\"><span style=\"font-family: comic sans ms,sans-serif;\"><span style=\"font-size: small;\"><span style=\"color: #000000;\">\u00a0<\/span><\/span><\/span><\/p>\n<p style=\"text-align: center;\"><span style=\"font-family: comic sans ms,sans-serif;\"><span style=\"font-size: small;\"><span style=\"color: #000000;\"><span style=\"font-size: medium;\"><strong><a href=\"http:\/\/www.labec.com.br\/biodigital\/fauna\/arthropoda\"><span style=\"color: #808000;\">VOLTAR<\/span><\/a><\/strong><\/span><\/span><\/span><\/span><\/p>\n","protected":false},"excerpt":{"rendered":"<p>A capacidade de mudar o exosqueleto \u00e9 uma estrat\u00e9gia que apresenta com v\u00e1rias vantagens. Por possu\u00edrem um exoesqueleto r\u00edgido, que funciona como uma \u201carmadura\u201d, os artr\u00f3podes apresentam seu crescimento limitado aos per\u00edodos das mudas. Enquanto o ganho de peso \u00e9 cont\u00ednuo, o crescimento do seu corpo s\u00f3 acontece em algumas fases. Esse tipo de crescimento, [&hellip;]<\/p>\n","protected":false},"author":2,"featured_media":0,"parent":101,"menu_order":0,"comment_status":"open","ping_status":"open","template":"","meta":{"ngg_post_thumbnail":0},"_links":{"self":[{"href":"http:\/\/www.labec.com.br\/biodigital\/wp-json\/wp\/v2\/pages\/1073"}],"collection":[{"href":"http:\/\/www.labec.com.br\/biodigital\/wp-json\/wp\/v2\/pages"}],"about":[{"href":"http:\/\/www.labec.com.br\/biodigital\/wp-json\/wp\/v2\/types\/page"}],"author":[{"embeddable":true,"href":"http:\/\/www.labec.com.br\/biodigital\/wp-json\/wp\/v2\/users\/2"}],"replies":[{"embeddable":true,"href":"http:\/\/www.labec.com.br\/biodigital\/wp-json\/wp\/v2\/comments?post=1073"}],"version-history":[{"count":4,"href":"http:\/\/www.labec.com.br\/biodigital\/wp-json\/wp\/v2\/pages\/1073\/revisions"}],"predecessor-version":[{"id":1076,"href":"http:\/\/www.labec.com.br\/biodigital\/wp-json\/wp\/v2\/pages\/1073\/revisions\/1076"}],"up":[{"embeddable":true,"href":"http:\/\/www.labec.com.br\/biodigital\/wp-json\/wp\/v2\/pages\/101"}],"wp:attachment":[{"href":"http:\/\/www.labec.com.br\/biodigital\/wp-json\/wp\/v2\/media?parent=1073"}],"curies":[{"name":"wp","href":"https:\/\/api.w.org\/{rel}","templated":true}]}}